{"id":105,"date":"2014-04-14T20:03:38","date_gmt":"2014-04-14T18:03:38","guid":{"rendered":"http:\/\/www.polovnictvotn.eu.sk\/?page_id=105"},"modified":"2026-03-13T18:55:13","modified_gmt":"2026-03-13T16:55:13","slug":"o-nas","status":"publish","type":"page","link":"http:\/\/www.polovnictvotn.eu.sk\/?page_id=105","title":{"rendered":"O n\u00e1s"},"content":{"rendered":"<div>\n<h3 style=\"text-align: center;\"><span style=\"color: #000000;\"><em><strong>Predstavenstvo OPK Tren\u010d\u00edn (2024 &#8211; 2029)<\/strong><\/em><\/span><\/h3>\n<p><span style=\"color: #000000;\"><strong>Predseda:<\/strong> Ing. R\u00f3bert Min\u00e1rik<\/span><\/p>\n<\/div>\n<p><span style=\"color: #000000;\"><strong>Podpredseda:<\/strong> Ing. \u013dubom\u00edr \u010eurech<\/span><\/p>\n<div>\n<p><span style=\"color: #000000;\"><strong>Predseda ekonomick<\/strong><strong>ej komisie: <\/strong>Ing. Franti\u0161ek Hricko<\/span><\/p>\n<p><strong><span style=\"color: #000000;\">Predseda osvetovej komisie:<\/span>\u00a0<\/strong><span style=\"color: #000000;\">Juraj P\u00e1le\u0161<\/span><\/p>\n<p><strong><span style=\"color: #000000;\">Predseda streleckej komisie:<\/span>\u00a0<\/strong><span style=\"color: #000000;\">Ing. \u013dubom\u00edr \u010eurech<\/span><\/p>\n<p><strong><span style=\"color: #000000;\">Predseda po\u013eovn\u00edckej komisie:<\/span>\u00a0<\/strong><span style=\"color: #000000;\">Peter Prekop<\/span><\/p>\n<p><strong><span style=\"color: #000000;\">Predseda kynologickej komisie:<\/span>\u00a0<\/strong><span style=\"color: #000000;\">Jaroslava Gorel\u010d\u00edkov\u00e1<\/span><\/p>\n<p><span style=\"color: #000000;\"><strong>Predseda legislat\u00edvnej komisie: <\/strong>JUDr. Peter Toma, PhD.<\/span><\/p>\n<p><strong><span style=\"color: #000000;\">Predseda organiza\u010dnej komisie:<\/span>\u00a0<\/strong><span style=\"color: #000000;\">Erika Jan\u00edkov\u00e1<\/span><\/p>\n<hr \/>\n<h3 style=\"text-align: center;\"><em><span style=\"color: #000000;\"><strong>Dozorn\u00e1 rada OPK Tren\u010d\u00edn <\/strong><\/span><\/em><span style=\"color: #000000;\"><em><strong>(2024 &#8211; 2029)<\/strong><\/em><\/span><\/h3>\n<p><span style=\"color: #000000;\">\u013dubom\u00edr K\u0148\u00e1\u017eek &#8211; predseda<\/span><\/p>\n<p><span style=\"color: #000000;\">PaedDr. Zdenko Hil\u010d\u00edk<\/span><\/p>\n<p><span style=\"color: #000000;\">Ing. Tom\u00e1\u0161 Kr\u010dm\u00e1rik<\/span><\/p>\n<hr \/>\n<h3 style=\"text-align: center;\"><em><span style=\"color: #000000;\"><strong>Disciplin\u00e1rna komisia OPK Tren\u010d\u00edn <\/strong><\/span><\/em><span style=\"color: #000000;\"><em><strong>(2024 &#8211; 2029)<\/strong><\/em><\/span><\/h3>\n<p><span style=\"color: #000000;\">Ing. Jaroslav Holi\u010dka &#8211; predseda<\/span><\/p>\n<p><span style=\"color: #000000;\">Jaroslav Zavadinka<\/span><\/p>\n<p><span style=\"color: #000000;\">Mgr. Peter \u010euri\u0161<\/span><\/p>\n<p><span style=\"color: #000000;\">Tom\u00e1\u0161 Bart\u00e1k<\/span><\/p>\n<p><span style=\"color: #000000;\">Ing. Tom\u00e1\u0161 Toma, PhD.<\/span><\/p>\n<\/div>\n<div>\n<hr \/>\n<\/div>\n<h3 style=\"text-align: center;\"><span style=\"color: #000000;\"><em><strong>Predstavenstvo OkO SPZ Tren\u010d\u00edn<\/strong><\/em><\/span><\/h3>\n<p><span style=\"color: #000000;\"><strong>Predseda: <\/strong>Ing. Stanislav Hladk\u00fd<\/span><\/p>\n<p><span style=\"color: #000000;\"><strong>Podpredseda: <\/strong>Ing. \u013dubom\u00edr \u010eurech<\/span><\/p>\n<p><span style=\"color: #000000;\"><strong>Tajomn\u00edk:\u00a0<\/strong>Erika Jan\u00edkov\u00e1<\/span><\/p>\n<p><span style=\"color: #000000;\"><strong>Predseda komisie pre \u017eivotn\u00e9 prostredie a po\u013eovn\u00edctvo: <\/strong>Ing. \u013dubom\u00edr \u010eurech<\/span><\/p>\n<p><span style=\"color: #000000;\"><strong>Predseda ekonomickej komisie:\u00a0<\/strong>Ing. R\u00f3bert Min\u00e1rik<\/span><\/p>\n<p><span style=\"color: #000000;\"><strong>Predseda osvetovej komisie:\u00a0<\/strong>Juraj P\u00e1le\u0161<\/span><\/p>\n<hr \/>\n<h3 style=\"text-align: center;\"><em><span style=\"color: #000000;\"><strong>Dozorn\u00e1 rada OkO SPZ Tren\u010d\u00edn<\/strong><\/span><\/em><\/h3>\n<p><span style=\"color: #000000;\">\u013dubom\u00edr K\u0148\u00e1\u017eek &#8211; predseda<\/span><\/p>\n<p><span style=\"color: #000000;\">Peter Prekop<\/span><\/p>\n<p><span style=\"color: #000000;\">Jaroslav Zavadinka<\/span><\/p>\n<div>\n<hr \/>\n<\/div>\n<div><span style=\"color: #000000;\">OkO SPZ Tren\u010d\u00edn ako organiza\u010dn\u00e1 jednotka Slovensk\u00e9ho po\u013eovn\u00edckeho zv\u00e4zu je prostredn\u00edctvom Slovensk\u00e9ho po\u013eovn\u00edckeho zv\u00e4zu \u00a0po\u013eovn\u00edckou organiz\u00e1ciou,\u00a0\u010dlenom Slovenskej po\u013eovn\u00edckej komory. M\u00e1 \u00a0vlastn\u00fa pr\u00e1vnu subjektivitu vypl\u00fdvaj\u00facu z \u00a7 32 ods. 2 a \u00a7 33 ods. 2 p\u00edsm. h) z\u00e1kona 274\/2009 o po\u013eovn\u00edctve ako i \u00a7 18 ods. 1 Stanov SPZ, m\u00f4\u017ee kona\u0165 a nadob\u00fada\u0165 z\u00e1v\u00e4zky vo svojom mene Ako \u010dlen Slovenskej po\u013eovn\u00edckej komory sa pod\u013ea \u00a7 43 ods. 1 z\u00e1kona podie\u013ea na chove zveri, starostlivosti o zver a jej \u017eivotn\u00e9 prostredie vr\u00e1tane jej lovu.<\/span><\/div>\n<div><\/div>\n<div><span style=\"color: #000000;\">\u0160tatut\u00e1rom OkO SPZ je predseda alebo tajomn\u00edk alebo \u0161tatut\u00e1rom poveren\u00e1 osoba.<\/span><\/div>\n<div><\/div>\n<div><\/div>\n","protected":false},"excerpt":{"rendered":"<p>Predstavenstvo OPK Tren\u010d\u00edn (2024 &#8211; 2029) Predseda: Ing. R\u00f3bert Min\u00e1rik Podpredseda: Ing. \u013dubom\u00edr \u010eurech Predseda ekonomickej komisie: Ing. Franti\u0161ek Hricko Predseda osvetovej komisie:\u00a0Juraj P\u00e1le\u0161 Predseda streleckej komisie:\u00a0Ing. \u013dubom\u00edr \u010eurech Predseda po\u013eovn\u00edckej komisie:\u00a0Peter Prekop Predseda kynologickej komisie:\u00a0Jaroslava Gorel\u010d\u00edkov\u00e1 Predseda legislat\u00edvnej komisie: JUDr. Peter Toma, PhD. Predseda organiza\u010dnej komisie:\u00a0Erika Jan\u00edkov\u00e1 Dozorn\u00e1 rada OPK Tren\u010d\u00edn (2024 &#8211; 2029) [&hellip;]<\/p>\n","protected":false},"author":1,"featured_media":0,"parent":0,"menu_order":0,"comment_status":"closed","ping_status":"closed","template":"","meta":{"footnotes":""},"class_list":["post-105","page","type-page","status-publish","hentry"],"jetpack_sharing_enabled":true,"_links":{"self":[{"href":"http:\/\/www.polovnictvotn.eu.sk\/index.php?rest_route=\/wp\/v2\/pages\/105","targetHints":{"allow":["GET"]}}],"collection":[{"href":"http:\/\/www.polovnictvotn.eu.sk\/index.php?rest_route=\/wp\/v2\/pages"}],"about":[{"href":"http:\/\/www.polovnictvotn.eu.sk\/index.php?rest_route=\/wp\/v2\/types\/page"}],"author":[{"embeddable":true,"href":"http:\/\/www.polovnictvotn.eu.sk\/index.php?rest_route=\/wp\/v2\/users\/1"}],"replies":[{"embeddable":true,"href":"http:\/\/www.polovnictvotn.eu.sk\/index.php?rest_route=%2Fwp%2Fv2%2Fcomments&post=105"}],"version-history":[{"count":42,"href":"http:\/\/www.polovnictvotn.eu.sk\/index.php?rest_route=\/wp\/v2\/pages\/105\/revisions"}],"predecessor-version":[{"id":6748,"href":"http:\/\/www.polovnictvotn.eu.sk\/index.php?rest_route=\/wp\/v2\/pages\/105\/revisions\/6748"}],"wp:attachment":[{"href":"http:\/\/www.polovnictvotn.eu.sk\/index.php?rest_route=%2Fwp%2Fv2%2Fmedia&parent=105"}],"curies":[{"name":"wp","href":"https:\/\/api.w.org\/{rel}","templated":true}]}}