{"id":1206,"date":"2015-04-27T22:19:22","date_gmt":"2015-04-27T20:19:22","guid":{"rendered":"http:\/\/www.polovnictvotn.eu.sk\/?page_id=1206"},"modified":"2025-02-04T10:20:56","modified_gmt":"2025-02-04T08:20:56","slug":"chovatelska-prehliadka-polovnickej-sezony-2014-2015","status":"publish","type":"page","link":"http:\/\/www.polovnictvotn.eu.sk\/?page_id=1206","title":{"rendered":"Chovate\u013esk\u00e1 prehliadka po\u013eovn\u00edckej sez\u00f3ny 2014-2015"},"content":{"rendered":"<p><a href=\"http:\/\/www.polovnictvotn.eu.sk\/?attachment_id=1204\"><img loading=\"lazy\" decoding=\"async\" class=\"alignnone wp-image-1204 size-thumbnail\" src=\"http:\/\/www.polovnictvotn.eu.sk\/wp-content\/uploads\/2015\/04\/DSC_5869-150x150.jpg\" alt=\"DSC_5869\" width=\"150\" height=\"150\" \/><\/a> <a href=\"http:\/\/www.polovnictvotn.eu.sk\/?attachment_id=1205\"><img loading=\"lazy\" decoding=\"async\" class=\"alignnone wp-image-1205 size-thumbnail\" src=\"http:\/\/www.polovnictvotn.eu.sk\/wp-content\/uploads\/2015\/04\/DSC_5894-150x150.jpg\" alt=\"DSC_5894\" width=\"150\" height=\"150\" \/><\/a> <a href=\"http:\/\/www.polovnictvotn.eu.sk\/?attachment_id=1203\"><img loading=\"lazy\" decoding=\"async\" class=\"alignnone wp-image-1203 size-thumbnail\" src=\"http:\/\/www.polovnictvotn.eu.sk\/wp-content\/uploads\/2015\/04\/DSC_5868-150x150.jpg\" alt=\"DSC_5868\" width=\"150\" height=\"150\" \/><\/a> <a href=\"http:\/\/www.polovnictvotn.eu.sk\/?attachment_id=1202\"><img loading=\"lazy\" decoding=\"async\" class=\"alignnone wp-image-1202 size-thumbnail\" src=\"http:\/\/www.polovnictvotn.eu.sk\/wp-content\/uploads\/2015\/04\/DSC_5864-150x150.jpg\" alt=\"DSC_5864\" width=\"150\" height=\"150\" \/><\/a> <a href=\"http:\/\/www.polovnictvotn.eu.sk\/?attachment_id=1201\"><img loading=\"lazy\" decoding=\"async\" class=\"alignnone wp-image-1201 size-thumbnail\" src=\"http:\/\/www.polovnictvotn.eu.sk\/wp-content\/uploads\/2015\/04\/DSC_5861-150x150.jpg\" alt=\"DSC_5861\" width=\"150\" height=\"150\" \/><\/a> <a href=\"http:\/\/www.polovnictvotn.eu.sk\/?attachment_id=1200\"><img loading=\"lazy\" decoding=\"async\" class=\"alignnone wp-image-1200 size-thumbnail\" src=\"http:\/\/www.polovnictvotn.eu.sk\/wp-content\/uploads\/2015\/04\/DSC_5814-150x150.jpg\" alt=\"DSC_5814\" width=\"150\" height=\"150\" \/><\/a> <a href=\"http:\/\/www.polovnictvotn.eu.sk\/?attachment_id=1194\"><img loading=\"lazy\" decoding=\"async\" class=\"alignnone wp-image-1194 size-thumbnail\" src=\"http:\/\/www.polovnictvotn.eu.sk\/wp-content\/uploads\/2015\/04\/DSC_5759-150x150.jpg\" alt=\"DSC_5759\" width=\"150\" height=\"150\" \/><\/a> <a href=\"http:\/\/www.polovnictvotn.eu.sk\/?attachment_id=1195\"><img loading=\"lazy\" decoding=\"async\" class=\"alignnone wp-image-1195 size-thumbnail\" src=\"http:\/\/www.polovnictvotn.eu.sk\/wp-content\/uploads\/2015\/04\/DSC_5761-150x150.jpg\" alt=\"DSC_5761\" width=\"150\" height=\"150\" \/><\/a> <a href=\"http:\/\/www.polovnictvotn.eu.sk\/?attachment_id=1196\"><img loading=\"lazy\" decoding=\"async\" class=\"alignnone wp-image-1196 size-thumbnail\" src=\"http:\/\/www.polovnictvotn.eu.sk\/wp-content\/uploads\/2015\/04\/DSC_5767-150x150.jpg\" alt=\"DSC_5767\" width=\"150\" height=\"150\" \/><\/a> <a href=\"http:\/\/www.polovnictvotn.eu.sk\/?attachment_id=1197\"><img loading=\"lazy\" decoding=\"async\" class=\"alignnone wp-image-1197 size-thumbnail\" src=\"http:\/\/www.polovnictvotn.eu.sk\/wp-content\/uploads\/2015\/04\/DSC_5768-150x150.jpg\" alt=\"DSC_5768\" width=\"150\" height=\"150\" \/><\/a> <a href=\"http:\/\/www.polovnictvotn.eu.sk\/?attachment_id=1198\"><img loading=\"lazy\" decoding=\"async\" class=\"alignnone wp-image-1198 size-thumbnail\" src=\"http:\/\/www.polovnictvotn.eu.sk\/wp-content\/uploads\/2015\/04\/DSC_5790-150x150.jpg\" alt=\"DSC_5790\" width=\"150\" height=\"150\" \/><\/a> <a href=\"http:\/\/www.polovnictvotn.eu.sk\/?attachment_id=1199\"><img loading=\"lazy\" decoding=\"async\" class=\"alignnone wp-image-1199 size-thumbnail\" src=\"http:\/\/www.polovnictvotn.eu.sk\/wp-content\/uploads\/2015\/04\/DSC_5795-150x150.jpg\" alt=\"DSC_5795\" width=\"150\" height=\"150\" \/><\/a><\/p>\n","protected":false},"excerpt":{"rendered":"","protected":false},"author":1,"featured_media":0,"parent":0,"menu_order":0,"comment_status":"open","ping_status":"closed","template":"","meta":{"footnotes":""},"class_list":["post-1206","page","type-page","status-publish","hentry"],"jetpack_sharing_enabled":true,"_links":{"self":[{"href":"http:\/\/www.polovnictvotn.eu.sk\/index.php?rest_route=\/wp\/v2\/pages\/1206","targetHints":{"allow":["GET"]}}],"collection":[{"href":"http:\/\/www.polovnictvotn.eu.sk\/index.php?rest_route=\/wp\/v2\/pages"}],"about":[{"href":"http:\/\/www.polovnictvotn.eu.sk\/index.php?rest_route=\/wp\/v2\/types\/page"}],"author":[{"embeddable":true,"href":"http:\/\/www.polovnictvotn.eu.sk\/index.php?rest_route=\/wp\/v2\/users\/1"}],"replies":[{"embeddable":true,"href":"http:\/\/www.polovnictvotn.eu.sk\/index.php?rest_route=%2Fwp%2Fv2%2Fcomments&post=1206"}],"version-history":[{"count":3,"href":"http:\/\/www.polovnictvotn.eu.sk\/index.php?rest_route=\/wp\/v2\/pages\/1206\/revisions"}],"predecessor-version":[{"id":5960,"href":"http:\/\/www.polovnictvotn.eu.sk\/index.php?rest_route=\/wp\/v2\/pages\/1206\/revisions\/5960"}],"wp:attachment":[{"href":"http:\/\/www.polovnictvotn.eu.sk\/index.php?rest_route=%2Fwp%2Fv2%2Fmedia&parent=1206"}],"curies":[{"name":"wp","href":"https:\/\/api.w.org\/{rel}","templated":true}]}}