{"id":1336,"date":"2015-06-30T10:08:27","date_gmt":"2015-06-30T08:08:27","guid":{"rendered":"http:\/\/www.polovnictvotn.eu.sk\/?page_id=1336"},"modified":"2015-06-30T10:08:27","modified_gmt":"2015-06-30T08:08:27","slug":"zasadnutie-rady-rgo-spz-a-opk-trencin-17-06-2015-trencianske-stankovce","status":"publish","type":"page","link":"http:\/\/www.polovnictvotn.eu.sk\/?page_id=1336","title":{"rendered":"Zasadnutie rady RgO SPZ a OPK Tren\u010d\u00edn 17.06.2015 Tren\u010dianske Stankovce"},"content":{"rendered":"<p><a class=\"boxersandswipers\" title=\"DSC_7183\" href=\"http:\/\/www.polovnictvotn.eu.sk\/wp-content\/uploads\/2015\/06\/DSC_7183.jpg\"><img loading=\"lazy\" decoding=\"async\" class=\"alignnone size-thumbnail wp-image-1337\" src=\"http:\/\/www.polovnictvotn.eu.sk\/wp-content\/uploads\/2015\/06\/DSC_7183-150x150.jpg\" alt=\"DSC_7183\" width=\"150\" height=\"150\" \/><\/a> <a class=\"boxersandswipers\" title=\"DSC_7189\" href=\"http:\/\/www.polovnictvotn.eu.sk\/wp-content\/uploads\/2015\/06\/DSC_7189.jpg\"><img loading=\"lazy\" decoding=\"async\" class=\"alignnone size-thumbnail wp-image-1338\" src=\"http:\/\/www.polovnictvotn.eu.sk\/wp-content\/uploads\/2015\/06\/DSC_7189-150x150.jpg\" alt=\"DSC_7189\" width=\"150\" height=\"150\" \/><\/a> <a class=\"boxersandswipers\" title=\"DSC_7192\" href=\"http:\/\/www.polovnictvotn.eu.sk\/wp-content\/uploads\/2015\/06\/DSC_7192.jpg\"><img loading=\"lazy\" decoding=\"async\" class=\"alignnone size-thumbnail wp-image-1339\" src=\"http:\/\/www.polovnictvotn.eu.sk\/wp-content\/uploads\/2015\/06\/DSC_7192-150x150.jpg\" alt=\"DSC_7192\" width=\"150\" height=\"150\" \/><\/a> <a class=\"boxersandswipers\" title=\"DSC_7196\" href=\"http:\/\/www.polovnictvotn.eu.sk\/wp-content\/uploads\/2015\/06\/DSC_7196.jpg\"><img loading=\"lazy\" decoding=\"async\" class=\"alignnone size-thumbnail wp-image-1340\" src=\"http:\/\/www.polovnictvotn.eu.sk\/wp-content\/uploads\/2015\/06\/DSC_7196-150x150.jpg\" alt=\"DSC_7196\" width=\"150\" height=\"150\" \/><\/a> <a class=\"boxersandswipers\" title=\"DSC_7235\" href=\"http:\/\/www.polovnictvotn.eu.sk\/wp-content\/uploads\/2015\/06\/DSC_7235.jpg\"><img loading=\"lazy\" decoding=\"async\" class=\"alignnone size-thumbnail wp-image-1341\" src=\"http:\/\/www.polovnictvotn.eu.sk\/wp-content\/uploads\/2015\/06\/DSC_7235-150x150.jpg\" alt=\"DSC_7235\" width=\"150\" height=\"150\" \/><\/a> <a class=\"boxersandswipers\" title=\"DSC_7241\" href=\"http:\/\/www.polovnictvotn.eu.sk\/wp-content\/uploads\/2015\/06\/DSC_7241.jpg\"><img loading=\"lazy\" decoding=\"async\" class=\"alignnone size-thumbnail wp-image-1342\" src=\"http:\/\/www.polovnictvotn.eu.sk\/wp-content\/uploads\/2015\/06\/DSC_7241-150x150.jpg\" alt=\"DSC_7241\" width=\"150\" height=\"150\" \/><\/a> <a class=\"boxersandswipers\" title=\"DSC_7273\" href=\"http:\/\/www.polovnictvotn.eu.sk\/wp-content\/uploads\/2015\/06\/DSC_7273.jpg\"><img loading=\"lazy\" decoding=\"async\" class=\"alignnone size-thumbnail wp-image-1343\" src=\"http:\/\/www.polovnictvotn.eu.sk\/wp-content\/uploads\/2015\/06\/DSC_7273-150x150.jpg\" alt=\"DSC_7273\" width=\"150\" height=\"150\" \/><\/a> <a class=\"boxersandswipers\" title=\"DSC_7277\" href=\"http:\/\/www.polovnictvotn.eu.sk\/wp-content\/uploads\/2015\/06\/DSC_7277.jpg\"><img loading=\"lazy\" decoding=\"async\" class=\"alignnone size-thumbnail wp-image-1344\" src=\"http:\/\/www.polovnictvotn.eu.sk\/wp-content\/uploads\/2015\/06\/DSC_7277-150x150.jpg\" alt=\"DSC_7277\" width=\"150\" height=\"150\" \/><\/a> <a class=\"boxersandswipers\" title=\"DSC_7326\" href=\"http:\/\/www.polovnictvotn.eu.sk\/wp-content\/uploads\/2015\/06\/DSC_7326.jpg\"><img loading=\"lazy\" decoding=\"async\" class=\"alignnone size-thumbnail wp-image-1345\" src=\"http:\/\/www.polovnictvotn.eu.sk\/wp-content\/uploads\/2015\/06\/DSC_7326-150x150.jpg\" alt=\"DSC_7326\" width=\"150\" height=\"150\" \/><\/a> <a class=\"boxersandswipers\" title=\"DSC_7330\" href=\"http:\/\/www.polovnictvotn.eu.sk\/wp-content\/uploads\/2015\/06\/DSC_7330.jpg\"><img loading=\"lazy\" decoding=\"async\" class=\"alignnone size-thumbnail wp-image-1346\" src=\"http:\/\/www.polovnictvotn.eu.sk\/wp-content\/uploads\/2015\/06\/DSC_7330-150x150.jpg\" alt=\"DSC_7330\" width=\"150\" height=\"150\" \/><\/a> <a class=\"boxersandswipers\" title=\"DSC_7358\" href=\"http:\/\/www.polovnictvotn.eu.sk\/wp-content\/uploads\/2015\/06\/DSC_7358.jpg\"><img loading=\"lazy\" decoding=\"async\" class=\"alignnone size-thumbnail wp-image-1347\" src=\"http:\/\/www.polovnictvotn.eu.sk\/wp-content\/uploads\/2015\/06\/DSC_7358-150x150.jpg\" alt=\"DSC_7358\" width=\"150\" height=\"150\" \/><\/a> <a class=\"boxersandswipers\" title=\"DSC_7368\" href=\"http:\/\/www.polovnictvotn.eu.sk\/wp-content\/uploads\/2015\/06\/DSC_7368.jpg\"><img loading=\"lazy\" decoding=\"async\" class=\"alignnone size-thumbnail wp-image-1348\" src=\"http:\/\/www.polovnictvotn.eu.sk\/wp-content\/uploads\/2015\/06\/DSC_7368-150x150.jpg\" alt=\"DSC_7368\" width=\"150\" height=\"150\" \/><\/a><\/p>\n","protected":false},"excerpt":{"rendered":"","protected":false},"author":1,"featured_media":0,"parent":0,"menu_order":0,"comment_status":"open","ping_status":"closed","template":"","meta":{"footnotes":""},"class_list":["post-1336","page","type-page","status-publish","hentry"],"jetpack_sharing_enabled":true,"_links":{"self":[{"href":"http:\/\/www.polovnictvotn.eu.sk\/index.php?rest_route=\/wp\/v2\/pages\/1336","targetHints":{"allow":["GET"]}}],"collection":[{"href":"http:\/\/www.polovnictvotn.eu.sk\/index.php?rest_route=\/wp\/v2\/pages"}],"about":[{"href":"http:\/\/www.polovnictvotn.eu.sk\/index.php?rest_route=\/wp\/v2\/types\/page"}],"author":[{"embeddable":true,"href":"http:\/\/www.polovnictvotn.eu.sk\/index.php?rest_route=\/wp\/v2\/users\/1"}],"replies":[{"embeddable":true,"href":"http:\/\/www.polovnictvotn.eu.sk\/index.php?rest_route=%2Fwp%2Fv2%2Fcomments&post=1336"}],"version-history":[{"count":1,"href":"http:\/\/www.polovnictvotn.eu.sk\/index.php?rest_route=\/wp\/v2\/pages\/1336\/revisions"}],"predecessor-version":[{"id":1349,"href":"http:\/\/www.polovnictvotn.eu.sk\/index.php?rest_route=\/wp\/v2\/pages\/1336\/revisions\/1349"}],"wp:attachment":[{"href":"http:\/\/www.polovnictvotn.eu.sk\/index.php?rest_route=%2Fwp%2Fv2%2Fmedia&parent=1336"}],"curies":[{"name":"wp","href":"https:\/\/api.w.org\/{rel}","templated":true}]}}