{"id":1380,"date":"2015-09-14T22:41:56","date_gmt":"2015-09-14T20:41:56","guid":{"rendered":"http:\/\/www.polovnictvotn.eu.sk\/?page_id=1380"},"modified":"2015-09-14T22:41:56","modified_gmt":"2015-09-14T20:41:56","slug":"kynologicky-vycvikovy-den-pz-zdanova-melcice-lieskove-12-9-2015","status":"publish","type":"page","link":"http:\/\/www.polovnictvotn.eu.sk\/?page_id=1380","title":{"rendered":"Kynologick\u00fd v\u00fdcvikov\u00fd de\u0148 &#8211; PZ \u017ddanov\u00e1 Mel\u010dice Lieskov\u00e9 12.9.2015"},"content":{"rendered":"<p><a class=\"boxersandswipers\" href=\"http:\/\/www.polovnictvotn.eu.sk\/wp-content\/uploads\/2014\/04\/DSCN0572.jpg\"><img loading=\"lazy\" decoding=\"async\" class=\"alignnone size-thumbnail wp-image-1363\" src=\"http:\/\/www.polovnictvotn.eu.sk\/wp-content\/uploads\/2014\/04\/DSCN0572-150x150.jpg\" alt=\"DSCN0572\" width=\"150\" height=\"150\" srcset=\"http:\/\/www.polovnictvotn.eu.sk\/wp-content\/uploads\/2014\/04\/DSCN0572-150x150.jpg 150w, http:\/\/www.polovnictvotn.eu.sk\/wp-content\/uploads\/2014\/04\/DSCN0572-300x300.jpg 300w, http:\/\/www.polovnictvotn.eu.sk\/wp-content\/uploads\/2014\/04\/DSCN0572.jpg 800w\" sizes=\"auto, (max-width: 150px) 100vw, 150px\" \/><\/a> <a class=\"boxersandswipers\" href=\"http:\/\/www.polovnictvotn.eu.sk\/wp-content\/uploads\/2014\/04\/DSCN0566.jpg\"><img loading=\"lazy\" decoding=\"async\" class=\"alignnone size-thumbnail wp-image-1359\" src=\"http:\/\/www.polovnictvotn.eu.sk\/wp-content\/uploads\/2014\/04\/DSCN0566-150x150.jpg\" alt=\"DSCN0566\" width=\"150\" height=\"150\" srcset=\"http:\/\/www.polovnictvotn.eu.sk\/wp-content\/uploads\/2014\/04\/DSCN0566-150x150.jpg 150w, http:\/\/www.polovnictvotn.eu.sk\/wp-content\/uploads\/2014\/04\/DSCN0566-300x300.jpg 300w, http:\/\/www.polovnictvotn.eu.sk\/wp-content\/uploads\/2014\/04\/DSCN0566.jpg 800w\" sizes=\"auto, (max-width: 150px) 100vw, 150px\" \/><\/a> <a class=\"boxersandswipers\" href=\"http:\/\/www.polovnictvotn.eu.sk\/wp-content\/uploads\/2014\/04\/DSCN0567.jpg\"><img loading=\"lazy\" decoding=\"async\" class=\"alignnone size-thumbnail wp-image-1360\" src=\"http:\/\/www.polovnictvotn.eu.sk\/wp-content\/uploads\/2014\/04\/DSCN0567-150x150.jpg\" alt=\"DSCN0567\" width=\"150\" height=\"150\" srcset=\"http:\/\/www.polovnictvotn.eu.sk\/wp-content\/uploads\/2014\/04\/DSCN0567-150x150.jpg 150w, http:\/\/www.polovnictvotn.eu.sk\/wp-content\/uploads\/2014\/04\/DSCN0567-300x300.jpg 300w, http:\/\/www.polovnictvotn.eu.sk\/wp-content\/uploads\/2014\/04\/DSCN0567.jpg 800w\" sizes=\"auto, (max-width: 150px) 100vw, 150px\" \/><\/a> <a class=\"boxersandswipers\" href=\"http:\/\/www.polovnictvotn.eu.sk\/wp-content\/uploads\/2014\/04\/DSCN0601.jpg\"><img loading=\"lazy\" decoding=\"async\" class=\"alignnone size-thumbnail wp-image-1366\" src=\"http:\/\/www.polovnictvotn.eu.sk\/wp-content\/uploads\/2014\/04\/DSCN0601-150x150.jpg\" alt=\"DSCN0601\" width=\"150\" height=\"150\" srcset=\"http:\/\/www.polovnictvotn.eu.sk\/wp-content\/uploads\/2014\/04\/DSCN0601-150x150.jpg 150w, http:\/\/www.polovnictvotn.eu.sk\/wp-content\/uploads\/2014\/04\/DSCN0601-300x300.jpg 300w, http:\/\/www.polovnictvotn.eu.sk\/wp-content\/uploads\/2014\/04\/DSCN0601.jpg 800w\" sizes=\"auto, (max-width: 150px) 100vw, 150px\" \/><\/a> <a class=\"boxersandswipers\" href=\"http:\/\/www.polovnictvotn.eu.sk\/wp-content\/uploads\/2014\/04\/DSCN0600.jpg\"><img loading=\"lazy\" decoding=\"async\" class=\"alignnone size-thumbnail wp-image-1365\" src=\"http:\/\/www.polovnictvotn.eu.sk\/wp-content\/uploads\/2014\/04\/DSCN0600-150x150.jpg\" alt=\"DSCN0600\" width=\"150\" height=\"150\" srcset=\"http:\/\/www.polovnictvotn.eu.sk\/wp-content\/uploads\/2014\/04\/DSCN0600-150x150.jpg 150w, http:\/\/www.polovnictvotn.eu.sk\/wp-content\/uploads\/2014\/04\/DSCN0600-300x300.jpg 300w, http:\/\/www.polovnictvotn.eu.sk\/wp-content\/uploads\/2014\/04\/DSCN0600.jpg 800w\" sizes=\"auto, (max-width: 150px) 100vw, 150px\" \/><\/a> <a class=\"boxersandswipers\" href=\"http:\/\/www.polovnictvotn.eu.sk\/wp-content\/uploads\/2014\/04\/DSCN0594.jpg\"><img loading=\"lazy\" decoding=\"async\" class=\"alignnone size-thumbnail wp-image-1364\" src=\"http:\/\/www.polovnictvotn.eu.sk\/wp-content\/uploads\/2014\/04\/DSCN0594-150x150.jpg\" alt=\"DSCN0594\" width=\"150\" height=\"150\" srcset=\"http:\/\/www.polovnictvotn.eu.sk\/wp-content\/uploads\/2014\/04\/DSCN0594-150x150.jpg 150w, http:\/\/www.polovnictvotn.eu.sk\/wp-content\/uploads\/2014\/04\/DSCN0594-300x300.jpg 300w, http:\/\/www.polovnictvotn.eu.sk\/wp-content\/uploads\/2014\/04\/DSCN0594.jpg 800w\" sizes=\"auto, (max-width: 150px) 100vw, 150px\" \/><\/a> <a class=\"boxersandswipers\" href=\"http:\/\/www.polovnictvotn.eu.sk\/wp-content\/uploads\/2014\/04\/DSCN0571.jpg\"><img loading=\"lazy\" decoding=\"async\" class=\"alignnone size-thumbnail wp-image-1362\" src=\"http:\/\/www.polovnictvotn.eu.sk\/wp-content\/uploads\/2014\/04\/DSCN0571-150x150.jpg\" alt=\"DSCN0571\" width=\"150\" height=\"150\" srcset=\"http:\/\/www.polovnictvotn.eu.sk\/wp-content\/uploads\/2014\/04\/DSCN0571-150x150.jpg 150w, http:\/\/www.polovnictvotn.eu.sk\/wp-content\/uploads\/2014\/04\/DSCN0571-300x300.jpg 300w, http:\/\/www.polovnictvotn.eu.sk\/wp-content\/uploads\/2014\/04\/DSCN0571.jpg 800w\" sizes=\"auto, (max-width: 150px) 100vw, 150px\" \/><\/a> <a class=\"boxersandswipers\" href=\"http:\/\/www.polovnictvotn.eu.sk\/wp-content\/uploads\/2014\/04\/DSCN0568.jpg\"><img loading=\"lazy\" decoding=\"async\" class=\"alignnone size-thumbnail wp-image-1361\" src=\"http:\/\/www.polovnictvotn.eu.sk\/wp-content\/uploads\/2014\/04\/DSCN0568-150x150.jpg\" alt=\"DSCN0568\" width=\"150\" height=\"150\" srcset=\"http:\/\/www.polovnictvotn.eu.sk\/wp-content\/uploads\/2014\/04\/DSCN0568-150x150.jpg 150w, http:\/\/www.polovnictvotn.eu.sk\/wp-content\/uploads\/2014\/04\/DSCN0568-300x300.jpg 300w, http:\/\/www.polovnictvotn.eu.sk\/wp-content\/uploads\/2014\/04\/DSCN0568.jpg 800w\" sizes=\"auto, (max-width: 150px) 100vw, 150px\" \/><\/a> <a class=\"boxersandswipers\" href=\"http:\/\/www.polovnictvotn.eu.sk\/wp-content\/uploads\/2014\/04\/DSCN0621.jpg\"><img loading=\"lazy\" decoding=\"async\" class=\"alignnone size-thumbnail wp-image-1372\" src=\"http:\/\/www.polovnictvotn.eu.sk\/wp-content\/uploads\/2014\/04\/DSCN0621-150x150.jpg\" alt=\"DSCN0621\" width=\"150\" height=\"150\" srcset=\"http:\/\/www.polovnictvotn.eu.sk\/wp-content\/uploads\/2014\/04\/DSCN0621-150x150.jpg 150w, http:\/\/www.polovnictvotn.eu.sk\/wp-content\/uploads\/2014\/04\/DSCN0621-300x300.jpg 300w, http:\/\/www.polovnictvotn.eu.sk\/wp-content\/uploads\/2014\/04\/DSCN0621.jpg 800w\" sizes=\"auto, (max-width: 150px) 100vw, 150px\" \/><\/a> <a class=\"boxersandswipers\" href=\"http:\/\/www.polovnictvotn.eu.sk\/wp-content\/uploads\/2014\/04\/DSCN0618.jpg\"><img loading=\"lazy\" decoding=\"async\" class=\"alignnone size-thumbnail wp-image-1371\" src=\"http:\/\/www.polovnictvotn.eu.sk\/wp-content\/uploads\/2014\/04\/DSCN0618-150x150.jpg\" alt=\"DSCN0618\" width=\"150\" height=\"150\" srcset=\"http:\/\/www.polovnictvotn.eu.sk\/wp-content\/uploads\/2014\/04\/DSCN0618-150x150.jpg 150w, http:\/\/www.polovnictvotn.eu.sk\/wp-content\/uploads\/2014\/04\/DSCN0618-300x300.jpg 300w, http:\/\/www.polovnictvotn.eu.sk\/wp-content\/uploads\/2014\/04\/DSCN0618.jpg 800w\" sizes=\"auto, (max-width: 150px) 100vw, 150px\" \/><\/a> <a class=\"boxersandswipers\" href=\"http:\/\/www.polovnictvotn.eu.sk\/wp-content\/uploads\/2014\/04\/DSCN0614.jpg\"><img loading=\"lazy\" decoding=\"async\" class=\"alignnone size-thumbnail wp-image-1370\" src=\"http:\/\/www.polovnictvotn.eu.sk\/wp-content\/uploads\/2014\/04\/DSCN0614-150x150.jpg\" alt=\"DSCN0614\" width=\"150\" height=\"150\" srcset=\"http:\/\/www.polovnictvotn.eu.sk\/wp-content\/uploads\/2014\/04\/DSCN0614-150x150.jpg 150w, http:\/\/www.polovnictvotn.eu.sk\/wp-content\/uploads\/2014\/04\/DSCN0614-300x300.jpg 300w, http:\/\/www.polovnictvotn.eu.sk\/wp-content\/uploads\/2014\/04\/DSCN0614.jpg 800w\" sizes=\"auto, (max-width: 150px) 100vw, 150px\" \/><\/a> <a class=\"boxersandswipers\" href=\"http:\/\/www.polovnictvotn.eu.sk\/wp-content\/uploads\/2014\/04\/DSCN0611.jpg\"><img loading=\"lazy\" decoding=\"async\" class=\"alignnone size-thumbnail wp-image-1369\" src=\"http:\/\/www.polovnictvotn.eu.sk\/wp-content\/uploads\/2014\/04\/DSCN0611-150x150.jpg\" alt=\"DSCN0611\" width=\"150\" height=\"150\" srcset=\"http:\/\/www.polovnictvotn.eu.sk\/wp-content\/uploads\/2014\/04\/DSCN0611-150x150.jpg 150w, http:\/\/www.polovnictvotn.eu.sk\/wp-content\/uploads\/2014\/04\/DSCN0611-300x300.jpg 300w, http:\/\/www.polovnictvotn.eu.sk\/wp-content\/uploads\/2014\/04\/DSCN0611.jpg 800w\" sizes=\"auto, (max-width: 150px) 100vw, 150px\" \/><\/a> <a class=\"boxersandswipers\" href=\"http:\/\/www.polovnictvotn.eu.sk\/wp-content\/uploads\/2014\/04\/DSCN0610.jpg\"><img loading=\"lazy\" decoding=\"async\" class=\"alignnone size-thumbnail wp-image-1368\" src=\"http:\/\/www.polovnictvotn.eu.sk\/wp-content\/uploads\/2014\/04\/DSCN0610-150x150.jpg\" alt=\"DSCN0610\" width=\"150\" height=\"150\" srcset=\"http:\/\/www.polovnictvotn.eu.sk\/wp-content\/uploads\/2014\/04\/DSCN0610-150x150.jpg 150w, http:\/\/www.polovnictvotn.eu.sk\/wp-content\/uploads\/2014\/04\/DSCN0610-300x300.jpg 300w, http:\/\/www.polovnictvotn.eu.sk\/wp-content\/uploads\/2014\/04\/DSCN0610.jpg 800w\" sizes=\"auto, (max-width: 150px) 100vw, 150px\" \/><\/a> <a class=\"boxersandswipers\" href=\"http:\/\/www.polovnictvotn.eu.sk\/wp-content\/uploads\/2014\/04\/DSCN0605.jpg\"><img loading=\"lazy\" decoding=\"async\" class=\"alignnone size-thumbnail wp-image-1367\" src=\"http:\/\/www.polovnictvotn.eu.sk\/wp-content\/uploads\/2014\/04\/DSCN0605-150x150.jpg\" alt=\"DSCN0605\" width=\"150\" height=\"150\" srcset=\"http:\/\/www.polovnictvotn.eu.sk\/wp-content\/uploads\/2014\/04\/DSCN0605-150x150.jpg 150w, http:\/\/www.polovnictvotn.eu.sk\/wp-content\/uploads\/2014\/04\/DSCN0605-300x300.jpg 300w, http:\/\/www.polovnictvotn.eu.sk\/wp-content\/uploads\/2014\/04\/DSCN0605.jpg 800w\" sizes=\"auto, (max-width: 150px) 100vw, 150px\" \/><\/a> <a class=\"boxersandswipers\" href=\"http:\/\/www.polovnictvotn.eu.sk\/wp-content\/uploads\/2014\/04\/DSCN0624.jpg\"><img loading=\"lazy\" decoding=\"async\" class=\"alignnone size-thumbnail wp-image-1373\" src=\"http:\/\/www.polovnictvotn.eu.sk\/wp-content\/uploads\/2014\/04\/DSCN0624-150x150.jpg\" alt=\"DSCN0624\" width=\"150\" height=\"150\" srcset=\"http:\/\/www.polovnictvotn.eu.sk\/wp-content\/uploads\/2014\/04\/DSCN0624-150x150.jpg 150w, http:\/\/www.polovnictvotn.eu.sk\/wp-content\/uploads\/2014\/04\/DSCN0624-300x300.jpg 300w, http:\/\/www.polovnictvotn.eu.sk\/wp-content\/uploads\/2014\/04\/DSCN0624.jpg 800w\" sizes=\"auto, (max-width: 150px) 100vw, 150px\" \/><\/a> <a class=\"boxersandswipers\" href=\"http:\/\/www.polovnictvotn.eu.sk\/wp-content\/uploads\/2014\/04\/DSCN0625.jpg\"><img loading=\"lazy\" decoding=\"async\" class=\"alignnone size-thumbnail wp-image-1374\" src=\"http:\/\/www.polovnictvotn.eu.sk\/wp-content\/uploads\/2014\/04\/DSCN0625-150x150.jpg\" alt=\"DSCN0625\" width=\"150\" height=\"150\" srcset=\"http:\/\/www.polovnictvotn.eu.sk\/wp-content\/uploads\/2014\/04\/DSCN0625-150x150.jpg 150w, http:\/\/www.polovnictvotn.eu.sk\/wp-content\/uploads\/2014\/04\/DSCN0625-300x300.jpg 300w, http:\/\/www.polovnictvotn.eu.sk\/wp-content\/uploads\/2014\/04\/DSCN0625.jpg 800w\" sizes=\"auto, (max-width: 150px) 100vw, 150px\" \/><\/a> <a class=\"boxersandswipers\" href=\"http:\/\/www.polovnictvotn.eu.sk\/wp-content\/uploads\/2014\/04\/DSCN0628.jpg\"><img loading=\"lazy\" decoding=\"async\" class=\"alignnone size-thumbnail wp-image-1375\" src=\"http:\/\/www.polovnictvotn.eu.sk\/wp-content\/uploads\/2014\/04\/DSCN0628-150x150.jpg\" alt=\"DSCN0628\" width=\"150\" height=\"150\" srcset=\"http:\/\/www.polovnictvotn.eu.sk\/wp-content\/uploads\/2014\/04\/DSCN0628-150x150.jpg 150w, http:\/\/www.polovnictvotn.eu.sk\/wp-content\/uploads\/2014\/04\/DSCN0628-300x300.jpg 300w, http:\/\/www.polovnictvotn.eu.sk\/wp-content\/uploads\/2014\/04\/DSCN0628.jpg 800w\" sizes=\"auto, (max-width: 150px) 100vw, 150px\" \/><\/a> <a class=\"boxersandswipers\" href=\"http:\/\/www.polovnictvotn.eu.sk\/wp-content\/uploads\/2014\/04\/DSCN0630.jpg\"><img loading=\"lazy\" decoding=\"async\" class=\"alignnone size-thumbnail wp-image-1376\" src=\"http:\/\/www.polovnictvotn.eu.sk\/wp-content\/uploads\/2014\/04\/DSCN0630-150x150.jpg\" alt=\"DSCN0630\" width=\"150\" height=\"150\" srcset=\"http:\/\/www.polovnictvotn.eu.sk\/wp-content\/uploads\/2014\/04\/DSCN0630-150x150.jpg 150w, http:\/\/www.polovnictvotn.eu.sk\/wp-content\/uploads\/2014\/04\/DSCN0630-300x300.jpg 300w, http:\/\/www.polovnictvotn.eu.sk\/wp-content\/uploads\/2014\/04\/DSCN0630.jpg 800w\" sizes=\"auto, (max-width: 150px) 100vw, 150px\" \/><\/a> <a class=\"boxersandswipers\" href=\"http:\/\/www.polovnictvotn.eu.sk\/wp-content\/uploads\/2014\/04\/DSCN0631.jpg\"><img loading=\"lazy\" decoding=\"async\" class=\"alignnone size-thumbnail wp-image-1377\" src=\"http:\/\/www.polovnictvotn.eu.sk\/wp-content\/uploads\/2014\/04\/DSCN0631-150x150.jpg\" alt=\"DSCN0631\" width=\"150\" height=\"150\" srcset=\"http:\/\/www.polovnictvotn.eu.sk\/wp-content\/uploads\/2014\/04\/DSCN0631-150x150.jpg 150w, http:\/\/www.polovnictvotn.eu.sk\/wp-content\/uploads\/2014\/04\/DSCN0631-300x300.jpg 300w, http:\/\/www.polovnictvotn.eu.sk\/wp-content\/uploads\/2014\/04\/DSCN0631.jpg 800w\" sizes=\"auto, (max-width: 150px) 100vw, 150px\" \/><\/a> <a class=\"boxersandswipers\" href=\"http:\/\/www.polovnictvotn.eu.sk\/wp-content\/uploads\/2014\/04\/DSCN0632.jpg\"><img loading=\"lazy\" decoding=\"async\" class=\"alignnone size-thumbnail wp-image-1378\" src=\"http:\/\/www.polovnictvotn.eu.sk\/wp-content\/uploads\/2014\/04\/DSCN0632-150x150.jpg\" alt=\"DSCN0632\" width=\"150\" height=\"150\" srcset=\"http:\/\/www.polovnictvotn.eu.sk\/wp-content\/uploads\/2014\/04\/DSCN0632-150x150.jpg 150w, http:\/\/www.polovnictvotn.eu.sk\/wp-content\/uploads\/2014\/04\/DSCN0632-300x300.jpg 300w, http:\/\/www.polovnictvotn.eu.sk\/wp-content\/uploads\/2014\/04\/DSCN0632.jpg 800w\" sizes=\"auto, (max-width: 150px) 100vw, 150px\" \/><\/a><\/p>\n","protected":false},"excerpt":{"rendered":"","protected":false},"author":1,"featured_media":0,"parent":0,"menu_order":0,"comment_status":"open","ping_status":"closed","template":"","meta":{"footnotes":""},"class_list":["post-1380","page","type-page","status-publish","hentry"],"jetpack_sharing_enabled":true,"_links":{"self":[{"href":"http:\/\/www.polovnictvotn.eu.sk\/index.php?rest_route=\/wp\/v2\/pages\/1380","targetHints":{"allow":["GET"]}}],"collection":[{"href":"http:\/\/www.polovnictvotn.eu.sk\/index.php?rest_route=\/wp\/v2\/pages"}],"about":[{"href":"http:\/\/www.polovnictvotn.eu.sk\/index.php?rest_route=\/wp\/v2\/types\/page"}],"author":[{"embeddable":true,"href":"http:\/\/www.polovnictvotn.eu.sk\/index.php?rest_route=\/wp\/v2\/users\/1"}],"replies":[{"embeddable":true,"href":"http:\/\/www.polovnictvotn.eu.sk\/index.php?rest_route=%2Fwp%2Fv2%2Fcomments&post=1380"}],"version-history":[{"count":1,"href":"http:\/\/www.polovnictvotn.eu.sk\/index.php?rest_route=\/wp\/v2\/pages\/1380\/revisions"}],"predecessor-version":[{"id":1381,"href":"http:\/\/www.polovnictvotn.eu.sk\/index.php?rest_route=\/wp\/v2\/pages\/1380\/revisions\/1381"}],"wp:attachment":[{"href":"http:\/\/www.polovnictvotn.eu.sk\/index.php?rest_route=%2Fwp%2Fv2%2Fmedia&parent=1380"}],"curies":[{"name":"wp","href":"https:\/\/api.w.org\/{rel}","templated":true}]}}