{"id":1475,"date":"2016-03-27T17:21:09","date_gmt":"2016-03-27T15:21:09","guid":{"rendered":"http:\/\/www.polovnictvotn.eu.sk\/?page_id=1475"},"modified":"2025-02-04T10:24:13","modified_gmt":"2025-02-04T08:24:13","slug":"chovatelska-prehliadka-polovnickej-sezony-2015-2016","status":"publish","type":"page","link":"http:\/\/www.polovnictvotn.eu.sk\/?page_id=1475","title":{"rendered":"Chovate\u013esk\u00e1 prehliadka po\u013eovn\u00edckej sez\u00f3ny 2015-2016"},"content":{"rendered":"<p><a href=\"http:\/\/www.polovnictvotn.eu.sk\/?attachment_id=1474\"><img loading=\"lazy\" decoding=\"async\" class=\"alignnone wp-image-1474 size-thumbnail\" src=\"http:\/\/www.polovnictvotn.eu.sk\/wp-content\/uploads\/2016\/03\/P1120569-150x150.jpg\" alt=\"P1120569\" width=\"150\" height=\"150\" \/><\/a> <a href=\"http:\/\/www.polovnictvotn.eu.sk\/?attachment_id=1473\"><img loading=\"lazy\" decoding=\"async\" class=\"alignnone wp-image-1473 size-thumbnail\" src=\"http:\/\/www.polovnictvotn.eu.sk\/wp-content\/uploads\/2016\/03\/P1120566-150x150.jpg\" alt=\"P1120566\" width=\"150\" height=\"150\" \/><\/a> <a href=\"http:\/\/www.polovnictvotn.eu.sk\/?attachment_id=1472\"><img loading=\"lazy\" decoding=\"async\" class=\"alignnone wp-image-1472 size-thumbnail\" src=\"http:\/\/www.polovnictvotn.eu.sk\/wp-content\/uploads\/2016\/03\/P1120565-150x150.jpg\" alt=\"P1120565\" width=\"150\" height=\"150\" \/><\/a> <a href=\"http:\/\/www.polovnictvotn.eu.sk\/?attachment_id=1471\"><img loading=\"lazy\" decoding=\"async\" class=\"alignnone wp-image-1471 size-thumbnail\" src=\"http:\/\/www.polovnictvotn.eu.sk\/wp-content\/uploads\/2016\/03\/P1120557-150x150.jpg\" alt=\"P1120557\" width=\"150\" height=\"150\" \/><\/a> <a href=\"http:\/\/www.polovnictvotn.eu.sk\/?attachment_id=1470\"><img loading=\"lazy\" decoding=\"async\" class=\"alignnone wp-image-1470 size-thumbnail\" src=\"http:\/\/www.polovnictvotn.eu.sk\/wp-content\/uploads\/2016\/03\/P1120537-150x150.jpg\" alt=\"P1120537\" width=\"150\" height=\"150\" \/><\/a> <a href=\"http:\/\/www.polovnictvotn.eu.sk\/?attachment_id=1469\"><img loading=\"lazy\" decoding=\"async\" class=\"alignnone wp-image-1469 size-thumbnail\" src=\"http:\/\/www.polovnictvotn.eu.sk\/wp-content\/uploads\/2016\/03\/P1120533-150x150.jpg\" alt=\"P1120533\" width=\"150\" height=\"150\" \/><\/a> <a href=\"http:\/\/www.polovnictvotn.eu.sk\/?attachment_id=1463\"><img loading=\"lazy\" decoding=\"async\" class=\"alignnone wp-image-1463 size-thumbnail\" src=\"http:\/\/www.polovnictvotn.eu.sk\/wp-content\/uploads\/2016\/03\/P1120502-150x150.jpg\" alt=\"P1120502\" width=\"150\" height=\"150\" \/><\/a> <a href=\"http:\/\/www.polovnictvotn.eu.sk\/?attachment_id=1464\"><img loading=\"lazy\" decoding=\"async\" class=\"alignnone wp-image-1464 size-thumbnail\" src=\"http:\/\/www.polovnictvotn.eu.sk\/wp-content\/uploads\/2016\/03\/P1120504-150x150.jpg\" alt=\"P1120504\" width=\"150\" height=\"150\" \/><\/a> <a href=\"http:\/\/www.polovnictvotn.eu.sk\/?attachment_id=1465\"><img loading=\"lazy\" decoding=\"async\" class=\"alignnone wp-image-1465 size-thumbnail\" src=\"http:\/\/www.polovnictvotn.eu.sk\/wp-content\/uploads\/2016\/03\/P1120509-150x150.jpg\" alt=\"P1120509\" width=\"150\" height=\"150\" \/><\/a> <a href=\"http:\/\/www.polovnictvotn.eu.sk\/?attachment_id=1466\"><img loading=\"lazy\" decoding=\"async\" class=\"alignnone wp-image-1466 size-thumbnail\" src=\"http:\/\/www.polovnictvotn.eu.sk\/wp-content\/uploads\/2016\/03\/P1120514-150x150.jpg\" alt=\"P1120514\" width=\"150\" height=\"150\" \/><\/a> <a href=\"http:\/\/www.polovnictvotn.eu.sk\/?attachment_id=1467\"><img loading=\"lazy\" decoding=\"async\" class=\"alignnone wp-image-1467 size-thumbnail\" src=\"http:\/\/www.polovnictvotn.eu.sk\/wp-content\/uploads\/2016\/03\/P1120524-150x150.jpg\" alt=\"P1120524\" width=\"150\" height=\"150\" \/><\/a> <a href=\"http:\/\/www.polovnictvotn.eu.sk\/?attachment_id=1468\"><img loading=\"lazy\" decoding=\"async\" class=\"alignnone wp-image-1468 size-thumbnail\" src=\"http:\/\/www.polovnictvotn.eu.sk\/wp-content\/uploads\/2016\/03\/P1120530-150x150.jpg\" alt=\"P1120530\" width=\"150\" height=\"150\" \/><\/a> <a href=\"http:\/\/www.polovnictvotn.eu.sk\/?attachment_id=1462\"><img loading=\"lazy\" decoding=\"async\" class=\"alignnone wp-image-1462 size-thumbnail\" src=\"http:\/\/www.polovnictvotn.eu.sk\/wp-content\/uploads\/2016\/03\/P1120500-150x150.jpg\" alt=\"P1120500\" width=\"150\" height=\"150\" \/><\/a> <a href=\"http:\/\/www.polovnictvotn.eu.sk\/?attachment_id=1461\"><img loading=\"lazy\" decoding=\"async\" class=\"alignnone wp-image-1461 size-thumbnail\" src=\"http:\/\/www.polovnictvotn.eu.sk\/wp-content\/uploads\/2016\/03\/P1120499-150x150.jpg\" alt=\"P1120499\" width=\"150\" height=\"150\" \/><\/a><\/p>\n","protected":false},"excerpt":{"rendered":"","protected":false},"author":1,"featured_media":0,"parent":0,"menu_order":0,"comment_status":"open","ping_status":"closed","template":"","meta":{"footnotes":""},"class_list":["post-1475","page","type-page","status-publish","hentry"],"jetpack_sharing_enabled":true,"_links":{"self":[{"href":"http:\/\/www.polovnictvotn.eu.sk\/index.php?rest_route=\/wp\/v2\/pages\/1475","targetHints":{"allow":["GET"]}}],"collection":[{"href":"http:\/\/www.polovnictvotn.eu.sk\/index.php?rest_route=\/wp\/v2\/pages"}],"about":[{"href":"http:\/\/www.polovnictvotn.eu.sk\/index.php?rest_route=\/wp\/v2\/types\/page"}],"author":[{"embeddable":true,"href":"http:\/\/www.polovnictvotn.eu.sk\/index.php?rest_route=\/wp\/v2\/users\/1"}],"replies":[{"embeddable":true,"href":"http:\/\/www.polovnictvotn.eu.sk\/index.php?rest_route=%2Fwp%2Fv2%2Fcomments&post=1475"}],"version-history":[{"count":2,"href":"http:\/\/www.polovnictvotn.eu.sk\/index.php?rest_route=\/wp\/v2\/pages\/1475\/revisions"}],"predecessor-version":[{"id":5961,"href":"http:\/\/www.polovnictvotn.eu.sk\/index.php?rest_route=\/wp\/v2\/pages\/1475\/revisions\/5961"}],"wp:attachment":[{"href":"http:\/\/www.polovnictvotn.eu.sk\/index.php?rest_route=%2Fwp%2Fv2%2Fmedia&parent=1475"}],"curies":[{"name":"wp","href":"https:\/\/api.w.org\/{rel}","templated":true}]}}