{"id":150,"date":"2014-04-15T08:05:02","date_gmt":"2014-04-15T06:05:02","guid":{"rendered":"http:\/\/www.polovnictvotn.eu.sk\/?page_id=150"},"modified":"2018-11-30T11:46:46","modified_gmt":"2018-11-30T09:46:46","slug":"predpisyzakony","status":"publish","type":"page","link":"http:\/\/www.polovnictvotn.eu.sk\/?page_id=150","title":{"rendered":"Predpisy"},"content":{"rendered":"<h3><span style=\"color: #339966;\"><a style=\"color: #339966;\" href=\"http:\/\/www.polovnictvotn.eu.sk\/wp-content\/uploads\/2018\/11\/2.Vlastny-material.docx\">N\u00e1vrh z\u00e1kona &#8230;2018, ktor\u00fdm sa men\u00ed a dop\u013a\u0148a z\u00e1kon \u010d. 190\/2003 Z. z. o streln\u00fdch zbraniach a strelive<\/a><\/span><\/h3>\n<h1><a title=\"Zakon_o_zbraniach_a_strelive2011.pdf\" href=\"http:\/\/www.lovuzdar.com\/files\/plnAc_znenie_zAkona_0.pdf\" type=\"application\/pdf; length=43408\">Z\u00e1kon \u010d. 274\/2009 Z.z.<\/a>\u00a0o po\u013eovn\u00edctve<\/h1>\n<p>&nbsp;<\/p>\n<p align=\"center\">\u00a0Pr\u00edlohy vo form\u00e1te PDF \u00a0ako aj \u010fal\u0161ie dopl\u0148uj\u00face predpisy a vyhl\u00e1\u0161ky n\u00e1jdete <a href=\"http:\/\/www.polovnickakomora.sk\/spk\/predpisy\/zakon-vyhlasky\/239-zakon-c-274-2009-z-z-o-polovnictve-a-o-zmene-a-doplneni-niektorych-zakonov-v-zneni-zakona-c-72-2012-z-z-a-zakona-c-115-2013-z-z.html\" target=\"_blank\" rel=\"noopener\">TU<\/a>.<\/p>\n<h1><a title=\"Zakon_o_zbraniach_a_strelive2011.pdf\" href=\"http:\/\/www.lovuzdar.com\/files\/Zakon_o_zbraniach_a_strelive2011_0.pdf\" type=\"application\/pdf; length=43408\">\u00a0<\/a><\/h1>\n","protected":false},"excerpt":{"rendered":"<p>N\u00e1vrh z\u00e1kona &#8230;2018, ktor\u00fdm sa men\u00ed a dop\u013a\u0148a z\u00e1kon \u010d. 190\/2003 Z. z. o streln\u00fdch zbraniach a strelive Z\u00e1kon \u010d. 274\/2009 Z.z.\u00a0o po\u013eovn\u00edctve &nbsp; \u00a0Pr\u00edlohy vo form\u00e1te PDF \u00a0ako aj \u010fal\u0161ie dopl\u0148uj\u00face predpisy a vyhl\u00e1\u0161ky n\u00e1jdete TU. \u00a0<\/p>\n","protected":false},"author":1,"featured_media":0,"parent":0,"menu_order":0,"comment_status":"closed","ping_status":"closed","template":"","meta":{"footnotes":""},"class_list":["post-150","page","type-page","status-publish","hentry"],"jetpack_sharing_enabled":true,"_links":{"self":[{"href":"http:\/\/www.polovnictvotn.eu.sk\/index.php?rest_route=\/wp\/v2\/pages\/150","targetHints":{"allow":["GET"]}}],"collection":[{"href":"http:\/\/www.polovnictvotn.eu.sk\/index.php?rest_route=\/wp\/v2\/pages"}],"about":[{"href":"http:\/\/www.polovnictvotn.eu.sk\/index.php?rest_route=\/wp\/v2\/types\/page"}],"author":[{"embeddable":true,"href":"http:\/\/www.polovnictvotn.eu.sk\/index.php?rest_route=\/wp\/v2\/users\/1"}],"replies":[{"embeddable":true,"href":"http:\/\/www.polovnictvotn.eu.sk\/index.php?rest_route=%2Fwp%2Fv2%2Fcomments&post=150"}],"version-history":[{"count":9,"href":"http:\/\/www.polovnictvotn.eu.sk\/index.php?rest_route=\/wp\/v2\/pages\/150\/revisions"}],"predecessor-version":[{"id":214,"href":"http:\/\/www.polovnictvotn.eu.sk\/index.php?rest_route=\/wp\/v2\/pages\/150\/revisions\/214"}],"wp:attachment":[{"href":"http:\/\/www.polovnictvotn.eu.sk\/index.php?rest_route=%2Fwp%2Fv2%2Fmedia&parent=150"}],"curies":[{"name":"wp","href":"https:\/\/api.w.org\/{rel}","templated":true}]}}