{"id":1506,"date":"2016-05-03T19:13:45","date_gmt":"2016-05-03T17:13:45","guid":{"rendered":"http:\/\/www.polovnictvotn.eu.sk\/?page_id=1506"},"modified":"2016-05-03T19:13:45","modified_gmt":"2016-05-03T17:13:45","slug":"majstrovstva-opk-a-rgo-spz-trencin-m-400-stara-tura-1-maja-2016","status":"publish","type":"page","link":"http:\/\/www.polovnictvotn.eu.sk\/?page_id=1506","title":{"rendered":"Majstrovstv\u00e1 OPK a RgO SPZ Tren\u010d\u00edn M-400 Star\u00e1 Tur\u00e1 1. m\u00e1ja 2016"},"content":{"rendered":"<p><a class=\"boxersandswipers\" title=\"P1120743\" href=\"http:\/\/www.polovnictvotn.eu.sk\/wp-content\/uploads\/2016\/05\/P1120743.jpg\"><img loading=\"lazy\" decoding=\"async\" class=\"alignnone size-thumbnail wp-image-1507\" src=\"http:\/\/www.polovnictvotn.eu.sk\/wp-content\/uploads\/2016\/05\/P1120743-150x150.jpg\" alt=\"P1120743\" width=\"150\" height=\"150\" \/><\/a> <a class=\"boxersandswipers\" title=\"P1120745\" href=\"http:\/\/www.polovnictvotn.eu.sk\/wp-content\/uploads\/2016\/05\/P1120745.jpg\"><img loading=\"lazy\" decoding=\"async\" class=\"alignnone size-thumbnail wp-image-1508\" src=\"http:\/\/www.polovnictvotn.eu.sk\/wp-content\/uploads\/2016\/05\/P1120745-150x150.jpg\" alt=\"P1120745\" width=\"150\" height=\"150\" \/><\/a> <a class=\"boxersandswipers\" title=\"P1120748\" href=\"http:\/\/www.polovnictvotn.eu.sk\/wp-content\/uploads\/2016\/05\/P1120748.jpg\"><img loading=\"lazy\" decoding=\"async\" class=\"alignnone size-thumbnail wp-image-1509\" src=\"http:\/\/www.polovnictvotn.eu.sk\/wp-content\/uploads\/2016\/05\/P1120748-150x150.jpg\" alt=\"P1120748\" width=\"150\" height=\"150\" \/><\/a> <a class=\"boxersandswipers\" title=\"P1120755\" href=\"http:\/\/www.polovnictvotn.eu.sk\/wp-content\/uploads\/2016\/05\/P1120755.jpg\"><img loading=\"lazy\" decoding=\"async\" class=\"alignnone size-thumbnail wp-image-1510\" src=\"http:\/\/www.polovnictvotn.eu.sk\/wp-content\/uploads\/2016\/05\/P1120755-150x150.jpg\" alt=\"P1120755\" width=\"150\" height=\"150\" \/><\/a> <a class=\"boxersandswipers\" title=\"P1120766\" href=\"http:\/\/www.polovnictvotn.eu.sk\/wp-content\/uploads\/2016\/05\/P1120766.jpg\"><img loading=\"lazy\" decoding=\"async\" class=\"alignnone size-thumbnail wp-image-1511\" src=\"http:\/\/www.polovnictvotn.eu.sk\/wp-content\/uploads\/2016\/05\/P1120766-150x150.jpg\" alt=\"P1120766\" width=\"150\" height=\"150\" \/><\/a> <a class=\"boxersandswipers\" title=\"P1120768\" href=\"http:\/\/www.polovnictvotn.eu.sk\/wp-content\/uploads\/2016\/05\/P1120768.jpg\"><img loading=\"lazy\" decoding=\"async\" class=\"alignnone size-thumbnail wp-image-1512\" src=\"http:\/\/www.polovnictvotn.eu.sk\/wp-content\/uploads\/2016\/05\/P1120768-150x150.jpg\" alt=\"P1120768\" width=\"150\" height=\"150\" \/><\/a> <a class=\"boxersandswipers\" title=\"P1120772\" href=\"http:\/\/www.polovnictvotn.eu.sk\/wp-content\/uploads\/2016\/05\/P1120772.jpg\"><img loading=\"lazy\" decoding=\"async\" class=\"alignnone size-thumbnail wp-image-1513\" src=\"http:\/\/www.polovnictvotn.eu.sk\/wp-content\/uploads\/2016\/05\/P1120772-150x150.jpg\" alt=\"P1120772\" width=\"150\" height=\"150\" \/><\/a> <a class=\"boxersandswipers\" title=\"P1120790\" href=\"http:\/\/www.polovnictvotn.eu.sk\/wp-content\/uploads\/2016\/05\/P1120790.jpg\"><img loading=\"lazy\" decoding=\"async\" class=\"alignnone size-thumbnail wp-image-1514\" src=\"http:\/\/www.polovnictvotn.eu.sk\/wp-content\/uploads\/2016\/05\/P1120790-150x150.jpg\" alt=\"P1120790\" width=\"150\" height=\"150\" \/><\/a> <a class=\"boxersandswipers\" title=\"P1120805\" href=\"http:\/\/www.polovnictvotn.eu.sk\/wp-content\/uploads\/2016\/05\/P1120805.jpg\"><img loading=\"lazy\" decoding=\"async\" class=\"alignnone size-thumbnail wp-image-1515\" src=\"http:\/\/www.polovnictvotn.eu.sk\/wp-content\/uploads\/2016\/05\/P1120805-150x150.jpg\" alt=\"P1120805\" width=\"150\" height=\"150\" \/><\/a> <a class=\"boxersandswipers\" title=\"P1120813\" href=\"http:\/\/www.polovnictvotn.eu.sk\/wp-content\/uploads\/2016\/05\/P1120813.jpg\"><img loading=\"lazy\" decoding=\"async\" class=\"alignnone size-thumbnail wp-image-1516\" src=\"http:\/\/www.polovnictvotn.eu.sk\/wp-content\/uploads\/2016\/05\/P1120813-150x150.jpg\" alt=\"P1120813\" width=\"150\" height=\"150\" \/><\/a> <a class=\"boxersandswipers\" title=\"P1120823\" href=\"http:\/\/www.polovnictvotn.eu.sk\/wp-content\/uploads\/2016\/05\/P1120823.jpg\"><img loading=\"lazy\" decoding=\"async\" class=\"alignnone size-thumbnail wp-image-1517\" src=\"http:\/\/www.polovnictvotn.eu.sk\/wp-content\/uploads\/2016\/05\/P1120823-150x150.jpg\" alt=\"P1120823\" width=\"150\" height=\"150\" \/><\/a><\/p>\n","protected":false},"excerpt":{"rendered":"","protected":false},"author":1,"featured_media":0,"parent":0,"menu_order":0,"comment_status":"open","ping_status":"closed","template":"","meta":{"footnotes":""},"class_list":["post-1506","page","type-page","status-publish","hentry"],"jetpack_sharing_enabled":true,"_links":{"self":[{"href":"http:\/\/www.polovnictvotn.eu.sk\/index.php?rest_route=\/wp\/v2\/pages\/1506","targetHints":{"allow":["GET"]}}],"collection":[{"href":"http:\/\/www.polovnictvotn.eu.sk\/index.php?rest_route=\/wp\/v2\/pages"}],"about":[{"href":"http:\/\/www.polovnictvotn.eu.sk\/index.php?rest_route=\/wp\/v2\/types\/page"}],"author":[{"embeddable":true,"href":"http:\/\/www.polovnictvotn.eu.sk\/index.php?rest_route=\/wp\/v2\/users\/1"}],"replies":[{"embeddable":true,"href":"http:\/\/www.polovnictvotn.eu.sk\/index.php?rest_route=%2Fwp%2Fv2%2Fcomments&post=1506"}],"version-history":[{"count":1,"href":"http:\/\/www.polovnictvotn.eu.sk\/index.php?rest_route=\/wp\/v2\/pages\/1506\/revisions"}],"predecessor-version":[{"id":1518,"href":"http:\/\/www.polovnictvotn.eu.sk\/index.php?rest_route=\/wp\/v2\/pages\/1506\/revisions\/1518"}],"wp:attachment":[{"href":"http:\/\/www.polovnictvotn.eu.sk\/index.php?rest_route=%2Fwp%2Fv2%2Fmedia&parent=1506"}],"curies":[{"name":"wp","href":"https:\/\/api.w.org\/{rel}","templated":true}]}}