{"id":1533,"date":"2016-05-31T14:31:00","date_gmt":"2016-05-31T12:31:00","guid":{"rendered":"http:\/\/www.polovnictvotn.eu.sk\/?page_id=1533"},"modified":"2016-05-31T14:31:00","modified_gmt":"2016-05-31T12:31:00","slug":"skusky-kandidaov-z-polovnictva-rocnik-2015-2016-konane-28-05-2016-v-trencianskom-jastrabi","status":"publish","type":"page","link":"http:\/\/www.polovnictvotn.eu.sk\/?page_id=1533","title":{"rendered":"Sk\u00fa\u0161ky kandid\u00e1ov z po\u013eovn\u00edctva ro\u010dn\u00edk 2015-2016 konan\u00e9 28.05.2016 v Tren\u010dianskom Jastrab\u00ed"},"content":{"rendered":"<p><a class=\"boxersandswipers\" title=\"DSC_8079\" href=\"http:\/\/www.polovnictvotn.eu.sk\/wp-content\/uploads\/2016\/05\/DSC_8079.jpg\"><img loading=\"lazy\" decoding=\"async\" class=\"alignnone size-thumbnail wp-image-1534\" src=\"http:\/\/www.polovnictvotn.eu.sk\/wp-content\/uploads\/2016\/05\/DSC_8079-150x150.jpg\" alt=\"DSC_8079\" width=\"150\" height=\"150\" \/><\/a> <a class=\"boxersandswipers\" title=\"DSC_8080\" href=\"http:\/\/www.polovnictvotn.eu.sk\/wp-content\/uploads\/2016\/05\/DSC_8080.jpg\"><img loading=\"lazy\" decoding=\"async\" class=\"alignnone size-thumbnail wp-image-1535\" src=\"http:\/\/www.polovnictvotn.eu.sk\/wp-content\/uploads\/2016\/05\/DSC_8080-150x150.jpg\" alt=\"DSC_8080\" width=\"150\" height=\"150\" \/><\/a> <a class=\"boxersandswipers\" title=\"DSC_8083\" href=\"http:\/\/www.polovnictvotn.eu.sk\/wp-content\/uploads\/2016\/05\/DSC_8083.jpg\"><img loading=\"lazy\" decoding=\"async\" class=\"alignnone size-thumbnail wp-image-1536\" src=\"http:\/\/www.polovnictvotn.eu.sk\/wp-content\/uploads\/2016\/05\/DSC_8083-150x150.jpg\" alt=\"DSC_8083\" width=\"150\" height=\"150\" \/><\/a> <a class=\"boxersandswipers\" title=\"DSC_8084\" href=\"http:\/\/www.polovnictvotn.eu.sk\/wp-content\/uploads\/2016\/05\/DSC_8084.jpg\"><img loading=\"lazy\" decoding=\"async\" class=\"alignnone size-thumbnail wp-image-1537\" src=\"http:\/\/www.polovnictvotn.eu.sk\/wp-content\/uploads\/2016\/05\/DSC_8084-150x150.jpg\" alt=\"DSC_8084\" width=\"150\" height=\"150\" \/><\/a> <a class=\"boxersandswipers\" title=\"DSC_8088\" href=\"http:\/\/www.polovnictvotn.eu.sk\/wp-content\/uploads\/2016\/05\/DSC_8088.jpg\"><img loading=\"lazy\" decoding=\"async\" class=\"alignnone size-thumbnail wp-image-1538\" src=\"http:\/\/www.polovnictvotn.eu.sk\/wp-content\/uploads\/2016\/05\/DSC_8088-150x150.jpg\" alt=\"DSC_8088\" width=\"150\" height=\"150\" \/><\/a> <a class=\"boxersandswipers\" title=\"DSC_8091\" href=\"http:\/\/www.polovnictvotn.eu.sk\/wp-content\/uploads\/2016\/05\/DSC_8091.jpg\"><img loading=\"lazy\" decoding=\"async\" class=\"alignnone size-thumbnail wp-image-1539\" src=\"http:\/\/www.polovnictvotn.eu.sk\/wp-content\/uploads\/2016\/05\/DSC_8091-150x150.jpg\" alt=\"DSC_8091\" width=\"150\" height=\"150\" \/><\/a> <a class=\"boxersandswipers\" title=\"DSC_8093\" href=\"http:\/\/www.polovnictvotn.eu.sk\/wp-content\/uploads\/2016\/05\/DSC_8093.jpg\"><img loading=\"lazy\" decoding=\"async\" class=\"alignnone size-thumbnail wp-image-1540\" src=\"http:\/\/www.polovnictvotn.eu.sk\/wp-content\/uploads\/2016\/05\/DSC_8093-150x150.jpg\" alt=\"DSC_8093\" width=\"150\" height=\"150\" \/><\/a> <a class=\"boxersandswipers\" title=\"DSC_8099\" href=\"http:\/\/www.polovnictvotn.eu.sk\/wp-content\/uploads\/2016\/05\/DSC_8099.jpg\"><img loading=\"lazy\" decoding=\"async\" class=\"alignnone size-thumbnail wp-image-1541\" src=\"http:\/\/www.polovnictvotn.eu.sk\/wp-content\/uploads\/2016\/05\/DSC_8099-150x150.jpg\" alt=\"DSC_8099\" width=\"150\" height=\"150\" \/><\/a> <a class=\"boxersandswipers\" title=\"DSC_8120\" href=\"http:\/\/www.polovnictvotn.eu.sk\/wp-content\/uploads\/2016\/05\/DSC_8120.jpg\"><img loading=\"lazy\" decoding=\"async\" class=\"alignnone size-thumbnail wp-image-1542\" src=\"http:\/\/www.polovnictvotn.eu.sk\/wp-content\/uploads\/2016\/05\/DSC_8120-150x150.jpg\" alt=\"DSC_8120\" width=\"150\" height=\"150\" \/><\/a> <a class=\"boxersandswipers\" title=\"DSC_8127\" href=\"http:\/\/www.polovnictvotn.eu.sk\/wp-content\/uploads\/2016\/05\/DSC_8127.jpg\"><img loading=\"lazy\" decoding=\"async\" class=\"alignnone size-thumbnail wp-image-1543\" src=\"http:\/\/www.polovnictvotn.eu.sk\/wp-content\/uploads\/2016\/05\/DSC_8127-150x150.jpg\" alt=\"DSC_8127\" width=\"150\" height=\"150\" \/><\/a> <a class=\"boxersandswipers\" title=\"DSC_8133\" href=\"http:\/\/www.polovnictvotn.eu.sk\/wp-content\/uploads\/2016\/05\/DSC_8133.jpg\"><img loading=\"lazy\" decoding=\"async\" class=\"alignnone size-thumbnail wp-image-1544\" src=\"http:\/\/www.polovnictvotn.eu.sk\/wp-content\/uploads\/2016\/05\/DSC_8133-150x150.jpg\" alt=\"DSC_8133\" width=\"150\" height=\"150\" \/><\/a> <a class=\"boxersandswipers\" title=\"DSC_8180\" href=\"http:\/\/www.polovnictvotn.eu.sk\/wp-content\/uploads\/2016\/05\/DSC_8180.jpg\"><img loading=\"lazy\" decoding=\"async\" class=\"alignnone size-thumbnail wp-image-1545\" src=\"http:\/\/www.polovnictvotn.eu.sk\/wp-content\/uploads\/2016\/05\/DSC_8180-150x150.jpg\" alt=\"DSC_8180\" width=\"150\" height=\"150\" \/><\/a> <a class=\"boxersandswipers\" title=\"DSC_8263\" href=\"http:\/\/www.polovnictvotn.eu.sk\/wp-content\/uploads\/2016\/05\/DSC_8263.jpg\"><img loading=\"lazy\" decoding=\"async\" class=\"alignnone size-thumbnail wp-image-1546\" src=\"http:\/\/www.polovnictvotn.eu.sk\/wp-content\/uploads\/2016\/05\/DSC_8263-150x150.jpg\" alt=\"DSC_8263\" width=\"150\" height=\"150\" \/><\/a> <a class=\"boxersandswipers\" title=\"DSC_8291\" href=\"http:\/\/www.polovnictvotn.eu.sk\/wp-content\/uploads\/2016\/05\/DSC_8291.jpg\"><img loading=\"lazy\" decoding=\"async\" class=\"alignnone size-thumbnail wp-image-1547\" src=\"http:\/\/www.polovnictvotn.eu.sk\/wp-content\/uploads\/2016\/05\/DSC_8291-150x150.jpg\" alt=\"DSC_8291\" width=\"150\" height=\"150\" \/><\/a> <a class=\"boxersandswipers\" title=\"DSC_8312\" href=\"http:\/\/www.polovnictvotn.eu.sk\/wp-content\/uploads\/2016\/05\/DSC_8312.jpg\"><img loading=\"lazy\" decoding=\"async\" class=\"alignnone size-thumbnail wp-image-1548\" src=\"http:\/\/www.polovnictvotn.eu.sk\/wp-content\/uploads\/2016\/05\/DSC_8312-150x150.jpg\" alt=\"DSC_8312\" width=\"150\" height=\"150\" \/><\/a><\/p>\n","protected":false},"excerpt":{"rendered":"","protected":false},"author":1,"featured_media":0,"parent":0,"menu_order":0,"comment_status":"open","ping_status":"closed","template":"","meta":{"footnotes":""},"class_list":["post-1533","page","type-page","status-publish","hentry"],"jetpack_sharing_enabled":true,"_links":{"self":[{"href":"http:\/\/www.polovnictvotn.eu.sk\/index.php?rest_route=\/wp\/v2\/pages\/1533","targetHints":{"allow":["GET"]}}],"collection":[{"href":"http:\/\/www.polovnictvotn.eu.sk\/index.php?rest_route=\/wp\/v2\/pages"}],"about":[{"href":"http:\/\/www.polovnictvotn.eu.sk\/index.php?rest_route=\/wp\/v2\/types\/page"}],"author":[{"embeddable":true,"href":"http:\/\/www.polovnictvotn.eu.sk\/index.php?rest_route=\/wp\/v2\/users\/1"}],"replies":[{"embeddable":true,"href":"http:\/\/www.polovnictvotn.eu.sk\/index.php?rest_route=%2Fwp%2Fv2%2Fcomments&post=1533"}],"version-history":[{"count":1,"href":"http:\/\/www.polovnictvotn.eu.sk\/index.php?rest_route=\/wp\/v2\/pages\/1533\/revisions"}],"predecessor-version":[{"id":1549,"href":"http:\/\/www.polovnictvotn.eu.sk\/index.php?rest_route=\/wp\/v2\/pages\/1533\/revisions\/1549"}],"wp:attachment":[{"href":"http:\/\/www.polovnictvotn.eu.sk\/index.php?rest_route=%2Fwp%2Fv2%2Fmedia&parent=1533"}],"curies":[{"name":"wp","href":"https:\/\/api.w.org\/{rel}","templated":true}]}}