{"id":154,"date":"2014-04-15T11:28:52","date_gmt":"2014-04-15T09:28:52","guid":{"rendered":"http:\/\/www.polovnictvotn.eu.sk\/?page_id=154"},"modified":"2026-04-24T20:45:21","modified_gmt":"2026-04-24T18:45:21","slug":"podujatia-2","status":"publish","type":"page","link":"http:\/\/www.polovnictvotn.eu.sk\/?page_id=154","title":{"rendered":"S\u00fa\u0165a\u017ee"},"content":{"rendered":"<p style=\"text-align: center;\"><a href=\"http:\/\/www.polovnictvotn.eu.sk\/wp-content\/uploads\/2020\/06\/1-1V\u00cd\u0164AZI-RgO-SPZ-TN.pdf\">Zoznam v\u00ed\u0165azov okresn\u00fdch (region\u00e1lnych) streleck\u00fdch s\u00fa\u0165a\u017e\u00ed (gu\u013eov\u00e9, brokov\u00e9) OkO (Rgo) SPZ a OPK Tren\u010d\u00edn 1982 &#8211; 2019<\/a><\/p>\n<hr \/>\n<h3><strong>Pl\u00e1n streleck\u00fdch akci\u00ed OPK a OkO SPZ Tren\u010d\u00edn na rok 2026:<\/strong><\/h3>\n<p><strong>Majstrovstv\u00e1 OPK:<\/strong><br \/>1. M-400, 02.05.2026, Beckov\u00a0<span style=\"color: #ff0000;\"><a style=\"color: #ff0000;\" href=\"http:\/\/www.polovnictvotn.eu.sk\/?p=6931\">PROPOZ\u00cdCIE<\/a><\/span><br \/>2. AT-50, 10.05.2026, Skalka nad V\u00e1hom\u00a0<span style=\"color: #ff0000;\"><a style=\"color: #ff0000;\" href=\"http:\/\/www.polovnictvotn.eu.sk\/?p=6938\">PROPOZ\u00cdCIE<\/a><\/span><\/p>\n<p><strong>Verejn\u00fd streleck\u00fd pretek:<\/strong><br \/>1. AT-60 \u201eMemori\u00e1l Rajmunda Rapai\u010da&#8220;, 23.05.2026, Skalka nad V\u00e1hom<\/p>\n<hr \/>\n<h4 style=\"text-align: left;\"><span style=\"color: #000000;\"><strong>Majstrovstv\u00e1 OPK Tren\u010d\u00edn 2025<\/strong><\/span><\/h4>\n<p><span style=\"color: #000000;\">1. M-400, 03.05.2025, Beckov <span style=\"color: #ff0000;\"><a style=\"color: #ff0000;\" href=\"http:\/\/www.polovnictvotn.eu.sk\/?p=6259\">V\u00ddSLEDKY<\/a><\/span><\/span><\/p>\n<p><span style=\"color: #000000;\">2. AT-50, 11.05.2025, Skalka nad V\u00e1hom <span style=\"color: #ff0000;\"><a style=\"color: #ff0000;\" href=\"http:\/\/www.polovnictvotn.eu.sk\/?p=6292\">V\u00ddSLEDKY<\/a><\/span><\/span><\/p>\n<h4 style=\"text-align: left;\"><span style=\"color: #000000;\"><strong>VEREJN\u00c9 STRELECK\u00c9 PRETEKY ORGANIZOVAN\u00c9 OPK TREN\u010c\u00cdN 2025<\/strong><\/span><\/h4>\n<p><span style=\"color: #000000;\">1. AT-60 &#8222;2. ro\u010dn\u00edk Memori\u00e1lu Rajmunda Rapai\u010da&#8220;, 24.05.2025, Skalka nad V\u00e1hom <span style=\"color: #ff0000;\"><a style=\"color: #ff0000;\" href=\"http:\/\/www.polovnictvotn.eu.sk\/?p=6313\">V\u00ddSLEDKY<\/a><\/span><\/span><\/p>\n<hr \/>\n<h4 style=\"text-align: left;\"><span style=\"color: #000000;\"><strong>V\u00ddSLEDKY STRELECK\u00ddCH PRETEKOV 2024<\/strong><\/span><\/h4>\n<p><span style=\"color: #000000;\">OS 40, 20.04.2024, Beckov <span style=\"color: #ff0000;\"><a style=\"color: #ff0000;\" href=\"http:\/\/www.polovnictvotn.eu.sk\/?p=5385\">V\u00ddSLEDKY<\/a><\/span><\/span><\/p>\n<p><span style=\"color: #000000;\">M-400, 04.05.2024, Beckov <span style=\"color: #ff0000;\"><a style=\"color: #ff0000;\" href=\"http:\/\/www.polovnictvotn.eu.sk\/?p=5429\">V\u00ddSLEDKY<\/a><\/span><\/span><\/p>\n<p><span style=\"color: #000000;\">AT, 12.05.2024, Skalka nad V\u00e1hom <span style=\"color: #ff0000;\"><a style=\"color: #ff0000;\" href=\"http:\/\/www.polovnictvotn.eu.sk\/?p=5506\">V\u00ddSLEDKY<\/a><\/span><\/span><\/p>\n<p><span style=\"color: #000000;\">AT, 25.05.2024, Skalka nad V\u00e1hom, &#8222;Memori\u00e1l Rajmunda Rapai\u010da \u2013 1. ro\u010dn\u00edk, AT 60&#8220; <span style=\"color: #ff0000;\"><a style=\"color: #ff0000;\" href=\"http:\/\/www.polovnictvotn.eu.sk\/?p=5588\" target=\"_blank\" rel=\"noopener\">V\u00ddSLEDKY<\/a><\/span><\/span><\/p>\n<hr \/>\n<p><span style=\"color: #000000;\"><strong>V\u00ddSLEDKY STRELECK\u00ddCH PRETEKOV 2023<\/strong><\/span><\/p>\n<p><span style=\"color: #000000;\">OS 40, 29.04.2023, Beckov <span style=\"color: #ff0000;\"><a style=\"color: #ff0000;\" href=\"http:\/\/www.polovnictvotn.eu.sk\/?p=4520\">V\u00ddSLEDKY<\/a><\/span><\/span><\/p>\n<p><span style=\"color: #000000;\">M 400, 06.05.2023, Beckov <span style=\"color: #ff0000;\"><a style=\"color: #ff0000;\" href=\"http:\/\/www.polovnictvotn.eu.sk\/?p=4535\">V\u00ddSLEDKY<\/a><\/span><\/span><\/p>\n<p><span style=\"color: #000000;\">AT, 13.05.2023, Skalka nad V\u00e1hom <span style=\"color: #ff0000;\"><a style=\"color: #ff0000;\" href=\"http:\/\/www.polovnictvotn.eu.sk\/?p=4606\">V\u00ddSLEDKY<\/a><\/span><\/span><\/p>\n<p><span style=\"color: #000000;\">AT, 20.05.2023, Skalka nad V\u00e1hom, &#8222;O poh\u00e1r Ing. J. \u0160eb\u00e1\u0148a, JUDr. P. \u017dilin\u010dana a p. R. Rapai\u010da \u2013 AT-60&#8220;<\/span> <span style=\"color: #ff0000;\"><a style=\"color: #ff0000;\" href=\"http:\/\/www.polovnictvotn.eu.sk\/?p=4695\">V\u00ddSLEDKY<\/a><\/span><\/p>\n<hr \/>\n<p><strong><span style=\"color: #339966;\"><a style=\"color: #339966;\" href=\"http:\/\/www.polovnictvotn.eu.sk\/?p=3806\">V\u00fdsledky majstrovstiev OPK TN 2022 v discipl\u00ednach M-400, OS-40, AT-50<\/a><\/span><\/strong><\/p>\n<p><strong><span style=\"color: #339966;\"><a style=\"color: #339966;\" href=\"http:\/\/www.polovnictvotn.eu.sk\/?p=3903\">Verejn\u00fd streleck\u00fd pretek o poh\u00e1r \u0160eb\u00e1\u0148a, Rapai\u010da a \u017dilin\u010dana 2022 \u2013 V\u00ddSLEDKY<\/a><\/span><\/strong><\/p>\n<p><strong><span style=\"color: #339966;\"><a style=\"color: #339966;\" href=\"http:\/\/www.polovnictvotn.eu.sk\/?p=3948\">Verejn\u00e9 streleck\u00e9 preteky: \u201eO poh\u00e1r predsedu OPK Tren\u010d\u00edn\u201c 2022 a \u201eO poh\u00e1r predsedu OkO SPZ Tren\u010d\u00edn\u201c 2022 \u2013 V\u00ddSLEDKY<\/a><\/span><\/strong><\/p>\n<p><strong><span style=\"color: #339966;\"><a style=\"color: #339966;\" href=\"http:\/\/www.polovnictvotn.eu.sk\/?p=4132\">SRANDA PRETEK 2022 &#8211; V\u00ddSLEDKY<\/a><\/span><\/strong><\/p>\n<hr \/>\n<p style=\"text-align: left;\"><span style=\"color: #339966;\"><em><strong><a style=\"color: #339966;\" href=\"http:\/\/www.polovnictvotn.eu.sk\/wp-content\/uploads\/2017\/03\/Strel.kal_.2017.pdf\">Aktu\u00e1lny kalend\u00e1r streleck\u00fdch podujat\u00ed na rok 2017<\/a><\/strong><\/em><\/span><\/p>\n<p><strong><span style=\"color: #339966;\"><a style=\"color: #339966;\" href=\"http:\/\/www.polovnictvotn.eu.sk\/wp-content\/uploads\/2018\/04\/v\u00fdsl.listina-OPK-TN-2018.xls\">V\u00ddSLEDKOV\u00c1 LISTINA VSS v discipl\u00edne OS-80 &#8222;God\u00e1lov memori\u00e1l&#8220; konan\u00e9ho d\u0148a 21. apr\u00edla 2018 v Beckove<\/a><\/span><\/strong><\/p>\n<p><a class=\"boxersandswipers\" href=\"http:\/\/www.polovnictvotn.eu.sk\/wp-content\/uploads\/2014\/04\/3.3-B-50.jpg\"><img loading=\"lazy\" decoding=\"async\" class=\"alignnone size-thumbnail wp-image-1832\" src=\"http:\/\/www.polovnictvotn.eu.sk\/wp-content\/uploads\/2014\/04\/3.3-B-50-150x150.jpg\" alt=\"\" width=\"150\" height=\"150\" \/><\/a> <a class=\"boxersandswipers\" href=\"http:\/\/www.polovnictvotn.eu.sk\/wp-content\/uploads\/2014\/04\/3.4-B-50.jpg\"><img loading=\"lazy\" decoding=\"async\" class=\"alignnone size-thumbnail wp-image-1833 alignleft\" src=\"http:\/\/www.polovnictvotn.eu.sk\/wp-content\/uploads\/2014\/04\/3.4-B-50-150x150.jpg\" alt=\"\" width=\"150\" height=\"150\" \/><\/a><\/p>\n<p><em><strong>okresn\u00e9 majstrovstv\u00e1 OPK a RgO SPZ TN \u00a0<\/strong><\/em><em><strong> B-50 \u00a014.05.2017 Nov\u00e1 Lehota<\/strong><\/em><\/p>\n<hr \/>\n<p><a href=\"http:\/\/www.polovnictvotn.eu.sk\/?page_id=1791\"><img loading=\"lazy\" decoding=\"async\" class=\"size-thumbnail wp-image-1807 alignleft\" src=\"http:\/\/www.polovnictvotn.eu.sk\/wp-content\/uploads\/2017\/05\/DSC_9208-150x150.jpg\" alt=\"\" width=\"150\" height=\"150\" \/><\/a><span style=\"color: #339966;\"><a style=\"color: #339966;\" href=\"http:\/\/www.polovnictvotn.eu.sk\/?page_id=1791\"><strong><em>Majstrovstv\u00e1 OPK\/RgO SPZ \u00a0v M-400 30.04.2017 Star\u00e1 Tur\u00e1<\/em><\/strong><\/a><\/span><\/p>\n<div>Slne\u010dn\u00e9 nede\u013en\u00e9 r\u00e1no pril\u00e1kalo 41 v\u00fdkonnostn\u00fdch a po\u013eovn\u00edckych strelcov,aby si zmerali svoje schopnosti. Pretek otvoril riadite\u013e pretekov Ing.Kova\u010dik, ktor\u00fd strelcov informoval o priebehu pretekov. S\u00fa\u0165a\u017e prebiehala v svi\u017enom tempe pod doh\u013eadom rozhodcu Mgr.Kucharovi\u010da&#8230; <span style=\"color: #339966;\"><a style=\"color: #339966;\" href=\"http:\/\/www.polovnictvotn.eu.sk\/?page_id=1791\"><em><strong>cel\u00fd \u010dl\u00e1nok<\/strong><\/em><\/a><\/span><\/div>\n<hr \/>\n<p><a class=\"boxersandswipers\" href=\"http:\/\/www.polovnictvotn.eu.sk\/wp-content\/uploads\/2014\/04\/IMAG2358-1.jpg\"><img loading=\"lazy\" decoding=\"async\" class=\"size-thumbnail wp-image-1829 alignleft\" src=\"http:\/\/www.polovnictvotn.eu.sk\/wp-content\/uploads\/2014\/04\/IMAG2358-1-150x150.jpg\" alt=\"\" width=\"150\" height=\"150\" \/><\/a><\/p>\n<p><strong><em>Verejn\u00e9 streleck\u00e9 preteky o \u00a0 \u201ePutovn\u00fd poh\u00e1r predsedu RgO SPZ Tren\u010d\u00edn\u201c\u00a007.05.2017 Nov\u00e1 Lehota<\/em><\/strong><\/p>\n<p><span style=\"color: #339966;\"><em><strong><a style=\"color: #339966;\" href=\"http:\/\/www.polovnictvotn.eu.sk\/wp-content\/uploads\/2014\/04\/v\u00fdsl.listina-B-OS-OPK-TN-2017.xls\">v\u00fdsledkov\u00e1 listina B-100<\/a><\/strong><\/em><\/span><\/p>\n<hr \/>\n<p><strong>V\u00e1\u017een\u00ed streleck\u00ed priatelia,<\/strong><\/p>\n<p>v s\u00favislosti s\u00a0prijat\u00fdm rozhodnut\u00edm streleckej komisie V\u00e1m oznamujeme, \u017ee v\u00a0nasleduj\u00facom obdob\u00ed doch\u00e1dza k\u00a0otvoreniu streleck\u00e9ho poriadku SPK, ktor\u00fd je uveden\u00fd v\u00a0pr\u00edlohe tohto oznamu.<br \/>V s\u00favislosti s\u00a0danou inform\u00e1ciou V\u00e1s pros\u00edme o\u00a0ak\u00e9ko\u013evek pripomienky, podnety a\u00a0n\u00e1mety, aby ste zasielali na e-mailov\u00fa adresu <span id=\"cloak36570\"><a href=\"mailto:priroda@polovnictvo.sk\" target=\"_blank\" rel=\"noopener\">priroda@polovnictvo.sk<\/a><\/span>.<\/p>\n<p>Obdobie na vyhodnocovanie nie je ohrani\u010den\u00e9, nako\u013eko m\u00e1me z\u00e1ujem, aby streleck\u00fd poriadok bol plnohodnotn\u00fdm a\u00a0vyv\u00e1\u017een\u00fdm dokumentom, ktor\u00fd je prepojen\u00edm mladej, ale u\u017e aj vyvinutej streleckej verejnosti. Av\u0161ak aj napriek tomu V\u00e1s pros\u00edme o\u00a0zasielanie pripomienok v\u00a0\u010do najkrat\u0161ej dobe. Je z\u00e1ujem, aby streleck\u00fd poriadok bol plne funk\u010dn\u00fd s\u00a0odzrkadlen\u00edm na v\u0161etky inovat\u00edva, tak n\u00e1rodnej ako aj eur\u00f3pskej komisie. Vzh\u013eadom na progresivitu v\u00fdvoja po\u013eovn\u00edckeho \u0161portov\u00e9ho strelectva mus\u00ed by\u0165 streleck\u00fd poriadok z\u00e1rukou modern\u00e9ho funguj\u00faceho syst\u00e9mu ako neoddelite\u013en\u00e1 s\u00fa\u010das\u0165 slovensk\u00e9ho po\u013eovn\u00edctva.<br \/>S pozdravom K SPK<\/p>\n<div class=\"attachmentsContainer\">\n<div id=\"attachmentsList_com_content_article_828\" class=\"attachmentsList\">\n<table class=\"table table-hover\"><caption>Pr\u00edlohy:<\/caption>\n<tbody>\n<tr class=\"odd\">\n<td class=\"at_filename\"><a class=\"at_icon\" title=\"Stiahn\u00fa\u0165 tento s\u00fabor (sp_1_SPK f.pdf)\" href=\"http:\/\/www.polovnickakomora.sk\/spk\/component\/attachments\/download\/998.html\"><img decoding=\"async\" src=\"http:\/\/www.polovnickakomora.sk\/media\/com_attachments\/images\/file_icons\/pdf.gif\" alt=\"Stiahn\u00fa\u0165 tento s\u00fabor (sp_1_SPK f.pdf)\" \/><\/a><a class=\"at_url\" title=\"Stiahn\u00fa\u0165 tento s\u00fabor (sp_1_SPK f.pdf)\" href=\"http:\/\/www.polovnickakomora.sk\/spk\/component\/attachments\/download\/998.html\">sp_1_SPK f.pdf<\/a><\/td>\n<td class=\"at_description\">[Streleck\u00fd poriadok \u010das\u0165.1]<\/td>\n<td class=\"at_file_size\">49463 kB<\/td>\n<\/tr>\n<tr class=\"even\">\n<td class=\"at_filename\"><a class=\"at_icon\" title=\"Stiahn\u00fa\u0165 tento s\u00fabor (sp_2_SPK f.pdf)\" href=\"http:\/\/www.polovnickakomora.sk\/spk\/component\/attachments\/download\/999.html\"><img decoding=\"async\" src=\"http:\/\/www.polovnickakomora.sk\/media\/com_attachments\/images\/file_icons\/pdf.gif\" alt=\"Stiahn\u00fa\u0165 tento s\u00fabor (sp_2_SPK f.pdf)\" \/><\/a><a class=\"at_url\" title=\"Stiahn\u00fa\u0165 tento s\u00fabor (sp_2_SPK f.pdf)\" href=\"http:\/\/www.polovnickakomora.sk\/spk\/component\/attachments\/download\/999.html\">sp_2_SPK f.pdf<\/a><\/td>\n<td class=\"at_description\">[Streleck\u00fd poriadok \u010das\u0165.2]<\/td>\n<td class=\"at_file_size\">16927 kB<\/td>\n<\/tr>\n<\/tbody>\n<\/table>\n<\/div>\n<\/div>\n<hr \/>\n<p><a title=\"Verejn\u00fd streleck\u00fd pretek (VSP) B-100, Nov\u00e1 Lehota, 15. m\u00e1ja 2016\" href=\"http:\/\/www.polovnictvotn.eu.sk\/?page_id=1565\"><img loading=\"lazy\" decoding=\"async\" class=\" size-thumbnail wp-image-1566 alignleft\" src=\"http:\/\/www.polovnictvotn.eu.sk\/wp-content\/uploads\/2016\/05\/DSCN0800-150x150.jpg\" alt=\"DSCN0800\" width=\"150\" height=\"150\" srcset=\"http:\/\/www.polovnictvotn.eu.sk\/wp-content\/uploads\/2016\/05\/DSCN0800-150x150.jpg 150w, http:\/\/www.polovnictvotn.eu.sk\/wp-content\/uploads\/2016\/05\/DSCN0800-300x300.jpg 300w, http:\/\/www.polovnictvotn.eu.sk\/wp-content\/uploads\/2016\/05\/DSCN0800.jpg 800w\" sizes=\"auto, (max-width: 150px) 100vw, 150px\" \/><\/a><a title=\"Verejn\u00fd streleck\u00fd pretek (VSP) B-100, Nov\u00e1 Lehota, 15. m\u00e1ja 2016\" href=\"http:\/\/www.polovnictvotn.eu.sk\/?page_id=1565\"><strong><em><span style=\"color: #339966;\">Verejn\u00fd streleck\u00fd pretek (VSP) B-100, Nov\u00e1 Lehota, 15. m\u00e1ja 2016<\/span><\/em><\/strong><\/a><\/p>\n<hr \/>\n<p><span style=\"color: #ccffcc;\"><strong><a style=\"color: #ccffcc;\" class=\"boxersandswipers\" href=\"http:\/\/www.polovnictvotn.eu.sk\/wp-content\/uploads\/2014\/04\/P1010415.jpg\"><img loading=\"lazy\" decoding=\"async\" class=\" size-thumbnail wp-image-1577 alignleft\" src=\"http:\/\/www.polovnictvotn.eu.sk\/wp-content\/uploads\/2014\/04\/P1010415-150x150.jpg\" alt=\"P1010415\" width=\"150\" height=\"150\" \/><\/a><\/strong><\/span><em><span style=\"color: #339966;\"><strong>Majstrovstv\u00e1 OPK\/RgO SPZ na bat\u00e9rii B-50\u00a0\u00a0<\/strong><\/span><\/em><span style=\"color: #339966;\"><em><strong>Nov\u00e1 Lehota, 8. m\u00e1ja 2016<\/strong><\/em><\/span><\/p>\n<p>Z prava<\/p>\n<div>I. Kopunec Milo\u0161 &#8211; 47<\/div>\n<div>II. Kov\u00e1\u010dik J\u00e1n, Ing. &#8211; 43<\/div>\n<div>III. Domin Juraj, Ing. &#8211; 41<\/div>\n<hr \/>\n<p><a title=\"Majstrovstv\u00e1 OPK\/RgO SPZ na obl\u00fakovom streli\u0161ti OS-40, Beckov, 7. m\u00e1ja 2016\" href=\"http:\/\/www.polovnictvotn.eu.sk\/?page_id=1562\"><img loading=\"lazy\" decoding=\"async\" class=\"size-thumbnail wp-image-1556 alignleft\" src=\"http:\/\/www.polovnictvotn.eu.sk\/wp-content\/uploads\/2016\/05\/DSCN0783-150x150.jpg\" alt=\"DSCN0783\" width=\"150\" height=\"150\" srcset=\"http:\/\/www.polovnictvotn.eu.sk\/wp-content\/uploads\/2016\/05\/DSCN0783-150x150.jpg 150w, http:\/\/www.polovnictvotn.eu.sk\/wp-content\/uploads\/2016\/05\/DSCN0783-300x300.jpg 300w, http:\/\/www.polovnictvotn.eu.sk\/wp-content\/uploads\/2016\/05\/DSCN0783.jpg 800w\" sizes=\"auto, (max-width: 150px) 100vw, 150px\" \/><\/a><span style=\"color: #339966;\"><a style=\"color: #339966;\" title=\"Majstrovstv\u00e1 OPK\/RgO SPZ na obl\u00fakovom streli\u0161ti OS-40, Beckov, 7. m\u00e1ja 2016\" href=\"http:\/\/www.polovnictvotn.eu.sk\/?page_id=1562\"><em><strong>Majstrovstv\u00e1 OPK\/RgO SPZ na obl\u00fakovom streli\u0161ti OS-40, Beckov, 7. m\u00e1ja 2016\u00a0<\/strong><\/em><\/a><\/span><\/p>\n<hr \/>\n<h2><a title=\"Majstrovstv\u00e1 OPK a RgO SPZ Tren\u010d\u00edn M-400 Star\u00e1 Tur\u00e1 1. m\u00e1ja 2016\" href=\"http:\/\/www.polovnictvotn.eu.sk\/?page_id=1506\"><img loading=\"lazy\" decoding=\"async\" class=\" size-thumbnail wp-image-1517 alignleft\" src=\"http:\/\/www.polovnictvotn.eu.sk\/wp-content\/uploads\/2016\/05\/P1120823-150x150.jpg\" alt=\"P1120823\" width=\"150\" height=\"150\" \/><\/a><span style=\"color: #339966;\"><strong><em><a style=\"color: #339966;\" title=\"Majstrovstv\u00e1 OPK a RgO SPZ Tren\u010d\u00edn M-400 Star\u00e1 Tur\u00e1 1. m\u00e1ja 2016\" href=\"http:\/\/www.polovnictvotn.eu.sk\/?page_id=1506\">Majstrovstv\u00e1 OPK a RgO SPZ Tren\u010d\u00edn M-400 Star\u00e1 Tur\u00e1 1. m\u00e1ja 2016<\/a><\/em><\/strong><\/span><\/h2>\n<h2><span style=\"color: #339966;\"><strong><em><a style=\"color: #339966;\" href=\"http:\/\/www.polovnictvotn.eu.sk\/wp-content\/uploads\/2014\/04\/V\u00fdsl.-listina-M400-2016.-1.xls\">V\u00fdsl. listina M400-2016.<\/a><\/em><\/strong><\/span><\/h2>\n<hr \/>\n<h2><a class=\"boxersandswipers\" title=\"B100,24.5.15\" href=\"http:\/\/www.polovnictvotn.eu.sk\/wp-content\/uploads\/2014\/04\/B10024.5.15.jpg\"><img loading=\"lazy\" decoding=\"async\" class=\"alignnone size-thumbnail wp-image-1311\" src=\"http:\/\/www.polovnictvotn.eu.sk\/wp-content\/uploads\/2014\/04\/B10024.5.15-150x150.jpg\" alt=\"B100,24.5.15\" width=\"150\" height=\"150\" \/><\/a><\/h2>\n<h2>\u00a0<\/h2>\n<h2>Streleck\u00e9 podujatia OPK a SPZ Tren\u010d\u00edn rok 2015<\/h2>\n<h2>\u00a0<\/h2>\n<p><span style=\"color: #ccffcc;\"><strong><em><a title=\"Oblastn\u00e9 Majstrovstv\u00e1 M400 3.5.2015 Star\u00e1 Tur\u00e1\" href=\"http:\/\/www.polovnictvotn.eu.sk\/?page_id=1212\">Region\u00e1lne majstrovstv\u00e1 M-400 03.05.2015 Star\u00e1 Tur\u00e1<\/a><\/em><\/strong><\/span><\/p>\n<p>&#8211; \u00a0\u00a0<a href=\"http:\/\/www.polovnictvotn.eu.sk\/wp-content\/uploads\/2014\/04\/V\u00fdsl.-listina-M400-2015.xls\">V\u00fdsl. listina M400-2015<\/a><\/p>\n<p>Region\u00e1lne majstrovstv\u00e1 OS-40 09.05.2015 Beckov<\/p>\n<p>&#8211; \u00a0 V\u00fdsledkov\u00e1 listina<\/p>\n<p>Region\u00e1lne majstrovstv\u00e1 B-50 \u00a010.05.2015 Nov\u00e1 Lehota<\/p>\n<p>&#8211; \u00a0 V\u00fdsledkov\u00e1 listina<\/p>\n<p>Verejn\u00e9\u00a0streleck\u00e9 preteky o\u00a0putovn\u00fd poh\u00e1r predsedu RgO SPZ Tren\u010d\u00edn B-100 24.05.2015 Nov\u00e1 Lehota<\/p>\n<p>&#8211; \u00a0\u00a0<a href=\"http:\/\/www.polovnictvotn.eu.sk\/wp-content\/uploads\/2014\/04\/v\u00fdsl.listina-B-100-2015.xls\">v\u00fdsl.listina B-100- 2015<\/a><\/p>\n<p>Verejn\u00e9\u00a0streleck\u00e9 preteky o\u00a0putovn\u00fd poh\u00e1r predsedu OPK Tren\u010d\u00edn \u00a0OS-80 \u00a0 16.05.2015\u00a0Beckov<\/p>\n<p>&#8211; \u00a0\u00a0<a href=\"http:\/\/www.polovnictvotn.eu.sk\/wp-content\/uploads\/2014\/04\/v\u00fdsl.listina-B-OS-2015.xls\">v\u00fdsl.listina B-OS 2015<\/a><\/p>\n<hr \/>\n<p><a title=\"Oblastn\u00e9 Majstrovstv\u00e1 M400 3.5.2015 Star\u00e1 Tur\u00e1\" href=\"http:\/\/www.polovnictvotn.eu.sk\/?page_id=1212\"><img loading=\"lazy\" decoding=\"async\" class=\" size-thumbnail wp-image-1216 alignleft\" src=\"http:\/\/www.polovnictvotn.eu.sk\/wp-content\/uploads\/2015\/05\/DSC_6068-150x150.jpg\" alt=\"DSC_6068\" width=\"150\" height=\"150\" \/><\/a><\/p>\n<p style=\"text-align: left;\" align=\"center\"><span style=\"color: #339966;\"><a style=\"color: #339966;\" title=\"Oblastn\u00e9 Majstrovstv\u00e1 M400 3.5.2015 Star\u00e1 Tur\u00e1\" href=\"http:\/\/www.polovnictvotn.eu.sk\/?page_id=1212\"><strong><em>Oblastn\u00e9 Majstrovstv\u00e1 M400 3.5.2015 Star\u00e1 Tur\u00e1<\/em><\/strong><\/a><\/span><\/p>\n<hr \/>\n<div>\n<p><span style=\"color: #339966;\"><a style=\"color: #339966;\" title=\"Stre\u013eby PZ H\u00e1j 29. 08. 2014 Skalka nad V\u00e1hom\" href=\"http:\/\/www.polovnictvotn.eu.sk\/?page_id=936\"><b><i>Stre\u013eby<\/i><\/b><em><strong>\u00a0PZ H\u00e1j 29. 08. 2014 Skalka nad V\u00e1<\/strong><\/em><\/a><em><strong><a title=\"Stre\u013eby PZ H\u00e1j 29. 08. 2014 Skalka nad V\u00e1hom\" href=\"http:\/\/www.polovnictvotn.eu.sk\/?page_id=936\"><img loading=\"lazy\" decoding=\"async\" class=\"alignleft size-thumbnail wp-image-934\" src=\"http:\/\/www.polovnictvotn.eu.sk\/wp-content\/uploads\/2014\/04\/DSC_20311-150x150.jpg\" alt=\"DSC_2031\" width=\"150\" height=\"150\" \/><\/a>hom<\/strong><\/em>\u00a0<\/span><\/p>\n<\/div>\n<h2 style=\"text-align: left;\"><em><strong>\u00a0<\/strong><\/em><\/h2>\n<p>_____________________________________________________________________________<\/p>\n<p><a title=\"Stre\u013eby 19. 10. 2014 Skalka nad V\u00e1hom\" href=\"http:\/\/www.polovnictvotn.eu.sk\/?page_id=1103\"><img loading=\"lazy\" decoding=\"async\" class=\"alignleft size-thumbnail wp-image-1114\" src=\"http:\/\/www.polovnictvotn.eu.sk\/wp-content\/uploads\/2014\/10\/DSC_4765-150x150.jpg\" alt=\"DSC_4765\" width=\"150\" height=\"150\" \/><\/a><span style=\"color: #000000;\"><strong><em><a style=\"color: #000000;\" title=\"Stre\u013eby 19. 10. 2014 Skalka nad V\u00e1hom\" href=\"http:\/\/www.polovnictvotn.eu.sk\/?page_id=1103\">Stre\u013eby 19. 10. 2014 Skalka nad V\u00e1hom<\/a><\/em><\/strong><\/span><\/p>\n<hr \/>\n<p><a title=\"Stre\u013eby 11.10.2014 Ko\u010dovce\" href=\"http:\/\/www.polovnictvotn.eu.sk\/?page_id=1086\"><img loading=\"lazy\" decoding=\"async\" class=\"alignleft size-thumbnail wp-image-1091\" src=\"http:\/\/www.polovnictvotn.eu.sk\/wp-content\/uploads\/2014\/10\/DSC_4320-150x150.jpg\" alt=\"DSC_4320\" width=\"150\" height=\"150\" \/><\/a><span style=\"color: #000000;\"><strong><em><a style=\"color: #000000;\" title=\"Stre\u013eby 11.10.2014 Ko\u010dovce\" href=\"http:\/\/www.polovnictvotn.eu.sk\/?page_id=1086\">Stre\u013eby 11.10.2014 Ko\u010dovce<\/a><\/em><\/strong><\/span><\/p>\n<p>________________________________________________________________________<\/p>\n<p><span style=\"color: #000000;\"><a style=\"color: #000000;\" title=\"M-400\" href=\"http:\/\/www.polovnictvotn.eu.sk\/?page_id=557\">Region\u00e1lne majstrovstv\u00e1 M-400 04.05.2014 Star\u00e1 Tur\u00e1<\/a><\/span><\/p>\n<p><span style=\"color: #000000;\"><a style=\"color: #000000;\" title=\"OS-40 Beckov 10.05.2014\" href=\"http:\/\/www.polovnictvotn.eu.sk\/?page_id=592\">Region\u00e1lne majstrovstv\u00e1 OS-40 10.05.2014 Beckov<\/a><\/span><\/p>\n<p><span style=\"color: #000000;\"><a style=\"color: #000000;\" title=\"B50 11.05.2014 Nov\u00e1 Lehota\" href=\"http:\/\/www.polovnictvotn.eu.sk\/?page_id=540\">Region\u00e1lne majstrovstv\u00e1 B-50 \u00a011.05.2014 Nov\u00e1 Lehota<\/a><\/span><\/p>\n<p><span style=\"color: #000000;\"><a style=\"color: #000000;\" title=\"B-100 Nov\u00e1 Lehota 18.05.2014\" href=\"http:\/\/www.polovnictvotn.eu.sk\/?page_id=633\">Verejn\u00e9\u00a0streleck\u00e9 preteky o\u00a0putovn\u00fd poh\u00e1r predsedu RgO SPZ Tren\u010d\u00edn 18.05.2014 Nov\u00e1 Lehota<\/a><\/span><\/p>\n<p><span style=\"color: #000000;\"><a style=\"color: #000000;\" title=\"OS-80\" href=\"http:\/\/www.polovnictvotn.eu.sk\/?page_id=662\">Verejn\u00e9\u00a0streleck\u00e9 preteky o\u00a0putovn\u00fd poh\u00e1r predsedu OPK Tren\u010d\u00edn 24.05.2014\u00a0<\/a><\/span><\/p>\n<p>V\u00fdsledky streleck\u00fdch s\u00fa\u0165a\u017e\u00ed:<\/p>\n<p><span style=\"color: #000000;\"><a style=\"color: #000000;\" href=\"http:\/\/polovnictvotn.eu.sk\/data\/vysl.M400-2014.xls\">V\u00ddSLEDKOV\u00c1 LISTINA majstrovstv\u00e1 OPK a RgO SPZ TN M-400 Star\u00e1 Tur\u00e1 4. m\u00e1ja 2014<\/a><\/span><\/p>\n<p><span style=\"color: #000000;\"><a style=\"color: #000000;\" href=\"http:\/\/polovnictvotn.eu.sk\/data\/vysl.BOS-2014.xls\">\u00a0V\u00ddSLEDKOV\u00c1 LISTINA brokov\u00e9 discipl\u00edny \u00a02014<\/a><\/span><\/p>\n<p><span style=\"color: #000000;\"><a style=\"color: #000000;\" href=\"http:\/\/polovnictvotn.eu.sk\/data\/vysledkystrelieb.pdf\">V\u00ddSLEDKOV\u00c1 LISTINA majstrovstv\u00e1 oblasti SPK 13.-15. 06. 2014\u00a0Trnava<\/a><\/span><\/p>\n\n\n<p><\/p>\n","protected":false},"excerpt":{"rendered":"<p>Zoznam v\u00ed\u0165azov okresn\u00fdch (region\u00e1lnych) streleck\u00fdch s\u00fa\u0165a\u017e\u00ed (gu\u013eov\u00e9, brokov\u00e9) OkO (Rgo) SPZ a OPK Tren\u010d\u00edn 1982 &#8211; 2019 Pl\u00e1n streleck\u00fdch akci\u00ed OPK a OkO SPZ Tren\u010d\u00edn na rok 2026: Majstrovstv\u00e1 OPK:1. M-400, 02.05.2026, Beckov\u00a0PROPOZ\u00cdCIE2. AT-50, 10.05.2026, Skalka nad V\u00e1hom\u00a0PROPOZ\u00cdCIE Verejn\u00fd streleck\u00fd pretek:1. AT-60 \u201eMemori\u00e1l Rajmunda Rapai\u010da&#8220;, 23.05.2026, Skalka nad V\u00e1hom Majstrovstv\u00e1 OPK Tren\u010d\u00edn 2025 1. M-400, [&hellip;]<\/p>\n","protected":false},"author":1,"featured_media":0,"parent":0,"menu_order":0,"comment_status":"closed","ping_status":"closed","template":"","meta":{"footnotes":""},"class_list":["post-154","page","type-page","status-publish","hentry"],"jetpack_sharing_enabled":true,"_links":{"self":[{"href":"http:\/\/www.polovnictvotn.eu.sk\/index.php?rest_route=\/wp\/v2\/pages\/154","targetHints":{"allow":["GET"]}}],"collection":[{"href":"http:\/\/www.polovnictvotn.eu.sk\/index.php?rest_route=\/wp\/v2\/pages"}],"about":[{"href":"http:\/\/www.polovnictvotn.eu.sk\/index.php?rest_route=\/wp\/v2\/types\/page"}],"author":[{"embeddable":true,"href":"http:\/\/www.polovnictvotn.eu.sk\/index.php?rest_route=\/wp\/v2\/users\/1"}],"replies":[{"embeddable":true,"href":"http:\/\/www.polovnictvotn.eu.sk\/index.php?rest_route=%2Fwp%2Fv2%2Fcomments&post=154"}],"version-history":[{"count":114,"href":"http:\/\/www.polovnictvotn.eu.sk\/index.php?rest_route=\/wp\/v2\/pages\/154\/revisions"}],"predecessor-version":[{"id":6941,"href":"http:\/\/www.polovnictvotn.eu.sk\/index.php?rest_route=\/wp\/v2\/pages\/154\/revisions\/6941"}],"wp:attachment":[{"href":"http:\/\/www.polovnictvotn.eu.sk\/index.php?rest_route=%2Fwp%2Fv2%2Fmedia&parent=154"}],"curies":[{"name":"wp","href":"https:\/\/api.w.org\/{rel}","templated":true}]}}