{"id":1562,"date":"2016-05-31T17:00:39","date_gmt":"2016-05-31T15:00:39","guid":{"rendered":"http:\/\/www.polovnictvotn.eu.sk\/?page_id=1562"},"modified":"2016-05-31T17:00:39","modified_gmt":"2016-05-31T15:00:39","slug":"majstrovstva-opkrgo-spz-na-oblukovom-strelisti-os-40-beckov-7-maja-2016","status":"publish","type":"page","link":"http:\/\/www.polovnictvotn.eu.sk\/?page_id=1562","title":{"rendered":"Majstrovstv\u00e1 OPK\/RgO SPZ na obl\u00fakovom streli\u0161ti OS-40, Beckov, 7. m\u00e1ja 2016"},"content":{"rendered":"<p><a class=\"boxersandswipers\" href=\"http:\/\/www.polovnictvotn.eu.sk\/wp-content\/uploads\/2016\/05\/DSCN0783.jpg\"><img loading=\"lazy\" decoding=\"async\" class=\"alignnone size-thumbnail wp-image-1556\" src=\"http:\/\/www.polovnictvotn.eu.sk\/wp-content\/uploads\/2016\/05\/DSCN0783-150x150.jpg\" alt=\"DSCN0783\" width=\"150\" height=\"150\" srcset=\"http:\/\/www.polovnictvotn.eu.sk\/wp-content\/uploads\/2016\/05\/DSCN0783-150x150.jpg 150w, http:\/\/www.polovnictvotn.eu.sk\/wp-content\/uploads\/2016\/05\/DSCN0783-300x300.jpg 300w, http:\/\/www.polovnictvotn.eu.sk\/wp-content\/uploads\/2016\/05\/DSCN0783.jpg 800w\" sizes=\"auto, (max-width: 150px) 100vw, 150px\" \/><\/a> <a class=\"boxersandswipers\" href=\"http:\/\/www.polovnictvotn.eu.sk\/wp-content\/uploads\/2016\/05\/DSCN0795.jpg\"><img loading=\"lazy\" decoding=\"async\" class=\"alignnone size-thumbnail wp-image-1561\" src=\"http:\/\/www.polovnictvotn.eu.sk\/wp-content\/uploads\/2016\/05\/DSCN0795-150x150.jpg\" alt=\"DSCN0795\" width=\"150\" height=\"150\" srcset=\"http:\/\/www.polovnictvotn.eu.sk\/wp-content\/uploads\/2016\/05\/DSCN0795-150x150.jpg 150w, http:\/\/www.polovnictvotn.eu.sk\/wp-content\/uploads\/2016\/05\/DSCN0795-300x300.jpg 300w, http:\/\/www.polovnictvotn.eu.sk\/wp-content\/uploads\/2016\/05\/DSCN0795.jpg 800w\" sizes=\"auto, (max-width: 150px) 100vw, 150px\" \/><\/a> <a class=\"boxersandswipers\" href=\"http:\/\/www.polovnictvotn.eu.sk\/wp-content\/uploads\/2016\/05\/DSCN0794.jpg\"><img loading=\"lazy\" decoding=\"async\" class=\"alignnone size-thumbnail wp-image-1560\" src=\"http:\/\/www.polovnictvotn.eu.sk\/wp-content\/uploads\/2016\/05\/DSCN0794-150x150.jpg\" alt=\"DSCN0794\" width=\"150\" height=\"150\" srcset=\"http:\/\/www.polovnictvotn.eu.sk\/wp-content\/uploads\/2016\/05\/DSCN0794-150x150.jpg 150w, http:\/\/www.polovnictvotn.eu.sk\/wp-content\/uploads\/2016\/05\/DSCN0794-300x300.jpg 300w, http:\/\/www.polovnictvotn.eu.sk\/wp-content\/uploads\/2016\/05\/DSCN0794.jpg 800w\" sizes=\"auto, (max-width: 150px) 100vw, 150px\" \/><\/a> <a class=\"boxersandswipers\" href=\"http:\/\/www.polovnictvotn.eu.sk\/wp-content\/uploads\/2016\/05\/DSCN0793.jpg\"><img loading=\"lazy\" decoding=\"async\" class=\"alignnone size-thumbnail wp-image-1559\" src=\"http:\/\/www.polovnictvotn.eu.sk\/wp-content\/uploads\/2016\/05\/DSCN0793-150x150.jpg\" alt=\"DSCN0793\" width=\"150\" height=\"150\" srcset=\"http:\/\/www.polovnictvotn.eu.sk\/wp-content\/uploads\/2016\/05\/DSCN0793-150x150.jpg 150w, http:\/\/www.polovnictvotn.eu.sk\/wp-content\/uploads\/2016\/05\/DSCN0793-300x300.jpg 300w, http:\/\/www.polovnictvotn.eu.sk\/wp-content\/uploads\/2016\/05\/DSCN0793.jpg 800w\" sizes=\"auto, (max-width: 150px) 100vw, 150px\" \/><\/a> <a class=\"boxersandswipers\" href=\"http:\/\/www.polovnictvotn.eu.sk\/wp-content\/uploads\/2016\/05\/DSCN0788.jpg\"><img loading=\"lazy\" decoding=\"async\" class=\"alignnone size-thumbnail wp-image-1558\" src=\"http:\/\/www.polovnictvotn.eu.sk\/wp-content\/uploads\/2016\/05\/DSCN0788-150x150.jpg\" alt=\"DSCN0788\" width=\"150\" height=\"150\" srcset=\"http:\/\/www.polovnictvotn.eu.sk\/wp-content\/uploads\/2016\/05\/DSCN0788-150x150.jpg 150w, http:\/\/www.polovnictvotn.eu.sk\/wp-content\/uploads\/2016\/05\/DSCN0788-300x300.jpg 300w, http:\/\/www.polovnictvotn.eu.sk\/wp-content\/uploads\/2016\/05\/DSCN0788.jpg 800w\" sizes=\"auto, (max-width: 150px) 100vw, 150px\" \/><\/a> <a class=\"boxersandswipers\" href=\"http:\/\/www.polovnictvotn.eu.sk\/wp-content\/uploads\/2016\/05\/DSCN0787.jpg\"><img loading=\"lazy\" decoding=\"async\" class=\"alignnone size-thumbnail wp-image-1557\" src=\"http:\/\/www.polovnictvotn.eu.sk\/wp-content\/uploads\/2016\/05\/DSCN0787-150x150.jpg\" alt=\"DSCN0787\" width=\"150\" height=\"150\" srcset=\"http:\/\/www.polovnictvotn.eu.sk\/wp-content\/uploads\/2016\/05\/DSCN0787-150x150.jpg 150w, http:\/\/www.polovnictvotn.eu.sk\/wp-content\/uploads\/2016\/05\/DSCN0787-300x300.jpg 300w, http:\/\/www.polovnictvotn.eu.sk\/wp-content\/uploads\/2016\/05\/DSCN0787.jpg 800w\" sizes=\"auto, (max-width: 150px) 100vw, 150px\" \/><\/a><\/p>\n","protected":false},"excerpt":{"rendered":"","protected":false},"author":1,"featured_media":0,"parent":0,"menu_order":0,"comment_status":"open","ping_status":"closed","template":"","meta":{"footnotes":""},"class_list":["post-1562","page","type-page","status-publish","hentry"],"jetpack_sharing_enabled":true,"_links":{"self":[{"href":"http:\/\/www.polovnictvotn.eu.sk\/index.php?rest_route=\/wp\/v2\/pages\/1562","targetHints":{"allow":["GET"]}}],"collection":[{"href":"http:\/\/www.polovnictvotn.eu.sk\/index.php?rest_route=\/wp\/v2\/pages"}],"about":[{"href":"http:\/\/www.polovnictvotn.eu.sk\/index.php?rest_route=\/wp\/v2\/types\/page"}],"author":[{"embeddable":true,"href":"http:\/\/www.polovnictvotn.eu.sk\/index.php?rest_route=\/wp\/v2\/users\/1"}],"replies":[{"embeddable":true,"href":"http:\/\/www.polovnictvotn.eu.sk\/index.php?rest_route=%2Fwp%2Fv2%2Fcomments&post=1562"}],"version-history":[{"count":1,"href":"http:\/\/www.polovnictvotn.eu.sk\/index.php?rest_route=\/wp\/v2\/pages\/1562\/revisions"}],"predecessor-version":[{"id":1563,"href":"http:\/\/www.polovnictvotn.eu.sk\/index.php?rest_route=\/wp\/v2\/pages\/1562\/revisions\/1563"}],"wp:attachment":[{"href":"http:\/\/www.polovnictvotn.eu.sk\/index.php?rest_route=%2Fwp%2Fv2%2Fmedia&parent=1562"}],"curies":[{"name":"wp","href":"https:\/\/api.w.org\/{rel}","templated":true}]}}