{"id":157,"date":"2014-04-15T11:31:22","date_gmt":"2014-04-15T09:31:22","guid":{"rendered":"http:\/\/www.polovnictvotn.eu.sk\/?page_id=157"},"modified":"2026-02-03T11:14:38","modified_gmt":"2026-02-03T09:14:38","slug":"podujatia-3","status":"publish","type":"page","link":"http:\/\/www.polovnictvotn.eu.sk\/?page_id=157","title":{"rendered":"Sk\u00fa\u0161ky"},"content":{"rendered":"<h3><span style=\"color: #000000;\"><strong>Pl\u00e1n kynologick\u00fdch akci\u00ed OPK Tren\u010d\u00edn na rok 2026:<\/strong><\/span><\/h3>\n<p>Farbiarske sk\u00fa\u0161ky mal\u00fdch plemien (FSMP) \u2013 27.09.2026<br \/>\nPredbe\u017en\u00e9 sk\u00fa\u0161ky farbiarov (PF) \u2013 11.10.2026<br \/>\nFarbiarske sk\u00fa\u0161ky duri\u010dov (FD) \u2013 08.11.2026<br \/>\nSk\u00fa\u0161ky duri\u010dov (DS) \u2013 05. &#8211; 06.12.2026<\/p>\n<hr \/>\n<p><span style=\"color: #008000;\"><strong><span style=\"text-decoration: underline;\"><a style=\"color: #008000;\" href=\"http:\/\/www.polovnictvotn.eu.sk\/?p=6552\">Farbiarske sk\u00fa\u0161ky mal\u00fdch plemien\u00a0 (FSMP)\u00a0 &#8211;\u00a0 21.09.2025<\/a><\/span><\/strong><\/span><\/p>\n<p><span style=\"text-decoration: underline; color: #008000;\"><strong><a style=\"color: #008000; text-decoration: underline;\" href=\"http:\/\/www.polovnictvotn.eu.sk\/?p=6612\">Farbiarske sk\u00fa\u0161ky duri\u010dov (FD)\u00a0 &#8211;\u00a0 26.10.2025<\/a><\/strong><\/span><\/p>\n<p><span style=\"color: #000000;\">Predbe\u017en\u00e9 sk\u00fa\u0161ky farbiarov (PF)\u00a0 &#8211;\u00a0 12.10.2025<\/span><\/p>\n<p><a href=\"http:\/\/www.polovnictvotn.eu.sk\/?p=6646\"><span style=\"color: #000000;\"><span style=\"text-decoration: underline; color: #008000;\"><strong>Sk\u00fa\u0161ky duri\u010dov (DS)\u00a0 &#8211;\u00a0 06. \u2013 07.12.2025<\/strong><\/span><\/span><\/a><\/p>\n<hr \/>\n<p><strong><span style=\"color: #008000;\"><a style=\"color: #008000;\" href=\"http:\/\/www.polovnictvotn.eu.sk\/?p=5740\">Farbiarske sk\u00fa\u0161ky duri\u010dov (FD)\u00a0 &#8211;\u00a0 27.10.2024<\/a><\/span><\/strong><\/p>\n<p><strong><span style=\"color: #008000;\"><a style=\"color: #008000;\" href=\"http:\/\/www.polovnictvotn.eu.sk\/?p=5804\">Sk\u00fa\u0161ky duri\u010dov (DS)\u00a0 &#8211;\u00a0 07. \u2013 08.12.2024<\/a><\/span><\/strong><\/p>\n<hr \/>\n<p><span style=\"color: #008000;\"><strong><a style=\"color: #008000;\" href=\"http:\/\/www.polovnictvotn.eu.sk\/?p=4963\">Farbiarske sk\u00fa\u0161ky duri\u010dov (FD)\u00a0 &#8211;\u00a0 29.10.2023<\/a><\/strong><\/span><\/p>\n<p><strong><span style=\"color: #008000;\"><a style=\"color: #008000;\" href=\"http:\/\/www.polovnictvotn.eu.sk\/?p=5061\">Sk\u00fa\u0161ky duri\u010dov (DS)\u00a0 &#8211;\u00a0 02. \u2013 03.12.2023<\/a><\/span><\/strong><\/p>\n<hr \/>\n<h4><strong><span style=\"color: #008000;\"><a style=\"color: #008000;\" href=\"http:\/\/www.polovnictvotn.eu.sk\/?p=4156\">Sk\u00fa\u0161ky duri\u010dov 2022 &#8211; PZ Hlo\u017eec Horn\u00e1 S\u00fa\u010da<\/a><\/span><\/strong><\/h4>\n<hr \/>\n<p><a href=\"http:\/\/www.polovnictvotn.eu.sk\/?page_id=2034\"><img loading=\"lazy\" decoding=\"async\" class=\"size-thumbnail wp-image-2037 alignleft\" src=\"http:\/\/www.polovnictvotn.eu.sk\/wp-content\/uploads\/2017\/10\/22282085_1582120018515696_4632391277544635429_n-150x150.jpg\" alt=\"\" width=\"150\" height=\"150\" \/><\/a><\/p>\n<h3><span style=\"color: #339966;\"><a style=\"color: #339966;\" href=\"http:\/\/www.polovnictvotn.eu.sk\/?page_id=2034\"><strong><em>Farbiarske sk\u00fa\u0161ky duri\u010dov 8.10.2017 Star\u00e1 Tur\u00e1, \u010cachtice<\/em><\/strong><\/a><\/span><\/h3>\n<hr \/>\n<h3><a href=\"http:\/\/www.polovnictvotn.eu.sk\/?page_id=2003\"><img loading=\"lazy\" decoding=\"async\" class=\"alignnone size-thumbnail wp-image-2011 alignleft\" src=\"http:\/\/www.polovnictvotn.eu.sk\/wp-content\/uploads\/2017\/10\/002A9613-150x150.jpg\" alt=\"\" width=\"150\" height=\"150\" \/><\/a><\/h3>\n<h3>\u00a0<span style=\"color: #339966;\"><a style=\"color: #339966;\" href=\"http:\/\/www.polovnictvotn.eu.sk\/?page_id=2003\"><em>Sk\u00fa\u0161ky z vodnej pr\u00e1ce 1.9.2017 Tren\u010dianske Teplice<\/em><\/a><\/span><\/h3>\n<hr \/>\n<p><a href=\"http:\/\/www.polovnictvotn.eu.sk\/?page_id=1934\"><img loading=\"lazy\" decoding=\"async\" class=\"size-thumbnail wp-image-1930 alignleft\" src=\"http:\/\/www.polovnictvotn.eu.sk\/wp-content\/uploads\/2017\/06\/19399005_1474468272614205_8084655157692885448_n-150x150.jpg\" alt=\"\" width=\"150\" height=\"150\" \/><\/a><\/p>\n<h3><span style=\"color: #339966;\"><a style=\"color: #339966;\" href=\"http:\/\/www.polovnictvotn.eu.sk\/?page_id=1934\"><em><strong>Farbiarske sk\u00fa\u0161ky mal\u00fdch plemien 18.6.2017 Soblahov<\/strong><\/em><\/a><\/span><\/h3>\n<div>\n<p>D\u0148a 18. 6. 2017 sa v spolupr\u00e1ci s PZ Ostr\u00fd vrch &#8211; Soblahov konali farbiarske sk\u00fa\u0161ky mal\u00fdch plemien. Na sk\u00fa\u0161kach sa z\u00fa\u010dastnilo 9 ps\u00edkov r\u00f4znych plemien: paterdal terier, jazve\u010d\u00edky, lajky, slovensk\u00fd kopov&#8230;<span style=\"color: #339966;\"><a style=\"color: #339966;\" href=\"http:\/\/www.polovnictvotn.eu.sk\/?page_id=1791\"><em><strong>c<\/strong><\/em><\/a><a style=\"color: #339966;\" href=\"http:\/\/www.polovnictvotn.eu.sk\/?page_id=1934\"><em><strong>el\u00fd \u010dl\u00e1nok<\/strong><\/em><\/a><\/span><\/p>\n<\/div>\n<h2 style=\"text-align: center;\"><\/h2>\n<hr \/>\n<p><em><strong><span style=\"color: #ccffcc;\"><a style=\"color: #ccffcc;\" href=\"http:\/\/www.polovnictvotn.eu.sk\/?page_id=1884\"><img loading=\"lazy\" decoding=\"async\" class=\"size-thumbnail wp-image-1881 alignleft\" src=\"http:\/\/www.polovnictvotn.eu.sk\/wp-content\/uploads\/2017\/05\/18664468_1446506615410371_551211313069539128_n-150x150.jpg\" alt=\"\" width=\"150\" height=\"150\" \/><\/a><\/span><\/strong><\/em><\/p>\n<h3><span style=\"color: #339966;\"><em><strong><a style=\"color: #339966;\" href=\"http:\/\/www.polovnictvotn.eu.sk\/?page_id=1884\">Kynologick\u00fd v\u00fdcvikov\u00fd de\u0148, 20.5.2017, K\u00e1lnica<\/a><\/strong><\/em><\/span><\/h3>\n<hr \/>\n<p><a title=\"Farbiarske sk\u00fa\u0161ky mal\u00fdch plemien 24.09.2016 Chocholn\u00e1\" href=\"http:\/\/www.polovnictvotn.eu.sk\/?page_id=1629\"><img loading=\"lazy\" decoding=\"async\" class=\" size-thumbnail wp-image-1637 alignleft\" src=\"http:\/\/www.polovnictvotn.eu.sk\/wp-content\/uploads\/2016\/10\/14468234_1192007847526917_3703121603428095309_o-150x150.jpg\" alt=\"14468234_1192007847526917_3703121603428095309_o\" width=\"150\" height=\"150\" \/><\/a><span style=\"color: #339966;\"><a style=\"color: #339966;\" title=\"Farbiarske sk\u00fa\u0161ky mal\u00fdch plemien 24.09.2016 Chocholn\u00e1\" href=\"http:\/\/www.polovnictvotn.eu.sk\/?page_id=1629\"><strong><em>Farbiarske sk\u00fa\u0161ky mal\u00fdch plemien 24.09.2016 Chocholn\u00e1<\/em><\/strong><\/a><\/span><\/p>\n<hr \/>\n<p><a title=\"Sk\u00fa\u0161ky duri\u010dov 12-13.12.2015 Bo\u0161\u00e1ca\" href=\"http:\/\/www.polovnictvotn.eu.sk\/?page_id=1426\"><img loading=\"lazy\" decoding=\"async\" class=\" size-thumbnail wp-image-1427 alignleft\" src=\"http:\/\/www.polovnictvotn.eu.sk\/wp-content\/uploads\/2015\/12\/DSC_0300-150x150.jpg\" alt=\"DSC_0300\" width=\"150\" height=\"150\" \/><\/a><span style=\"color: #339966;\"><a style=\"color: #339966;\" title=\"Sk\u00fa\u0161ky duri\u010dov 12-13.12.2015 Bo\u0161\u00e1ca\" href=\"http:\/\/www.polovnictvotn.eu.sk\/?page_id=1426\"><strong><em>Sk\u00fa\u0161ky duri\u010dov 12-13.12.2015 Bo\u0161\u00e1ca<\/em><\/strong><\/a><\/span><\/p>\n<hr \/>\n<p><a title=\"Sk\u00fa\u0161ky Duri\u010dov 28-29.11.2015 Tren\u010dianske Mitice\" href=\"http:\/\/www.polovnictvotn.eu.sk\/?page_id=1404\"><img loading=\"lazy\" decoding=\"async\" class=\"size-thumbnail wp-image-1421 alignleft\" src=\"http:\/\/www.polovnictvotn.eu.sk\/wp-content\/uploads\/2015\/12\/IMG_1549-150x150.jpg\" alt=\"IMG_1549\" width=\"150\" height=\"150\" \/><\/a><span style=\"color: #339966;\"><a style=\"color: #339966;\" title=\"Sk\u00fa\u0161ky Duri\u010dov 28-29.11.2015 Tren\u010dianske Mitice\" href=\"http:\/\/www.polovnictvotn.eu.sk\/?page_id=1404\"><strong><em>Sk\u00fa\u0161ky Duri\u010dov 28-29.11.2015 Tren\u010dianske Mitice<\/em><\/strong><\/a><\/span><\/p>\n<hr \/>\n<p><a title=\"Kynologick\u00fd v\u00fdcvikov\u00fd de\u0148 \u2013 PZ \u017ddanov\u00e1 Mel\u010dice Lieskov\u00e9 12.9.2015\" href=\"http:\/\/www.polovnictvotn.eu.sk\/?page_id=1380\"><img loading=\"lazy\" decoding=\"async\" class=\" size-thumbnail wp-image-1363 alignleft\" src=\"http:\/\/www.polovnictvotn.eu.sk\/wp-content\/uploads\/2014\/04\/DSCN0572-150x150.jpg\" alt=\"DSCN0572\" width=\"150\" height=\"150\" srcset=\"http:\/\/www.polovnictvotn.eu.sk\/wp-content\/uploads\/2014\/04\/DSCN0572-150x150.jpg 150w, http:\/\/www.polovnictvotn.eu.sk\/wp-content\/uploads\/2014\/04\/DSCN0572-300x300.jpg 300w, http:\/\/www.polovnictvotn.eu.sk\/wp-content\/uploads\/2014\/04\/DSCN0572.jpg 800w\" sizes=\"auto, (max-width: 150px) 100vw, 150px\" \/><\/a><span style=\"color: #339966;\"><a style=\"color: #339966;\" title=\"Kynologick\u00fd v\u00fdcvikov\u00fd de\u0148 \u2013 PZ \u017ddanov\u00e1 Mel\u010dice Lieskov\u00e9 12.9.2015\" href=\"http:\/\/www.polovnictvotn.eu.sk\/?page_id=1380\"><em><strong>Kynologick\u00fd v\u00fdcvikov\u00fd de\u0148 &#8211; PZ \u017ddanov\u00e1 Mel\u010dice Lieskov\u00e9 12.9.2015<\/strong><\/em><\/a><\/span><\/p>\n<hr \/>\n<p><a title=\"Farbiarske sk\u00fa\u0161ky mal\u00fdch plemien 28.06.2015 \u010cachtice\" href=\"http:\/\/www.polovnictvotn.eu.sk\/?page_id=1318\"><img loading=\"lazy\" decoding=\"async\" class=\" size-thumbnail wp-image-1325 alignleft\" src=\"http:\/\/www.polovnictvotn.eu.sk\/wp-content\/uploads\/2015\/06\/DSC_7477-150x150.jpg\" alt=\"DSC_7477\" width=\"150\" height=\"150\" \/><\/a><span style=\"color: #339966;\"><em><strong><a style=\"color: #339966;\" title=\"Farbiarske sk\u00fa\u0161ky mal\u00fdch plemien 28.06.2015 \u010cachtice\" href=\"http:\/\/www.polovnictvotn.eu.sk\/?page_id=1318\">\u00a0Farbiarske sk\u00fa\u0161ky mal\u00fdch plemien 28.06.2015 \u010cachti<\/a><\/strong><\/em><\/span><\/p>\n<hr \/>\n<p><a style=\"font-size: 14.4444446563721px; line-height: 23.3333339691162px;\" title=\"Predbe\u017ene sk\u00fa\u0161ky farbiarov 26. 10. 2014 Opatov\u00e1\" href=\"http:\/\/www.polovnictvotn.eu.sk\/?page_id=1066\"><img loading=\"lazy\" decoding=\"async\" class=\"alignleft size-thumbnail wp-image-1072\" src=\"http:\/\/www.polovnictvotn.eu.sk\/wp-content\/uploads\/2014\/10\/DSC_4863-150x150.jpg\" alt=\"DSC_4863\" width=\"150\" height=\"150\" \/><\/a><\/p>\n<p><span style=\"color: #339966;\"><a style=\"color: #339966;\" title=\"Predbe\u017ene sk\u00fa\u0161ky farbiarov 26. 10. 2014 Opatov\u00e1\" href=\"http:\/\/www.polovnictvotn.eu.sk\/?page_id=1066\"><strong style=\"font-size: 14.4444px; line-height: 23.3333px;\"><em>Predbe\u017en\u00e9 sk\u00fa\u0161ky farbiarov 26. 10. 2014 Opatov\u00e1<\/em><\/strong><\/a><\/span><\/p>\n<hr \/>\n<p><a title=\"Farbiarske sk\u00fa\u0161ky duri\u010dov 12. 10. 2014 Doln\u00e1 S\u00fa\u010da\" href=\"http:\/\/www.polovnictvotn.eu.sk\/?page_id=1119\"><img loading=\"lazy\" decoding=\"async\" class=\"alignleft size-thumbnail wp-image-1125\" src=\"http:\/\/www.polovnictvotn.eu.sk\/wp-content\/uploads\/2014\/10\/DSC_0280-150x150.jpg\" alt=\"DSC_0280\" width=\"150\" height=\"150\" \/><\/a><span style=\"color: #339966;\"><strong><em><a style=\"color: #339966;\" title=\"Farbiarske sk\u00fa\u0161ky duri\u010dov 12. 10. 2014 Doln\u00e1 S\u00fa\u010da\" href=\"http:\/\/www.polovnictvotn.eu.sk\/?page_id=1119\">Farbiarske sk\u00fa\u0161ky duri\u010dov 12. 10. 2014 Doln\u00e1 S\u00fa\u010da\u00a0<\/a><\/em><\/strong><\/span><\/p>\n<hr \/>\n<p><span style=\"color: #ccffcc;\"><em><strong><img loading=\"lazy\" decoding=\"async\" class=\"alignleft size-thumbnail wp-image-1021\" src=\"http:\/\/www.polovnictvotn.eu.sk\/wp-content\/uploads\/2014\/10\/DSC_2754-150x150.jpg\" alt=\"DSC_2754\" width=\"150\" height=\"150\" \/><\/strong><\/em><\/span><span style=\"color: #339966;\"><em><strong><a style=\"color: #339966;\" title=\"18. Memori\u00e1l Kolomana Slim\u00e1ka 27. \u2013 28. 9. 2014 K\u00e1lnica\" href=\"http:\/\/www.polovnictvotn.eu.sk\/?page_id=1012\">18. Memori\u00e1l Kolomana Slim\u00e1ka 27. \u2013 28. 9. 2014 K\u00e1lnica<\/a><\/strong><\/em><\/span><\/p>\n<hr \/>\n<p><a title=\"Farbiarske sk\u00fa\u0161ky mal\u00fdch plemien 22.06.2014 Chocholn\u00e1\" href=\"http:\/\/www.polovnictvotn.eu.sk\/?page_id=804\"><strong><em><img loading=\"lazy\" decoding=\"async\" class=\"alignleft size-thumbnail wp-image-837\" src=\"http:\/\/www.polovnictvotn.eu.sk\/wp-content\/uploads\/2014\/06\/P1120020-150x150.jpg\" alt=\"P1120020\" width=\"150\" height=\"150\" \/>Farbiarske sk\u00fa\u0161ky mal\u00fdch plemien 22.06.2014 Chocholn\u00e1<\/em><\/strong><\/a><\/p>\n<hr \/>\n<p><span style=\"color: #ccffcc;\">\u00a0<a title=\"Trena\u017e\u00e9r na v\u00fdcvik farbiarov 15.06.2014 Inovec\" href=\"http:\/\/www.polovnictvotn.eu.sk\/?page_id=721\"><img loading=\"lazy\" decoding=\"async\" class=\"alignleft size-thumbnail wp-image-723\" src=\"http:\/\/www.polovnictvotn.eu.sk\/wp-content\/uploads\/2014\/06\/P1110277-150x150.jpg\" alt=\"P1110277\" width=\"150\" height=\"150\" \/><span style=\"color: #339966;\"><strong><em>Trena\u017e\u00e9r na v\u00fdcvik farbiarov 15.06.2014 Inovec<\/em><\/strong><\/span><\/a><\/span><\/p>\n<hr \/>\n<p><a title=\"Fyzick\u00e1 invent\u00fara psov 2015\" href=\"http:\/\/www.polovnictvotn.eu.sk\/?page_id=1245\"><img loading=\"lazy\" decoding=\"async\" class=\" size-thumbnail wp-image-1247 alignleft\" src=\"http:\/\/www.polovnictvotn.eu.sk\/wp-content\/uploads\/2015\/05\/DSC_5910-150x150.jpg\" alt=\"DSC_5910\" width=\"150\" height=\"150\" \/><\/a><\/p>\n<p><span style=\"color: #000000;\"><a style=\"color: #000000;\" title=\"Fyzick\u00e1 invent\u00fara psov 2015\" href=\"http:\/\/www.polovnictvotn.eu.sk\/?page_id=1245\"><em><strong>Fyzick\u00e1 invent\u00fara psov 2015<\/strong><\/em><\/a><\/span><\/p>\n<p>__________________________________________________________________<\/p>\n<p><strong><em><a title=\"Trena\u017e\u00e9r na v\u00fdcvik farbiarov 15.06.2014 Inovec\" href=\"http:\/\/www.polovnictvotn.eu.sk\/?page_id=721\"><img loading=\"lazy\" decoding=\"async\" class=\" size-thumbnail wp-image-739 alignleft\" src=\"http:\/\/www.polovnictvotn.eu.sk\/wp-content\/uploads\/2014\/06\/P1110397-150x150.jpg\" alt=\"P1110397\" width=\"150\" height=\"150\" \/><\/a><span style=\"color: #000000;\">Trena\u017e\u00e9r na v\u00fdcvik farbiarov 15.06.2014 Inovec<\/span><\/em><\/strong><\/p>\n","protected":false},"excerpt":{"rendered":"<p>Pl\u00e1n kynologick\u00fdch akci\u00ed OPK Tren\u010d\u00edn na rok 2026: Farbiarske sk\u00fa\u0161ky mal\u00fdch plemien (FSMP) \u2013 27.09.2026 Predbe\u017en\u00e9 sk\u00fa\u0161ky farbiarov (PF) \u2013 11.10.2026 Farbiarske sk\u00fa\u0161ky duri\u010dov (FD) \u2013 08.11.2026 Sk\u00fa\u0161ky duri\u010dov (DS) \u2013 05. &#8211; 06.12.2026 Farbiarske sk\u00fa\u0161ky mal\u00fdch plemien\u00a0 (FSMP)\u00a0 &#8211;\u00a0 21.09.2025 Farbiarske sk\u00fa\u0161ky duri\u010dov (FD)\u00a0 &#8211;\u00a0 26.10.2025 Predbe\u017en\u00e9 sk\u00fa\u0161ky farbiarov (PF)\u00a0 &#8211;\u00a0 12.10.2025 Sk\u00fa\u0161ky duri\u010dov [&hellip;]<\/p>\n","protected":false},"author":1,"featured_media":0,"parent":0,"menu_order":0,"comment_status":"closed","ping_status":"closed","template":"","meta":{"footnotes":""},"class_list":["post-157","page","type-page","status-publish","hentry"],"jetpack_sharing_enabled":true,"_links":{"self":[{"href":"http:\/\/www.polovnictvotn.eu.sk\/index.php?rest_route=\/wp\/v2\/pages\/157","targetHints":{"allow":["GET"]}}],"collection":[{"href":"http:\/\/www.polovnictvotn.eu.sk\/index.php?rest_route=\/wp\/v2\/pages"}],"about":[{"href":"http:\/\/www.polovnictvotn.eu.sk\/index.php?rest_route=\/wp\/v2\/types\/page"}],"author":[{"embeddable":true,"href":"http:\/\/www.polovnictvotn.eu.sk\/index.php?rest_route=\/wp\/v2\/users\/1"}],"replies":[{"embeddable":true,"href":"http:\/\/www.polovnictvotn.eu.sk\/index.php?rest_route=%2Fwp%2Fv2%2Fcomments&post=157"}],"version-history":[{"count":49,"href":"http:\/\/www.polovnictvotn.eu.sk\/index.php?rest_route=\/wp\/v2\/pages\/157\/revisions"}],"predecessor-version":[{"id":6711,"href":"http:\/\/www.polovnictvotn.eu.sk\/index.php?rest_route=\/wp\/v2\/pages\/157\/revisions\/6711"}],"wp:attachment":[{"href":"http:\/\/www.polovnictvotn.eu.sk\/index.php?rest_route=%2Fwp%2Fv2%2Fmedia&parent=157"}],"curies":[{"name":"wp","href":"https:\/\/api.w.org\/{rel}","templated":true}]}}