{"id":160,"date":"2014-04-15T11:32:19","date_gmt":"2014-04-15T09:32:19","guid":{"rendered":"http:\/\/www.polovnictvotn.eu.sk\/?page_id=160"},"modified":"2025-03-08T21:41:43","modified_gmt":"2025-03-08T19:41:43","slug":"polovnicke-zdruzenia","status":"publish","type":"page","link":"http:\/\/www.polovnictvotn.eu.sk\/?page_id=160","title":{"rendered":"Po\u013eovn\u00e9 rev\u00edry a ich u\u017e\u00edvatelia"},"content":{"rendered":"<h1 style=\"text-align: center;\"><\/h1>\n<h2 style=\"text-align: center;\">Zoznam po\u013eovn\u00fdch rev\u00edrov a ich u\u017e\u00edvate\u013eov a zoznam po\u013eovn\u00edckych organiz\u00e1cii bez po\u013eovn\u00e9ho rev\u00edru v p\u00f4sobnosti OPK Tren\u010d\u00edn<\/h2>\n<p style=\"text-align: center;\">pod\u013ea chovate\u013esk\u00fdch oblast\u00ed<\/p>\n<p><strong><u>J XXXVII. Pova\u017esk\u00fd Inovec<\/u><\/strong><\/p>\n<p>PR Hradi\u0161te \u2013 PZ Hradi\u0161te \u2013 Dubodiel, Ve\u013ek\u00e1 Hradn\u00e1<\/p>\n<p>PR Svinn\u00e1 \u2013 POS ROZMAR\u00cdN<\/p>\n<p>PR Inovec \u2013<em>\u00a0<\/em>LESY SR, \u0161. p. OZ Pova\u017eie<\/p>\n<p>PR Pal\u00fach \u2013 LH Inovec, s. r. o.<\/p>\n<p>PR Tren\u010dianske Stankovce \u2013 PS \u017dIL\u00c1KOVEC<\/p>\n<p><strong><u>J II. Bebrava<\/u><\/strong><\/p>\n<p>PR Tren\u010dianska Turn\u00e1 \u2013 PS ZAJAR\u010cIE<\/p>\n<p>PR Trub\u00e1rka \u2013 ZVPP Opatov\u00e1<\/p>\n<p>PR Ostr\u00fd vrch \u2013 PZ Ostr\u00fd vrch so s\u00eddlom v\u00a0Soblahove<\/p>\n<p>PR Neporadza \u2013 Miticko \u2013 Neporadzk\u00fd\u00a0 po\u013eovn\u00edcky spolok<\/p>\n<p>PR Machn\u00e1\u010d \u2013 PZ VY\u0160OVEC<\/p>\n<p>PR Doln\u00e1 Poruba \u2013 PS HOM\u00d4LKA<\/p>\n<p>PR Om\u0161enie \u2013 PS Om\u0161enie<\/p>\n<p>PR Tren\u010dianska Tepl\u00e1 \u2013 PS Kopec sv. Hubert Tren\u010d\u00edn<\/p>\n<p><strong><u>J XXIX. Biele Karpaty<\/u><\/strong><\/p>\n<p>PR Jaro\u0161ov\u00e1 \u2013 LESY SR, \u0161. p. OZ Pova\u017eie<\/p>\n<p>PR Horn\u00e9 Srnie \u2013 PZ Vl\u00e1ra Horn\u00e9 Srnie<\/p>\n<p>PR Nem\u0161ov\u00e1 \u2013 PZ Nem\u0161ov\u00e1<\/p>\n<p>PR K\u013e\u00fa\u010dov\u00e9 \u2013 PZ H\u00c1J K\u013e\u00fa\u010dov\u00e9<\/p>\n<p>PR \u010cere\u0161ienky \u2013 LESY SR, \u0161. p. OZ Pova\u017eie<\/p>\n<p>PR Horn\u00e1 S\u00fa\u010da \u2013 PZ Hlo\u017eec<\/p>\n<p>PR Doln\u00e1 S\u00fa\u010da \u2013 PZ Krasin Doln\u00e1 S\u00fa\u010da<\/p>\n<p>PR Istebn\u00edk \u2013 PS Istebn\u00edk<\/p>\n<p><strong><u>S\u00a0IV. Star\u00e1 Tur\u00e1 \u2013 Bo\u0161\u00e1ca<\/u><\/strong><\/p>\n<p>PR Drietoma \u2013 PZ \u017d\u013eab Drietoma<\/p>\n<p>PR Chocholn\u00e1 \u2013 Vel\u010dice \u2013 PZ Sokol\u00ed kame\u0148<\/p>\n<p>PR Mel\u010dice \u2013 Lieskov\u00e9 \u2013 PZ \u017dd\u00e1nov\u00e1<\/p>\n<p>PR Ivanovce \u2013 PZ Ivanovce<\/p>\n<p><strong><u>Po\u013eovn\u00edcke organiz\u00e1cie bez po\u013eovn\u00e9ho rev\u00edru:<\/u><\/strong><\/p>\n<p>PZ Gr\u00f3fovec, PZ Star\u00fd H\u00e1j \u2013 Z\u00e1va\u017eie, PS Podjastrabsk\u00e9 po\u013eovn\u00edcke zdru\u017eenie, PK Kulh\u00e1\u0148, PZ \u017d\u013eab &#8211; Ostr\u00e1 H\u00f4rka Drietoma, PO Dunaj<\/p>\n","protected":false},"excerpt":{"rendered":"<p>Zoznam po\u013eovn\u00fdch rev\u00edrov a ich u\u017e\u00edvate\u013eov a zoznam po\u013eovn\u00edckych organiz\u00e1cii bez po\u013eovn\u00e9ho rev\u00edru v p\u00f4sobnosti OPK Tren\u010d\u00edn pod\u013ea chovate\u013esk\u00fdch oblast\u00ed J XXXVII. Pova\u017esk\u00fd Inovec PR Hradi\u0161te \u2013 PZ Hradi\u0161te \u2013 Dubodiel, Ve\u013ek\u00e1 Hradn\u00e1 PR Svinn\u00e1 \u2013 POS ROZMAR\u00cdN PR Inovec \u2013\u00a0LESY SR, \u0161. p. OZ Pova\u017eie PR Pal\u00fach \u2013 LH Inovec, s. r. o. PR [&hellip;]<\/p>\n","protected":false},"author":1,"featured_media":0,"parent":0,"menu_order":0,"comment_status":"closed","ping_status":"closed","template":"","meta":{"footnotes":""},"class_list":["post-160","page","type-page","status-publish","hentry"],"jetpack_sharing_enabled":true,"_links":{"self":[{"href":"http:\/\/www.polovnictvotn.eu.sk\/index.php?rest_route=\/wp\/v2\/pages\/160","targetHints":{"allow":["GET"]}}],"collection":[{"href":"http:\/\/www.polovnictvotn.eu.sk\/index.php?rest_route=\/wp\/v2\/pages"}],"about":[{"href":"http:\/\/www.polovnictvotn.eu.sk\/index.php?rest_route=\/wp\/v2\/types\/page"}],"author":[{"embeddable":true,"href":"http:\/\/www.polovnictvotn.eu.sk\/index.php?rest_route=\/wp\/v2\/users\/1"}],"replies":[{"embeddable":true,"href":"http:\/\/www.polovnictvotn.eu.sk\/index.php?rest_route=%2Fwp%2Fv2%2Fcomments&post=160"}],"version-history":[{"count":17,"href":"http:\/\/www.polovnictvotn.eu.sk\/index.php?rest_route=\/wp\/v2\/pages\/160\/revisions"}],"predecessor-version":[{"id":6066,"href":"http:\/\/www.polovnictvotn.eu.sk\/index.php?rest_route=\/wp\/v2\/pages\/160\/revisions\/6066"}],"wp:attachment":[{"href":"http:\/\/www.polovnictvotn.eu.sk\/index.php?rest_route=%2Fwp%2Fv2%2Fmedia&parent=160"}],"curies":[{"name":"wp","href":"https:\/\/api.w.org\/{rel}","templated":true}]}}