{"id":1791,"date":"2017-05-02T18:32:22","date_gmt":"2017-05-02T16:32:22","guid":{"rendered":"http:\/\/www.polovnictvotn.eu.sk\/?page_id=1791"},"modified":"2017-05-02T19:05:59","modified_gmt":"2017-05-02T17:05:59","slug":"majstrovstva-opkrgo-spz-trencin-v-m-400-30-04-2017-stara-tura","status":"publish","type":"page","link":"http:\/\/www.polovnictvotn.eu.sk\/?page_id=1791","title":{"rendered":"majstrovstv\u00e1 OPK\/RgO SPZ Tren\u010d\u00edn v M-400 30.04.2017 Star\u00e1 Tur\u00e1"},"content":{"rendered":"<div>\n<div>\n<div>\n<div>\n<div>V nede\u013eu 30.4.2017 sa konali okresn\u00e9 majstrovstv\u00e1 v stre\u013ebe z malokalibovky M-400,poriadan\u00e9 na strelnici v Starej Turej, organizovan\u00e9 OPK\/Rgo SPZ Tren\u010d\u00edn.<\/div>\n<p>Slne\u010dn\u00e9 nede\u013en\u00e9 r\u00e1no pril\u00e1kalo 41 v\u00fdkonnostn\u00fdch a po\u013eovn\u00edckych strelcov,aby si zmerali svoje schopnosti. Pretek otvoril riadite\u013e pretekov Ing.Kova\u010dik, ktor\u00fd strelcov informoval o priebehu pretekov.<\/p><\/div>\n<p>S\u00fa\u0165a\u017e prebiehala v svi\u017enom tempe pod doh\u013eadom rozhodcu Mgr.Kucharovi\u010da.<\/p><\/div>\n<p>O r\u00fdchlu v\u00fdmenu ter\u010dov sa postarali po\u013eovn\u00edcky kandid\u00e1ti,ktor\u00ed si na z\u00e1ver pretekov vysk\u00fa\u0161ali manipul\u00e1ciu so zbra\u0148ou a stre\u013ebu na ter\u010d diviaka, pod taktovkou p.Durca,<\/p><\/div>\n<p>\u010cas medzi jednotliv\u00fdmi kolami si s\u00fa\u0165a\u017eiaci kr\u00e1tili v dru\u017enej debate.<\/p><\/div>\n<div>Ceny ,ktor\u00e9 venovala OPK\/RgO SPZ v spolupr\u00e1ci s firmou IBO Po\u013eovn\u00edk, odovzdali v\u00ed\u0165azom Ing,Mr\u00e1zik s p. Hl\u00e1dekom.<\/div>\n<p>Kompletn\u00e9 v\u00fdsledky Majstrovstiev si m\u00f4\u017eete stiahnu\u0165 kliknut\u00edm na odkaz ni\u017e\u0161ie.<\/p>\n<p><span style=\"color: #ccffcc;\"><em><strong><a style=\"color: #ccffcc;\" href=\"http:\/\/www.polovnictvotn.eu.sk\/wp-content\/uploads\/2017\/05\/V\u00fdsl.-listina-M400-2017..xls\">V\u00fdsledkov\u00e1 listina M400-2017.<\/a><\/strong><\/em><\/span><\/p>\n<p><a class=\"boxersandswipers\" title=\"DSC_9101\" href=\"http:\/\/www.polovnictvotn.eu.sk\/wp-content\/uploads\/2017\/05\/DSC_9101.jpg\"><img loading=\"lazy\" decoding=\"async\" class=\"alignnone size-thumbnail wp-image-1792\" src=\"http:\/\/www.polovnictvotn.eu.sk\/wp-content\/uploads\/2017\/05\/DSC_9101-150x150.jpg\" alt=\"\" width=\"150\" height=\"150\" \/><\/a> <a class=\"boxersandswipers\" title=\"DSC_9105\" href=\"http:\/\/www.polovnictvotn.eu.sk\/wp-content\/uploads\/2017\/05\/DSC_9105.jpg\"><img loading=\"lazy\" decoding=\"async\" class=\"alignnone size-thumbnail wp-image-1793\" src=\"http:\/\/www.polovnictvotn.eu.sk\/wp-content\/uploads\/2017\/05\/DSC_9105-150x150.jpg\" alt=\"\" width=\"150\" height=\"150\" \/><\/a> <a class=\"boxersandswipers\" title=\"DSC_9107\" href=\"http:\/\/www.polovnictvotn.eu.sk\/wp-content\/uploads\/2017\/05\/DSC_9107.jpg\"><img loading=\"lazy\" decoding=\"async\" class=\"alignnone size-thumbnail wp-image-1794\" src=\"http:\/\/www.polovnictvotn.eu.sk\/wp-content\/uploads\/2017\/05\/DSC_9107-150x150.jpg\" alt=\"\" width=\"150\" height=\"150\" \/><\/a> <a class=\"boxersandswipers\" title=\"DSC_9111\" href=\"http:\/\/www.polovnictvotn.eu.sk\/wp-content\/uploads\/2017\/05\/DSC_9111.jpg\"><img loading=\"lazy\" decoding=\"async\" class=\"alignnone size-thumbnail wp-image-1795\" src=\"http:\/\/www.polovnictvotn.eu.sk\/wp-content\/uploads\/2017\/05\/DSC_9111-150x150.jpg\" alt=\"\" width=\"150\" height=\"150\" \/><\/a> <a class=\"boxersandswipers\" title=\"DSC_9112\" href=\"http:\/\/www.polovnictvotn.eu.sk\/wp-content\/uploads\/2017\/05\/DSC_9112.jpg\"><img loading=\"lazy\" decoding=\"async\" class=\"alignnone size-thumbnail wp-image-1796\" src=\"http:\/\/www.polovnictvotn.eu.sk\/wp-content\/uploads\/2017\/05\/DSC_9112-150x150.jpg\" alt=\"\" width=\"150\" height=\"150\" \/><\/a> <a class=\"boxersandswipers\" title=\"DSC_9117\" href=\"http:\/\/www.polovnictvotn.eu.sk\/wp-content\/uploads\/2017\/05\/DSC_9117.jpg\"><img loading=\"lazy\" decoding=\"async\" class=\"alignnone size-thumbnail wp-image-1797\" src=\"http:\/\/www.polovnictvotn.eu.sk\/wp-content\/uploads\/2017\/05\/DSC_9117-150x150.jpg\" alt=\"\" width=\"150\" height=\"150\" \/><\/a> <a class=\"boxersandswipers\" title=\"DSC_9122\" href=\"http:\/\/www.polovnictvotn.eu.sk\/wp-content\/uploads\/2017\/05\/DSC_9122.jpg\"><img loading=\"lazy\" decoding=\"async\" class=\"alignnone size-thumbnail wp-image-1798\" src=\"http:\/\/www.polovnictvotn.eu.sk\/wp-content\/uploads\/2017\/05\/DSC_9122-150x150.jpg\" alt=\"\" width=\"150\" height=\"150\" \/><\/a> <a class=\"boxersandswipers\" title=\"DSC_9136\" href=\"http:\/\/www.polovnictvotn.eu.sk\/wp-content\/uploads\/2017\/05\/DSC_9136.jpg\"><img loading=\"lazy\" decoding=\"async\" class=\"alignnone size-thumbnail wp-image-1799\" src=\"http:\/\/www.polovnictvotn.eu.sk\/wp-content\/uploads\/2017\/05\/DSC_9136-150x150.jpg\" alt=\"\" width=\"150\" height=\"150\" \/><\/a> <a class=\"boxersandswipers\" title=\"DSC_9139\" href=\"http:\/\/www.polovnictvotn.eu.sk\/wp-content\/uploads\/2017\/05\/DSC_9139.jpg\"><img loading=\"lazy\" decoding=\"async\" class=\"alignnone size-thumbnail wp-image-1800\" src=\"http:\/\/www.polovnictvotn.eu.sk\/wp-content\/uploads\/2017\/05\/DSC_9139-150x150.jpg\" alt=\"\" width=\"150\" height=\"150\" \/><\/a> <a class=\"boxersandswipers\" title=\"DSC_9149\" href=\"http:\/\/www.polovnictvotn.eu.sk\/wp-content\/uploads\/2017\/05\/DSC_9149.jpg\"><img loading=\"lazy\" decoding=\"async\" class=\"alignnone size-thumbnail wp-image-1801\" src=\"http:\/\/www.polovnictvotn.eu.sk\/wp-content\/uploads\/2017\/05\/DSC_9149-150x150.jpg\" alt=\"\" width=\"150\" height=\"150\" \/><\/a> <a class=\"boxersandswipers\" title=\"DSC_9159\" href=\"http:\/\/www.polovnictvotn.eu.sk\/wp-content\/uploads\/2017\/05\/DSC_9159.jpg\"><img loading=\"lazy\" decoding=\"async\" class=\"alignnone size-thumbnail wp-image-1802\" src=\"http:\/\/www.polovnictvotn.eu.sk\/wp-content\/uploads\/2017\/05\/DSC_9159-150x150.jpg\" alt=\"\" width=\"150\" height=\"150\" \/><\/a> <a class=\"boxersandswipers\" title=\"DSC_9177\" href=\"http:\/\/www.polovnictvotn.eu.sk\/wp-content\/uploads\/2017\/05\/DSC_9177.jpg\"><img loading=\"lazy\" decoding=\"async\" class=\"alignnone size-thumbnail wp-image-1803\" src=\"http:\/\/www.polovnictvotn.eu.sk\/wp-content\/uploads\/2017\/05\/DSC_9177-150x150.jpg\" alt=\"\" width=\"150\" height=\"150\" \/><\/a> <a class=\"boxersandswipers\" title=\"DSC_9181\" href=\"http:\/\/www.polovnictvotn.eu.sk\/wp-content\/uploads\/2017\/05\/DSC_9181.jpg\"><img loading=\"lazy\" decoding=\"async\" class=\"alignnone size-thumbnail wp-image-1804\" src=\"http:\/\/www.polovnictvotn.eu.sk\/wp-content\/uploads\/2017\/05\/DSC_9181-150x150.jpg\" alt=\"\" width=\"150\" height=\"150\" \/><\/a> <a class=\"boxersandswipers\" title=\"DSC_9187\" href=\"http:\/\/www.polovnictvotn.eu.sk\/wp-content\/uploads\/2017\/05\/DSC_9187.jpg\"><img loading=\"lazy\" decoding=\"async\" class=\"alignnone size-thumbnail wp-image-1805\" src=\"http:\/\/www.polovnictvotn.eu.sk\/wp-content\/uploads\/2017\/05\/DSC_9187-150x150.jpg\" alt=\"\" width=\"150\" height=\"150\" \/><\/a> <a class=\"boxersandswipers\" title=\"DSC_9196\" href=\"http:\/\/www.polovnictvotn.eu.sk\/wp-content\/uploads\/2017\/05\/DSC_9196.jpg\"><img loading=\"lazy\" decoding=\"async\" class=\"alignnone size-thumbnail wp-image-1806\" src=\"http:\/\/www.polovnictvotn.eu.sk\/wp-content\/uploads\/2017\/05\/DSC_9196-150x150.jpg\" alt=\"\" width=\"150\" height=\"150\" \/><\/a> <a class=\"boxersandswipers\" title=\"DSC_9208\" href=\"http:\/\/www.polovnictvotn.eu.sk\/wp-content\/uploads\/2017\/05\/DSC_9208.jpg\"><img loading=\"lazy\" decoding=\"async\" class=\"alignnone size-thumbnail wp-image-1807\" src=\"http:\/\/www.polovnictvotn.eu.sk\/wp-content\/uploads\/2017\/05\/DSC_9208-150x150.jpg\" alt=\"\" width=\"150\" height=\"150\" \/><\/a> <a class=\"boxersandswipers\" title=\"DSC_9219\" href=\"http:\/\/www.polovnictvotn.eu.sk\/wp-content\/uploads\/2017\/05\/DSC_9219.jpg\"><img loading=\"lazy\" decoding=\"async\" class=\"alignnone size-thumbnail wp-image-1808\" src=\"http:\/\/www.polovnictvotn.eu.sk\/wp-content\/uploads\/2017\/05\/DSC_9219-150x150.jpg\" alt=\"\" width=\"150\" height=\"150\" \/><\/a> <a class=\"boxersandswipers\" title=\"DSC_9225\" href=\"http:\/\/www.polovnictvotn.eu.sk\/wp-content\/uploads\/2017\/05\/DSC_9225.jpg\"><img loading=\"lazy\" decoding=\"async\" class=\"alignnone size-thumbnail wp-image-1809\" src=\"http:\/\/www.polovnictvotn.eu.sk\/wp-content\/uploads\/2017\/05\/DSC_9225-150x150.jpg\" alt=\"\" width=\"150\" height=\"150\" \/><\/a><\/p>\n","protected":false},"excerpt":{"rendered":"<p>V nede\u013eu 30.4.2017 sa konali okresn\u00e9 majstrovstv\u00e1 v stre\u013ebe z malokalibovky M-400,poriadan\u00e9 na strelnici v Starej Turej, organizovan\u00e9 OPK\/Rgo SPZ Tren\u010d\u00edn. Slne\u010dn\u00e9 nede\u013en\u00e9 r\u00e1no pril\u00e1kalo 41 v\u00fdkonnostn\u00fdch a po\u013eovn\u00edckych strelcov,aby si zmerali svoje schopnosti. Pretek otvoril riadite\u013e pretekov Ing.Kova\u010dik, ktor\u00fd strelcov informoval o priebehu pretekov. S\u00fa\u0165a\u017e prebiehala v svi\u017enom tempe pod doh\u013eadom rozhodcu Mgr.Kucharovi\u010da. O [&hellip;]<\/p>\n","protected":false},"author":1,"featured_media":0,"parent":0,"menu_order":0,"comment_status":"closed","ping_status":"closed","template":"","meta":{"footnotes":""},"class_list":["post-1791","page","type-page","status-publish","hentry"],"jetpack_sharing_enabled":true,"_links":{"self":[{"href":"http:\/\/www.polovnictvotn.eu.sk\/index.php?rest_route=\/wp\/v2\/pages\/1791","targetHints":{"allow":["GET"]}}],"collection":[{"href":"http:\/\/www.polovnictvotn.eu.sk\/index.php?rest_route=\/wp\/v2\/pages"}],"about":[{"href":"http:\/\/www.polovnictvotn.eu.sk\/index.php?rest_route=\/wp\/v2\/types\/page"}],"author":[{"embeddable":true,"href":"http:\/\/www.polovnictvotn.eu.sk\/index.php?rest_route=\/wp\/v2\/users\/1"}],"replies":[{"embeddable":true,"href":"http:\/\/www.polovnictvotn.eu.sk\/index.php?rest_route=%2Fwp%2Fv2%2Fcomments&post=1791"}],"version-history":[{"count":4,"href":"http:\/\/www.polovnictvotn.eu.sk\/index.php?rest_route=\/wp\/v2\/pages\/1791\/revisions"}],"predecessor-version":[{"id":1816,"href":"http:\/\/www.polovnictvotn.eu.sk\/index.php?rest_route=\/wp\/v2\/pages\/1791\/revisions\/1816"}],"wp:attachment":[{"href":"http:\/\/www.polovnictvotn.eu.sk\/index.php?rest_route=%2Fwp%2Fv2%2Fmedia&parent=1791"}],"curies":[{"name":"wp","href":"https:\/\/api.w.org\/{rel}","templated":true}]}}