{"id":1837,"date":"2017-05-20T12:34:09","date_gmt":"2017-05-20T10:34:09","guid":{"rendered":"http:\/\/www.polovnictvotn.eu.sk\/?page_id=1837"},"modified":"2017-05-20T12:34:09","modified_gmt":"2017-05-20T10:34:09","slug":"kalendar-lovu-zveri","status":"publish","type":"page","link":"http:\/\/www.polovnictvotn.eu.sk\/?page_id=1837","title":{"rendered":"Kalend\u00e1r lovu zveri"},"content":{"rendered":"<p>pod\u013ea Vyhl\u00e1\u0161ky \u010d.344 \/ 2009 Z. z. Ministerstva p\u00f4dohospod\u00e1rstva Slovenskej republiky, ktorou sa vykon\u00e1va z\u00e1kon o po\u013eovn\u00edctve (v znen\u00ed \u010d. 227\/2010 Z. z., 125\/2012 Z. z., 489\/2013 Z. z.)<\/p>\n<p><a class=\"boxersandswipers\" title=\"srsnata1\" href=\"http:\/\/www.polovnictvotn.eu.sk\/wp-content\/uploads\/2017\/05\/srsnata1.jpg\"><img loading=\"lazy\" decoding=\"async\" class=\"alignnone size-medium wp-image-1839\" src=\"http:\/\/www.polovnictvotn.eu.sk\/wp-content\/uploads\/2017\/05\/srsnata1-300x260.jpg\" alt=\"\" width=\"300\" height=\"260\" srcset=\"http:\/\/www.polovnictvotn.eu.sk\/wp-content\/uploads\/2017\/05\/srsnata1-300x260.jpg 300w, http:\/\/www.polovnictvotn.eu.sk\/wp-content\/uploads\/2017\/05\/srsnata1-768x665.jpg 768w, http:\/\/www.polovnictvotn.eu.sk\/wp-content\/uploads\/2017\/05\/srsnata1.jpg 814w\" sizes=\"auto, (max-width: 300px) 100vw, 300px\" \/><\/a><\/p>\n<p><a class=\"boxersandswipers\" title=\"pernata_nove\" href=\"http:\/\/www.polovnictvotn.eu.sk\/wp-content\/uploads\/2017\/05\/pernata_nove.jpg\"><img loading=\"lazy\" decoding=\"async\" class=\"alignnone size-medium wp-image-1838\" src=\"http:\/\/www.polovnictvotn.eu.sk\/wp-content\/uploads\/2017\/05\/pernata_nove-300x195.jpg\" alt=\"\" width=\"300\" height=\"195\" srcset=\"http:\/\/www.polovnictvotn.eu.sk\/wp-content\/uploads\/2017\/05\/pernata_nove-300x195.jpg 300w, http:\/\/www.polovnictvotn.eu.sk\/wp-content\/uploads\/2017\/05\/pernata_nove-768x500.jpg 768w, http:\/\/www.polovnictvotn.eu.sk\/wp-content\/uploads\/2017\/05\/pernata_nove.jpg 814w\" sizes=\"auto, (max-width: 300px) 100vw, 300px\" \/><\/a><\/p>\n","protected":false},"excerpt":{"rendered":"<p>pod\u013ea Vyhl\u00e1\u0161ky \u010d.344 \/ 2009 Z. z. Ministerstva p\u00f4dohospod\u00e1rstva Slovenskej republiky, ktorou sa vykon\u00e1va z\u00e1kon o po\u013eovn\u00edctve (v znen\u00ed \u010d. 227\/2010 Z. z., 125\/2012 Z. z., 489\/2013 Z. z.)<\/p>\n","protected":false},"author":1,"featured_media":0,"parent":0,"menu_order":0,"comment_status":"closed","ping_status":"closed","template":"","meta":{"footnotes":""},"class_list":["post-1837","page","type-page","status-publish","hentry"],"jetpack_sharing_enabled":true,"_links":{"self":[{"href":"http:\/\/www.polovnictvotn.eu.sk\/index.php?rest_route=\/wp\/v2\/pages\/1837","targetHints":{"allow":["GET"]}}],"collection":[{"href":"http:\/\/www.polovnictvotn.eu.sk\/index.php?rest_route=\/wp\/v2\/pages"}],"about":[{"href":"http:\/\/www.polovnictvotn.eu.sk\/index.php?rest_route=\/wp\/v2\/types\/page"}],"author":[{"embeddable":true,"href":"http:\/\/www.polovnictvotn.eu.sk\/index.php?rest_route=\/wp\/v2\/users\/1"}],"replies":[{"embeddable":true,"href":"http:\/\/www.polovnictvotn.eu.sk\/index.php?rest_route=%2Fwp%2Fv2%2Fcomments&post=1837"}],"version-history":[{"count":1,"href":"http:\/\/www.polovnictvotn.eu.sk\/index.php?rest_route=\/wp\/v2\/pages\/1837\/revisions"}],"predecessor-version":[{"id":1840,"href":"http:\/\/www.polovnictvotn.eu.sk\/index.php?rest_route=\/wp\/v2\/pages\/1837\/revisions\/1840"}],"wp:attachment":[{"href":"http:\/\/www.polovnictvotn.eu.sk\/index.php?rest_route=%2Fwp%2Fv2%2Fmedia&parent=1837"}],"curies":[{"name":"wp","href":"https:\/\/api.w.org\/{rel}","templated":true}]}}