{"id":1884,"date":"2017-05-25T17:22:24","date_gmt":"2017-05-25T15:22:24","guid":{"rendered":"http:\/\/www.polovnictvotn.eu.sk\/?page_id=1884"},"modified":"2017-05-29T20:44:23","modified_gmt":"2017-05-29T18:44:23","slug":"kynologicky-vycvikovy-den-20-5-2017-kalnica","status":"publish","type":"page","link":"http:\/\/www.polovnictvotn.eu.sk\/?page_id=1884","title":{"rendered":"Kynologick\u00fd v\u00fdcvikov\u00fd de\u0148, 20.5.2017, K\u00e1lnica"},"content":{"rendered":"<div class=\"_5wd4 _1nc7\">\n<div class=\"_h8t\">\n<div class=\"_5wd9 direction_ltr\">\n<div class=\"_5wde _n4o\">\n<div class=\"_5w1r _3_om _5wdf\">\n<div class=\"_4gx_\"><em><span class=\"_5yl5\">20.5.2017 sa \u00a0na kynologickom v\u00fdcvikovom dni v PZ K\u00e1lnica (ktor\u00e9mu \u010fakujeme za usporiadanie a priestory) \u00a0z\u00fa\u010dastnilo 75 \u013eud\u00ed. Z toho bolo 11 kandid\u00e1tov z kurzu po\u013eovn\u00edctva.\u00a0<\/span><\/em><\/p>\n<div><em>Svojimi odborn\u00fdmi radami prispeli a vysvetlili sk\u00fa\u0161obn\u00e9 poriadky a jednotliv\u00e9 discipl\u00edny, ktor\u00e9 musia ps\u00edkovia zvl\u00e1dnu\u0165 na sk\u00fa\u0161kach rozhodcovia z v\u00fdkonu psov p. Rudolf Hladek, J\u00e1n Krchnav\u00fd, Rajmund Rapai\u010d, Milan R\u00fdger, Erika Jan\u00edkov\u00e1.<\/em><\/div>\n<div><em>A treba spomen\u00fa\u0165 aj v\u00fdborn\u00fd gul\u00e1\u0161 \ud83d\ude42 !<\/em><\/div>\n<div><em>Pripraven\u00e9 stopy si cvi\u010dne vypracovali niektor\u00e9 plemen\u00e1 po\u013eovn\u00fdch psov: jazve\u010d\u00edk &#8211; hladkosrst\u00fd, hrubosrst\u00fd, farbiar &#8211; anglick\u00fd, hanoversk\u00fd, \u00edrsky teri\u00e9r, foxteri\u00e9r, slovensk\u00fd kopov, alpsk\u00fd jazve\u010d\u00edkovit\u00fd duri\u010d&#8230;<\/em><\/div>\n<\/div>\n<\/div>\n<\/div>\n<\/div>\n<\/div>\n<\/div>\n<p><a class=\"boxersandswipers\" href=\"http:\/\/www.polovnictvotn.eu.sk\/wp-content\/uploads\/2017\/05\/18664468_1446506615410371_551211313069539128_n.jpg\"><img loading=\"lazy\" decoding=\"async\" class=\"alignnone size-thumbnail wp-image-1881\" src=\"http:\/\/www.polovnictvotn.eu.sk\/wp-content\/uploads\/2017\/05\/18664468_1446506615410371_551211313069539128_n-150x150.jpg\" alt=\"\" width=\"150\" height=\"150\" \/><\/a> <a class=\"boxersandswipers\" href=\"http:\/\/www.polovnictvotn.eu.sk\/wp-content\/uploads\/2017\/05\/18698358_1446504498743916_1374320650591276373_n.jpg\"><img loading=\"lazy\" decoding=\"async\" class=\"alignnone size-thumbnail wp-image-1883\" src=\"http:\/\/www.polovnictvotn.eu.sk\/wp-content\/uploads\/2017\/05\/18698358_1446504498743916_1374320650591276373_n-150x150.jpg\" alt=\"\" width=\"150\" height=\"150\" \/><\/a> <a class=\"boxersandswipers\" href=\"http:\/\/www.polovnictvotn.eu.sk\/wp-content\/uploads\/2017\/05\/18664692_1446504695410563_6491916503981802920_n.jpg\"><img loading=\"lazy\" decoding=\"async\" class=\"alignnone size-thumbnail wp-image-1882\" src=\"http:\/\/www.polovnictvotn.eu.sk\/wp-content\/uploads\/2017\/05\/18664692_1446504695410563_6491916503981802920_n-150x150.jpg\" alt=\"\" width=\"150\" height=\"150\" \/><\/a> <a class=\"boxersandswipers\" href=\"http:\/\/www.polovnictvotn.eu.sk\/wp-content\/uploads\/2017\/05\/18664401_1446505442077155_8638053085167645365_n.jpg\"><img loading=\"lazy\" decoding=\"async\" class=\"alignnone size-thumbnail wp-image-1880\" src=\"http:\/\/www.polovnictvotn.eu.sk\/wp-content\/uploads\/2017\/05\/18664401_1446505442077155_8638053085167645365_n-150x150.jpg\" alt=\"\" width=\"150\" height=\"150\" \/><\/a> <a class=\"boxersandswipers\" href=\"http:\/\/www.polovnictvotn.eu.sk\/wp-content\/uploads\/2017\/05\/18641412_1626857623991772_1047065672_o.jpg\"><img loading=\"lazy\" decoding=\"async\" class=\"alignnone size-thumbnail wp-image-1879\" src=\"http:\/\/www.polovnictvotn.eu.sk\/wp-content\/uploads\/2017\/05\/18641412_1626857623991772_1047065672_o-150x150.jpg\" alt=\"\" width=\"150\" height=\"150\" \/><\/a> <a class=\"boxersandswipers\" href=\"http:\/\/www.polovnictvotn.eu.sk\/wp-content\/uploads\/2017\/05\/18618984_1626857023991832_855103726_o.jpg\"><img loading=\"lazy\" decoding=\"async\" class=\"alignnone size-thumbnail wp-image-1874\" src=\"http:\/\/www.polovnictvotn.eu.sk\/wp-content\/uploads\/2017\/05\/18618984_1626857023991832_855103726_o-150x150.jpg\" alt=\"\" width=\"150\" height=\"150\" \/><\/a> <a class=\"boxersandswipers\" href=\"http:\/\/www.polovnictvotn.eu.sk\/wp-content\/uploads\/2017\/05\/18620079_1446506342077065_308213572932666197_n.jpg\"><img loading=\"lazy\" decoding=\"async\" class=\"alignnone size-thumbnail wp-image-1875\" src=\"http:\/\/www.polovnictvotn.eu.sk\/wp-content\/uploads\/2017\/05\/18620079_1446506342077065_308213572932666197_n-150x150.jpg\" alt=\"\" width=\"150\" height=\"150\" \/><\/a> <a class=\"boxersandswipers\" href=\"http:\/\/www.polovnictvotn.eu.sk\/wp-content\/uploads\/2017\/05\/18622346_1446506052077094_7025601616357687295_n.jpg\"><img loading=\"lazy\" decoding=\"async\" class=\"alignnone size-thumbnail wp-image-1876\" src=\"http:\/\/www.polovnictvotn.eu.sk\/wp-content\/uploads\/2017\/05\/18622346_1446506052077094_7025601616357687295_n-150x150.jpg\" alt=\"\" width=\"150\" height=\"150\" \/><\/a> <a class=\"boxersandswipers\" href=\"http:\/\/www.polovnictvotn.eu.sk\/wp-content\/uploads\/2017\/05\/18622991_1626856683991866_1060048669_n.jpg\"><img loading=\"lazy\" decoding=\"async\" class=\"alignnone size-thumbnail wp-image-1877\" src=\"http:\/\/www.polovnictvotn.eu.sk\/wp-content\/uploads\/2017\/05\/18622991_1626856683991866_1060048669_n-150x150.jpg\" alt=\"\" width=\"150\" height=\"150\" \/><\/a> <a class=\"boxersandswipers\" href=\"http:\/\/www.polovnictvotn.eu.sk\/wp-content\/uploads\/2017\/05\/18641379_1626857450658456_442382015_o.jpg\"><img loading=\"lazy\" decoding=\"async\" class=\"alignnone size-thumbnail wp-image-1878\" src=\"http:\/\/www.polovnictvotn.eu.sk\/wp-content\/uploads\/2017\/05\/18641379_1626857450658456_442382015_o-150x150.jpg\" alt=\"\" width=\"150\" height=\"150\" \/><\/a> <a class=\"boxersandswipers\" href=\"http:\/\/www.polovnictvotn.eu.sk\/wp-content\/uploads\/2017\/05\/18601408_1626857300658471_1164355179_n.jpg\"><img loading=\"lazy\" decoding=\"async\" class=\"alignnone size-thumbnail wp-image-1873\" src=\"http:\/\/www.polovnictvotn.eu.sk\/wp-content\/uploads\/2017\/05\/18601408_1626857300658471_1164355179_n-150x150.jpg\" alt=\"\" width=\"150\" height=\"150\" \/><\/a> <a class=\"boxersandswipers\" href=\"http:\/\/www.polovnictvotn.eu.sk\/wp-content\/uploads\/2017\/05\/18601403_1626857123991822_127047447_n.jpg\"><img loading=\"lazy\" decoding=\"async\" class=\"alignnone size-thumbnail wp-image-1872\" src=\"http:\/\/www.polovnictvotn.eu.sk\/wp-content\/uploads\/2017\/05\/18601403_1626857123991822_127047447_n-150x150.jpg\" alt=\"\" width=\"150\" height=\"150\" \/><\/a> <a class=\"boxersandswipers\" href=\"http:\/\/www.polovnictvotn.eu.sk\/wp-content\/uploads\/2017\/05\/18597125_1626857380658463_1433444066_o.jpg\"><img loading=\"lazy\" decoding=\"async\" class=\"alignnone size-thumbnail wp-image-1871\" src=\"http:\/\/www.polovnictvotn.eu.sk\/wp-content\/uploads\/2017\/05\/18597125_1626857380658463_1433444066_o-150x150.jpg\" alt=\"\" width=\"150\" height=\"150\" \/><\/a> <a class=\"boxersandswipers\" href=\"http:\/\/www.polovnictvotn.eu.sk\/wp-content\/uploads\/2017\/05\/18597092_1626856973991837_838258451_o.jpg\"><img loading=\"lazy\" decoding=\"async\" class=\"alignnone size-thumbnail wp-image-1870\" src=\"http:\/\/www.polovnictvotn.eu.sk\/wp-content\/uploads\/2017\/05\/18597092_1626856973991837_838258451_o-150x150.jpg\" alt=\"\" width=\"150\" height=\"150\" \/><\/a> <a class=\"boxersandswipers\" href=\"http:\/\/www.polovnictvotn.eu.sk\/wp-content\/uploads\/2017\/05\/18596948_1626856760658525_25265610_o.jpg\"><img loading=\"lazy\" decoding=\"async\" class=\"alignnone size-thumbnail wp-image-1869\" src=\"http:\/\/www.polovnictvotn.eu.sk\/wp-content\/uploads\/2017\/05\/18596948_1626856760658525_25265610_o-150x150.jpg\" alt=\"\" width=\"150\" height=\"150\" \/><\/a> <a class=\"boxersandswipers\" href=\"http:\/\/www.polovnictvotn.eu.sk\/wp-content\/uploads\/2017\/05\/18588776_1446504298743936_8547150531016318917_o.jpg\"><img loading=\"lazy\" decoding=\"async\" class=\"alignnone size-thumbnail wp-image-1864\" src=\"http:\/\/www.polovnictvotn.eu.sk\/wp-content\/uploads\/2017\/05\/18588776_1446504298743936_8547150531016318917_o-150x150.jpg\" alt=\"\" width=\"150\" height=\"150\" srcset=\"http:\/\/www.polovnictvotn.eu.sk\/wp-content\/uploads\/2017\/05\/18588776_1446504298743936_8547150531016318917_o-150x150.jpg 150w, http:\/\/www.polovnictvotn.eu.sk\/wp-content\/uploads\/2017\/05\/18588776_1446504298743936_8547150531016318917_o-300x300.jpg 300w, http:\/\/www.polovnictvotn.eu.sk\/wp-content\/uploads\/2017\/05\/18588776_1446504298743936_8547150531016318917_o.jpg 598w\" sizes=\"auto, (max-width: 150px) 100vw, 150px\" \/><\/a> <a class=\"boxersandswipers\" href=\"http:\/\/www.polovnictvotn.eu.sk\/wp-content\/uploads\/2017\/05\/18596425_1626856813991853_562265952_o.jpg\"><img loading=\"lazy\" decoding=\"async\" class=\"alignnone size-thumbnail wp-image-1865\" src=\"http:\/\/www.polovnictvotn.eu.sk\/wp-content\/uploads\/2017\/05\/18596425_1626856813991853_562265952_o-150x150.jpg\" alt=\"\" width=\"150\" height=\"150\" \/><\/a> <a class=\"boxersandswipers\" href=\"http:\/\/www.polovnictvotn.eu.sk\/wp-content\/uploads\/2017\/05\/18596491_1626856897325178_1450553361_o.jpg\"><img loading=\"lazy\" decoding=\"async\" class=\"alignnone size-thumbnail wp-image-1867\" src=\"http:\/\/www.polovnictvotn.eu.sk\/wp-content\/uploads\/2017\/05\/18596491_1626856897325178_1450553361_o-150x150.jpg\" alt=\"\" width=\"150\" height=\"150\" \/><\/a> <a class=\"boxersandswipers\" href=\"http:\/\/www.polovnictvotn.eu.sk\/wp-content\/uploads\/2017\/05\/18596450_1626857193991815_941065928_o.jpg\"><img loading=\"lazy\" decoding=\"async\" class=\"alignnone size-thumbnail wp-image-1866\" src=\"http:\/\/www.polovnictvotn.eu.sk\/wp-content\/uploads\/2017\/05\/18596450_1626857193991815_941065928_o-150x150.jpg\" alt=\"\" width=\"150\" height=\"150\" \/><\/a> <a class=\"boxersandswipers\" href=\"http:\/\/www.polovnictvotn.eu.sk\/wp-content\/uploads\/2017\/05\/18596813_1626857690658432_1138474604_o.jpg\"><img loading=\"lazy\" decoding=\"async\" class=\"alignnone size-thumbnail wp-image-1868\" src=\"http:\/\/www.polovnictvotn.eu.sk\/wp-content\/uploads\/2017\/05\/18596813_1626857690658432_1138474604_o-150x150.jpg\" alt=\"\" width=\"150\" height=\"150\" \/><\/a> <a class=\"boxersandswipers\" href=\"http:\/\/www.polovnictvotn.eu.sk\/wp-content\/uploads\/2017\/05\/18582272_1446505105410522_5385123780496308139_n.jpg\"><img loading=\"lazy\" decoding=\"async\" class=\"alignnone size-thumbnail wp-image-1863\" src=\"http:\/\/www.polovnictvotn.eu.sk\/wp-content\/uploads\/2017\/05\/18582272_1446505105410522_5385123780496308139_n-150x150.jpg\" alt=\"\" width=\"150\" height=\"150\" \/><\/a> <a class=\"boxersandswipers\" href=\"http:\/\/www.polovnictvotn.eu.sk\/wp-content\/uploads\/2017\/05\/18579404_1626857053991829_776086692_n.jpg\"><img loading=\"lazy\" decoding=\"async\" class=\"alignnone size-thumbnail wp-image-1861\" src=\"http:\/\/www.polovnictvotn.eu.sk\/wp-content\/uploads\/2017\/05\/18579404_1626857053991829_776086692_n-150x150.jpg\" alt=\"\" width=\"150\" height=\"150\" \/><\/a> \u00a0<a class=\"boxersandswipers\" href=\"http:\/\/www.polovnictvotn.eu.sk\/wp-content\/uploads\/2017\/05\/18557422_1446506228743743_6120894681765032854_n.jpg\"><img loading=\"lazy\" decoding=\"async\" class=\"alignnone size-thumbnail wp-image-1857\" src=\"http:\/\/www.polovnictvotn.eu.sk\/wp-content\/uploads\/2017\/05\/18557422_1446506228743743_6120894681765032854_n-150x150.jpg\" alt=\"\" width=\"150\" height=\"150\" \/><\/a> <a class=\"boxersandswipers\" href=\"http:\/\/www.polovnictvotn.eu.sk\/wp-content\/uploads\/2017\/05\/18557223_1446504758743890_4443043375124596793_n.jpg\"><img loading=\"lazy\" decoding=\"async\" class=\"alignnone size-thumbnail wp-image-1856\" src=\"http:\/\/www.polovnictvotn.eu.sk\/wp-content\/uploads\/2017\/05\/18557223_1446504758743890_4443043375124596793_n-150x150.jpg\" alt=\"\" width=\"150\" height=\"150\" \/><\/a> <a class=\"boxersandswipers\" href=\"http:\/\/www.polovnictvotn.eu.sk\/wp-content\/uploads\/2017\/05\/18557204_1446506885410344_6837126018155637467_n.jpg\"><img loading=\"lazy\" decoding=\"async\" class=\"alignnone size-thumbnail wp-image-1855\" src=\"http:\/\/www.polovnictvotn.eu.sk\/wp-content\/uploads\/2017\/05\/18557204_1446506885410344_6837126018155637467_n-150x150.jpg\" alt=\"\" width=\"150\" height=\"150\" \/><\/a> <a class=\"boxersandswipers\" href=\"http:\/\/www.polovnictvotn.eu.sk\/wp-content\/uploads\/2017\/05\/18557152_1446504935410539_2159851433348603115_n.jpg\"><img loading=\"lazy\" decoding=\"async\" class=\"alignnone size-thumbnail wp-image-1854\" src=\"http:\/\/www.polovnictvotn.eu.sk\/wp-content\/uploads\/2017\/05\/18557152_1446504935410539_2159851433348603115_n-150x150.jpg\" alt=\"\" width=\"150\" height=\"150\" \/><\/a> <a class=\"boxersandswipers\" href=\"http:\/\/www.polovnictvotn.eu.sk\/wp-content\/uploads\/2017\/05\/18575863_1626857747325093_648861371_o.jpg\"><img loading=\"lazy\" decoding=\"async\" class=\"alignnone size-thumbnail wp-image-1860\" src=\"http:\/\/www.polovnictvotn.eu.sk\/wp-content\/uploads\/2017\/05\/18575863_1626857747325093_648861371_o-150x150.jpg\" alt=\"\" width=\"150\" height=\"150\" \/><\/a><\/p>\n","protected":false},"excerpt":{"rendered":"<p>20.5.2017 sa \u00a0na kynologickom v\u00fdcvikovom dni v PZ K\u00e1lnica (ktor\u00e9mu \u010fakujeme za usporiadanie a priestory) \u00a0z\u00fa\u010dastnilo 75 \u013eud\u00ed. Z toho bolo 11 kandid\u00e1tov z kurzu po\u013eovn\u00edctva.\u00a0 Svojimi odborn\u00fdmi radami prispeli a vysvetlili sk\u00fa\u0161obn\u00e9 poriadky a jednotliv\u00e9 discipl\u00edny, ktor\u00e9 musia ps\u00edkovia zvl\u00e1dnu\u0165 na sk\u00fa\u0161kach rozhodcovia z v\u00fdkonu psov p. Rudolf Hladek, J\u00e1n Krchnav\u00fd, Rajmund Rapai\u010d, Milan [&hellip;]<\/p>\n","protected":false},"author":1,"featured_media":0,"parent":0,"menu_order":0,"comment_status":"closed","ping_status":"closed","template":"","meta":{"footnotes":""},"class_list":["post-1884","page","type-page","status-publish","hentry"],"jetpack_sharing_enabled":true,"_links":{"self":[{"href":"http:\/\/www.polovnictvotn.eu.sk\/index.php?rest_route=\/wp\/v2\/pages\/1884","targetHints":{"allow":["GET"]}}],"collection":[{"href":"http:\/\/www.polovnictvotn.eu.sk\/index.php?rest_route=\/wp\/v2\/pages"}],"about":[{"href":"http:\/\/www.polovnictvotn.eu.sk\/index.php?rest_route=\/wp\/v2\/types\/page"}],"author":[{"embeddable":true,"href":"http:\/\/www.polovnictvotn.eu.sk\/index.php?rest_route=\/wp\/v2\/users\/1"}],"replies":[{"embeddable":true,"href":"http:\/\/www.polovnictvotn.eu.sk\/index.php?rest_route=%2Fwp%2Fv2%2Fcomments&post=1884"}],"version-history":[{"count":4,"href":"http:\/\/www.polovnictvotn.eu.sk\/index.php?rest_route=\/wp\/v2\/pages\/1884\/revisions"}],"predecessor-version":[{"id":1895,"href":"http:\/\/www.polovnictvotn.eu.sk\/index.php?rest_route=\/wp\/v2\/pages\/1884\/revisions\/1895"}],"wp:attachment":[{"href":"http:\/\/www.polovnictvotn.eu.sk\/index.php?rest_route=%2Fwp%2Fv2%2Fmedia&parent=1884"}],"curies":[{"name":"wp","href":"https:\/\/api.w.org\/{rel}","templated":true}]}}