{"id":1934,"date":"2017-06-21T19:54:58","date_gmt":"2017-06-21T17:54:58","guid":{"rendered":"http:\/\/www.polovnictvotn.eu.sk\/?page_id=1934"},"modified":"2017-06-21T20:02:29","modified_gmt":"2017-06-21T18:02:29","slug":"farbiarske-skusky-malych-plemien-18-6-2017-soblahov","status":"publish","type":"page","link":"http:\/\/www.polovnictvotn.eu.sk\/?page_id=1934","title":{"rendered":"Farbiarske sk\u00fa\u0161ky mal\u00fdch plemien 18.6.2017 Soblahov"},"content":{"rendered":"<div>\n<h2>D\u0148a 18. 6. 2017 sa v spolupr\u00e1ci s PZ Ostr\u00fd vrch &#8211; Soblahov konali farbiarske sk\u00fa\u0161ky mal\u00fdch plemien. Na sk\u00fa\u0161kach sa z\u00fa\u010dastnilo 9 ps\u00edkov r\u00f4znych plemien: paterdal terier, jazve\u010d\u00edky, lajky, slovensk\u00fd kopov&#8230;<\/h2>\n<h2>V\u00fdsledky sk\u00fa\u0161ok boli mil\u00fdm prekvapen\u00edm lebo z 9 ps\u00edkov v\u0161etci sk\u00fa\u0161ky zvl\u00e1dli \u00faspe\u0161ne, v II. cene sk\u00fa\u0161ky ukon\u010dilo 6 psov a I. cene 3 ps\u00edkovia.<\/h2>\n<h2>Najlep\u0161ie v\u00fdsledky dosiahol Amir zo Soblahova s vodi\u010dom MVDr. \u013dudov\u00edtom Jandom &#8211; I. cena &#8211; 112 bodov, potom bol Ares zo Soblahova s vodi\u010dom Matejom Trnavsk\u00fdm I. cena &#8211; 102 bodov a tret\u00ed v I. cene skon\u010dil Gusta z Ple\u0161n\u00e9ho jezera s vodi\u010dom Ing. J\u00e1nom Kov\u00e1\u010dom.<\/h2>\n<h2>Ve\u013ek\u00e1 v\u010faka patr\u00ed \u010dlenom PZ Ostr\u00fd vrch &#8211; Soblahov za perfektn\u00fa organiz\u00e1ciu sk\u00fa\u0161ok a pr\u00edpravu v\u00fdborn\u00e9ho gul\u00e1\u0161u.<\/h2>\n<h2>Kynol\u00f3gii zdar!<\/h2>\n<\/div>\n<p><a class=\"boxersandswipers\" href=\"http:\/\/www.polovnictvotn.eu.sk\/wp-content\/uploads\/2017\/06\/19399604_1474460452614987_1310999528611763737_n.jpg\"><img loading=\"lazy\" decoding=\"async\" class=\"alignnone size-thumbnail wp-image-1932\" src=\"http:\/\/www.polovnictvotn.eu.sk\/wp-content\/uploads\/2017\/06\/19399604_1474460452614987_1310999528611763737_n-150x150.jpg\" alt=\"\" width=\"150\" height=\"150\" \/><\/a> <a class=\"boxersandswipers\" href=\"http:\/\/www.polovnictvotn.eu.sk\/wp-content\/uploads\/2017\/06\/19399540_1474458972615135_7399514109866194060_n.jpg\"><img loading=\"lazy\" decoding=\"async\" class=\"alignnone size-thumbnail wp-image-1931\" src=\"http:\/\/www.polovnictvotn.eu.sk\/wp-content\/uploads\/2017\/06\/19399540_1474458972615135_7399514109866194060_n-150x150.jpg\" alt=\"\" width=\"150\" height=\"150\" \/><\/a> <a class=\"boxersandswipers\" href=\"http:\/\/www.polovnictvotn.eu.sk\/wp-content\/uploads\/2017\/06\/19399005_1474468272614205_8084655157692885448_n.jpg\"><img loading=\"lazy\" decoding=\"async\" class=\"alignnone size-thumbnail wp-image-1930\" src=\"http:\/\/www.polovnictvotn.eu.sk\/wp-content\/uploads\/2017\/06\/19399005_1474468272614205_8084655157692885448_n-150x150.jpg\" alt=\"\" width=\"150\" height=\"150\" \/><\/a> <a class=\"boxersandswipers\" href=\"http:\/\/www.polovnictvotn.eu.sk\/wp-content\/uploads\/2017\/06\/19397066_1474459499281749_3368089274094753490_n.jpg\"><img loading=\"lazy\" decoding=\"async\" class=\"alignnone size-thumbnail wp-image-1929\" src=\"http:\/\/www.polovnictvotn.eu.sk\/wp-content\/uploads\/2017\/06\/19397066_1474459499281749_3368089274094753490_n-150x150.jpg\" alt=\"\" width=\"150\" height=\"150\" \/><\/a> <a class=\"boxersandswipers\" href=\"http:\/\/www.polovnictvotn.eu.sk\/wp-content\/uploads\/2017\/06\/19366561_1474462155948150_3274551101552371512_n.jpg\"><img loading=\"lazy\" decoding=\"async\" class=\"alignnone size-thumbnail wp-image-1928\" src=\"http:\/\/www.polovnictvotn.eu.sk\/wp-content\/uploads\/2017\/06\/19366561_1474462155948150_3274551101552371512_n-150x150.jpg\" alt=\"\" width=\"150\" height=\"150\" \/><\/a> <a class=\"boxersandswipers\" href=\"http:\/\/www.polovnictvotn.eu.sk\/wp-content\/uploads\/2017\/06\/19274816_1474462879281411_7468278350403463669_n.jpg\"><img loading=\"lazy\" decoding=\"async\" class=\"alignnone size-thumbnail wp-image-1923\" src=\"http:\/\/www.polovnictvotn.eu.sk\/wp-content\/uploads\/2017\/06\/19274816_1474462879281411_7468278350403463669_n-150x150.jpg\" alt=\"\" width=\"150\" height=\"150\" \/><\/a> <a class=\"boxersandswipers\" href=\"http:\/\/www.polovnictvotn.eu.sk\/wp-content\/uploads\/2017\/06\/19274961_1474460532614979_3946191982990048670_n.jpg\"><img loading=\"lazy\" decoding=\"async\" class=\"alignnone size-thumbnail wp-image-1924\" src=\"http:\/\/www.polovnictvotn.eu.sk\/wp-content\/uploads\/2017\/06\/19274961_1474460532614979_3946191982990048670_n-150x150.jpg\" alt=\"\" width=\"150\" height=\"150\" \/><\/a> <a class=\"boxersandswipers\" href=\"http:\/\/www.polovnictvotn.eu.sk\/wp-content\/uploads\/2017\/06\/19275071_1474464909281208_4635281041279023547_n.jpg\"><img loading=\"lazy\" decoding=\"async\" class=\"alignnone size-thumbnail wp-image-1925\" src=\"http:\/\/www.polovnictvotn.eu.sk\/wp-content\/uploads\/2017\/06\/19275071_1474464909281208_4635281041279023547_n-150x150.jpg\" alt=\"\" width=\"150\" height=\"150\" \/><\/a> <a class=\"boxersandswipers\" href=\"http:\/\/www.polovnictvotn.eu.sk\/wp-content\/uploads\/2017\/06\/19275120_1474461085948257_2853062638780910188_n.jpg\"><img loading=\"lazy\" decoding=\"async\" class=\"alignnone size-thumbnail wp-image-1926\" src=\"http:\/\/www.polovnictvotn.eu.sk\/wp-content\/uploads\/2017\/06\/19275120_1474461085948257_2853062638780910188_n-150x150.jpg\" alt=\"\" width=\"150\" height=\"150\" \/><\/a> <a class=\"boxersandswipers\" href=\"http:\/\/www.polovnictvotn.eu.sk\/wp-content\/uploads\/2017\/06\/19366063_1474467135947652_171739872608608860_n.jpg\"><img loading=\"lazy\" decoding=\"async\" class=\"alignnone size-thumbnail wp-image-1927\" src=\"http:\/\/www.polovnictvotn.eu.sk\/wp-content\/uploads\/2017\/06\/19366063_1474467135947652_171739872608608860_n-150x150.jpg\" alt=\"\" width=\"150\" height=\"150\" \/><\/a> <a class=\"boxersandswipers\" href=\"http:\/\/www.polovnictvotn.eu.sk\/wp-content\/uploads\/2017\/06\/19248078_1474466089281090_2187595871387216290_n.jpg\"><img loading=\"lazy\" decoding=\"async\" class=\"alignnone size-thumbnail wp-image-1922\" src=\"http:\/\/www.polovnictvotn.eu.sk\/wp-content\/uploads\/2017\/06\/19248078_1474466089281090_2187595871387216290_n-150x150.jpg\" alt=\"\" width=\"150\" height=\"150\" \/><\/a> <a class=\"boxersandswipers\" href=\"http:\/\/www.polovnictvotn.eu.sk\/wp-content\/uploads\/2017\/06\/19247994_1474466735947692_4752123106225363934_n.jpg\"><img loading=\"lazy\" decoding=\"async\" class=\"alignnone size-thumbnail wp-image-1921\" src=\"http:\/\/www.polovnictvotn.eu.sk\/wp-content\/uploads\/2017\/06\/19247994_1474466735947692_4752123106225363934_n-150x150.jpg\" alt=\"\" width=\"150\" height=\"150\" \/><\/a> <a class=\"boxersandswipers\" href=\"http:\/\/www.polovnictvotn.eu.sk\/wp-content\/uploads\/2017\/06\/19247944_1474465192614513_6958590135113473414_n.jpg\"><img loading=\"lazy\" decoding=\"async\" class=\"alignnone size-thumbnail wp-image-1920\" src=\"http:\/\/www.polovnictvotn.eu.sk\/wp-content\/uploads\/2017\/06\/19247944_1474465192614513_6958590135113473414_n-150x150.jpg\" alt=\"\" width=\"150\" height=\"150\" \/><\/a> <a class=\"boxersandswipers\" href=\"http:\/\/www.polovnictvotn.eu.sk\/wp-content\/uploads\/2017\/06\/19247804_1474457142615318_1004507809998960386_n.jpg\"><img loading=\"lazy\" decoding=\"async\" class=\"alignnone size-thumbnail wp-image-1919\" src=\"http:\/\/www.polovnictvotn.eu.sk\/wp-content\/uploads\/2017\/06\/19247804_1474457142615318_1004507809998960386_n-150x150.jpg\" alt=\"\" width=\"150\" height=\"150\" \/><\/a> <a class=\"boxersandswipers\" href=\"http:\/\/www.polovnictvotn.eu.sk\/wp-content\/uploads\/2017\/06\/19247628_1474460195948346_5934700223387449893_n.jpg\"><img loading=\"lazy\" decoding=\"async\" class=\"alignnone size-thumbnail wp-image-1918\" src=\"http:\/\/www.polovnictvotn.eu.sk\/wp-content\/uploads\/2017\/06\/19247628_1474460195948346_5934700223387449893_n-150x150.jpg\" alt=\"\" width=\"150\" height=\"150\" \/><\/a> <a class=\"boxersandswipers\" href=\"http:\/\/www.polovnictvotn.eu.sk\/wp-content\/uploads\/2017\/06\/19247562_1474467852614247_396701849528002066_n.jpg\"><img loading=\"lazy\" decoding=\"async\" class=\"alignnone size-thumbnail wp-image-1917\" src=\"http:\/\/www.polovnictvotn.eu.sk\/wp-content\/uploads\/2017\/06\/19247562_1474467852614247_396701849528002066_n-150x150.jpg\" alt=\"\" width=\"150\" height=\"150\" \/><\/a> <a class=\"boxersandswipers\" href=\"http:\/\/www.polovnictvotn.eu.sk\/wp-content\/uploads\/2017\/06\/19225926_1474459339281765_6516115477601465765_n.jpg\"><img loading=\"lazy\" decoding=\"async\" class=\"alignnone size-thumbnail wp-image-1916\" src=\"http:\/\/www.polovnictvotn.eu.sk\/wp-content\/uploads\/2017\/06\/19225926_1474459339281765_6516115477601465765_n-150x150.jpg\" alt=\"\" width=\"150\" height=\"150\" \/><\/a> <a class=\"boxersandswipers\" href=\"http:\/\/www.polovnictvotn.eu.sk\/wp-content\/uploads\/2017\/06\/19225851_1474461225948243_3090306519567659647_n.jpg\"><img loading=\"lazy\" decoding=\"async\" class=\"alignnone size-thumbnail wp-image-1915\" src=\"http:\/\/www.polovnictvotn.eu.sk\/wp-content\/uploads\/2017\/06\/19225851_1474461225948243_3090306519567659647_n-150x150.jpg\" alt=\"\" width=\"150\" height=\"150\" \/><\/a> <a class=\"boxersandswipers\" href=\"http:\/\/www.polovnictvotn.eu.sk\/wp-content\/uploads\/2017\/06\/19225752_1474463932614639_4332070249065215527_n.jpg\"><img loading=\"lazy\" decoding=\"async\" class=\"alignnone size-thumbnail wp-image-1914\" src=\"http:\/\/www.polovnictvotn.eu.sk\/wp-content\/uploads\/2017\/06\/19225752_1474463932614639_4332070249065215527_n-150x150.jpg\" alt=\"\" width=\"150\" height=\"150\" \/><\/a> <a class=\"boxersandswipers\" href=\"http:\/\/www.polovnictvotn.eu.sk\/wp-content\/uploads\/2017\/06\/19225487_1474464495947916_5255169967022907073_n.jpg\"><img loading=\"lazy\" decoding=\"async\" class=\"alignnone size-thumbnail wp-image-1913\" src=\"http:\/\/www.polovnictvotn.eu.sk\/wp-content\/uploads\/2017\/06\/19225487_1474464495947916_5255169967022907073_n-150x150.jpg\" alt=\"\" width=\"150\" height=\"150\" \/><\/a> <a class=\"boxersandswipers\" href=\"http:\/\/www.polovnictvotn.eu.sk\/wp-content\/uploads\/2017\/06\/19225095_1474462622614770_3296519714775322064_n.jpg\"><img loading=\"lazy\" decoding=\"async\" class=\"alignnone size-thumbnail wp-image-1908\" src=\"http:\/\/www.polovnictvotn.eu.sk\/wp-content\/uploads\/2017\/06\/19225095_1474462622614770_3296519714775322064_n-150x150.jpg\" alt=\"\" width=\"150\" height=\"150\" \/><\/a> <a class=\"boxersandswipers\" href=\"http:\/\/www.polovnictvotn.eu.sk\/wp-content\/uploads\/2017\/06\/19225135_1474461675948198_5427330511305902349_n.jpg\"><img loading=\"lazy\" decoding=\"async\" class=\"alignnone size-thumbnail wp-image-1909\" src=\"http:\/\/www.polovnictvotn.eu.sk\/wp-content\/uploads\/2017\/06\/19225135_1474461675948198_5427330511305902349_n-150x150.jpg\" alt=\"\" width=\"150\" height=\"150\" \/><\/a> <a class=\"boxersandswipers\" href=\"http:\/\/www.polovnictvotn.eu.sk\/wp-content\/uploads\/2017\/06\/19225232_1474457295948636_2903093697950243661_n.jpg\"><img loading=\"lazy\" decoding=\"async\" class=\"alignnone size-thumbnail wp-image-1910\" src=\"http:\/\/www.polovnictvotn.eu.sk\/wp-content\/uploads\/2017\/06\/19225232_1474457295948636_2903093697950243661_n-150x150.jpg\" alt=\"\" width=\"150\" height=\"150\" \/><\/a> <a class=\"boxersandswipers\" href=\"http:\/\/www.polovnictvotn.eu.sk\/wp-content\/uploads\/2017\/06\/19225239_1474466955947670_5852521864675379301_n.jpg\"><img loading=\"lazy\" decoding=\"async\" class=\"alignnone size-thumbnail wp-image-1911\" src=\"http:\/\/www.polovnictvotn.eu.sk\/wp-content\/uploads\/2017\/06\/19225239_1474466955947670_5852521864675379301_n-150x150.jpg\" alt=\"\" width=\"150\" height=\"150\" \/><\/a> <a class=\"boxersandswipers\" href=\"http:\/\/www.polovnictvotn.eu.sk\/wp-content\/uploads\/2017\/06\/19225269_1474465749281124_6006123064668365057_n.jpg\"><img loading=\"lazy\" decoding=\"async\" class=\"alignnone size-thumbnail wp-image-1912\" src=\"http:\/\/www.polovnictvotn.eu.sk\/wp-content\/uploads\/2017\/06\/19225269_1474465749281124_6006123064668365057_n-150x150.jpg\" alt=\"\" width=\"150\" height=\"150\" \/><\/a> <a class=\"boxersandswipers\" href=\"http:\/\/www.polovnictvotn.eu.sk\/wp-content\/uploads\/2017\/06\/19225089_1474461995948166_5028419495035848287_n.jpg\"><img loading=\"lazy\" decoding=\"async\" class=\"alignnone size-thumbnail wp-image-1907\" src=\"http:\/\/www.polovnictvotn.eu.sk\/wp-content\/uploads\/2017\/06\/19225089_1474461995948166_5028419495035848287_n-150x150.jpg\" alt=\"\" width=\"150\" height=\"150\" \/><\/a><\/p>\n","protected":false},"excerpt":{"rendered":"<p>D\u0148a 18. 6. 2017 sa v spolupr\u00e1ci s PZ Ostr\u00fd vrch &#8211; Soblahov konali farbiarske sk\u00fa\u0161ky mal\u00fdch plemien. Na sk\u00fa\u0161kach sa z\u00fa\u010dastnilo 9 ps\u00edkov r\u00f4znych plemien: paterdal terier, jazve\u010d\u00edky, lajky, slovensk\u00fd kopov&#8230; V\u00fdsledky sk\u00fa\u0161ok boli mil\u00fdm prekvapen\u00edm lebo z 9 ps\u00edkov v\u0161etci sk\u00fa\u0161ky zvl\u00e1dli \u00faspe\u0161ne, v II. cene sk\u00fa\u0161ky ukon\u010dilo 6 psov a I. cene [&hellip;]<\/p>\n","protected":false},"author":1,"featured_media":0,"parent":0,"menu_order":0,"comment_status":"closed","ping_status":"closed","template":"","meta":{"footnotes":""},"class_list":["post-1934","page","type-page","status-publish","hentry"],"jetpack_sharing_enabled":true,"_links":{"self":[{"href":"http:\/\/www.polovnictvotn.eu.sk\/index.php?rest_route=\/wp\/v2\/pages\/1934","targetHints":{"allow":["GET"]}}],"collection":[{"href":"http:\/\/www.polovnictvotn.eu.sk\/index.php?rest_route=\/wp\/v2\/pages"}],"about":[{"href":"http:\/\/www.polovnictvotn.eu.sk\/index.php?rest_route=\/wp\/v2\/types\/page"}],"author":[{"embeddable":true,"href":"http:\/\/www.polovnictvotn.eu.sk\/index.php?rest_route=\/wp\/v2\/users\/1"}],"replies":[{"embeddable":true,"href":"http:\/\/www.polovnictvotn.eu.sk\/index.php?rest_route=%2Fwp%2Fv2%2Fcomments&post=1934"}],"version-history":[{"count":2,"href":"http:\/\/www.polovnictvotn.eu.sk\/index.php?rest_route=\/wp\/v2\/pages\/1934\/revisions"}],"predecessor-version":[{"id":1937,"href":"http:\/\/www.polovnictvotn.eu.sk\/index.php?rest_route=\/wp\/v2\/pages\/1934\/revisions\/1937"}],"wp:attachment":[{"href":"http:\/\/www.polovnictvotn.eu.sk\/index.php?rest_route=%2Fwp%2Fv2%2Fmedia&parent=1934"}],"curies":[{"name":"wp","href":"https:\/\/api.w.org\/{rel}","templated":true}]}}