{"id":1947,"date":"2017-07-02T19:03:17","date_gmt":"2017-07-02T17:03:17","guid":{"rendered":"http:\/\/www.polovnictvotn.eu.sk\/?page_id=1947"},"modified":"2017-07-02T19:15:29","modified_gmt":"2017-07-02T17:15:29","slug":"polovnicky-den-ps-bosaca-24-06-2017-zemianske-podhradie","status":"publish","type":"page","link":"http:\/\/www.polovnictvotn.eu.sk\/?page_id=1947","title":{"rendered":"Po\u013eovn\u00edcky de\u0148 PS Bo\u0161\u00e1ca 24.06.2017 Zemianske Podhradie"},"content":{"rendered":"<div>\n<div>Sobotu 24.6.2017 sa PS Bo\u0161\u00e1ca v spolupr\u00e1ci s obcou Zemianske Podhradie,rozhodli usporiada\u0165 pre verejnos\u0165 Po\u013eovn\u00edcky de\u0148. Na svoje si pri\u0161li nielen po\u013eovn\u00edci.ale aj \u0161irok\u00e1 nepo\u013eovn\u00edcka verejnos\u0165 a neposlednej miere deti. Boli pre ne prichystan\u00e9 mnoh\u00e9 atrakcie v podobe trampol\u00edny,nafukovacieho hradu,ma\u013eovanie tv\u00e1r\u00ed. Nielen deti si mohli vysk\u00fa\u0161a\u0165 stre\u013ebu na ter\u010d zo vzduchovky.fl\u00f3bertky a t\u00ed ktor\u00ed holduj\u00fa staronov\u00fdm met\u00f3dam lovu aj stre\u013ebu z luku.Nech\u00fdbala ani v\u00fdstava trofej\u00ed z ulovenej zveri a zhodov, ktor\u00e9 po\u013eovn\u00edci na\u0161li po\u010das potuliek po rev\u00edri. Po\u010das cel\u00e9ho d\u0148a prebiehala s\u00fa\u0165a\u017e vo varen\u00ed gul\u00e1\u0161u,prebehlo predv\u00e1dzanie po\u013eovn\u00edckych psov,ktor\u00e9 doprev\u00e1dzal odborn\u00fd koment\u00e1r o ich vyu\u017eit\u00ed v po\u013eovn\u00edckej praxi.P\u00e1n Bu\u0161o predviedol svoje umenie vo v\u00e1ben\u00ed jelenej zveri a zo z\u00e1ujemcami sa podelil o svoje sk\u00fasenosti. Samozrejme nech\u00fdbal kvalitn\u00fd gul\u00e1\u0161ik z diviny a ob\u010derstvenie alko i nealkoholick\u00fdch n\u00e1pojov.Pripraven\u00e1 bola aj tombola s hodnotn\u00fdmi cenami pre po\u013eovn\u00edcku aj nepo\u013eovn\u00edcku verejnos\u0165<\/div>\n<p>Slnko tie\u017e prispelo svoj\u00edm podielom a cel\u00fd de\u0148 v\u0161etk\u00fdch zahrievolo svojimi l\u00fa\u010dmi.<\/p><\/div>\n<p>Aj tak\u00fdmto sp\u00f4sobom mo\u017eno propagova\u0165 J\u00fan -mesiac po\u013eovn\u00edctva medzi verejnos\u0165ou a hlavne de\u0165mi, z ktor\u00fdch raz mo\u017eno vyrast\u00fa nov\u00ed po\u013eovn\u00edci.<\/p>\n<p><a class=\"boxersandswipers\" title=\"IMG_20170624_133749\" href=\"http:\/\/www.polovnictvotn.eu.sk\/wp-content\/uploads\/2017\/07\/IMG_20170624_133749.jpg\"><img loading=\"lazy\" decoding=\"async\" class=\"alignnone size-thumbnail wp-image-1961\" src=\"http:\/\/www.polovnictvotn.eu.sk\/wp-content\/uploads\/2017\/07\/IMG_20170624_133749-150x150.jpg\" alt=\"\" width=\"150\" height=\"150\" \/><\/a> <a class=\"boxersandswipers\" title=\"IMG_20170624_133741\" href=\"http:\/\/www.polovnictvotn.eu.sk\/wp-content\/uploads\/2017\/07\/IMG_20170624_133741.jpg\"><img loading=\"lazy\" decoding=\"async\" class=\"alignnone size-thumbnail wp-image-1960\" src=\"http:\/\/www.polovnictvotn.eu.sk\/wp-content\/uploads\/2017\/07\/IMG_20170624_133741-150x150.jpg\" alt=\"\" width=\"150\" height=\"150\" \/><\/a> <a class=\"boxersandswipers\" title=\"IMG_20170624_124441\" href=\"http:\/\/www.polovnictvotn.eu.sk\/wp-content\/uploads\/2017\/07\/IMG_20170624_124441.jpg\"><img loading=\"lazy\" decoding=\"async\" class=\"alignnone size-thumbnail wp-image-1959\" src=\"http:\/\/www.polovnictvotn.eu.sk\/wp-content\/uploads\/2017\/07\/IMG_20170624_124441-150x150.jpg\" alt=\"\" width=\"150\" height=\"150\" \/><\/a> <a class=\"boxersandswipers\" title=\"IMG_20170624_123554\" href=\"http:\/\/www.polovnictvotn.eu.sk\/wp-content\/uploads\/2017\/07\/IMG_20170624_123554.jpg\"><img loading=\"lazy\" decoding=\"async\" class=\"alignnone size-thumbnail wp-image-1958\" src=\"http:\/\/www.polovnictvotn.eu.sk\/wp-content\/uploads\/2017\/07\/IMG_20170624_123554-150x150.jpg\" alt=\"\" width=\"150\" height=\"150\" \/><\/a> <a class=\"boxersandswipers\" title=\"IMG_20170624_123430\" href=\"http:\/\/www.polovnictvotn.eu.sk\/wp-content\/uploads\/2017\/07\/IMG_20170624_123430.jpg\"><img loading=\"lazy\" decoding=\"async\" class=\"alignnone size-thumbnail wp-image-1957\" src=\"http:\/\/www.polovnictvotn.eu.sk\/wp-content\/uploads\/2017\/07\/IMG_20170624_123430-150x150.jpg\" alt=\"\" width=\"150\" height=\"150\" \/><\/a> <a class=\"boxersandswipers\" title=\"IMG_20170624_123300\" href=\"http:\/\/www.polovnictvotn.eu.sk\/wp-content\/uploads\/2017\/07\/IMG_20170624_123300.jpg\"><img loading=\"lazy\" decoding=\"async\" class=\"alignnone size-thumbnail wp-image-1956\" src=\"http:\/\/www.polovnictvotn.eu.sk\/wp-content\/uploads\/2017\/07\/IMG_20170624_123300-150x150.jpg\" alt=\"\" width=\"150\" height=\"150\" \/><\/a> <a class=\"boxersandswipers\" title=\"IMG_20170624_122757\" href=\"http:\/\/www.polovnictvotn.eu.sk\/wp-content\/uploads\/2017\/07\/IMG_20170624_122757.jpg\"><img loading=\"lazy\" decoding=\"async\" class=\"alignnone size-thumbnail wp-image-1955\" src=\"http:\/\/www.polovnictvotn.eu.sk\/wp-content\/uploads\/2017\/07\/IMG_20170624_122757-150x150.jpg\" alt=\"\" width=\"150\" height=\"150\" \/><\/a> <a class=\"boxersandswipers\" title=\"IMG_20170624_122348\" href=\"http:\/\/www.polovnictvotn.eu.sk\/wp-content\/uploads\/2017\/07\/IMG_20170624_122348.jpg\"><img loading=\"lazy\" decoding=\"async\" class=\"alignnone size-thumbnail wp-image-1954\" src=\"http:\/\/www.polovnictvotn.eu.sk\/wp-content\/uploads\/2017\/07\/IMG_20170624_122348-150x150.jpg\" alt=\"\" width=\"150\" height=\"150\" \/><\/a> <a class=\"boxersandswipers\" title=\"IMG_20170624_122339\" href=\"http:\/\/www.polovnictvotn.eu.sk\/wp-content\/uploads\/2017\/07\/IMG_20170624_122339.jpg\"><img loading=\"lazy\" decoding=\"async\" class=\"alignnone size-thumbnail wp-image-1953\" src=\"http:\/\/www.polovnictvotn.eu.sk\/wp-content\/uploads\/2017\/07\/IMG_20170624_122339-150x150.jpg\" alt=\"\" width=\"150\" height=\"150\" \/><\/a> <a class=\"boxersandswipers\" title=\"IMG_20170624_122325\" href=\"http:\/\/www.polovnictvotn.eu.sk\/wp-content\/uploads\/2017\/07\/IMG_20170624_122325.jpg\"><img loading=\"lazy\" decoding=\"async\" class=\"alignnone size-thumbnail wp-image-1952\" src=\"http:\/\/www.polovnictvotn.eu.sk\/wp-content\/uploads\/2017\/07\/IMG_20170624_122325-150x150.jpg\" alt=\"\" width=\"150\" height=\"150\" \/><\/a> <a class=\"boxersandswipers\" title=\"IMG_20170624_122315\" href=\"http:\/\/www.polovnictvotn.eu.sk\/wp-content\/uploads\/2017\/07\/IMG_20170624_122315.jpg\"><img loading=\"lazy\" decoding=\"async\" class=\"alignnone size-thumbnail wp-image-1951\" src=\"http:\/\/www.polovnictvotn.eu.sk\/wp-content\/uploads\/2017\/07\/IMG_20170624_122315-150x150.jpg\" alt=\"\" width=\"150\" height=\"150\" \/><\/a> <a class=\"boxersandswipers\" title=\"IMG_20170624_122247\" href=\"http:\/\/www.polovnictvotn.eu.sk\/wp-content\/uploads\/2017\/07\/IMG_20170624_122247.jpg\"><img loading=\"lazy\" decoding=\"async\" class=\"alignnone size-thumbnail wp-image-1950\" src=\"http:\/\/www.polovnictvotn.eu.sk\/wp-content\/uploads\/2017\/07\/IMG_20170624_122247-150x150.jpg\" alt=\"\" width=\"150\" height=\"150\" \/><\/a> <a class=\"boxersandswipers\" title=\"IMG_20170624_122213\" href=\"http:\/\/www.polovnictvotn.eu.sk\/wp-content\/uploads\/2017\/07\/IMG_20170624_122213.jpg\"><img loading=\"lazy\" decoding=\"async\" class=\"alignnone size-thumbnail wp-image-1949\" src=\"http:\/\/www.polovnictvotn.eu.sk\/wp-content\/uploads\/2017\/07\/IMG_20170624_122213-150x150.jpg\" alt=\"\" width=\"150\" height=\"150\" \/><\/a> <a class=\"boxersandswipers\" title=\"IMG_20170624_122138\" href=\"http:\/\/www.polovnictvotn.eu.sk\/wp-content\/uploads\/2017\/07\/IMG_20170624_122138.jpg\"><img loading=\"lazy\" decoding=\"async\" class=\"alignnone size-thumbnail wp-image-1948\" src=\"http:\/\/www.polovnictvotn.eu.sk\/wp-content\/uploads\/2017\/07\/IMG_20170624_122138-150x150.jpg\" alt=\"\" width=\"150\" height=\"150\" \/><\/a><\/p>\n","protected":false},"excerpt":{"rendered":"<p>Sobotu 24.6.2017 sa PS Bo\u0161\u00e1ca v spolupr\u00e1ci s obcou Zemianske Podhradie,rozhodli usporiada\u0165 pre verejnos\u0165 Po\u013eovn\u00edcky de\u0148. Na svoje si pri\u0161li nielen po\u013eovn\u00edci.ale aj \u0161irok\u00e1 nepo\u013eovn\u00edcka verejnos\u0165 a neposlednej miere deti. Boli pre ne prichystan\u00e9 mnoh\u00e9 atrakcie v podobe trampol\u00edny,nafukovacieho hradu,ma\u013eovanie tv\u00e1r\u00ed. Nielen deti si mohli vysk\u00fa\u0161a\u0165 stre\u013ebu na ter\u010d zo vzduchovky.fl\u00f3bertky a t\u00ed ktor\u00ed holduj\u00fa [&hellip;]<\/p>\n","protected":false},"author":1,"featured_media":0,"parent":0,"menu_order":0,"comment_status":"closed","ping_status":"closed","template":"","meta":{"footnotes":""},"class_list":["post-1947","page","type-page","status-publish","hentry"],"jetpack_sharing_enabled":true,"_links":{"self":[{"href":"http:\/\/www.polovnictvotn.eu.sk\/index.php?rest_route=\/wp\/v2\/pages\/1947","targetHints":{"allow":["GET"]}}],"collection":[{"href":"http:\/\/www.polovnictvotn.eu.sk\/index.php?rest_route=\/wp\/v2\/pages"}],"about":[{"href":"http:\/\/www.polovnictvotn.eu.sk\/index.php?rest_route=\/wp\/v2\/types\/page"}],"author":[{"embeddable":true,"href":"http:\/\/www.polovnictvotn.eu.sk\/index.php?rest_route=\/wp\/v2\/users\/1"}],"replies":[{"embeddable":true,"href":"http:\/\/www.polovnictvotn.eu.sk\/index.php?rest_route=%2Fwp%2Fv2%2Fcomments&post=1947"}],"version-history":[{"count":3,"href":"http:\/\/www.polovnictvotn.eu.sk\/index.php?rest_route=\/wp\/v2\/pages\/1947\/revisions"}],"predecessor-version":[{"id":2548,"href":"http:\/\/www.polovnictvotn.eu.sk\/index.php?rest_route=\/wp\/v2\/pages\/1947\/revisions\/2548"}],"wp:attachment":[{"href":"http:\/\/www.polovnictvotn.eu.sk\/index.php?rest_route=%2Fwp%2Fv2%2Fmedia&parent=1947"}],"curies":[{"name":"wp","href":"https:\/\/api.w.org\/{rel}","templated":true}]}}