{"id":1972,"date":"2017-07-02T19:43:23","date_gmt":"2017-07-02T17:43:23","guid":{"rendered":"http:\/\/www.polovnictvotn.eu.sk\/?page_id=1972"},"modified":"2017-07-02T19:47:54","modified_gmt":"2017-07-02T17:47:54","slug":"spolocne-zasadnutie-rady-rgo-spz-a-opk-trencin-28-06-2017-trencianske-stankovce","status":"publish","type":"page","link":"http:\/\/www.polovnictvotn.eu.sk\/?page_id=1972","title":{"rendered":"Spolo\u010dn\u00e9 zasadnutie rady RgO SPZ a OPK Tren\u010d\u00edn 28.06.2017 Tren\u010dianske Stankovce"},"content":{"rendered":"<p><a class=\"boxersandswipers\" title=\"DSC_9237\" href=\"http:\/\/www.polovnictvotn.eu.sk\/wp-content\/uploads\/2017\/07\/DSC_9237.jpg\"><img loading=\"lazy\" decoding=\"async\" class=\"alignnone size-thumbnail wp-image-1973\" src=\"http:\/\/www.polovnictvotn.eu.sk\/wp-content\/uploads\/2017\/07\/DSC_9237-150x150.jpg\" alt=\"\" width=\"150\" height=\"150\" \/><\/a> <a class=\"boxersandswipers\" title=\"DSC_9238\" href=\"http:\/\/www.polovnictvotn.eu.sk\/wp-content\/uploads\/2017\/07\/DSC_9238.jpg\"><img loading=\"lazy\" decoding=\"async\" class=\"alignnone size-thumbnail wp-image-1974\" src=\"http:\/\/www.polovnictvotn.eu.sk\/wp-content\/uploads\/2017\/07\/DSC_9238-150x150.jpg\" alt=\"\" width=\"150\" height=\"150\" \/><\/a> <a class=\"boxersandswipers\" title=\"DSC_9239\" href=\"http:\/\/www.polovnictvotn.eu.sk\/wp-content\/uploads\/2017\/07\/DSC_9239.jpg\"><img loading=\"lazy\" decoding=\"async\" class=\"alignnone size-thumbnail wp-image-1975\" src=\"http:\/\/www.polovnictvotn.eu.sk\/wp-content\/uploads\/2017\/07\/DSC_9239-150x150.jpg\" alt=\"\" width=\"150\" height=\"150\" \/><\/a> <a class=\"boxersandswipers\" title=\"DSC_9240\" href=\"http:\/\/www.polovnictvotn.eu.sk\/wp-content\/uploads\/2017\/07\/DSC_9240.jpg\"><img loading=\"lazy\" decoding=\"async\" class=\"alignnone size-thumbnail wp-image-1976\" src=\"http:\/\/www.polovnictvotn.eu.sk\/wp-content\/uploads\/2017\/07\/DSC_9240-150x150.jpg\" alt=\"\" width=\"150\" height=\"150\" \/><\/a> <a class=\"boxersandswipers\" title=\"DSC_9241\" href=\"http:\/\/www.polovnictvotn.eu.sk\/wp-content\/uploads\/2017\/07\/DSC_9241.jpg\"><img loading=\"lazy\" decoding=\"async\" class=\"alignnone size-thumbnail wp-image-1977\" src=\"http:\/\/www.polovnictvotn.eu.sk\/wp-content\/uploads\/2017\/07\/DSC_9241-150x150.jpg\" alt=\"\" width=\"150\" height=\"150\" \/><\/a> <a class=\"boxersandswipers\" title=\"DSC_9243\" href=\"http:\/\/www.polovnictvotn.eu.sk\/wp-content\/uploads\/2017\/07\/DSC_9243.jpg\"><img loading=\"lazy\" decoding=\"async\" class=\"alignnone size-thumbnail wp-image-1978\" src=\"http:\/\/www.polovnictvotn.eu.sk\/wp-content\/uploads\/2017\/07\/DSC_9243-150x150.jpg\" alt=\"\" width=\"150\" height=\"150\" \/><\/a> <a class=\"boxersandswipers\" title=\"DSC_9244\" href=\"http:\/\/www.polovnictvotn.eu.sk\/wp-content\/uploads\/2017\/07\/DSC_9244.jpg\"><img loading=\"lazy\" decoding=\"async\" class=\"alignnone size-thumbnail wp-image-1979\" src=\"http:\/\/www.polovnictvotn.eu.sk\/wp-content\/uploads\/2017\/07\/DSC_9244-150x150.jpg\" alt=\"\" width=\"150\" height=\"150\" \/><\/a> <a class=\"boxersandswipers\" title=\"DSC_9245\" href=\"http:\/\/www.polovnictvotn.eu.sk\/wp-content\/uploads\/2017\/07\/DSC_9245.jpg\"><img loading=\"lazy\" decoding=\"async\" class=\"alignnone size-thumbnail wp-image-1980\" src=\"http:\/\/www.polovnictvotn.eu.sk\/wp-content\/uploads\/2017\/07\/DSC_9245-150x150.jpg\" alt=\"\" width=\"150\" height=\"150\" \/><\/a> <a class=\"boxersandswipers\" title=\"DSC_9248\" href=\"http:\/\/www.polovnictvotn.eu.sk\/wp-content\/uploads\/2017\/07\/DSC_9248.jpg\"><img loading=\"lazy\" decoding=\"async\" class=\"alignnone size-thumbnail wp-image-1981\" src=\"http:\/\/www.polovnictvotn.eu.sk\/wp-content\/uploads\/2017\/07\/DSC_9248-150x150.jpg\" alt=\"\" width=\"150\" height=\"150\" \/><\/a> <a class=\"boxersandswipers\" title=\"DSC_9261\" href=\"http:\/\/www.polovnictvotn.eu.sk\/wp-content\/uploads\/2017\/07\/DSC_9261.jpg\"><img loading=\"lazy\" decoding=\"async\" class=\"alignnone size-thumbnail wp-image-1982\" src=\"http:\/\/www.polovnictvotn.eu.sk\/wp-content\/uploads\/2017\/07\/DSC_9261-150x150.jpg\" alt=\"\" width=\"150\" height=\"150\" \/><\/a> <a class=\"boxersandswipers\" title=\"DSC_9269\" href=\"http:\/\/www.polovnictvotn.eu.sk\/wp-content\/uploads\/2017\/07\/DSC_9269.jpg\"><img loading=\"lazy\" decoding=\"async\" class=\"alignnone size-thumbnail wp-image-1983\" src=\"http:\/\/www.polovnictvotn.eu.sk\/wp-content\/uploads\/2017\/07\/DSC_9269-150x150.jpg\" alt=\"\" width=\"150\" height=\"150\" \/><\/a> <a class=\"boxersandswipers\" title=\"DSC_9275\" href=\"http:\/\/www.polovnictvotn.eu.sk\/wp-content\/uploads\/2017\/07\/DSC_9275.jpg\"><img loading=\"lazy\" decoding=\"async\" class=\"alignnone size-thumbnail wp-image-1984\" src=\"http:\/\/www.polovnictvotn.eu.sk\/wp-content\/uploads\/2017\/07\/DSC_9275-150x150.jpg\" alt=\"\" width=\"150\" height=\"150\" \/><\/a> <a class=\"boxersandswipers\" title=\"DSC_9298\" href=\"http:\/\/www.polovnictvotn.eu.sk\/wp-content\/uploads\/2017\/07\/DSC_9298.jpg\"><img loading=\"lazy\" decoding=\"async\" class=\"alignnone size-thumbnail wp-image-1985\" src=\"http:\/\/www.polovnictvotn.eu.sk\/wp-content\/uploads\/2017\/07\/DSC_9298-150x150.jpg\" alt=\"\" width=\"150\" height=\"150\" \/><\/a> <a class=\"boxersandswipers\" title=\"DSC_9307\" href=\"http:\/\/www.polovnictvotn.eu.sk\/wp-content\/uploads\/2017\/07\/DSC_9307.jpg\"><img loading=\"lazy\" decoding=\"async\" class=\"alignnone size-thumbnail wp-image-1986\" src=\"http:\/\/www.polovnictvotn.eu.sk\/wp-content\/uploads\/2017\/07\/DSC_9307-150x150.jpg\" alt=\"\" width=\"150\" height=\"150\" \/><\/a> <a class=\"boxersandswipers\" title=\"DSC_9322\" href=\"http:\/\/www.polovnictvotn.eu.sk\/wp-content\/uploads\/2017\/07\/DSC_9322.jpg\"><img loading=\"lazy\" decoding=\"async\" class=\"alignnone size-thumbnail wp-image-1987\" src=\"http:\/\/www.polovnictvotn.eu.sk\/wp-content\/uploads\/2017\/07\/DSC_9322-150x150.jpg\" alt=\"\" width=\"150\" height=\"150\" \/><\/a> <a class=\"boxersandswipers\" title=\"DSC_9333\" href=\"http:\/\/www.polovnictvotn.eu.sk\/wp-content\/uploads\/2017\/07\/DSC_9333.jpg\"><img loading=\"lazy\" decoding=\"async\" class=\"alignnone size-thumbnail wp-image-1988\" src=\"http:\/\/www.polovnictvotn.eu.sk\/wp-content\/uploads\/2017\/07\/DSC_9333-150x150.jpg\" alt=\"\" width=\"150\" height=\"150\" \/><\/a><\/p>\n","protected":false},"excerpt":{"rendered":"","protected":false},"author":1,"featured_media":0,"parent":0,"menu_order":0,"comment_status":"closed","ping_status":"closed","template":"","meta":{"footnotes":""},"class_list":["post-1972","page","type-page","status-publish","hentry"],"jetpack_sharing_enabled":true,"_links":{"self":[{"href":"http:\/\/www.polovnictvotn.eu.sk\/index.php?rest_route=\/wp\/v2\/pages\/1972","targetHints":{"allow":["GET"]}}],"collection":[{"href":"http:\/\/www.polovnictvotn.eu.sk\/index.php?rest_route=\/wp\/v2\/pages"}],"about":[{"href":"http:\/\/www.polovnictvotn.eu.sk\/index.php?rest_route=\/wp\/v2\/types\/page"}],"author":[{"embeddable":true,"href":"http:\/\/www.polovnictvotn.eu.sk\/index.php?rest_route=\/wp\/v2\/users\/1"}],"replies":[{"embeddable":true,"href":"http:\/\/www.polovnictvotn.eu.sk\/index.php?rest_route=%2Fwp%2Fv2%2Fcomments&post=1972"}],"version-history":[{"count":1,"href":"http:\/\/www.polovnictvotn.eu.sk\/index.php?rest_route=\/wp\/v2\/pages\/1972\/revisions"}],"predecessor-version":[{"id":1989,"href":"http:\/\/www.polovnictvotn.eu.sk\/index.php?rest_route=\/wp\/v2\/pages\/1972\/revisions\/1989"}],"wp:attachment":[{"href":"http:\/\/www.polovnictvotn.eu.sk\/index.php?rest_route=%2Fwp%2Fv2%2Fmedia&parent=1972"}],"curies":[{"name":"wp","href":"https:\/\/api.w.org\/{rel}","templated":true}]}}