{"id":221,"date":"2014-04-16T17:02:09","date_gmt":"2014-04-16T15:02:09","guid":{"rendered":"http:\/\/www.polovnictvotn.eu.sk\/?page_id=221"},"modified":"2020-05-20T15:40:01","modified_gmt":"2020-05-20T13:40:01","slug":"odkazy","status":"publish","type":"page","link":"http:\/\/www.polovnictvotn.eu.sk\/?page_id=221","title":{"rendered":"Odkazy"},"content":{"rendered":"<p><a href=\"https:\/\/www.polovnickakomora.sk\/sk\/\"><img loading=\"lazy\" decoding=\"async\" class=\"alignleft  wp-image-3169\" src=\"http:\/\/www.polovnictvotn.eu.sk\/wp-content\/uploads\/2020\/05\/logo-spk-266x300.jpg\" alt=\"\" width=\"113\" height=\"127\" srcset=\"http:\/\/www.polovnictvotn.eu.sk\/wp-content\/uploads\/2020\/05\/logo-spk-266x300.jpg 266w, http:\/\/www.polovnictvotn.eu.sk\/wp-content\/uploads\/2020\/05\/logo-spk.jpg 536w\" sizes=\"auto, (max-width: 113px) 100vw, 113px\" \/><\/a><\/p>\n<p>&nbsp;<\/p>\n<p>&#8211; <a href=\"https:\/\/www.polovnickakomora.sk\/sk\/\">Slovensk\u00e1 po\u013eovn\u00edcka komora<\/a><\/p>\n<p>&nbsp;<\/p>\n<p>&nbsp;<\/p>\n<p><a href=\"http:\/\/www.cic-wildlife.org\/\"><img loading=\"lazy\" decoding=\"async\" class=\"aligncenter size-medium wp-image-229\" src=\"http:\/\/www.polovnictvotn.eu.sk\/wp-content\/uploads\/2014\/04\/black.bmp\" alt=\"black\" width=\"1\" height=\"1\" \/><img loading=\"lazy\" decoding=\"async\" class=\"size-full wp-image-230 alignleft\" src=\"http:\/\/www.polovnictvotn.eu.sk\/wp-content\/uploads\/2014\/04\/cic1.gif\" alt=\"cic\" width=\"100\" height=\"123\" \/> <\/a><\/p>\n<p>&nbsp;<\/p>\n<p>&#8211; <a href=\"http:\/\/www.cic-wildlife.org\/\">Medzin\u00e1rodn\u00e1 rada pre po\u013eovn\u00edctvo a ochranu zvery<\/a><\/p>\n<p>&nbsp;<\/p>\n<p>&nbsp;<\/p>\n<p><a href=\"https:\/\/www.face.eu\/\"><img loading=\"lazy\" decoding=\"async\" class=\"alignleft wp-image-233\" style=\"text-align: center;\" src=\"http:\/\/www.polovnictvotn.eu.sk\/wp-content\/uploads\/2014\/04\/black.bmp\" alt=\"black\" width=\"121\" height=\"100\" \/><\/a><\/p>\n<p>&nbsp;<\/p>\n<p>&#8211; <a href=\"https:\/\/www.face.eu\/\">Medzin\u00e1rodn\u00e1 feder\u00e1cia po\u013eovn\u00edckych asoci\u00e1ci\u00ed pri EU<\/a><\/p>\n<p>&nbsp;<\/p>\n<p>&nbsp;<\/p>\n<p><a href=\"http:\/\/www.fci.be\/\"><img loading=\"lazy\" decoding=\"async\" class=\"size-full wp-image-231 alignleft\" src=\"http:\/\/www.polovnictvotn.eu.sk\/wp-content\/uploads\/2014\/04\/fci.gif\" alt=\"fci\" width=\"100\" height=\"100\" \/><\/a><\/p>\n<p>&nbsp;<\/p>\n<p>&#8211; <a href=\"http:\/\/www.fci.be\/\">Medzin\u00e1rodn\u00e1 kynologick\u00e1 feder\u00e1cia<\/a><\/p>\n<p>&nbsp;<\/p>\n<p>&nbsp;<\/p>\n<p><a href=\"http:\/\/www.iaf.org\/\"><img loading=\"lazy\" decoding=\"async\" class=\"size-full wp-image-232 alignleft\" src=\"http:\/\/www.polovnictvotn.eu.sk\/wp-content\/uploads\/2014\/04\/iaf150.gif\" alt=\"iaf150\" width=\"104\" height=\"100\" \/><\/a><\/p>\n<p>&nbsp;<\/p>\n<p>&#8211; <a href=\"http:\/\/www.iaf.org\/\">Medzin\u00e1rodn\u00e1 asoci\u00e1cia sokoliarov<\/a><\/p>\n<p>&nbsp;<\/p>\n<p>&nbsp;<\/p>\n<p><a href=\"http:\/\/www.fitasc.com\/\"><img loading=\"lazy\" decoding=\"async\" class=\"size-full wp-image-228 alignleft\" src=\"http:\/\/www.polovnictvotn.eu.sk\/wp-content\/uploads\/2014\/04\/fitasc-logo1.gif\" alt=\"fitasc-logo\" width=\"100\" height=\"119\" \/><\/a><\/p>\n<p>&nbsp;<\/p>\n<p>&#8211; <a href=\"http:\/\/www.fitasc.com\/\">Medzin\u00e1rodn\u00e1 feder\u00e1cia pre polovn\u00edcku \u0161portov\u00fa strelbu<\/a><\/p>\n<p>&nbsp;<\/p>\n","protected":false},"excerpt":{"rendered":"<p>&nbsp; &#8211; Slovensk\u00e1 po\u013eovn\u00edcka komora &nbsp; &nbsp; &nbsp; &#8211; Medzin\u00e1rodn\u00e1 rada pre po\u013eovn\u00edctvo a ochranu zvery &nbsp; &nbsp; &nbsp; &#8211; Medzin\u00e1rodn\u00e1 feder\u00e1cia po\u013eovn\u00edckych asoci\u00e1ci\u00ed pri EU &nbsp; &nbsp; &nbsp; &#8211; Medzin\u00e1rodn\u00e1 kynologick\u00e1 feder\u00e1cia &nbsp; &nbsp; &nbsp; &#8211; Medzin\u00e1rodn\u00e1 asoci\u00e1cia sokoliarov &nbsp; &nbsp; &nbsp; &#8211; Medzin\u00e1rodn\u00e1 feder\u00e1cia pre polovn\u00edcku \u0161portov\u00fa strelbu &nbsp;<\/p>\n","protected":false},"author":1,"featured_media":0,"parent":0,"menu_order":0,"comment_status":"closed","ping_status":"closed","template":"","meta":{"footnotes":""},"class_list":["post-221","page","type-page","status-publish","hentry"],"jetpack_sharing_enabled":true,"_links":{"self":[{"href":"http:\/\/www.polovnictvotn.eu.sk\/index.php?rest_route=\/wp\/v2\/pages\/221","targetHints":{"allow":["GET"]}}],"collection":[{"href":"http:\/\/www.polovnictvotn.eu.sk\/index.php?rest_route=\/wp\/v2\/pages"}],"about":[{"href":"http:\/\/www.polovnictvotn.eu.sk\/index.php?rest_route=\/wp\/v2\/types\/page"}],"author":[{"embeddable":true,"href":"http:\/\/www.polovnictvotn.eu.sk\/index.php?rest_route=\/wp\/v2\/users\/1"}],"replies":[{"embeddable":true,"href":"http:\/\/www.polovnictvotn.eu.sk\/index.php?rest_route=%2Fwp%2Fv2%2Fcomments&post=221"}],"version-history":[{"count":13,"href":"http:\/\/www.polovnictvotn.eu.sk\/index.php?rest_route=\/wp\/v2\/pages\/221\/revisions"}],"predecessor-version":[{"id":225,"href":"http:\/\/www.polovnictvotn.eu.sk\/index.php?rest_route=\/wp\/v2\/pages\/221\/revisions\/225"}],"wp:attachment":[{"href":"http:\/\/www.polovnictvotn.eu.sk\/index.php?rest_route=%2Fwp%2Fv2%2Fmedia&parent=221"}],"curies":[{"name":"wp","href":"https:\/\/api.w.org\/{rel}","templated":true}]}}