{"id":2247,"date":"2018-02-25T21:25:10","date_gmt":"2018-02-25T19:25:10","guid":{"rendered":"http:\/\/www.polovnictvotn.eu.sk\/?page_id=2247"},"modified":"2025-04-01T17:10:27","modified_gmt":"2025-04-01T15:10:27","slug":"chovatelske-prehliadky","status":"publish","type":"page","link":"http:\/\/www.polovnictvotn.eu.sk\/?page_id=2247","title":{"rendered":"Chovate\u013esk\u00e9 prehliadky"},"content":{"rendered":"<hr \/>\n<h2><strong>ARCH\u00cdV<\/strong><\/h2>\n<hr \/>\n<ul>\n<li><span style=\"color: #000000;\"><a style=\"color: #000000;\" href=\"http:\/\/www.polovnictvotn.eu.sk\/\">Chovate\u013esk\u00e1 prehliadka po\u013eovn\u00edckej sez\u00f3ny 2024\/2025 Tren\u010dianske Stankovce<\/a><\/span><\/li>\n<\/ul>\n<p>\u00a0<\/p>\n<ul>\n<li style=\"text-align: left;\">\n<p><span style=\"color: #000000;\"><a style=\"color: #000000;\" href=\"http:\/\/www.polovnictvotn.eu.sk\/?p=5312\">Chovate\u013esk\u00e1 prehliadka po\u013eovn\u00edckej sez\u00f3ny 2023\/2024 Tren\u010dianske Stankovce<\/a><\/span><\/p>\n<\/li>\n<\/ul>\n<ul>\n<li style=\"text-align: left;\">\n<p><span style=\"color: #000000;\"><a style=\"color: #000000;\" href=\"http:\/\/www.polovnictvotn.eu.sk\/?p=4315\">Chovate\u013esk\u00e1 prehliadka po\u013eovn\u00edckej sez\u00f3ny 2022\/2023 Tren\u010dianske Stankovce<\/a><\/span><\/p>\n<\/li>\n<li style=\"text-align: left;\">\n<p><span style=\"color: #000000;\"><a style=\"color: #000000;\" href=\"http:\/\/www.polovnictvotn.eu.sk\/?p=3694\">Chovate\u013esk\u00e1 prehliadka po\u013eovn\u00edckej sez\u00f3ny 2021\/2022 Tren\u010dianske Stankovce<\/a><\/span><\/p>\n<\/li>\n<li style=\"text-align: left;\">\n<p><span style=\"color: #000000;\"><a style=\"color: #000000;\" href=\"http:\/\/www.polovnictvotn.eu.sk\/?p=3188\">Chovate\u013esk\u00e1 prehliadka po\u013eovn\u00edckej sez\u00f3ny 2019\/2020 Tren\u010dianske Stankovce<\/a><\/span><\/p>\n<\/li>\n<li>\n<p><a href=\"http:\/\/www.polovnictvotn.eu.sk\/?page_id=2780\"><span style=\"color: #000000;\">Chovate\u013esk\u00e1 prehliadka po\u013eovn\u00edckej sez\u00f3ny 2018\/2019 Tren\u010dianske Stankovce<\/span><\/a><\/p>\n<\/li>\n<li style=\"text-align: left;\">\n<p><span style=\"color: #000000;\"><a style=\"color: #000000;\" href=\"http:\/\/www.polovnictvotn.eu.sk\/?page_id=2307\">Chovate\u013esk\u00e1 prehliadka po\u013eovn\u00edckej sez\u00f3ny 2017\/2018 <\/a>Tren\u010dianske Stankovce<br \/><\/span><\/p>\n<\/li>\n<li>\n<p><span style=\"color: #000000;\"><a style=\"color: #000000;\" href=\"http:\/\/www.polovnictvotn.eu.sk\/?page_id=1723\">Chovate\u013esk\u00e1 prehliadka po\u013eovn\u00edckej sez\u00f3ny 2016\/2017<\/a> Tren\u010dianske Stankovce<\/span><\/p>\n<\/li>\n<li>\n<p><span style=\"color: #000000;\"><a style=\"color: #000000;\" title=\"Chovate\u013esk\u00e1 prehliadka po\u013eovn\u00edckej sez\u00f3ny 2015-2016\" href=\"http:\/\/www.polovnictvotn.eu.sk\/?page_id=1475\">Chovate\u013esk\u00e1 prehliadka po\u013eovn\u00edckej sez\u00f3ny 2015\/2016 Tren\u010dianske Stankovce<\/a><\/span><\/p>\n<\/li>\n<li>\n<p><span style=\"color: #000000;\"><a style=\"color: #000000;\" title=\"Chovate\u013esk\u00e1 prehliadka po\u013eovn\u00edckej sez\u00f3ny 2014-2015\" href=\"http:\/\/www.polovnictvotn.eu.sk\/?page_id=1206\">Chovate\u013esk\u00e1 prehliadka po\u013eovn\u00edckej sez\u00f3ny 2014\/2015 Tren\u010dianske Stankovce<\/a><\/span><\/p>\n<\/li>\n<\/ul>\n\n\n<p><\/p>\n","protected":false},"excerpt":{"rendered":"<p>ARCH\u00cdV Chovate\u013esk\u00e1 prehliadka po\u013eovn\u00edckej sez\u00f3ny 2024\/2025 Tren\u010dianske Stankovce \u00a0 Chovate\u013esk\u00e1 prehliadka po\u013eovn\u00edckej sez\u00f3ny 2023\/2024 Tren\u010dianske Stankovce Chovate\u013esk\u00e1 prehliadka po\u013eovn\u00edckej sez\u00f3ny 2022\/2023 Tren\u010dianske Stankovce Chovate\u013esk\u00e1 prehliadka po\u013eovn\u00edckej sez\u00f3ny 2021\/2022 Tren\u010dianske Stankovce Chovate\u013esk\u00e1 prehliadka po\u013eovn\u00edckej sez\u00f3ny 2019\/2020 Tren\u010dianske Stankovce Chovate\u013esk\u00e1 prehliadka po\u013eovn\u00edckej sez\u00f3ny 2018\/2019 Tren\u010dianske Stankovce Chovate\u013esk\u00e1 prehliadka po\u013eovn\u00edckej sez\u00f3ny 2017\/2018 Tren\u010dianske Stankovce Chovate\u013esk\u00e1 prehliadka po\u013eovn\u00edckej sez\u00f3ny [&hellip;]<\/p>\n","protected":false},"author":1,"featured_media":0,"parent":0,"menu_order":0,"comment_status":"closed","ping_status":"closed","template":"","meta":{"footnotes":""},"class_list":["post-2247","page","type-page","status-publish","hentry"],"jetpack_sharing_enabled":true,"_links":{"self":[{"href":"http:\/\/www.polovnictvotn.eu.sk\/index.php?rest_route=\/wp\/v2\/pages\/2247","targetHints":{"allow":["GET"]}}],"collection":[{"href":"http:\/\/www.polovnictvotn.eu.sk\/index.php?rest_route=\/wp\/v2\/pages"}],"about":[{"href":"http:\/\/www.polovnictvotn.eu.sk\/index.php?rest_route=\/wp\/v2\/types\/page"}],"author":[{"embeddable":true,"href":"http:\/\/www.polovnictvotn.eu.sk\/index.php?rest_route=\/wp\/v2\/users\/1"}],"replies":[{"embeddable":true,"href":"http:\/\/www.polovnictvotn.eu.sk\/index.php?rest_route=%2Fwp%2Fv2%2Fcomments&post=2247"}],"version-history":[{"count":36,"href":"http:\/\/www.polovnictvotn.eu.sk\/index.php?rest_route=\/wp\/v2\/pages\/2247\/revisions"}],"predecessor-version":[{"id":6170,"href":"http:\/\/www.polovnictvotn.eu.sk\/index.php?rest_route=\/wp\/v2\/pages\/2247\/revisions\/6170"}],"wp:attachment":[{"href":"http:\/\/www.polovnictvotn.eu.sk\/index.php?rest_route=%2Fwp%2Fv2%2Fmedia&parent=2247"}],"curies":[{"name":"wp","href":"https:\/\/api.w.org\/{rel}","templated":true}]}}