{"id":2494,"date":"2018-06-30T15:31:47","date_gmt":"2018-06-30T13:31:47","guid":{"rendered":"http:\/\/www.polovnictvotn.eu.sk\/?page_id=2494"},"modified":"2018-06-30T15:31:47","modified_gmt":"2018-06-30T13:31:47","slug":"skusky-kandidatov-z-polovnictva-23-6-2018-trencianske-jastrabie","status":"publish","type":"page","link":"http:\/\/www.polovnictvotn.eu.sk\/?page_id=2494","title":{"rendered":"Sk\u00fa\u0161ky kandid\u00e1tov z po\u013eovn\u00edctva 23.6.2018 Tren\u010dianske Jastrabie"},"content":{"rendered":"<p><a class=\"boxersandswipers\" href=\"http:\/\/www.polovnictvotn.eu.sk\/wp-content\/uploads\/2018\/06\/36275058_1847075392020156_8302164314219872256_n.jpg\"><img loading=\"lazy\" decoding=\"async\" class=\"alignleft size-thumbnail wp-image-2490\" src=\"http:\/\/www.polovnictvotn.eu.sk\/wp-content\/uploads\/2018\/06\/36275058_1847075392020156_8302164314219872256_n-150x150.jpg\" alt=\"\" width=\"150\" height=\"150\" srcset=\"http:\/\/www.polovnictvotn.eu.sk\/wp-content\/uploads\/2018\/06\/36275058_1847075392020156_8302164314219872256_n-150x150.jpg 150w, http:\/\/www.polovnictvotn.eu.sk\/wp-content\/uploads\/2018\/06\/36275058_1847075392020156_8302164314219872256_n-60x60.jpg 60w\" sizes=\"auto, (max-width: 150px) 100vw, 150px\" \/><\/a> <a class=\"boxersandswipers\" href=\"http:\/\/www.polovnictvotn.eu.sk\/wp-content\/uploads\/2018\/06\/36274742_1847076652020030_6518033954568667136_n.jpg\"><img loading=\"lazy\" decoding=\"async\" class=\"alignleft size-thumbnail wp-image-2489\" src=\"http:\/\/www.polovnictvotn.eu.sk\/wp-content\/uploads\/2018\/06\/36274742_1847076652020030_6518033954568667136_n-150x150.jpg\" alt=\"\" width=\"150\" height=\"150\" srcset=\"http:\/\/www.polovnictvotn.eu.sk\/wp-content\/uploads\/2018\/06\/36274742_1847076652020030_6518033954568667136_n-150x150.jpg 150w, http:\/\/www.polovnictvotn.eu.sk\/wp-content\/uploads\/2018\/06\/36274742_1847076652020030_6518033954568667136_n-60x60.jpg 60w\" sizes=\"auto, (max-width: 150px) 100vw, 150px\" \/><\/a> <a class=\"boxersandswipers\" href=\"http:\/\/www.polovnictvotn.eu.sk\/wp-content\/uploads\/2018\/06\/36272761_1847075535353475_6159962913353236480_n.jpg\"><img loading=\"lazy\" decoding=\"async\" class=\"alignleft size-thumbnail wp-image-2488\" src=\"http:\/\/www.polovnictvotn.eu.sk\/wp-content\/uploads\/2018\/06\/36272761_1847075535353475_6159962913353236480_n-150x150.jpg\" alt=\"\" width=\"150\" height=\"150\" srcset=\"http:\/\/www.polovnictvotn.eu.sk\/wp-content\/uploads\/2018\/06\/36272761_1847075535353475_6159962913353236480_n-150x150.jpg 150w, http:\/\/www.polovnictvotn.eu.sk\/wp-content\/uploads\/2018\/06\/36272761_1847075535353475_6159962913353236480_n-60x60.jpg 60w\" sizes=\"auto, (max-width: 150px) 100vw, 150px\" \/><\/a> <a class=\"boxersandswipers\" href=\"http:\/\/www.polovnictvotn.eu.sk\/wp-content\/uploads\/2018\/06\/36270699_1847075548686807_3039282385234427904_n.jpg\"><img loading=\"lazy\" decoding=\"async\" class=\"alignleft size-thumbnail wp-image-2487\" src=\"http:\/\/www.polovnictvotn.eu.sk\/wp-content\/uploads\/2018\/06\/36270699_1847075548686807_3039282385234427904_n-150x150.jpg\" alt=\"\" width=\"150\" height=\"150\" srcset=\"http:\/\/www.polovnictvotn.eu.sk\/wp-content\/uploads\/2018\/06\/36270699_1847075548686807_3039282385234427904_n-150x150.jpg 150w, http:\/\/www.polovnictvotn.eu.sk\/wp-content\/uploads\/2018\/06\/36270699_1847075548686807_3039282385234427904_n-60x60.jpg 60w\" sizes=\"auto, (max-width: 150px) 100vw, 150px\" \/><\/a> <a class=\"boxersandswipers\" href=\"http:\/\/www.polovnictvotn.eu.sk\/wp-content\/uploads\/2018\/06\/36233296_1847075812020114_1928042378594091008_n.jpg\"><img loading=\"lazy\" decoding=\"async\" class=\"alignleft size-thumbnail wp-image-2486\" src=\"http:\/\/www.polovnictvotn.eu.sk\/wp-content\/uploads\/2018\/06\/36233296_1847075812020114_1928042378594091008_n-150x150.jpg\" alt=\"\" width=\"150\" height=\"150\" srcset=\"http:\/\/www.polovnictvotn.eu.sk\/wp-content\/uploads\/2018\/06\/36233296_1847075812020114_1928042378594091008_n-150x150.jpg 150w, http:\/\/www.polovnictvotn.eu.sk\/wp-content\/uploads\/2018\/06\/36233296_1847075812020114_1928042378594091008_n-60x60.jpg 60w\" sizes=\"auto, (max-width: 150px) 100vw, 150px\" \/><\/a> <a class=\"boxersandswipers\" href=\"http:\/\/www.polovnictvotn.eu.sk\/wp-content\/uploads\/2018\/06\/36230262_1847075632020132_880297686694100992_n.jpg\"><img loading=\"lazy\" decoding=\"async\" class=\"alignleft size-thumbnail wp-image-2485\" src=\"http:\/\/www.polovnictvotn.eu.sk\/wp-content\/uploads\/2018\/06\/36230262_1847075632020132_880297686694100992_n-150x150.jpg\" alt=\"\" width=\"150\" height=\"150\" srcset=\"http:\/\/www.polovnictvotn.eu.sk\/wp-content\/uploads\/2018\/06\/36230262_1847075632020132_880297686694100992_n-150x150.jpg 150w, http:\/\/www.polovnictvotn.eu.sk\/wp-content\/uploads\/2018\/06\/36230262_1847075632020132_880297686694100992_n-60x60.jpg 60w\" sizes=\"auto, (max-width: 150px) 100vw, 150px\" \/><\/a> <a class=\"boxersandswipers\" href=\"http:\/\/www.polovnictvotn.eu.sk\/wp-content\/uploads\/2018\/06\/36228732_1847076848686677_4661324076453724160_n.jpg\"><img loading=\"lazy\" decoding=\"async\" class=\"alignleft size-thumbnail wp-image-2484\" src=\"http:\/\/www.polovnictvotn.eu.sk\/wp-content\/uploads\/2018\/06\/36228732_1847076848686677_4661324076453724160_n-150x150.jpg\" alt=\"\" width=\"150\" height=\"150\" srcset=\"http:\/\/www.polovnictvotn.eu.sk\/wp-content\/uploads\/2018\/06\/36228732_1847076848686677_4661324076453724160_n-150x150.jpg 150w, http:\/\/www.polovnictvotn.eu.sk\/wp-content\/uploads\/2018\/06\/36228732_1847076848686677_4661324076453724160_n-60x60.jpg 60w\" sizes=\"auto, (max-width: 150px) 100vw, 150px\" \/><\/a> <a class=\"boxersandswipers\" href=\"http:\/\/www.polovnictvotn.eu.sk\/wp-content\/uploads\/2018\/06\/36222616_1847075312020164_4430203974926204928_n.jpg\"><img loading=\"lazy\" decoding=\"async\" class=\"alignleft size-thumbnail wp-image-2483\" src=\"http:\/\/www.polovnictvotn.eu.sk\/wp-content\/uploads\/2018\/06\/36222616_1847075312020164_4430203974926204928_n-150x150.jpg\" alt=\"\" width=\"150\" height=\"150\" srcset=\"http:\/\/www.polovnictvotn.eu.sk\/wp-content\/uploads\/2018\/06\/36222616_1847075312020164_4430203974926204928_n-150x150.jpg 150w, http:\/\/www.polovnictvotn.eu.sk\/wp-content\/uploads\/2018\/06\/36222616_1847075312020164_4430203974926204928_n-60x60.jpg 60w\" sizes=\"auto, (max-width: 150px) 100vw, 150px\" \/><\/a> <a class=\"boxersandswipers\" href=\"http:\/\/www.polovnictvotn.eu.sk\/wp-content\/uploads\/2018\/06\/36222391_1847076548686707_9072787464095006720_n.jpg\"><img loading=\"lazy\" decoding=\"async\" class=\"alignleft size-thumbnail wp-image-2482\" src=\"http:\/\/www.polovnictvotn.eu.sk\/wp-content\/uploads\/2018\/06\/36222391_1847076548686707_9072787464095006720_n-150x150.jpg\" alt=\"\" width=\"150\" height=\"150\" srcset=\"http:\/\/www.polovnictvotn.eu.sk\/wp-content\/uploads\/2018\/06\/36222391_1847076548686707_9072787464095006720_n-150x150.jpg 150w, http:\/\/www.polovnictvotn.eu.sk\/wp-content\/uploads\/2018\/06\/36222391_1847076548686707_9072787464095006720_n-60x60.jpg 60w\" sizes=\"auto, (max-width: 150px) 100vw, 150px\" \/><\/a> <a class=\"boxersandswipers\" href=\"http:\/\/www.polovnictvotn.eu.sk\/wp-content\/uploads\/2018\/06\/36188894_1847075182020177_8831440418370486272_n.jpg\"><img loading=\"lazy\" decoding=\"async\" class=\"alignleft size-thumbnail wp-image-2481\" src=\"http:\/\/www.polovnictvotn.eu.sk\/wp-content\/uploads\/2018\/06\/36188894_1847075182020177_8831440418370486272_n-150x150.jpg\" alt=\"\" width=\"150\" height=\"150\" srcset=\"http:\/\/www.polovnictvotn.eu.sk\/wp-content\/uploads\/2018\/06\/36188894_1847075182020177_8831440418370486272_n-150x150.jpg 150w, http:\/\/www.polovnictvotn.eu.sk\/wp-content\/uploads\/2018\/06\/36188894_1847075182020177_8831440418370486272_n-60x60.jpg 60w\" sizes=\"auto, (max-width: 150px) 100vw, 150px\" \/><\/a> <a class=\"boxersandswipers\" href=\"http:\/\/www.polovnictvotn.eu.sk\/wp-content\/uploads\/2018\/06\/36177150_1847076475353381_3987165488319823872_n.jpg\"><img loading=\"lazy\" decoding=\"async\" class=\"alignleft size-thumbnail wp-image-2480\" src=\"http:\/\/www.polovnictvotn.eu.sk\/wp-content\/uploads\/2018\/06\/36177150_1847076475353381_3987165488319823872_n-150x150.jpg\" alt=\"\" width=\"150\" height=\"150\" srcset=\"http:\/\/www.polovnictvotn.eu.sk\/wp-content\/uploads\/2018\/06\/36177150_1847076475353381_3987165488319823872_n-150x150.jpg 150w, http:\/\/www.polovnictvotn.eu.sk\/wp-content\/uploads\/2018\/06\/36177150_1847076475353381_3987165488319823872_n-300x300.jpg 300w, http:\/\/www.polovnictvotn.eu.sk\/wp-content\/uploads\/2018\/06\/36177150_1847076475353381_3987165488319823872_n-768x765.jpg 768w, http:\/\/www.polovnictvotn.eu.sk\/wp-content\/uploads\/2018\/06\/36177150_1847076475353381_3987165488319823872_n-60x60.jpg 60w, http:\/\/www.polovnictvotn.eu.sk\/wp-content\/uploads\/2018\/06\/36177150_1847076475353381_3987165488319823872_n.jpg 960w\" sizes=\"auto, (max-width: 150px) 100vw, 150px\" \/><\/a> <a class=\"boxersandswipers\" href=\"http:\/\/www.polovnictvotn.eu.sk\/wp-content\/uploads\/2018\/06\/36176451_1847075902020105_5304607244208308224_n.jpg\"><img loading=\"lazy\" decoding=\"async\" class=\"alignleft size-thumbnail wp-image-2479\" src=\"http:\/\/www.polovnictvotn.eu.sk\/wp-content\/uploads\/2018\/06\/36176451_1847075902020105_5304607244208308224_n-150x150.jpg\" alt=\"\" width=\"150\" height=\"150\" srcset=\"http:\/\/www.polovnictvotn.eu.sk\/wp-content\/uploads\/2018\/06\/36176451_1847075902020105_5304607244208308224_n-150x150.jpg 150w, http:\/\/www.polovnictvotn.eu.sk\/wp-content\/uploads\/2018\/06\/36176451_1847075902020105_5304607244208308224_n-60x60.jpg 60w\" sizes=\"auto, (max-width: 150px) 100vw, 150px\" \/><\/a> <a class=\"boxersandswipers\" href=\"http:\/\/www.polovnictvotn.eu.sk\/wp-content\/uploads\/2018\/06\/36176266_1847076748686687_6849337260651839488_n.jpg\"><img loading=\"lazy\" decoding=\"async\" class=\"alignnone size-thumbnail wp-image-2478\" src=\"http:\/\/www.polovnictvotn.eu.sk\/wp-content\/uploads\/2018\/06\/36176266_1847076748686687_6849337260651839488_n-150x150.jpg\" alt=\"\" width=\"150\" height=\"150\" srcset=\"http:\/\/www.polovnictvotn.eu.sk\/wp-content\/uploads\/2018\/06\/36176266_1847076748686687_6849337260651839488_n-150x150.jpg 150w, http:\/\/www.polovnictvotn.eu.sk\/wp-content\/uploads\/2018\/06\/36176266_1847076748686687_6849337260651839488_n-60x60.jpg 60w\" sizes=\"auto, (max-width: 150px) 100vw, 150px\" \/><\/a><\/p>\n","protected":false},"excerpt":{"rendered":"","protected":false},"author":1,"featured_media":0,"parent":0,"menu_order":0,"comment_status":"closed","ping_status":"closed","template":"","meta":{"footnotes":""},"class_list":["post-2494","page","type-page","status-publish","hentry"],"jetpack_sharing_enabled":true,"_links":{"self":[{"href":"http:\/\/www.polovnictvotn.eu.sk\/index.php?rest_route=\/wp\/v2\/pages\/2494","targetHints":{"allow":["GET"]}}],"collection":[{"href":"http:\/\/www.polovnictvotn.eu.sk\/index.php?rest_route=\/wp\/v2\/pages"}],"about":[{"href":"http:\/\/www.polovnictvotn.eu.sk\/index.php?rest_route=\/wp\/v2\/types\/page"}],"author":[{"embeddable":true,"href":"http:\/\/www.polovnictvotn.eu.sk\/index.php?rest_route=\/wp\/v2\/users\/1"}],"replies":[{"embeddable":true,"href":"http:\/\/www.polovnictvotn.eu.sk\/index.php?rest_route=%2Fwp%2Fv2%2Fcomments&post=2494"}],"version-history":[{"count":2,"href":"http:\/\/www.polovnictvotn.eu.sk\/index.php?rest_route=\/wp\/v2\/pages\/2494\/revisions"}],"predecessor-version":[{"id":2496,"href":"http:\/\/www.polovnictvotn.eu.sk\/index.php?rest_route=\/wp\/v2\/pages\/2494\/revisions\/2496"}],"wp:attachment":[{"href":"http:\/\/www.polovnictvotn.eu.sk\/index.php?rest_route=%2Fwp%2Fv2%2Fmedia&parent=2494"}],"curies":[{"name":"wp","href":"https:\/\/api.w.org\/{rel}","templated":true}]}}