{"id":2545,"date":"2018-09-04T18:41:52","date_gmt":"2018-09-04T16:41:52","guid":{"rendered":"http:\/\/www.polovnictvotn.eu.sk\/?page_id=2545"},"modified":"2018-09-05T09:53:41","modified_gmt":"2018-09-05T07:53:41","slug":"ponuka-odpudzovacov-divej-zveri","status":"publish","type":"page","link":"http:\/\/www.polovnictvotn.eu.sk\/?page_id=2545","title":{"rendered":"Ponuka odpudzova\u010dov divej zveri"},"content":{"rendered":"<div><span style=\"font-family: Georgia;\">Sme v\u00fdrobcom ultrazvukov\u00fdch odpudzova\u010dov divej zveri a hlodovcov. R\u00e1d by som V\u00e1m predstavil n\u00e1\u0161 pr\u00edbeh a takisto aj na\u0161e pr\u00edstroje.<\/span><\/div>\n<div><span style=\"font-family: Georgia;\">\u00a0<\/span><\/div>\n<div>\n<div>Poznaj\u00fac probl\u00e9my farm\u00e1rov a pestovate\u013eov so \u0161kodami sp\u00f4soben\u00fdmi divou zverou sme h\u013eadali rie\u0161enie, ktor\u00e9 by bolo efekt\u00edvne, no z\u00e1rove\u0148 aj ekologick\u00e9 a hlavne \u010do najviac bez\u00fadr\u017ebov\u00e9.<\/div>\n<p>&nbsp;<\/p>\n<\/div>\n<div><span style=\"font-family: Georgia;\">\u00a0<\/span><\/div>\n<div>\n<div>V\u00fdskum, v\u00fdvoj a testovanie v n\u00e1ro\u010dn\u00fdch podmienkach prinieslo svoje ovocie a v roku 2014 vznikol prv\u00fd prototyp Normal. V\u010faka ve\u013ek\u00e9mu z\u00e1ujmu farm\u00e1rov sa v roku 2015 za\u010dala s\u00e9riov\u00e1 v\u00fdroba odpudzova\u010dov. Na z\u00e1klade po\u017eiadaviek na\u0161ich z\u00e1kazn\u00edkov sme za\u010dali vyv\u00edja\u0165 n\u00e1\u0161 produkt a v roku 2016 sme uviedli na trh odpudzova\u010d divej zveri Mega s 2,5 kr\u00e1t v\u00e4\u010d\u0161\u00edm dosahom. Po \u00faspechu s odpudzova\u010dmi divej zveri s koncom roka 2016 vyvinuli odpudzova\u010d hlodavcov Nomus a za\u010diakom roku 2017 sme za\u010dali vyr\u00e1ba\u0165 odpudzova\u010d divej zveri Dual s dosahom do oboch str\u00e1n. Od polovice roku 2017 na\u0161e pr\u00edstroje dod\u00e1vame na trh po n\u00e1zvom Doxmand\u00ae, ktor\u00fd je registrovanou ochrannou zn\u00e1mkou.<\/div>\n<p>&nbsp;<\/p>\n<\/div>\n<div><span style=\"font-family: Georgia;\">\u00a0<\/span><\/div>\n<div>\n<div>Ver\u00edme svojej pr\u00e1ci a preto na ka\u017ed\u00fd n\u00e1\u0161 v\u00fdrobok d\u00e1vame <i><b>30 d\u0148ov\u00fa garanciu vr\u00e1tenia pe\u0148az\u00ed a pred\u013a\u017een\u00fa 3 ro\u010dn\u00fa z\u00e1ruku<\/b>.<\/i> Stovky na\u0161ich z\u00e1kazn\u00edkov z radov po\u013enohospod\u00e1rskych dru\u017estiev, samostatne hospod\u00e1riacich ro\u013en\u00edkov a po\u013eovn\u00edckych zdru\u017een\u00ed, ktor\u00ed si opakovane objedn\u00e1vaj\u00fa \u010fal\u0161ie na\u0161e odpudzova\u010de, sa presved\u010dili, \u017ee \u0161kod\u00e1m je lacnej\u0161ie pred\u00eds\u0165.<\/div>\n<p>&nbsp;<\/p>\n<\/div>\n<div><span style=\"font-family: Georgia;\">\u00a0<\/span><\/div>\n<div>\n<div><span style=\"font-family: Georgia;\">Pripravili sme video, kde sme pou\u017eili vlastn\u00e9, autentick\u00e9 z\u00e1bery. Pre potreby tohto videa bol odpudzova\u010d doplnen\u00fd o pohybov\u00fd senzor a riadiaca jednotka upraven\u00e1 tak, aby odpudzovala len vtedy, ak sa zver dostane k jeho bl\u00edzkosti a do zorn\u00e9ho po\u013ea kamery. V \u0161tandardnom re\u017eime je riadenie naprogramovan\u00e9 na vyd\u00e1vanie n\u00e1hodn\u00fdch, meniacich sa sign\u00e1lov, na ktor\u00e9 si zver nezvykne.\u00a0<\/span><\/div>\n<p>&nbsp;<\/p>\n<\/div>\n<div><span style=\"font-family: Georgia;\">\u00a0<\/span><\/div>\n<div>\n<div><span style=\"font-family: Georgia;\">Tu kliknite na video:<\/span><\/div>\n<div><a title=\"https:\/\/www.youtube.com\/watch?v=WVLpNY5zR0A\" href=\"http:\/\/link.azet.sk\/?w=1&amp;data-external=yes&amp;link=https%3A\/\/www.youtube.com\/watch%3Fv%3DWVLpNY5zR0A\" target=\"_blank\" rel=\"noopener\" data-orig=\"http:\/\/link.azet.sk\/?w=1&amp;data-external=yes&amp;link=https%3A\/\/www.youtube.com\/watch%3Fv%3DWVLpNY5zR0A\" data-prev=\"https:\/\/www.youtube.com\/watch?v=WVLpNY5zR0A\">https:\/\/www.youtube.com\/watch?v=WVLpNY5zR0A<\/a><\/div>\n<p>&nbsp;<\/p>\n<\/div>\n<div><span style=\"font-family: Georgia;\">\u00a0<\/span><\/div>\n<div>\n<div><span style=\"font-family: Georgia;\">A\u017e pou\u017e\u00edvate Facebook, tak sa sta\u0148te fan\u00fa\u0161ikom na\u0161ej str\u00e1nky a z\u00edskavajte tak \u010fa\u013e\u0161ie zauj\u00edmav\u00e9 inform\u00e1cie.<\/span><\/div>\n<div><span style=\"font-family: Georgia;\">Link na str\u00e1nku:<\/span>\u00a0<a title=\"http:\/\/fb.me\/odpudzovace\" href=\"http:\/\/link.azet.sk\/?w=1&amp;data-external=yes&amp;link=http%3A\/\/fb.me\/odpudzovace\" target=\"_blank\" rel=\"noopener\" data-orig=\"http:\/\/link.azet.sk\/?w=1&amp;data-external=yes&amp;link=http%3A\/\/fb.me\/odpudzovace\" data-prev=\"http:\/\/fb.me\/odpudzovace\">fb.me\/odpudzovace<\/a><\/div>\n<p>&nbsp;<\/p>\n<\/div>\n<div><span style=\"font-family: Georgia;\">\u00a0<\/span><\/div>\n<div>\n<div>Ceny pr\u00edstrojov na odpudzovanie divej zveri s DPH:<\/div>\n<div><\/div>\n<div>Odpudzova\u010d divej zveri Normal (1ha) 81,00 EUR\/ks<\/div>\n<div><\/div>\n<div>Odpudzova\u010d divej zveri Dual (2x1ha) 120,00 EUR\/ks<\/div>\n<div><\/div>\n<div>Odpudzova\u010d divej zveri Mega (2,5ha) 148,00 EUR\/ks<\/div>\n<div><\/div>\n<div><\/div>\n<div>Takisto sme vyvinuli pr\u00edstroje na odpudzovanie hlodavcov, ich ceny s\u00fa s DPH nasledovn\u00e9:<\/div>\n<div><\/div>\n<div>Odpudzova\u010d hlodavcov Nomus (65m2) 38,00 EUR\/ks<\/div>\n<div><\/div>\n<div>Odpudzova\u010d hlodavcov Nomus plus (1500m2)) 66,00 EUR\/ks<\/div>\n<div><\/div>\n<div>Odpudzova\u010d hlodavcov Nomus 360 (4x1500m2) 153,00 EUR\/ks<\/div>\n<p>&nbsp;<\/p>\n<\/div>\n<div><span style=\"font-family: Georgia;\">\u00a0<\/span><\/div>\n<div>\n<div><span style=\"font-family: Georgia;\">V pr\u00edpade ot\u00e1zok ma nev\u00e1hajte kontaktova\u0165, e-mailom alebo telefonicky.<\/span><\/div>\n<div><span style=\"font-family: Georgia;\">\u00a0<\/span><\/div>\n<div><span style=\"font-family: Georgia;\">S prianim pekn\u00e9ho d\u0148a,<\/span><\/div>\n<div><span style=\"font-family: Georgia;\">\u00a0<\/span><\/div>\n<div><span style=\"font-family: Georgia;\">Roman Pinke<\/span><\/div>\n<div><span style=\"font-family: Georgia;\">+421 948 89 99 89<\/span><\/div>\n<p>&nbsp;<\/p>\n<\/div>\n<div><span style=\"font-family: Georgia;\">\u00a0<\/span><\/div>\n<div>\n<div><a class=\"boxersandswipers\" href=\"http:\/\/www.polovnictvotn.eu.sk\/wp-content\/uploads\/2018\/09\/DUAL-1.jpg\"><img loading=\"lazy\" decoding=\"async\" class=\"size-medium wp-image-2575 alignleft\" src=\"http:\/\/www.polovnictvotn.eu.sk\/wp-content\/uploads\/2018\/09\/DUAL-1-300x169.jpg\" alt=\"\" width=\"300\" height=\"169\" \/><\/a><a class=\"boxersandswipers\" href=\"http:\/\/www.polovnictvotn.eu.sk\/wp-content\/uploads\/2018\/09\/MEGA-1.jpg\"><img loading=\"lazy\" decoding=\"async\" class=\"size-medium wp-image-2576 alignleft\" src=\"http:\/\/www.polovnictvotn.eu.sk\/wp-content\/uploads\/2018\/09\/MEGA-1-300x169.jpg\" alt=\"\" width=\"300\" height=\"169\" \/><\/a><a class=\"boxersandswipers\" href=\"http:\/\/www.polovnictvotn.eu.sk\/wp-content\/uploads\/2018\/09\/NORMAL-1.jpg\"><img loading=\"lazy\" decoding=\"async\" class=\"size-medium wp-image-2577 alignleft\" src=\"http:\/\/www.polovnictvotn.eu.sk\/wp-content\/uploads\/2018\/09\/NORMAL-1-300x169.jpg\" alt=\"\" width=\"300\" height=\"169\" \/><\/a><a class=\"boxersandswipers\" href=\"http:\/\/www.polovnictvotn.eu.sk\/wp-content\/uploads\/2018\/09\/MEGA-300x169.jpg\"><br \/>\n<\/a><\/div>\n<\/div>\n","protected":false},"excerpt":{"rendered":"<p>Sme v\u00fdrobcom ultrazvukov\u00fdch odpudzova\u010dov divej zveri a hlodovcov. R\u00e1d by som V\u00e1m predstavil n\u00e1\u0161 pr\u00edbeh a takisto aj na\u0161e pr\u00edstroje. \u00a0 Poznaj\u00fac probl\u00e9my farm\u00e1rov a pestovate\u013eov so \u0161kodami sp\u00f4soben\u00fdmi divou zverou sme h\u013eadali rie\u0161enie, ktor\u00e9 by bolo efekt\u00edvne, no z\u00e1rove\u0148 aj ekologick\u00e9 a hlavne \u010do najviac bez\u00fadr\u017ebov\u00e9. &nbsp; \u00a0 V\u00fdskum, v\u00fdvoj a testovanie v n\u00e1ro\u010dn\u00fdch [&hellip;]<\/p>\n","protected":false},"author":1,"featured_media":0,"parent":0,"menu_order":0,"comment_status":"closed","ping_status":"closed","template":"","meta":{"footnotes":""},"class_list":["post-2545","page","type-page","status-publish","hentry"],"jetpack_sharing_enabled":true,"_links":{"self":[{"href":"http:\/\/www.polovnictvotn.eu.sk\/index.php?rest_route=\/wp\/v2\/pages\/2545","targetHints":{"allow":["GET"]}}],"collection":[{"href":"http:\/\/www.polovnictvotn.eu.sk\/index.php?rest_route=\/wp\/v2\/pages"}],"about":[{"href":"http:\/\/www.polovnictvotn.eu.sk\/index.php?rest_route=\/wp\/v2\/types\/page"}],"author":[{"embeddable":true,"href":"http:\/\/www.polovnictvotn.eu.sk\/index.php?rest_route=\/wp\/v2\/users\/1"}],"replies":[{"embeddable":true,"href":"http:\/\/www.polovnictvotn.eu.sk\/index.php?rest_route=%2Fwp%2Fv2%2Fcomments&post=2545"}],"version-history":[{"count":18,"href":"http:\/\/www.polovnictvotn.eu.sk\/index.php?rest_route=\/wp\/v2\/pages\/2545\/revisions"}],"predecessor-version":[{"id":2596,"href":"http:\/\/www.polovnictvotn.eu.sk\/index.php?rest_route=\/wp\/v2\/pages\/2545\/revisions\/2596"}],"wp:attachment":[{"href":"http:\/\/www.polovnictvotn.eu.sk\/index.php?rest_route=%2Fwp%2Fv2%2Fmedia&parent=2545"}],"curies":[{"name":"wp","href":"https:\/\/api.w.org\/{rel}","templated":true}]}}