{"id":2680,"date":"2019-01-07T20:15:49","date_gmt":"2019-01-07T18:15:49","guid":{"rendered":"http:\/\/www.polovnictvotn.eu.sk\/?page_id=2680"},"modified":"2019-01-07T20:26:10","modified_gmt":"2019-01-07T18:26:10","slug":"skusky-duricov-24-25-11-2018-pz-zdanova-melcice","status":"publish","type":"page","link":"http:\/\/www.polovnictvotn.eu.sk\/?page_id=2680","title":{"rendered":"Sk\u00fa\u0161ky duri\u010dov 24. &#8211; 25. 11. 2018 PZ \u017dd\u00e1nov\u00e1 Mel\u010dice"},"content":{"rendered":"<p><a class=\"boxersandswipers\" title=\"46798851_2072614419466251_5066954175301025792_n\" href=\"http:\/\/www.polovnictvotn.eu.sk\/wp-content\/uploads\/2019\/01\/46798851_2072614419466251_5066954175301025792_n.jpg\"><img loading=\"lazy\" decoding=\"async\" class=\"alignnone size-thumbnail wp-image-2686\" src=\"http:\/\/www.polovnictvotn.eu.sk\/wp-content\/uploads\/2019\/01\/46798851_2072614419466251_5066954175301025792_n-150x150.jpg\" alt=\"\" width=\"150\" height=\"150\" srcset=\"http:\/\/www.polovnictvotn.eu.sk\/wp-content\/uploads\/2019\/01\/46798851_2072614419466251_5066954175301025792_n-150x150.jpg 150w, http:\/\/www.polovnictvotn.eu.sk\/wp-content\/uploads\/2019\/01\/46798851_2072614419466251_5066954175301025792_n-60x60.jpg 60w\" sizes=\"auto, (max-width: 150px) 100vw, 150px\" \/><\/a> <a class=\"boxersandswipers\" title=\"46801492_2072613292799697_7579726819050389504_n\" href=\"http:\/\/www.polovnictvotn.eu.sk\/wp-content\/uploads\/2019\/01\/46801492_2072613292799697_7579726819050389504_n.jpg\"><img loading=\"lazy\" decoding=\"async\" class=\"alignnone size-thumbnail wp-image-2687\" src=\"http:\/\/www.polovnictvotn.eu.sk\/wp-content\/uploads\/2019\/01\/46801492_2072613292799697_7579726819050389504_n-150x150.jpg\" alt=\"\" width=\"150\" height=\"150\" srcset=\"http:\/\/www.polovnictvotn.eu.sk\/wp-content\/uploads\/2019\/01\/46801492_2072613292799697_7579726819050389504_n-150x150.jpg 150w, http:\/\/www.polovnictvotn.eu.sk\/wp-content\/uploads\/2019\/01\/46801492_2072613292799697_7579726819050389504_n-60x60.jpg 60w\" sizes=\"auto, (max-width: 150px) 100vw, 150px\" \/><\/a> <a class=\"boxersandswipers\" title=\"46836788_2072613062799720_8186381281639006208_o\" href=\"http:\/\/www.polovnictvotn.eu.sk\/wp-content\/uploads\/2019\/01\/46836788_2072613062799720_8186381281639006208_o.jpg\"><img loading=\"lazy\" decoding=\"async\" class=\"alignnone size-thumbnail wp-image-2688\" src=\"http:\/\/www.polovnictvotn.eu.sk\/wp-content\/uploads\/2019\/01\/46836788_2072613062799720_8186381281639006208_o-150x150.jpg\" alt=\"\" width=\"150\" height=\"150\" srcset=\"http:\/\/www.polovnictvotn.eu.sk\/wp-content\/uploads\/2019\/01\/46836788_2072613062799720_8186381281639006208_o-150x150.jpg 150w, http:\/\/www.polovnictvotn.eu.sk\/wp-content\/uploads\/2019\/01\/46836788_2072613062799720_8186381281639006208_o-60x60.jpg 60w\" sizes=\"auto, (max-width: 150px) 100vw, 150px\" \/><\/a> <a class=\"boxersandswipers\" title=\"46837370_2072615292799497_3115061113167806464_n\" href=\"http:\/\/www.polovnictvotn.eu.sk\/wp-content\/uploads\/2019\/01\/46837370_2072615292799497_3115061113167806464_n.jpg\"><img loading=\"lazy\" decoding=\"async\" class=\"alignnone size-thumbnail wp-image-2689\" src=\"http:\/\/www.polovnictvotn.eu.sk\/wp-content\/uploads\/2019\/01\/46837370_2072615292799497_3115061113167806464_n-150x150.jpg\" alt=\"\" width=\"150\" height=\"150\" srcset=\"http:\/\/www.polovnictvotn.eu.sk\/wp-content\/uploads\/2019\/01\/46837370_2072615292799497_3115061113167806464_n-150x150.jpg 150w, http:\/\/www.polovnictvotn.eu.sk\/wp-content\/uploads\/2019\/01\/46837370_2072615292799497_3115061113167806464_n-60x60.jpg 60w\" sizes=\"auto, (max-width: 150px) 100vw, 150px\" \/><\/a> <a class=\"boxersandswipers\" title=\"47027446_2072613589466334_2448717819324399616_o\" href=\"http:\/\/www.polovnictvotn.eu.sk\/wp-content\/uploads\/2019\/01\/47027446_2072613589466334_2448717819324399616_o.jpg\"><img loading=\"lazy\" decoding=\"async\" class=\"alignnone size-thumbnail wp-image-2690\" src=\"http:\/\/www.polovnictvotn.eu.sk\/wp-content\/uploads\/2019\/01\/47027446_2072613589466334_2448717819324399616_o-150x150.jpg\" alt=\"\" width=\"150\" height=\"150\" srcset=\"http:\/\/www.polovnictvotn.eu.sk\/wp-content\/uploads\/2019\/01\/47027446_2072613589466334_2448717819324399616_o-150x150.jpg 150w, http:\/\/www.polovnictvotn.eu.sk\/wp-content\/uploads\/2019\/01\/47027446_2072613589466334_2448717819324399616_o-60x60.jpg 60w\" sizes=\"auto, (max-width: 150px) 100vw, 150px\" \/><\/a> <a class=\"boxersandswipers\" title=\"47081455_2072613706132989_6025912693372747776_o\" href=\"http:\/\/www.polovnictvotn.eu.sk\/wp-content\/uploads\/2019\/01\/47081455_2072613706132989_6025912693372747776_o.jpg\"><img loading=\"lazy\" decoding=\"async\" class=\"alignnone size-thumbnail wp-image-2691\" src=\"http:\/\/www.polovnictvotn.eu.sk\/wp-content\/uploads\/2019\/01\/47081455_2072613706132989_6025912693372747776_o-150x150.jpg\" alt=\"\" width=\"150\" height=\"150\" srcset=\"http:\/\/www.polovnictvotn.eu.sk\/wp-content\/uploads\/2019\/01\/47081455_2072613706132989_6025912693372747776_o-150x150.jpg 150w, http:\/\/www.polovnictvotn.eu.sk\/wp-content\/uploads\/2019\/01\/47081455_2072613706132989_6025912693372747776_o-60x60.jpg 60w\" sizes=\"auto, (max-width: 150px) 100vw, 150px\" \/><\/a> <a class=\"boxersandswipers\" title=\"SD 2018 (12)\" href=\"http:\/\/www.polovnictvotn.eu.sk\/wp-content\/uploads\/2019\/01\/SD-2018-12.jpg\"><img loading=\"lazy\" decoding=\"async\" class=\"alignnone size-thumbnail wp-image-2692\" src=\"http:\/\/www.polovnictvotn.eu.sk\/wp-content\/uploads\/2019\/01\/SD-2018-12-150x150.jpg\" alt=\"\" width=\"150\" height=\"150\" srcset=\"http:\/\/www.polovnictvotn.eu.sk\/wp-content\/uploads\/2019\/01\/SD-2018-12-150x150.jpg 150w, http:\/\/www.polovnictvotn.eu.sk\/wp-content\/uploads\/2019\/01\/SD-2018-12-60x60.jpg 60w\" sizes=\"auto, (max-width: 150px) 100vw, 150px\" \/><\/a> <a class=\"boxersandswipers\" title=\"SD 2018 (13)\" href=\"http:\/\/www.polovnictvotn.eu.sk\/wp-content\/uploads\/2019\/01\/SD-2018-13.jpg\"><img loading=\"lazy\" decoding=\"async\" class=\"alignnone size-thumbnail wp-image-2693\" src=\"http:\/\/www.polovnictvotn.eu.sk\/wp-content\/uploads\/2019\/01\/SD-2018-13-150x150.jpg\" alt=\"\" width=\"150\" height=\"150\" srcset=\"http:\/\/www.polovnictvotn.eu.sk\/wp-content\/uploads\/2019\/01\/SD-2018-13-150x150.jpg 150w, http:\/\/www.polovnictvotn.eu.sk\/wp-content\/uploads\/2019\/01\/SD-2018-13-60x60.jpg 60w\" sizes=\"auto, (max-width: 150px) 100vw, 150px\" \/><\/a> <a class=\"boxersandswipers\" title=\"SD 2018 (18)\" href=\"http:\/\/www.polovnictvotn.eu.sk\/wp-content\/uploads\/2019\/01\/SD-2018-18.jpg\"><img loading=\"lazy\" decoding=\"async\" class=\"alignnone size-thumbnail wp-image-2694\" src=\"http:\/\/www.polovnictvotn.eu.sk\/wp-content\/uploads\/2019\/01\/SD-2018-18-150x150.jpg\" alt=\"\" width=\"150\" height=\"150\" srcset=\"http:\/\/www.polovnictvotn.eu.sk\/wp-content\/uploads\/2019\/01\/SD-2018-18-150x150.jpg 150w, http:\/\/www.polovnictvotn.eu.sk\/wp-content\/uploads\/2019\/01\/SD-2018-18-60x60.jpg 60w\" sizes=\"auto, (max-width: 150px) 100vw, 150px\" \/><\/a> <a class=\"boxersandswipers\" title=\"SD 2018 (23)\" href=\"http:\/\/www.polovnictvotn.eu.sk\/wp-content\/uploads\/2019\/01\/SD-2018-23.jpg\"><img loading=\"lazy\" decoding=\"async\" class=\"alignnone size-thumbnail wp-image-2695\" src=\"http:\/\/www.polovnictvotn.eu.sk\/wp-content\/uploads\/2019\/01\/SD-2018-23-150x150.jpg\" alt=\"\" width=\"150\" height=\"150\" srcset=\"http:\/\/www.polovnictvotn.eu.sk\/wp-content\/uploads\/2019\/01\/SD-2018-23-150x150.jpg 150w, http:\/\/www.polovnictvotn.eu.sk\/wp-content\/uploads\/2019\/01\/SD-2018-23-60x60.jpg 60w\" sizes=\"auto, (max-width: 150px) 100vw, 150px\" \/><\/a><\/p>\n","protected":false},"excerpt":{"rendered":"","protected":false},"author":1,"featured_media":0,"parent":0,"menu_order":0,"comment_status":"closed","ping_status":"closed","template":"","meta":{"footnotes":""},"class_list":["post-2680","page","type-page","status-publish","hentry"],"jetpack_sharing_enabled":true,"_links":{"self":[{"href":"http:\/\/www.polovnictvotn.eu.sk\/index.php?rest_route=\/wp\/v2\/pages\/2680","targetHints":{"allow":["GET"]}}],"collection":[{"href":"http:\/\/www.polovnictvotn.eu.sk\/index.php?rest_route=\/wp\/v2\/pages"}],"about":[{"href":"http:\/\/www.polovnictvotn.eu.sk\/index.php?rest_route=\/wp\/v2\/types\/page"}],"author":[{"embeddable":true,"href":"http:\/\/www.polovnictvotn.eu.sk\/index.php?rest_route=\/wp\/v2\/users\/1"}],"replies":[{"embeddable":true,"href":"http:\/\/www.polovnictvotn.eu.sk\/index.php?rest_route=%2Fwp%2Fv2%2Fcomments&post=2680"}],"version-history":[{"count":3,"href":"http:\/\/www.polovnictvotn.eu.sk\/index.php?rest_route=\/wp\/v2\/pages\/2680\/revisions"}],"predecessor-version":[{"id":2755,"href":"http:\/\/www.polovnictvotn.eu.sk\/index.php?rest_route=\/wp\/v2\/pages\/2680\/revisions\/2755"}],"wp:attachment":[{"href":"http:\/\/www.polovnictvotn.eu.sk\/index.php?rest_route=%2Fwp%2Fv2%2Fmedia&parent=2680"}],"curies":[{"name":"wp","href":"https:\/\/api.w.org\/{rel}","templated":true}]}}