{"id":2780,"date":"2019-04-07T10:37:13","date_gmt":"2019-04-07T08:37:13","guid":{"rendered":"http:\/\/www.polovnictvotn.eu.sk\/?page_id=2780"},"modified":"2025-02-04T11:18:38","modified_gmt":"2025-02-04T09:18:38","slug":"chovatelska-prehliadka-polovnickej-sezony-2018-2019-trencianske-stankovce-30-31-3-2019","status":"publish","type":"page","link":"http:\/\/www.polovnictvotn.eu.sk\/?page_id=2780","title":{"rendered":"Chovate\u013esk\u00e1 prehliadka po\u013eovn\u00edckej sez\u00f3ny 2018\/2019, Tren\u010dianske Stankovce 30. &#8211; 31. 3. 2019"},"content":{"rendered":"<p><a href=\"http:\/\/www.polovnictvotn.eu.sk\/?attachment_id=2777\"><img loading=\"lazy\" decoding=\"async\" class=\"alignnone wp-image-2777 size-thumbnail\" src=\"http:\/\/www.polovnictvotn.eu.sk\/wp-content\/uploads\/2019\/04\/DSC_0282-150x150.jpg\" alt=\"\" width=\"150\" height=\"150\" srcset=\"http:\/\/www.polovnictvotn.eu.sk\/wp-content\/uploads\/2019\/04\/DSC_0282-150x150.jpg 150w, http:\/\/www.polovnictvotn.eu.sk\/wp-content\/uploads\/2019\/04\/DSC_0282-60x60.jpg 60w\" sizes=\"auto, (max-width: 150px) 100vw, 150px\" \/><\/a> <a href=\"http:\/\/www.polovnictvotn.eu.sk\/?attachment_id=2776\"><img loading=\"lazy\" decoding=\"async\" class=\"alignnone wp-image-2776 size-thumbnail\" src=\"http:\/\/www.polovnictvotn.eu.sk\/wp-content\/uploads\/2019\/04\/DSC_0281-150x150.jpg\" alt=\"\" width=\"150\" height=\"150\" srcset=\"http:\/\/www.polovnictvotn.eu.sk\/wp-content\/uploads\/2019\/04\/DSC_0281-150x150.jpg 150w, http:\/\/www.polovnictvotn.eu.sk\/wp-content\/uploads\/2019\/04\/DSC_0281-60x60.jpg 60w\" sizes=\"auto, (max-width: 150px) 100vw, 150px\" \/><\/a> <a href=\"http:\/\/www.polovnictvotn.eu.sk\/?attachment_id=2775\"><img loading=\"lazy\" decoding=\"async\" class=\"alignnone wp-image-2775 size-thumbnail\" src=\"http:\/\/www.polovnictvotn.eu.sk\/wp-content\/uploads\/2019\/04\/DSC_0273-150x150.jpg\" alt=\"\" width=\"150\" height=\"150\" srcset=\"http:\/\/www.polovnictvotn.eu.sk\/wp-content\/uploads\/2019\/04\/DSC_0273-150x150.jpg 150w, http:\/\/www.polovnictvotn.eu.sk\/wp-content\/uploads\/2019\/04\/DSC_0273-60x60.jpg 60w\" sizes=\"auto, (max-width: 150px) 100vw, 150px\" \/><\/a> <a href=\"http:\/\/www.polovnictvotn.eu.sk\/?attachment_id=2774\"><img loading=\"lazy\" decoding=\"async\" class=\"alignnone wp-image-2774 size-thumbnail\" src=\"http:\/\/www.polovnictvotn.eu.sk\/wp-content\/uploads\/2019\/04\/DSC_0252-150x150.jpg\" alt=\"\" width=\"150\" height=\"150\" srcset=\"http:\/\/www.polovnictvotn.eu.sk\/wp-content\/uploads\/2019\/04\/DSC_0252-150x150.jpg 150w, http:\/\/www.polovnictvotn.eu.sk\/wp-content\/uploads\/2019\/04\/DSC_0252-60x60.jpg 60w\" sizes=\"auto, (max-width: 150px) 100vw, 150px\" \/><\/a> <a href=\"http:\/\/www.polovnictvotn.eu.sk\/?attachment_id=2773\"><img loading=\"lazy\" decoding=\"async\" class=\"alignnone wp-image-2773 size-thumbnail\" src=\"http:\/\/www.polovnictvotn.eu.sk\/wp-content\/uploads\/2019\/04\/DSC_0248-150x150.jpg\" alt=\"\" width=\"150\" height=\"150\" srcset=\"http:\/\/www.polovnictvotn.eu.sk\/wp-content\/uploads\/2019\/04\/DSC_0248-150x150.jpg 150w, http:\/\/www.polovnictvotn.eu.sk\/wp-content\/uploads\/2019\/04\/DSC_0248-60x60.jpg 60w\" sizes=\"auto, (max-width: 150px) 100vw, 150px\" \/><\/a> <a href=\"http:\/\/www.polovnictvotn.eu.sk\/?attachment_id=2772\"><img loading=\"lazy\" decoding=\"async\" class=\"alignnone wp-image-2772 size-thumbnail\" src=\"http:\/\/www.polovnictvotn.eu.sk\/wp-content\/uploads\/2019\/04\/DSC_0246-150x150.jpg\" alt=\"\" width=\"150\" height=\"150\" srcset=\"http:\/\/www.polovnictvotn.eu.sk\/wp-content\/uploads\/2019\/04\/DSC_0246-150x150.jpg 150w, http:\/\/www.polovnictvotn.eu.sk\/wp-content\/uploads\/2019\/04\/DSC_0246-60x60.jpg 60w\" sizes=\"auto, (max-width: 150px) 100vw, 150px\" \/><\/a> <a href=\"http:\/\/www.polovnictvotn.eu.sk\/?attachment_id=2771\"><img loading=\"lazy\" decoding=\"async\" class=\"alignnone wp-image-2771 size-thumbnail\" src=\"http:\/\/www.polovnictvotn.eu.sk\/wp-content\/uploads\/2019\/04\/DSC_0240-150x150.jpg\" alt=\"\" width=\"150\" height=\"150\" srcset=\"http:\/\/www.polovnictvotn.eu.sk\/wp-content\/uploads\/2019\/04\/DSC_0240-150x150.jpg 150w, http:\/\/www.polovnictvotn.eu.sk\/wp-content\/uploads\/2019\/04\/DSC_0240-60x60.jpg 60w\" sizes=\"auto, (max-width: 150px) 100vw, 150px\" \/><\/a> <a href=\"http:\/\/www.polovnictvotn.eu.sk\/?attachment_id=2770\"><img loading=\"lazy\" decoding=\"async\" class=\"alignnone wp-image-2770 size-thumbnail\" src=\"http:\/\/www.polovnictvotn.eu.sk\/wp-content\/uploads\/2019\/04\/DSC_0234-150x150.jpg\" alt=\"\" width=\"150\" height=\"150\" srcset=\"http:\/\/www.polovnictvotn.eu.sk\/wp-content\/uploads\/2019\/04\/DSC_0234-150x150.jpg 150w, http:\/\/www.polovnictvotn.eu.sk\/wp-content\/uploads\/2019\/04\/DSC_0234-60x60.jpg 60w\" sizes=\"auto, (max-width: 150px) 100vw, 150px\" \/><\/a><\/p>\n<p><strong>Vyhodnotenie chovate\u013eskej prehliadky po\u013eovn\u00edckej sez\u00f3ny 2018\/19.<\/strong><\/p>\n<p>V\u00e1\u017een\u00e9 d\u00e1my, p\u00e1ni priatelia\u00a0po\u013eovn\u00edci. Posledn\u00e9 roky sa opakujem, \u017ee trofej\u00ed n\u00e1m prib\u00fada. Teraz to nie je v\u00fdnimka a celkov\u00fd po\u010det trofej\u00ed m\u00e1me 982 a\u00a0to je o\u00a032 viac ako minul\u00fd rok. To \u010d\u00edslo hovor\u00ed samo za seba. Treba po\u010fakova\u0165 v\u0161etk\u00fdm \u010dlenom po\u013eovn\u00edckej komisie, ktor\u00fd sa na pr\u00edprave podie\u013eali a\u00a0tie\u017e za pr\u00edpravu a\u00a0v\u00fdrobu katal\u00f3gu. Napr. v\u00a0roku 2000 sme mali na v\u00fdstave 22 medailov\u00fdch trofej\u00ed a\u00a0dnes m\u00e1me medailov\u00fdch trofej\u00ed 90.<\/p>\n<p><u>Jelenej zveri<\/u> \u2013 sme ulovili 1366 jedincov, \u010do je o\u00a0165 viac ako v\u00a0predch\u00e1dzaj\u00facej sez\u00f3ne. Pl\u00e1n lovu bol splnen\u00fd na 103%. Jele\u0148ov sme ulovili 278 ks, z\u00a0toho IV. VT iba 10 o\u00a0dva menej ako min. rok. \u00a0Medailov\u00fdch jele\u0148ov sa ulovilo 30 ks, ale v IV. VT ich je iba 7 o\u00a04 menej ako min. rok. Nespr\u00e1vne uloven\u00fdch je 8 jele\u0148ov. \u00dabytok jelen\u00edc sa vyk\u00e1zal 614 a\u00a0jelen\u010diat 474 jedincov. M\u00e1me tu n\u00e1jden\u00fa trofej jele\u0148a zlatej medaily 213,19 b. CIC vo veku 7-8 rokov a\u00a0najlep\u0161ia trofej jele\u0148a tu napriek pr\u00eds\u013eubu nie je, bola obodovan\u00e1 hne\u010f po uloven\u00ed 224 b. CIC, samozrejme so zr\u00e1\u017ekou 10% na hmotnos\u0165.<\/p>\n<p><u>Srn\u010dej zveri <\/u>\u2013 sme ulovili 1378 jedincov, \u010do je o 16 jedincov menej ako min. rok. Chcem \u00a0op\u00e4\u0165 zd\u00f4razni\u0165 aby sme pri pl\u00e1novan\u00ed lovu srn\u010dej zveri boli citlivej\u0161\u00ed. Pl\u00e1n lovu sa splnil na 93%. Srncov sa ulovilo 505 jedincov,\u00a0 medailov\u00fdch je 11 trofej\u00ed a\u00a0nespr\u00e1vne uloven\u00fdch je 6 srncov. \u00dabytok s\u0155n je 498 a\u00a0srn\u010diat 375. U\u00a0tejto zveri chcem upozorni\u0165, \u017ee m\u00e1me zaznamenan\u00fd v\u00fdskyt Fibropapilomat\u00f3zy. V\u00edrusov\u00e9 n\u00e1dorov\u00e9 ochorenie S\u00a0a\u00a0J zveri. Okam\u017eite tak\u00e9to jedince odlovi\u0165. Mimo \u010dasu lovu po\u017eiada\u0165 O\u00da, ur\u010dite v\u00e1m okam\u017eite vyjd\u00fa v\u00a0\u00fastrety.<\/p>\n<p><u>Divia\u010dej zveri<\/u> \u2013 sme ulovili 3134. Je to to\u013eko, ko\u013eko sa napl\u00e1novalo a pl\u00e1n lovu bol splnen\u00fd na 103%, \u010di\u017ee u\u017e nastaven\u00edm pl\u00e1nu lovu sme op\u00e4\u0165 divia\u010diu zver \u0161etrili. Diviakov \u2013 kancov sa ulovilo 61 ks, ale je tu skoro polovica tak\u00fdch \u010do s\u00fa tesne po 24 mesiacoch \u010di\u017ee 2 ro\u010dn\u00fd. Medailov\u00fdch trofej\u00ed tu je 17 ale 7 rokov a\u00a0sotva 5. Oproti minul\u00e9mu roku zna\u010dn\u00fd \u00fapadok, \u010do sa dalo \u010daka\u0165. Divia\u010dej zveri bude isto dostatok, preto ju i\u00a0z\u00a0d\u00f4vodu hrozby AMO treba intenz\u00edvnej\u0161ie lovi\u0165.<\/p>\n<p><u>Mufl\u00f3nej zveri<\/u> \u2013 sme ulovili 376 jedincov \u010do je o\u00a013 menej ako min. rok. Pl\u00e1n sa splnil iba na 73%, \u010do je ve\u013emi neuspokojiv\u00e9. Lov tejto zveri je treba v\u00fdrazne zv\u00fd\u0161i\u0165. Mufl\u00f3nov sa ulovilo 82 ks z\u00a0toho medailov\u00fdch je 17, ale mufl\u00f3nov III.VT to je 6 rokov a\u00a0star\u0161\u00edch iba 7. Mufl\u00f3nic sa vyk\u00e1zalo 137 a\u00a0mufl\u00f3n\u010dat 137 jedincov. Po\u010detnos\u0165 tejto zveri neust\u00e1le narast\u00e1, ale kvalita v\u00a0niektor\u00fdch rev\u00edroch dobr\u00e1 nie je.<\/p>\n<p><u>Danielej zveri<\/u> \u2013 sme ulovili 171 jedincov, je to o\u00a040 jedincov viac ako min. rok. Pl\u00e1n lovu sa splnil iba na 77%, \u010do je tie\u017e ve\u013emi zl\u00e9 plnenie. Danielov sa ulovilo 44, z\u00a0toho je 7 medailov\u00fdch. V\u00a0III. VT \u010do je 8 rokov a\u00a0viac boli uloven\u00e9 3 jedince.<\/p>\n<p>Vystavujeme e\u0161te 4 medailov\u00e9 lebky jazvecov zo 66 uloven\u00fdch,\u00a03 medailov\u00e9 lebky l\u00ed\u0161ok z\u00a0584 uloven\u00fdch a\u00a01 bronzov\u00fa lebku \u0161akala zlat\u00e9ho. Bolo uloven\u00fdch e\u0161te 24 k\u00fan a\u00a0222 div\u00fdch ka\u010d\u00edc a\u00a0in\u00e9 po p\u00e1r jedincoch.<\/p>\n<p>V\u0161eobecne sa kon\u0161tatuje, \u017ee zveri je viac ako s\u00fa \u00fanosn\u00e9 stavy. Vieme, \u017ee s\u00fa rozdiely, niekde je zveri viac inde o\u00a0nie\u010do menej, alebo sa v\u00a0ur\u010ditej dobe niekde viac s\u00fastre\u010fuje a\u00a0potom sp\u00f4sobuje ur\u010dit\u00e9\u00a0\u0161kody. Je na n\u00e1s aby sme na tieto skuto\u010dnosti reagovali, aby sme nakoniec na vy\u0161\u0161iu po\u010detnos\u0165 zveri a\u00a0\u0161kody nedoplatili. N\u00e1dejn\u00e9 jedince treba ove\u013ea viac tolerova\u0165 a\u00a0ostatn\u00fa nadpo\u010detn\u00fa a\u00a0na lov s\u00facu zver odlovi\u0165. Prajem v\u00e1m \u00faspe\u0161n\u00e9, selekt\u00edvne-spr\u00e1vne odstrely, a pekn\u00e9 trofeje a\u00a0z\u00e1\u017eitky. Po\u013eovn\u00edctvu zdar!<\/p>\n<p style=\"text-align: right;\">Predseda po\u013eovn\u00edckej komisie:<\/p>\n<p style=\"text-align: right;\">Daniel Mate\u010dn\u00fd<\/p>\n","protected":false},"excerpt":{"rendered":"<p>Vyhodnotenie chovate\u013eskej prehliadky po\u013eovn\u00edckej sez\u00f3ny 2018\/19. V\u00e1\u017een\u00e9 d\u00e1my, p\u00e1ni priatelia\u00a0po\u013eovn\u00edci. Posledn\u00e9 roky sa opakujem, \u017ee trofej\u00ed n\u00e1m prib\u00fada. Teraz to nie je v\u00fdnimka a celkov\u00fd po\u010det trofej\u00ed m\u00e1me 982 a\u00a0to je o\u00a032 viac ako minul\u00fd rok. To \u010d\u00edslo hovor\u00ed samo za seba. Treba po\u010fakova\u0165 v\u0161etk\u00fdm \u010dlenom po\u013eovn\u00edckej komisie, ktor\u00fd sa na pr\u00edprave podie\u013eali a\u00a0tie\u017e za [&hellip;]<\/p>\n","protected":false},"author":1,"featured_media":0,"parent":0,"menu_order":0,"comment_status":"closed","ping_status":"closed","template":"","meta":{"footnotes":""},"class_list":["post-2780","page","type-page","status-publish","hentry"],"jetpack_sharing_enabled":true,"_links":{"self":[{"href":"http:\/\/www.polovnictvotn.eu.sk\/index.php?rest_route=\/wp\/v2\/pages\/2780","targetHints":{"allow":["GET"]}}],"collection":[{"href":"http:\/\/www.polovnictvotn.eu.sk\/index.php?rest_route=\/wp\/v2\/pages"}],"about":[{"href":"http:\/\/www.polovnictvotn.eu.sk\/index.php?rest_route=\/wp\/v2\/types\/page"}],"author":[{"embeddable":true,"href":"http:\/\/www.polovnictvotn.eu.sk\/index.php?rest_route=\/wp\/v2\/users\/1"}],"replies":[{"embeddable":true,"href":"http:\/\/www.polovnictvotn.eu.sk\/index.php?rest_route=%2Fwp%2Fv2%2Fcomments&post=2780"}],"version-history":[{"count":3,"href":"http:\/\/www.polovnictvotn.eu.sk\/index.php?rest_route=\/wp\/v2\/pages\/2780\/revisions"}],"predecessor-version":[{"id":5966,"href":"http:\/\/www.polovnictvotn.eu.sk\/index.php?rest_route=\/wp\/v2\/pages\/2780\/revisions\/5966"}],"wp:attachment":[{"href":"http:\/\/www.polovnictvotn.eu.sk\/index.php?rest_route=%2Fwp%2Fv2%2Fmedia&parent=2780"}],"curies":[{"name":"wp","href":"https:\/\/api.w.org\/{rel}","templated":true}]}}