{"id":2918,"date":"2019-10-14T18:56:39","date_gmt":"2019-10-14T16:56:39","guid":{"rendered":"http:\/\/www.polovnictvotn.eu.sk\/?page_id=2918"},"modified":"2019-10-14T18:56:39","modified_gmt":"2019-10-14T16:56:39","slug":"skusky-z-vodnej-prace-v-ps-hubert-7-9-2019","status":"publish","type":"page","link":"http:\/\/www.polovnictvotn.eu.sk\/?page_id=2918","title":{"rendered":"Sk\u00fa\u0161ky z vodnej pr\u00e1ce v PS Hubert 7.9.2019"},"content":{"rendered":"<p><a class=\"boxersandswipers\" href=\"http:\/\/www.polovnictvotn.eu.sk\/wp-content\/uploads\/2019\/10\/P1050090.jpg\"><img loading=\"lazy\" decoding=\"async\" class=\"alignnone size-thumbnail wp-image-2916\" src=\"http:\/\/www.polovnictvotn.eu.sk\/wp-content\/uploads\/2019\/10\/P1050090-150x150.jpg\" alt=\"\" width=\"150\" height=\"150\" srcset=\"http:\/\/www.polovnictvotn.eu.sk\/wp-content\/uploads\/2019\/10\/P1050090-150x150.jpg 150w, http:\/\/www.polovnictvotn.eu.sk\/wp-content\/uploads\/2019\/10\/P1050090-60x60.jpg 60w\" sizes=\"auto, (max-width: 150px) 100vw, 150px\" \/><\/a> <a class=\"boxersandswipers\" href=\"http:\/\/www.polovnictvotn.eu.sk\/wp-content\/uploads\/2019\/10\/P1050088.jpg\"><img loading=\"lazy\" decoding=\"async\" class=\"alignnone size-thumbnail wp-image-2915\" src=\"http:\/\/www.polovnictvotn.eu.sk\/wp-content\/uploads\/2019\/10\/P1050088-150x150.jpg\" alt=\"\" width=\"150\" height=\"150\" srcset=\"http:\/\/www.polovnictvotn.eu.sk\/wp-content\/uploads\/2019\/10\/P1050088-150x150.jpg 150w, http:\/\/www.polovnictvotn.eu.sk\/wp-content\/uploads\/2019\/10\/P1050088-60x60.jpg 60w\" sizes=\"auto, (max-width: 150px) 100vw, 150px\" \/><\/a> <a class=\"boxersandswipers\" href=\"http:\/\/www.polovnictvotn.eu.sk\/wp-content\/uploads\/2019\/10\/P1050087.jpg\"><img loading=\"lazy\" decoding=\"async\" class=\"alignnone size-thumbnail wp-image-2914\" src=\"http:\/\/www.polovnictvotn.eu.sk\/wp-content\/uploads\/2019\/10\/P1050087-150x150.jpg\" alt=\"\" width=\"150\" height=\"150\" srcset=\"http:\/\/www.polovnictvotn.eu.sk\/wp-content\/uploads\/2019\/10\/P1050087-150x150.jpg 150w, http:\/\/www.polovnictvotn.eu.sk\/wp-content\/uploads\/2019\/10\/P1050087-60x60.jpg 60w\" sizes=\"auto, (max-width: 150px) 100vw, 150px\" \/><\/a> <a class=\"boxersandswipers\" href=\"http:\/\/www.polovnictvotn.eu.sk\/wp-content\/uploads\/2019\/10\/P1050085.jpg\"><img loading=\"lazy\" decoding=\"async\" class=\"alignnone size-thumbnail wp-image-2913\" src=\"http:\/\/www.polovnictvotn.eu.sk\/wp-content\/uploads\/2019\/10\/P1050085-150x150.jpg\" alt=\"\" width=\"150\" height=\"150\" srcset=\"http:\/\/www.polovnictvotn.eu.sk\/wp-content\/uploads\/2019\/10\/P1050085-150x150.jpg 150w, http:\/\/www.polovnictvotn.eu.sk\/wp-content\/uploads\/2019\/10\/P1050085-60x60.jpg 60w\" sizes=\"auto, (max-width: 150px) 100vw, 150px\" \/><\/a> <a class=\"boxersandswipers\" href=\"http:\/\/www.polovnictvotn.eu.sk\/wp-content\/uploads\/2019\/10\/P1050080.jpg\"><img loading=\"lazy\" decoding=\"async\" class=\"alignnone size-thumbnail wp-image-2912\" src=\"http:\/\/www.polovnictvotn.eu.sk\/wp-content\/uploads\/2019\/10\/P1050080-150x150.jpg\" alt=\"\" width=\"150\" height=\"150\" srcset=\"http:\/\/www.polovnictvotn.eu.sk\/wp-content\/uploads\/2019\/10\/P1050080-150x150.jpg 150w, http:\/\/www.polovnictvotn.eu.sk\/wp-content\/uploads\/2019\/10\/P1050080-60x60.jpg 60w\" sizes=\"auto, (max-width: 150px) 100vw, 150px\" \/><\/a> <a class=\"boxersandswipers\" href=\"http:\/\/www.polovnictvotn.eu.sk\/wp-content\/uploads\/2019\/10\/P1050078.jpg\"><img loading=\"lazy\" decoding=\"async\" class=\"alignnone size-thumbnail wp-image-2911\" src=\"http:\/\/www.polovnictvotn.eu.sk\/wp-content\/uploads\/2019\/10\/P1050078-150x150.jpg\" alt=\"\" width=\"150\" height=\"150\" srcset=\"http:\/\/www.polovnictvotn.eu.sk\/wp-content\/uploads\/2019\/10\/P1050078-150x150.jpg 150w, http:\/\/www.polovnictvotn.eu.sk\/wp-content\/uploads\/2019\/10\/P1050078-60x60.jpg 60w\" sizes=\"auto, (max-width: 150px) 100vw, 150px\" \/><\/a> <a class=\"boxersandswipers\" href=\"http:\/\/www.polovnictvotn.eu.sk\/wp-content\/uploads\/2019\/10\/P1050074.jpg\"><img loading=\"lazy\" decoding=\"async\" class=\"alignnone size-thumbnail wp-image-2910\" src=\"http:\/\/www.polovnictvotn.eu.sk\/wp-content\/uploads\/2019\/10\/P1050074-150x150.jpg\" alt=\"\" width=\"150\" height=\"150\" srcset=\"http:\/\/www.polovnictvotn.eu.sk\/wp-content\/uploads\/2019\/10\/P1050074-150x150.jpg 150w, http:\/\/www.polovnictvotn.eu.sk\/wp-content\/uploads\/2019\/10\/P1050074-60x60.jpg 60w\" sizes=\"auto, (max-width: 150px) 100vw, 150px\" \/><\/a> <a class=\"boxersandswipers\" href=\"http:\/\/www.polovnictvotn.eu.sk\/wp-content\/uploads\/2019\/10\/P1050070.jpg\"><img loading=\"lazy\" decoding=\"async\" class=\"alignnone size-thumbnail wp-image-2909\" src=\"http:\/\/www.polovnictvotn.eu.sk\/wp-content\/uploads\/2019\/10\/P1050070-150x150.jpg\" alt=\"\" width=\"150\" height=\"150\" srcset=\"http:\/\/www.polovnictvotn.eu.sk\/wp-content\/uploads\/2019\/10\/P1050070-150x150.jpg 150w, http:\/\/www.polovnictvotn.eu.sk\/wp-content\/uploads\/2019\/10\/P1050070-60x60.jpg 60w\" sizes=\"auto, (max-width: 150px) 100vw, 150px\" \/><\/a> <a class=\"boxersandswipers\" href=\"http:\/\/www.polovnictvotn.eu.sk\/wp-content\/uploads\/2019\/10\/P1050069.jpg\"><img loading=\"lazy\" decoding=\"async\" class=\"alignnone size-thumbnail wp-image-2908\" src=\"http:\/\/www.polovnictvotn.eu.sk\/wp-content\/uploads\/2019\/10\/P1050069-150x150.jpg\" alt=\"\" width=\"150\" height=\"150\" srcset=\"http:\/\/www.polovnictvotn.eu.sk\/wp-content\/uploads\/2019\/10\/P1050069-150x150.jpg 150w, http:\/\/www.polovnictvotn.eu.sk\/wp-content\/uploads\/2019\/10\/P1050069-60x60.jpg 60w\" sizes=\"auto, (max-width: 150px) 100vw, 150px\" \/><\/a><\/p>\n","protected":false},"excerpt":{"rendered":"","protected":false},"author":1,"featured_media":0,"parent":0,"menu_order":0,"comment_status":"closed","ping_status":"closed","template":"","meta":{"footnotes":""},"class_list":["post-2918","page","type-page","status-publish","hentry"],"jetpack_sharing_enabled":true,"_links":{"self":[{"href":"http:\/\/www.polovnictvotn.eu.sk\/index.php?rest_route=\/wp\/v2\/pages\/2918","targetHints":{"allow":["GET"]}}],"collection":[{"href":"http:\/\/www.polovnictvotn.eu.sk\/index.php?rest_route=\/wp\/v2\/pages"}],"about":[{"href":"http:\/\/www.polovnictvotn.eu.sk\/index.php?rest_route=\/wp\/v2\/types\/page"}],"author":[{"embeddable":true,"href":"http:\/\/www.polovnictvotn.eu.sk\/index.php?rest_route=\/wp\/v2\/users\/1"}],"replies":[{"embeddable":true,"href":"http:\/\/www.polovnictvotn.eu.sk\/index.php?rest_route=%2Fwp%2Fv2%2Fcomments&post=2918"}],"version-history":[{"count":2,"href":"http:\/\/www.polovnictvotn.eu.sk\/index.php?rest_route=\/wp\/v2\/pages\/2918\/revisions"}],"predecessor-version":[{"id":2920,"href":"http:\/\/www.polovnictvotn.eu.sk\/index.php?rest_route=\/wp\/v2\/pages\/2918\/revisions\/2920"}],"wp:attachment":[{"href":"http:\/\/www.polovnictvotn.eu.sk\/index.php?rest_route=%2Fwp%2Fv2%2Fmedia&parent=2918"}],"curies":[{"name":"wp","href":"https:\/\/api.w.org\/{rel}","templated":true}]}}