{"id":2948,"date":"2019-12-18T17:43:38","date_gmt":"2019-12-18T15:43:38","guid":{"rendered":"http:\/\/www.polovnictvotn.eu.sk\/?page_id=2948"},"modified":"2019-12-18T17:53:18","modified_gmt":"2019-12-18T15:53:18","slug":"predbezne-skusky-farbiarov-antonstal-27-10-2019","status":"publish","type":"page","link":"http:\/\/www.polovnictvotn.eu.sk\/?page_id=2948","title":{"rendered":"Predbe\u017en\u00e9 sk\u00fa\u0161ky farbiarov Antonstal 27.10.2019"},"content":{"rendered":"<div id=\":s3\" class=\"ii gt\">\n<div id=\":s4\" class=\"a3s aXjCH \">\n<div dir=\"ltr\">D\u0148a 27. 10. 2019 OPK Tren\u010d\u00edn v spolupr\u00e1ci s Lesy SR \u0161. p. OZ Tren\u010d\u00edn zorganizovali\u00a0 predbe\u017en\u00e9 sk\u00fa\u0161ky farbiarov. V malebnom prostred\u00ed po\u013eovn\u00edckeho z\u00e1mo\u010dka Antonst\u00e1l sa stretlo 8 vodi\u010dov so svojimi zverencami. Sk\u00fa\u0161ky prebiehali v kr\u00e1snom slne\u010dnom po\u010das\u00ed. V\u00fdkony a pripravenos\u0165 psov na sk\u00fa\u0161ky\u00a0 posudzovali Bc. Miroslav Kardo\u0161 a Zuzana Fedorov\u00e1. V I. cene skon\u010dili 4 ps\u00edkovia, v II. cene dvaja a v III. cene jeden pes. Aj touto cestou chceme po\u010fakova\u0165 v\u0161etk\u00fdm, ktor\u00ed prispeli svojou pr\u00e1cou pri pr\u00edprave sk\u00fa\u0161ok a tie\u017e Lesom SR \u0161. p. OZ Tren\u010d\u00edn, \u017ee n\u00e1m umo\u017enili sk\u00fa\u0161ky zorganizova\u0165 v ich PR \u010cere\u0161ienky.<\/div>\n<div class=\"yj6qo\"><\/div>\n<div class=\"adL\"><\/div>\n<\/div>\n<\/div>\n<div id=\":10z\" class=\"hq gt\"><\/div>\n<p><a class=\"boxersandswipers\" title=\"pf9\" href=\"http:\/\/www.polovnictvotn.eu.sk\/wp-content\/uploads\/2019\/12\/pf9.jpg\"><img loading=\"lazy\" decoding=\"async\" class=\"alignnone size-thumbnail wp-image-2957\" src=\"http:\/\/www.polovnictvotn.eu.sk\/wp-content\/uploads\/2019\/12\/pf9-150x150.jpg\" alt=\"\" width=\"150\" height=\"150\" srcset=\"http:\/\/www.polovnictvotn.eu.sk\/wp-content\/uploads\/2019\/12\/pf9-150x150.jpg 150w, http:\/\/www.polovnictvotn.eu.sk\/wp-content\/uploads\/2019\/12\/pf9-60x60.jpg 60w\" sizes=\"auto, (max-width: 150px) 100vw, 150px\" \/><\/a> <a class=\"boxersandswipers\" title=\"pf8\" href=\"http:\/\/www.polovnictvotn.eu.sk\/wp-content\/uploads\/2019\/12\/pf8.jpg\"><img loading=\"lazy\" decoding=\"async\" class=\"alignnone size-thumbnail wp-image-2956\" src=\"http:\/\/www.polovnictvotn.eu.sk\/wp-content\/uploads\/2019\/12\/pf8-150x150.jpg\" alt=\"\" width=\"150\" height=\"150\" srcset=\"http:\/\/www.polovnictvotn.eu.sk\/wp-content\/uploads\/2019\/12\/pf8-150x150.jpg 150w, http:\/\/www.polovnictvotn.eu.sk\/wp-content\/uploads\/2019\/12\/pf8-60x60.jpg 60w\" sizes=\"auto, (max-width: 150px) 100vw, 150px\" \/><\/a> <a class=\"boxersandswipers\" title=\"pf7\" href=\"http:\/\/www.polovnictvotn.eu.sk\/wp-content\/uploads\/2019\/12\/pf7.jpg\"><img loading=\"lazy\" decoding=\"async\" class=\"alignnone size-thumbnail wp-image-2955\" src=\"http:\/\/www.polovnictvotn.eu.sk\/wp-content\/uploads\/2019\/12\/pf7-150x150.jpg\" alt=\"\" width=\"150\" height=\"150\" srcset=\"http:\/\/www.polovnictvotn.eu.sk\/wp-content\/uploads\/2019\/12\/pf7-150x150.jpg 150w, http:\/\/www.polovnictvotn.eu.sk\/wp-content\/uploads\/2019\/12\/pf7-60x60.jpg 60w\" sizes=\"auto, (max-width: 150px) 100vw, 150px\" \/><\/a> <a class=\"boxersandswipers\" title=\"pf6\" href=\"http:\/\/www.polovnictvotn.eu.sk\/wp-content\/uploads\/2019\/12\/pf6.jpg\"><img loading=\"lazy\" decoding=\"async\" class=\"alignnone size-thumbnail wp-image-2954\" src=\"http:\/\/www.polovnictvotn.eu.sk\/wp-content\/uploads\/2019\/12\/pf6-150x150.jpg\" alt=\"\" width=\"150\" height=\"150\" srcset=\"http:\/\/www.polovnictvotn.eu.sk\/wp-content\/uploads\/2019\/12\/pf6-150x150.jpg 150w, http:\/\/www.polovnictvotn.eu.sk\/wp-content\/uploads\/2019\/12\/pf6-60x60.jpg 60w\" sizes=\"auto, (max-width: 150px) 100vw, 150px\" \/><\/a> <a class=\"boxersandswipers\" title=\"pf5\" href=\"http:\/\/www.polovnictvotn.eu.sk\/wp-content\/uploads\/2019\/12\/pf5.jpg\"><img loading=\"lazy\" decoding=\"async\" class=\"alignnone size-thumbnail wp-image-2953\" src=\"http:\/\/www.polovnictvotn.eu.sk\/wp-content\/uploads\/2019\/12\/pf5-150x150.jpg\" alt=\"\" width=\"150\" height=\"150\" srcset=\"http:\/\/www.polovnictvotn.eu.sk\/wp-content\/uploads\/2019\/12\/pf5-150x150.jpg 150w, http:\/\/www.polovnictvotn.eu.sk\/wp-content\/uploads\/2019\/12\/pf5-60x60.jpg 60w\" sizes=\"auto, (max-width: 150px) 100vw, 150px\" \/><\/a> <a class=\"boxersandswipers\" title=\"pf4\" href=\"http:\/\/www.polovnictvotn.eu.sk\/wp-content\/uploads\/2019\/12\/pf4.jpg\"><img loading=\"lazy\" decoding=\"async\" class=\"alignnone size-thumbnail wp-image-2952\" src=\"http:\/\/www.polovnictvotn.eu.sk\/wp-content\/uploads\/2019\/12\/pf4-150x150.jpg\" alt=\"\" width=\"150\" height=\"150\" srcset=\"http:\/\/www.polovnictvotn.eu.sk\/wp-content\/uploads\/2019\/12\/pf4-150x150.jpg 150w, http:\/\/www.polovnictvotn.eu.sk\/wp-content\/uploads\/2019\/12\/pf4-60x60.jpg 60w\" sizes=\"auto, (max-width: 150px) 100vw, 150px\" \/><\/a> <a class=\"boxersandswipers\" title=\"pf3\" href=\"http:\/\/www.polovnictvotn.eu.sk\/wp-content\/uploads\/2019\/12\/pf3.jpg\"><img loading=\"lazy\" decoding=\"async\" class=\"alignnone size-thumbnail wp-image-2951\" src=\"http:\/\/www.polovnictvotn.eu.sk\/wp-content\/uploads\/2019\/12\/pf3-150x150.jpg\" alt=\"\" width=\"150\" height=\"150\" srcset=\"http:\/\/www.polovnictvotn.eu.sk\/wp-content\/uploads\/2019\/12\/pf3-150x150.jpg 150w, http:\/\/www.polovnictvotn.eu.sk\/wp-content\/uploads\/2019\/12\/pf3-60x60.jpg 60w\" sizes=\"auto, (max-width: 150px) 100vw, 150px\" \/><\/a> <a class=\"boxersandswipers\" title=\"pf2\" href=\"http:\/\/www.polovnictvotn.eu.sk\/wp-content\/uploads\/2019\/12\/pf2.jpg\"><img loading=\"lazy\" decoding=\"async\" class=\"alignnone size-thumbnail wp-image-2950\" src=\"http:\/\/www.polovnictvotn.eu.sk\/wp-content\/uploads\/2019\/12\/pf2-150x150.jpg\" alt=\"\" width=\"150\" height=\"150\" srcset=\"http:\/\/www.polovnictvotn.eu.sk\/wp-content\/uploads\/2019\/12\/pf2-150x150.jpg 150w, http:\/\/www.polovnictvotn.eu.sk\/wp-content\/uploads\/2019\/12\/pf2-60x60.jpg 60w\" sizes=\"auto, (max-width: 150px) 100vw, 150px\" \/><\/a> <a class=\"boxersandswipers\" title=\"pf1\" href=\"http:\/\/www.polovnictvotn.eu.sk\/wp-content\/uploads\/2019\/12\/pf1.jpg\"><img loading=\"lazy\" decoding=\"async\" class=\"alignnone size-thumbnail wp-image-2949\" src=\"http:\/\/www.polovnictvotn.eu.sk\/wp-content\/uploads\/2019\/12\/pf1-150x150.jpg\" alt=\"\" width=\"150\" height=\"150\" srcset=\"http:\/\/www.polovnictvotn.eu.sk\/wp-content\/uploads\/2019\/12\/pf1-150x150.jpg 150w, http:\/\/www.polovnictvotn.eu.sk\/wp-content\/uploads\/2019\/12\/pf1-60x60.jpg 60w\" sizes=\"auto, (max-width: 150px) 100vw, 150px\" \/><\/a><\/p>\n","protected":false},"excerpt":{"rendered":"<p>D\u0148a 27. 10. 2019 OPK Tren\u010d\u00edn v spolupr\u00e1ci s Lesy SR \u0161. p. OZ Tren\u010d\u00edn zorganizovali\u00a0 predbe\u017en\u00e9 sk\u00fa\u0161ky farbiarov. V malebnom prostred\u00ed po\u013eovn\u00edckeho z\u00e1mo\u010dka Antonst\u00e1l sa stretlo 8 vodi\u010dov so svojimi zverencami. Sk\u00fa\u0161ky prebiehali v kr\u00e1snom slne\u010dnom po\u010das\u00ed. V\u00fdkony a pripravenos\u0165 psov na sk\u00fa\u0161ky\u00a0 posudzovali Bc. Miroslav Kardo\u0161 a Zuzana Fedorov\u00e1. V I. cene skon\u010dili [&hellip;]<\/p>\n","protected":false},"author":1,"featured_media":0,"parent":0,"menu_order":0,"comment_status":"closed","ping_status":"closed","template":"","meta":{"footnotes":""},"class_list":["post-2948","page","type-page","status-publish","hentry"],"jetpack_sharing_enabled":true,"_links":{"self":[{"href":"http:\/\/www.polovnictvotn.eu.sk\/index.php?rest_route=\/wp\/v2\/pages\/2948","targetHints":{"allow":["GET"]}}],"collection":[{"href":"http:\/\/www.polovnictvotn.eu.sk\/index.php?rest_route=\/wp\/v2\/pages"}],"about":[{"href":"http:\/\/www.polovnictvotn.eu.sk\/index.php?rest_route=\/wp\/v2\/types\/page"}],"author":[{"embeddable":true,"href":"http:\/\/www.polovnictvotn.eu.sk\/index.php?rest_route=\/wp\/v2\/users\/1"}],"replies":[{"embeddable":true,"href":"http:\/\/www.polovnictvotn.eu.sk\/index.php?rest_route=%2Fwp%2Fv2%2Fcomments&post=2948"}],"version-history":[{"count":3,"href":"http:\/\/www.polovnictvotn.eu.sk\/index.php?rest_route=\/wp\/v2\/pages\/2948\/revisions"}],"predecessor-version":[{"id":2964,"href":"http:\/\/www.polovnictvotn.eu.sk\/index.php?rest_route=\/wp\/v2\/pages\/2948\/revisions\/2964"}],"wp:attachment":[{"href":"http:\/\/www.polovnictvotn.eu.sk\/index.php?rest_route=%2Fwp%2Fv2%2Fmedia&parent=2948"}],"curies":[{"name":"wp","href":"https:\/\/api.w.org\/{rel}","templated":true}]}}