{"id":462,"date":"2014-05-02T10:00:32","date_gmt":"2014-05-02T08:00:32","guid":{"rendered":"http:\/\/www.polovnictvotn.eu.sk\/?page_id=462"},"modified":"2018-02-20T14:00:11","modified_gmt":"2018-02-20T12:00:11","slug":"tlakove-skusky","status":"publish","type":"page","link":"http:\/\/www.polovnictvotn.eu.sk\/?page_id=462","title":{"rendered":"Tlakov\u00e9 sk\u00fa\u0161ky"},"content":{"rendered":"<p><span style=\"color: #ff0000;\">Povinnos\u0165 periodicky predklada\u0165 zbrane na kusov\u00e9 overenie (Tlakov\u00fa sk\u00fa\u0161ku) sa pod\u013ea novely z\u00e1kona \u010d. 120\/2015 od 01.07.2015 zru\u0161ila.<\/span><\/p>\n<p>Na\u010falej ho v\u0161ak m\u00f4\u017ee vy\u017eiada\u0165 policajn\u00fd \u00fatvar individu\u00e1lne, pri podozren\u00ed na zl\u00fd technick\u00fd stav zbrane.<\/p>\n<p>V takom pr\u00edpade kusov\u00e9 overovanie zbran\u00ed v Tren\u010dianskom kraji aj na\u010falej vykon\u00e1va:<\/p>\n<p>KON\u0160TRUKTA &#8211; Defence, a. s. Tren\u010d\u00edn,\u00a0Prev\u00e1dzka \u0161peci\u00e1lneho sk\u00fa\u0161obn\u00edctva Lieskovec.<\/p>\n<p>Autorizovan\u00e1 osoba SKTC-112, Lieskovsk\u00e1 cesta,018 41 Dubnica nad V\u00e1hom.<\/p>\n<p>V pracovn\u00fdch d\u0148och, v \u010dase od 06:00 do 13:00 hod.<\/p>\n<p>Mo\u017enos\u0165 objednania na tel. \u010d\u00edslach: 042\/44 26 783, 042\/44 26 920<\/p>\n","protected":false},"excerpt":{"rendered":"<p>Povinnos\u0165 periodicky predklada\u0165 zbrane na kusov\u00e9 overenie (Tlakov\u00fa sk\u00fa\u0161ku) sa pod\u013ea novely z\u00e1kona \u010d. 120\/2015 od 01.07.2015 zru\u0161ila. Na\u010falej ho v\u0161ak m\u00f4\u017ee vy\u017eiada\u0165 policajn\u00fd \u00fatvar individu\u00e1lne, pri podozren\u00ed na zl\u00fd technick\u00fd stav zbrane. V takom pr\u00edpade kusov\u00e9 overovanie zbran\u00ed v Tren\u010dianskom kraji aj na\u010falej vykon\u00e1va: KON\u0160TRUKTA &#8211; Defence, a. s. Tren\u010d\u00edn,\u00a0Prev\u00e1dzka \u0161peci\u00e1lneho sk\u00fa\u0161obn\u00edctva Lieskovec. Autorizovan\u00e1 [&hellip;]<\/p>\n","protected":false},"author":1,"featured_media":0,"parent":0,"menu_order":0,"comment_status":"closed","ping_status":"closed","template":"","meta":{"footnotes":""},"class_list":["post-462","page","type-page","status-publish","hentry"],"jetpack_sharing_enabled":true,"_links":{"self":[{"href":"http:\/\/www.polovnictvotn.eu.sk\/index.php?rest_route=\/wp\/v2\/pages\/462","targetHints":{"allow":["GET"]}}],"collection":[{"href":"http:\/\/www.polovnictvotn.eu.sk\/index.php?rest_route=\/wp\/v2\/pages"}],"about":[{"href":"http:\/\/www.polovnictvotn.eu.sk\/index.php?rest_route=\/wp\/v2\/types\/page"}],"author":[{"embeddable":true,"href":"http:\/\/www.polovnictvotn.eu.sk\/index.php?rest_route=\/wp\/v2\/users\/1"}],"replies":[{"embeddable":true,"href":"http:\/\/www.polovnictvotn.eu.sk\/index.php?rest_route=%2Fwp%2Fv2%2Fcomments&post=462"}],"version-history":[{"count":5,"href":"http:\/\/www.polovnictvotn.eu.sk\/index.php?rest_route=\/wp\/v2\/pages\/462\/revisions"}],"predecessor-version":[{"id":464,"href":"http:\/\/www.polovnictvotn.eu.sk\/index.php?rest_route=\/wp\/v2\/pages\/462\/revisions\/464"}],"wp:attachment":[{"href":"http:\/\/www.polovnictvotn.eu.sk\/index.php?rest_route=%2Fwp%2Fv2%2Fmedia&parent=462"}],"curies":[{"name":"wp","href":"https:\/\/api.w.org\/{rel}","templated":true}]}}