{"id":703,"date":"2014-06-25T10:22:56","date_gmt":"2014-06-25T08:22:56","guid":{"rendered":"http:\/\/www.polovnictvotn.eu.sk\/?page_id=703"},"modified":"2014-06-25T19:26:25","modified_gmt":"2014-06-25T17:26:25","slug":"skusky-kandidatov-z-polovnictva-rocnik-2013-2014","status":"publish","type":"page","link":"http:\/\/www.polovnictvotn.eu.sk\/?page_id=703","title":{"rendered":"Sk\u00fa\u0161ky kandid\u00e1tov z po\u013eovn\u00edctva ro\u010dn\u00edk 2013-2014"},"content":{"rendered":"<p>20.06. a 21.06. 2014 Z\u0160 Tren\u010dianske Jastrabie<\/p>\n<p><a class=\"boxersandswipers\" title=\"DSCF2001\" href=\"http:\/\/www.polovnictvotn.eu.sk\/wp-content\/uploads\/2014\/06\/DSCF2001.jpg\"><img loading=\"lazy\" decoding=\"async\" class=\"alignnone size-thumbnail wp-image-704\" alt=\"DSCF2001\" src=\"http:\/\/www.polovnictvotn.eu.sk\/wp-content\/uploads\/2014\/06\/DSCF2001-150x150.jpg\" width=\"150\" height=\"150\" \/><\/a> <a class=\"boxersandswipers\" title=\"DSCF2002\" href=\"http:\/\/www.polovnictvotn.eu.sk\/wp-content\/uploads\/2014\/06\/DSCF2002.jpg\"><img loading=\"lazy\" decoding=\"async\" class=\"alignnone size-thumbnail wp-image-705\" alt=\"DSCF2002\" src=\"http:\/\/www.polovnictvotn.eu.sk\/wp-content\/uploads\/2014\/06\/DSCF2002-150x150.jpg\" width=\"150\" height=\"150\" \/><\/a> <a class=\"boxersandswipers\" title=\"DSCF2005\" href=\"http:\/\/www.polovnictvotn.eu.sk\/wp-content\/uploads\/2014\/06\/DSCF2005.jpg\"><img loading=\"lazy\" decoding=\"async\" class=\"alignnone size-thumbnail wp-image-706\" alt=\"DSCF2005\" src=\"http:\/\/www.polovnictvotn.eu.sk\/wp-content\/uploads\/2014\/06\/DSCF2005-150x150.jpg\" width=\"150\" height=\"150\" \/><\/a> <a class=\"boxersandswipers\" title=\"DSCF2006\" href=\"http:\/\/www.polovnictvotn.eu.sk\/wp-content\/uploads\/2014\/06\/DSCF2006.jpg\"><img loading=\"lazy\" decoding=\"async\" class=\"alignnone size-thumbnail wp-image-707\" alt=\"DSCF2006\" src=\"http:\/\/www.polovnictvotn.eu.sk\/wp-content\/uploads\/2014\/06\/DSCF2006-150x150.jpg\" width=\"150\" height=\"150\" \/><\/a> <a class=\"boxersandswipers\" title=\"DSCF2011\" href=\"http:\/\/www.polovnictvotn.eu.sk\/wp-content\/uploads\/2014\/06\/DSCF2011.jpg\"><img loading=\"lazy\" decoding=\"async\" class=\"alignnone size-thumbnail wp-image-708\" alt=\"DSCF2011\" src=\"http:\/\/www.polovnictvotn.eu.sk\/wp-content\/uploads\/2014\/06\/DSCF2011-150x150.jpg\" width=\"150\" height=\"150\" \/><\/a> <a class=\"boxersandswipers\" title=\"DSCF2013\" href=\"http:\/\/www.polovnictvotn.eu.sk\/wp-content\/uploads\/2014\/06\/DSCF2013.jpg\"><img loading=\"lazy\" decoding=\"async\" class=\"alignnone size-thumbnail wp-image-709\" alt=\"DSCF2013\" src=\"http:\/\/www.polovnictvotn.eu.sk\/wp-content\/uploads\/2014\/06\/DSCF2013-150x150.jpg\" width=\"150\" height=\"150\" \/><\/a> <a class=\"boxersandswipers\" title=\"DSCF2014\" href=\"http:\/\/www.polovnictvotn.eu.sk\/wp-content\/uploads\/2014\/06\/DSCF2014.jpg\"><img loading=\"lazy\" decoding=\"async\" class=\"alignnone size-thumbnail wp-image-710\" alt=\"DSCF2014\" src=\"http:\/\/www.polovnictvotn.eu.sk\/wp-content\/uploads\/2014\/06\/DSCF2014-150x150.jpg\" width=\"150\" height=\"150\" \/><\/a> <a class=\"boxersandswipers\" title=\"DSCF2015\" href=\"http:\/\/www.polovnictvotn.eu.sk\/wp-content\/uploads\/2014\/06\/DSCF2015.jpg\"><img loading=\"lazy\" decoding=\"async\" class=\"alignnone size-thumbnail wp-image-711\" alt=\"DSCF2015\" src=\"http:\/\/www.polovnictvotn.eu.sk\/wp-content\/uploads\/2014\/06\/DSCF2015-150x150.jpg\" width=\"150\" height=\"150\" \/><\/a> <a class=\"boxersandswipers\" title=\"DSCF2017\" href=\"http:\/\/www.polovnictvotn.eu.sk\/wp-content\/uploads\/2014\/06\/DSCF2017.jpg\"><img loading=\"lazy\" decoding=\"async\" class=\"alignnone size-thumbnail wp-image-712\" alt=\"DSCF2017\" src=\"http:\/\/www.polovnictvotn.eu.sk\/wp-content\/uploads\/2014\/06\/DSCF2017-150x150.jpg\" width=\"150\" height=\"150\" \/><\/a> <a class=\"boxersandswipers\" title=\"DSCF2018\" href=\"http:\/\/www.polovnictvotn.eu.sk\/wp-content\/uploads\/2014\/06\/DSCF2018.jpg\"><img loading=\"lazy\" decoding=\"async\" class=\"alignnone size-thumbnail wp-image-713\" alt=\"DSCF2018\" src=\"http:\/\/www.polovnictvotn.eu.sk\/wp-content\/uploads\/2014\/06\/DSCF2018-150x150.jpg\" width=\"150\" height=\"150\" \/><\/a> <a class=\"boxersandswipers\" title=\"DSCF2019\" href=\"http:\/\/www.polovnictvotn.eu.sk\/wp-content\/uploads\/2014\/06\/DSCF2019.jpg\"><img loading=\"lazy\" decoding=\"async\" class=\"alignnone size-thumbnail wp-image-714\" alt=\"DSCF2019\" src=\"http:\/\/www.polovnictvotn.eu.sk\/wp-content\/uploads\/2014\/06\/DSCF2019-150x150.jpg\" width=\"150\" height=\"150\" \/><\/a> <a class=\"boxersandswipers\" title=\"DSCF2020\" href=\"http:\/\/www.polovnictvotn.eu.sk\/wp-content\/uploads\/2014\/06\/DSCF2020.jpg\"><img loading=\"lazy\" decoding=\"async\" class=\"alignnone size-thumbnail wp-image-715\" alt=\"DSCF2020\" src=\"http:\/\/www.polovnictvotn.eu.sk\/wp-content\/uploads\/2014\/06\/DSCF2020-150x150.jpg\" width=\"150\" height=\"150\" \/><\/a> <a class=\"boxersandswipers\" title=\"DSCF2021\" href=\"http:\/\/www.polovnictvotn.eu.sk\/wp-content\/uploads\/2014\/06\/DSCF2021.jpg\"><img loading=\"lazy\" decoding=\"async\" class=\"alignnone size-thumbnail wp-image-716\" alt=\"DSCF2021\" src=\"http:\/\/www.polovnictvotn.eu.sk\/wp-content\/uploads\/2014\/06\/DSCF2021-150x150.jpg\" width=\"150\" height=\"150\" \/><\/a> <a class=\"boxersandswipers\" title=\"DSCF2022\" href=\"http:\/\/www.polovnictvotn.eu.sk\/wp-content\/uploads\/2014\/06\/DSCF2022.jpg\"><img loading=\"lazy\" decoding=\"async\" class=\"alignnone size-thumbnail wp-image-717\" alt=\"DSCF2022\" src=\"http:\/\/www.polovnictvotn.eu.sk\/wp-content\/uploads\/2014\/06\/DSCF2022-150x150.jpg\" width=\"150\" height=\"150\" \/><\/a><\/p>\n<p><a class=\"boxersandswipers\" title=\"P1110609\" href=\"http:\/\/www.polovnictvotn.eu.sk\/wp-content\/uploads\/2014\/06\/P1110609.jpg\"><img loading=\"lazy\" decoding=\"async\" class=\"alignnone size-thumbnail wp-image-783\" alt=\"P1110609\" src=\"http:\/\/www.polovnictvotn.eu.sk\/wp-content\/uploads\/2014\/06\/P1110609-150x150.jpg\" width=\"150\" height=\"150\" \/><\/a> <a class=\"boxersandswipers\" title=\"P1110612\" href=\"http:\/\/www.polovnictvotn.eu.sk\/wp-content\/uploads\/2014\/06\/P1110612.jpg\"><img loading=\"lazy\" decoding=\"async\" class=\"alignnone size-thumbnail wp-image-784\" alt=\"P1110612\" src=\"http:\/\/www.polovnictvotn.eu.sk\/wp-content\/uploads\/2014\/06\/P1110612-150x150.jpg\" width=\"150\" height=\"150\" \/><\/a> <a class=\"boxersandswipers\" title=\"P1110614\" href=\"http:\/\/www.polovnictvotn.eu.sk\/wp-content\/uploads\/2014\/06\/P1110614.jpg\"><img loading=\"lazy\" decoding=\"async\" class=\"alignnone size-thumbnail wp-image-785\" alt=\"P1110614\" src=\"http:\/\/www.polovnictvotn.eu.sk\/wp-content\/uploads\/2014\/06\/P1110614-150x150.jpg\" width=\"150\" height=\"150\" \/><\/a> <a class=\"boxersandswipers\" title=\"P1110615\" href=\"http:\/\/www.polovnictvotn.eu.sk\/wp-content\/uploads\/2014\/06\/P1110615.jpg\"><img loading=\"lazy\" decoding=\"async\" class=\"alignnone size-thumbnail wp-image-786\" alt=\"P1110615\" src=\"http:\/\/www.polovnictvotn.eu.sk\/wp-content\/uploads\/2014\/06\/P1110615-150x150.jpg\" width=\"150\" height=\"150\" \/><\/a> <a class=\"boxersandswipers\" title=\"P1110617\" href=\"http:\/\/www.polovnictvotn.eu.sk\/wp-content\/uploads\/2014\/06\/P1110617.jpg\"><img loading=\"lazy\" decoding=\"async\" class=\"alignnone size-thumbnail wp-image-787\" alt=\"P1110617\" src=\"http:\/\/www.polovnictvotn.eu.sk\/wp-content\/uploads\/2014\/06\/P1110617-150x150.jpg\" width=\"150\" height=\"150\" \/><\/a> <a class=\"boxersandswipers\" title=\"P1110618\" href=\"http:\/\/www.polovnictvotn.eu.sk\/wp-content\/uploads\/2014\/06\/P1110618.jpg\"><img loading=\"lazy\" decoding=\"async\" class=\"alignnone size-thumbnail wp-image-788\" alt=\"P1110618\" src=\"http:\/\/www.polovnictvotn.eu.sk\/wp-content\/uploads\/2014\/06\/P1110618-150x150.jpg\" width=\"150\" height=\"150\" \/><\/a> <a class=\"boxersandswipers\" title=\"P1110619\" href=\"http:\/\/www.polovnictvotn.eu.sk\/wp-content\/uploads\/2014\/06\/P1110619.jpg\"><img loading=\"lazy\" decoding=\"async\" class=\"alignnone size-thumbnail wp-image-789\" alt=\"P1110619\" src=\"http:\/\/www.polovnictvotn.eu.sk\/wp-content\/uploads\/2014\/06\/P1110619-150x150.jpg\" width=\"150\" height=\"150\" \/><\/a> <a class=\"boxersandswipers\" title=\"P1110620\" href=\"http:\/\/www.polovnictvotn.eu.sk\/wp-content\/uploads\/2014\/06\/P1110620.jpg\"><img loading=\"lazy\" decoding=\"async\" class=\"alignnone size-thumbnail wp-image-790\" alt=\"P1110620\" src=\"http:\/\/www.polovnictvotn.eu.sk\/wp-content\/uploads\/2014\/06\/P1110620-150x150.jpg\" width=\"150\" height=\"150\" \/><\/a> <a class=\"boxersandswipers\" title=\"P1110624\" href=\"http:\/\/www.polovnictvotn.eu.sk\/wp-content\/uploads\/2014\/06\/P1110624.jpg\"><img loading=\"lazy\" decoding=\"async\" class=\"alignnone size-thumbnail wp-image-791\" alt=\"P1110624\" src=\"http:\/\/www.polovnictvotn.eu.sk\/wp-content\/uploads\/2014\/06\/P1110624-150x150.jpg\" width=\"150\" height=\"150\" \/><\/a> <a class=\"boxersandswipers\" title=\"P1110626\" href=\"http:\/\/www.polovnictvotn.eu.sk\/wp-content\/uploads\/2014\/06\/P1110626.jpg\"><img loading=\"lazy\" decoding=\"async\" class=\"alignnone size-thumbnail wp-image-792\" alt=\"P1110626\" src=\"http:\/\/www.polovnictvotn.eu.sk\/wp-content\/uploads\/2014\/06\/P1110626-150x150.jpg\" width=\"150\" height=\"150\" \/><\/a> <a class=\"boxersandswipers\" title=\"P1110627\" href=\"http:\/\/www.polovnictvotn.eu.sk\/wp-content\/uploads\/2014\/06\/P1110627.jpg\"><img loading=\"lazy\" decoding=\"async\" class=\"alignnone size-thumbnail wp-image-793\" alt=\"P1110627\" src=\"http:\/\/www.polovnictvotn.eu.sk\/wp-content\/uploads\/2014\/06\/P1110627-150x150.jpg\" width=\"150\" height=\"150\" \/><\/a> <a class=\"boxersandswipers\" title=\"P1110630\" href=\"http:\/\/www.polovnictvotn.eu.sk\/wp-content\/uploads\/2014\/06\/P1110630.jpg\"><img loading=\"lazy\" decoding=\"async\" class=\"alignnone size-thumbnail wp-image-794\" alt=\"P1110630\" src=\"http:\/\/www.polovnictvotn.eu.sk\/wp-content\/uploads\/2014\/06\/P1110630-150x150.jpg\" width=\"150\" height=\"150\" \/><\/a><\/p>\n<p>&nbsp;<\/p>\n<p>&nbsp;<\/p>\n","protected":false},"excerpt":{"rendered":"<p>20.06. a 21.06. 2014 Z\u0160 Tren\u010dianske Jastrabie &nbsp; &nbsp;<\/p>\n","protected":false},"author":1,"featured_media":0,"parent":0,"menu_order":0,"comment_status":"open","ping_status":"closed","template":"","meta":{"footnotes":""},"class_list":["post-703","page","type-page","status-publish","hentry"],"jetpack_sharing_enabled":true,"_links":{"self":[{"href":"http:\/\/www.polovnictvotn.eu.sk\/index.php?rest_route=\/wp\/v2\/pages\/703","targetHints":{"allow":["GET"]}}],"collection":[{"href":"http:\/\/www.polovnictvotn.eu.sk\/index.php?rest_route=\/wp\/v2\/pages"}],"about":[{"href":"http:\/\/www.polovnictvotn.eu.sk\/index.php?rest_route=\/wp\/v2\/types\/page"}],"author":[{"embeddable":true,"href":"http:\/\/www.polovnictvotn.eu.sk\/index.php?rest_route=\/wp\/v2\/users\/1"}],"replies":[{"embeddable":true,"href":"http:\/\/www.polovnictvotn.eu.sk\/index.php?rest_route=%2Fwp%2Fv2%2Fcomments&post=703"}],"version-history":[{"count":4,"href":"http:\/\/www.polovnictvotn.eu.sk\/index.php?rest_route=\/wp\/v2\/pages\/703\/revisions"}],"predecessor-version":[{"id":796,"href":"http:\/\/www.polovnictvotn.eu.sk\/index.php?rest_route=\/wp\/v2\/pages\/703\/revisions\/796"}],"wp:attachment":[{"href":"http:\/\/www.polovnictvotn.eu.sk\/index.php?rest_route=%2Fwp%2Fv2%2Fmedia&parent=703"}],"curies":[{"name":"wp","href":"https:\/\/api.w.org\/{rel}","templated":true}]}}