{"id":721,"date":"2014-06-25T14:25:51","date_gmt":"2014-06-25T12:25:51","guid":{"rendered":"http:\/\/www.polovnictvotn.eu.sk\/?page_id=721"},"modified":"2014-06-25T14:25:51","modified_gmt":"2014-06-25T12:25:51","slug":"trenazer-na-vycvik-farbiarov-15-06-2014-inovec","status":"publish","type":"page","link":"http:\/\/www.polovnictvotn.eu.sk\/?page_id=721","title":{"rendered":"Trena\u017e\u00e9r na v\u00fdcvik farbiarov 15.06.2014 Inovec"},"content":{"rendered":"<p><a class=\"boxersandswipers\" title=\"P1110271\" href=\"http:\/\/www.polovnictvotn.eu.sk\/wp-content\/uploads\/2014\/06\/P1110271.jpg\"><img loading=\"lazy\" decoding=\"async\" class=\"alignnone size-thumbnail wp-image-722\" alt=\"P1110271\" src=\"http:\/\/www.polovnictvotn.eu.sk\/wp-content\/uploads\/2014\/06\/P1110271-150x150.jpg\" width=\"150\" height=\"150\" \/><\/a> <a class=\"boxersandswipers\" title=\"P1110277\" href=\"http:\/\/www.polovnictvotn.eu.sk\/wp-content\/uploads\/2014\/06\/P1110277.jpg\"><img loading=\"lazy\" decoding=\"async\" class=\"alignnone size-thumbnail wp-image-723\" alt=\"P1110277\" src=\"http:\/\/www.polovnictvotn.eu.sk\/wp-content\/uploads\/2014\/06\/P1110277-150x150.jpg\" width=\"150\" height=\"150\" \/><\/a> <a class=\"boxersandswipers\" title=\"P1110281\" href=\"http:\/\/www.polovnictvotn.eu.sk\/wp-content\/uploads\/2014\/06\/P1110281.jpg\"><img loading=\"lazy\" decoding=\"async\" class=\"alignnone size-thumbnail wp-image-724\" alt=\"P1110281\" src=\"http:\/\/www.polovnictvotn.eu.sk\/wp-content\/uploads\/2014\/06\/P1110281-150x150.jpg\" width=\"150\" height=\"150\" \/><\/a> <a class=\"boxersandswipers\" title=\"P1110283\" href=\"http:\/\/www.polovnictvotn.eu.sk\/wp-content\/uploads\/2014\/06\/P1110283.jpg\"><img loading=\"lazy\" decoding=\"async\" class=\"alignnone size-thumbnail wp-image-725\" alt=\"P1110283\" src=\"http:\/\/www.polovnictvotn.eu.sk\/wp-content\/uploads\/2014\/06\/P1110283-150x150.jpg\" width=\"150\" height=\"150\" \/><\/a> <a class=\"boxersandswipers\" title=\"P1110288\" href=\"http:\/\/www.polovnictvotn.eu.sk\/wp-content\/uploads\/2014\/06\/P1110288.jpg\"><img loading=\"lazy\" decoding=\"async\" class=\"alignnone size-thumbnail wp-image-726\" alt=\"P1110288\" src=\"http:\/\/www.polovnictvotn.eu.sk\/wp-content\/uploads\/2014\/06\/P1110288-150x150.jpg\" width=\"150\" height=\"150\" \/><\/a> <a class=\"boxersandswipers\" title=\"P1110290\" href=\"http:\/\/www.polovnictvotn.eu.sk\/wp-content\/uploads\/2014\/06\/P1110290.jpg\"><img loading=\"lazy\" decoding=\"async\" class=\"alignnone size-thumbnail wp-image-727\" alt=\"P1110290\" src=\"http:\/\/www.polovnictvotn.eu.sk\/wp-content\/uploads\/2014\/06\/P1110290-150x150.jpg\" width=\"150\" height=\"150\" \/><\/a> <a class=\"boxersandswipers\" title=\"P1110295\" href=\"http:\/\/www.polovnictvotn.eu.sk\/wp-content\/uploads\/2014\/06\/P1110295.jpg\"><img loading=\"lazy\" decoding=\"async\" class=\"alignnone size-thumbnail wp-image-728\" alt=\"P1110295\" src=\"http:\/\/www.polovnictvotn.eu.sk\/wp-content\/uploads\/2014\/06\/P1110295-150x150.jpg\" width=\"150\" height=\"150\" \/><\/a> <a class=\"boxersandswipers\" title=\"P1110300\" href=\"http:\/\/www.polovnictvotn.eu.sk\/wp-content\/uploads\/2014\/06\/P1110300.jpg\"><img loading=\"lazy\" decoding=\"async\" class=\"alignnone size-thumbnail wp-image-729\" alt=\"P1110300\" src=\"http:\/\/www.polovnictvotn.eu.sk\/wp-content\/uploads\/2014\/06\/P1110300-150x150.jpg\" width=\"150\" height=\"150\" \/><\/a> <a class=\"boxersandswipers\" title=\"P1110311\" href=\"http:\/\/www.polovnictvotn.eu.sk\/wp-content\/uploads\/2014\/06\/P1110311.jpg\"><img loading=\"lazy\" decoding=\"async\" class=\"alignnone size-thumbnail wp-image-730\" alt=\"P1110311\" src=\"http:\/\/www.polovnictvotn.eu.sk\/wp-content\/uploads\/2014\/06\/P1110311-150x150.jpg\" width=\"150\" height=\"150\" \/><\/a> <a class=\"boxersandswipers\" title=\"P1110317\" href=\"http:\/\/www.polovnictvotn.eu.sk\/wp-content\/uploads\/2014\/06\/P1110317.jpg\"><img loading=\"lazy\" decoding=\"async\" class=\"alignnone size-thumbnail wp-image-731\" alt=\"P1110317\" src=\"http:\/\/www.polovnictvotn.eu.sk\/wp-content\/uploads\/2014\/06\/P1110317-150x150.jpg\" width=\"150\" height=\"150\" \/><\/a> <a class=\"boxersandswipers\" title=\"P1110322\" href=\"http:\/\/www.polovnictvotn.eu.sk\/wp-content\/uploads\/2014\/06\/P1110322.jpg\"><img loading=\"lazy\" decoding=\"async\" class=\"alignnone size-thumbnail wp-image-732\" alt=\"P1110322\" src=\"http:\/\/www.polovnictvotn.eu.sk\/wp-content\/uploads\/2014\/06\/P1110322-150x150.jpg\" width=\"150\" height=\"150\" \/><\/a> <a class=\"boxersandswipers\" title=\"P1110329\" href=\"http:\/\/www.polovnictvotn.eu.sk\/wp-content\/uploads\/2014\/06\/P1110329.jpg\"><img loading=\"lazy\" decoding=\"async\" class=\"alignnone size-thumbnail wp-image-733\" alt=\"P1110329\" src=\"http:\/\/www.polovnictvotn.eu.sk\/wp-content\/uploads\/2014\/06\/P1110329-150x150.jpg\" width=\"150\" height=\"150\" \/><\/a> <a class=\"boxersandswipers\" title=\"P1110375\" href=\"http:\/\/www.polovnictvotn.eu.sk\/wp-content\/uploads\/2014\/06\/P1110375.jpg\"><img loading=\"lazy\" decoding=\"async\" class=\"alignnone size-thumbnail wp-image-734\" alt=\"P1110375\" src=\"http:\/\/www.polovnictvotn.eu.sk\/wp-content\/uploads\/2014\/06\/P1110375-150x150.jpg\" width=\"150\" height=\"150\" \/><\/a> <a class=\"boxersandswipers\" title=\"P1110377\" href=\"http:\/\/www.polovnictvotn.eu.sk\/wp-content\/uploads\/2014\/06\/P1110377.jpg\"><img loading=\"lazy\" decoding=\"async\" class=\"alignnone size-thumbnail wp-image-735\" alt=\"P1110377\" src=\"http:\/\/www.polovnictvotn.eu.sk\/wp-content\/uploads\/2014\/06\/P1110377-150x150.jpg\" width=\"150\" height=\"150\" \/><\/a> <a class=\"boxersandswipers\" title=\"P1110382\" href=\"http:\/\/www.polovnictvotn.eu.sk\/wp-content\/uploads\/2014\/06\/P1110382.jpg\"><img loading=\"lazy\" decoding=\"async\" class=\"alignnone size-thumbnail wp-image-736\" alt=\"P1110382\" src=\"http:\/\/www.polovnictvotn.eu.sk\/wp-content\/uploads\/2014\/06\/P1110382-150x150.jpg\" width=\"150\" height=\"150\" \/><\/a> <a class=\"boxersandswipers\" title=\"P1110390\" href=\"http:\/\/www.polovnictvotn.eu.sk\/wp-content\/uploads\/2014\/06\/P1110390.jpg\"><img loading=\"lazy\" decoding=\"async\" class=\"alignnone size-thumbnail wp-image-737\" alt=\"P1110390\" src=\"http:\/\/www.polovnictvotn.eu.sk\/wp-content\/uploads\/2014\/06\/P1110390-150x150.jpg\" width=\"150\" height=\"150\" \/><\/a> <a class=\"boxersandswipers\" title=\"P1110394\" href=\"http:\/\/www.polovnictvotn.eu.sk\/wp-content\/uploads\/2014\/06\/P1110394.jpg\"><img loading=\"lazy\" decoding=\"async\" class=\"alignnone size-thumbnail wp-image-738\" alt=\"P1110394\" src=\"http:\/\/www.polovnictvotn.eu.sk\/wp-content\/uploads\/2014\/06\/P1110394-150x150.jpg\" width=\"150\" height=\"150\" \/><\/a> <a class=\"boxersandswipers\" title=\"P1110397\" href=\"http:\/\/www.polovnictvotn.eu.sk\/wp-content\/uploads\/2014\/06\/P1110397.jpg\"><img loading=\"lazy\" decoding=\"async\" class=\"alignnone size-thumbnail wp-image-739\" alt=\"P1110397\" src=\"http:\/\/www.polovnictvotn.eu.sk\/wp-content\/uploads\/2014\/06\/P1110397-150x150.jpg\" width=\"150\" height=\"150\" \/><\/a> <a class=\"boxersandswipers\" title=\"P1110400\" href=\"http:\/\/www.polovnictvotn.eu.sk\/wp-content\/uploads\/2014\/06\/P1110400.jpg\"><img loading=\"lazy\" decoding=\"async\" class=\"alignnone size-thumbnail wp-image-740\" alt=\"P1110400\" src=\"http:\/\/www.polovnictvotn.eu.sk\/wp-content\/uploads\/2014\/06\/P1110400-150x150.jpg\" width=\"150\" height=\"150\" \/><\/a> <a class=\"boxersandswipers\" title=\"P1110403\" href=\"http:\/\/www.polovnictvotn.eu.sk\/wp-content\/uploads\/2014\/06\/P1110403.jpg\"><img loading=\"lazy\" decoding=\"async\" class=\"alignnone size-thumbnail wp-image-741\" alt=\"P1110403\" src=\"http:\/\/www.polovnictvotn.eu.sk\/wp-content\/uploads\/2014\/06\/P1110403-150x150.jpg\" width=\"150\" height=\"150\" \/><\/a> <a class=\"boxersandswipers\" title=\"P1110408\" href=\"http:\/\/www.polovnictvotn.eu.sk\/wp-content\/uploads\/2014\/06\/P1110408.jpg\"><img loading=\"lazy\" decoding=\"async\" class=\"alignnone size-thumbnail wp-image-742\" alt=\"P1110408\" src=\"http:\/\/www.polovnictvotn.eu.sk\/wp-content\/uploads\/2014\/06\/P1110408-150x150.jpg\" width=\"150\" height=\"150\" \/><\/a><\/p>\n","protected":false},"excerpt":{"rendered":"","protected":false},"author":1,"featured_media":0,"parent":0,"menu_order":0,"comment_status":"open","ping_status":"closed","template":"","meta":{"footnotes":""},"class_list":["post-721","page","type-page","status-publish","hentry"],"jetpack_sharing_enabled":true,"_links":{"self":[{"href":"http:\/\/www.polovnictvotn.eu.sk\/index.php?rest_route=\/wp\/v2\/pages\/721","targetHints":{"allow":["GET"]}}],"collection":[{"href":"http:\/\/www.polovnictvotn.eu.sk\/index.php?rest_route=\/wp\/v2\/pages"}],"about":[{"href":"http:\/\/www.polovnictvotn.eu.sk\/index.php?rest_route=\/wp\/v2\/types\/page"}],"author":[{"embeddable":true,"href":"http:\/\/www.polovnictvotn.eu.sk\/index.php?rest_route=\/wp\/v2\/users\/1"}],"replies":[{"embeddable":true,"href":"http:\/\/www.polovnictvotn.eu.sk\/index.php?rest_route=%2Fwp%2Fv2%2Fcomments&post=721"}],"version-history":[{"count":1,"href":"http:\/\/www.polovnictvotn.eu.sk\/index.php?rest_route=\/wp\/v2\/pages\/721\/revisions"}],"predecessor-version":[{"id":743,"href":"http:\/\/www.polovnictvotn.eu.sk\/index.php?rest_route=\/wp\/v2\/pages\/721\/revisions\/743"}],"wp:attachment":[{"href":"http:\/\/www.polovnictvotn.eu.sk\/index.php?rest_route=%2Fwp%2Fv2%2Fmedia&parent=721"}],"curies":[{"name":"wp","href":"https:\/\/api.w.org\/{rel}","templated":true}]}}