{"id":748,"date":"2014-06-25T18:09:43","date_gmt":"2014-06-25T16:09:43","guid":{"rendered":"http:\/\/www.polovnictvotn.eu.sk\/?page_id=748"},"modified":"2014-06-25T18:10:52","modified_gmt":"2014-06-25T16:10:52","slug":"748-2","status":"publish","type":"page","link":"http:\/\/www.polovnictvotn.eu.sk\/?page_id=748","title":{"rendered":"Zasadnutie rady RgO SPZ a OPK tren\u010d\u00edn 19.06.2014 K\u00e1lnica"},"content":{"rendered":"<p><a class=\"boxersandswipers\" title=\"P1110419\" href=\"http:\/\/www.polovnictvotn.eu.sk\/wp-content\/uploads\/2014\/06\/P1110419.jpg\"><img loading=\"lazy\" decoding=\"async\" class=\"alignnone size-thumbnail wp-image-749\" alt=\"P1110419\" src=\"http:\/\/www.polovnictvotn.eu.sk\/wp-content\/uploads\/2014\/06\/P1110419-150x150.jpg\" width=\"150\" height=\"150\" \/><\/a> <a class=\"boxersandswipers\" title=\"P1110421\" href=\"http:\/\/www.polovnictvotn.eu.sk\/wp-content\/uploads\/2014\/06\/P1110421.jpg\"><img loading=\"lazy\" decoding=\"async\" class=\"alignnone size-thumbnail wp-image-750\" alt=\"P1110421\" src=\"http:\/\/www.polovnictvotn.eu.sk\/wp-content\/uploads\/2014\/06\/P1110421-150x150.jpg\" width=\"150\" height=\"150\" \/><\/a> <a class=\"boxersandswipers\" title=\"P1110424\" href=\"http:\/\/www.polovnictvotn.eu.sk\/wp-content\/uploads\/2014\/06\/P1110424.jpg\"><img loading=\"lazy\" decoding=\"async\" class=\"alignnone size-thumbnail wp-image-751\" alt=\"P1110424\" src=\"http:\/\/www.polovnictvotn.eu.sk\/wp-content\/uploads\/2014\/06\/P1110424-150x150.jpg\" width=\"150\" height=\"150\" \/><\/a> <a class=\"boxersandswipers\" title=\"P1110425\" href=\"http:\/\/www.polovnictvotn.eu.sk\/wp-content\/uploads\/2014\/06\/P1110425.jpg\"><img loading=\"lazy\" decoding=\"async\" class=\"alignnone size-thumbnail wp-image-752\" alt=\"P1110425\" src=\"http:\/\/www.polovnictvotn.eu.sk\/wp-content\/uploads\/2014\/06\/P1110425-150x150.jpg\" width=\"150\" height=\"150\" \/><\/a> <a class=\"boxersandswipers\" title=\"P1110429\" href=\"http:\/\/www.polovnictvotn.eu.sk\/wp-content\/uploads\/2014\/06\/P1110429.jpg\"><img loading=\"lazy\" decoding=\"async\" class=\"alignnone size-thumbnail wp-image-753\" alt=\"P1110429\" src=\"http:\/\/www.polovnictvotn.eu.sk\/wp-content\/uploads\/2014\/06\/P1110429-150x150.jpg\" width=\"150\" height=\"150\" \/><\/a> <a class=\"boxersandswipers\" title=\"P1110431\" href=\"http:\/\/www.polovnictvotn.eu.sk\/wp-content\/uploads\/2014\/06\/P1110431.jpg\"><img loading=\"lazy\" decoding=\"async\" class=\"alignnone size-thumbnail wp-image-754\" alt=\"P1110431\" src=\"http:\/\/www.polovnictvotn.eu.sk\/wp-content\/uploads\/2014\/06\/P1110431-150x150.jpg\" width=\"150\" height=\"150\" \/><\/a> <a class=\"boxersandswipers\" title=\"P1110432\" href=\"http:\/\/www.polovnictvotn.eu.sk\/wp-content\/uploads\/2014\/06\/P1110432.jpg\"><img loading=\"lazy\" decoding=\"async\" class=\"alignnone size-thumbnail wp-image-755\" alt=\"P1110432\" src=\"http:\/\/www.polovnictvotn.eu.sk\/wp-content\/uploads\/2014\/06\/P1110432-150x150.jpg\" width=\"150\" height=\"150\" \/><\/a> <a class=\"boxersandswipers\" title=\"P1110434\" href=\"http:\/\/www.polovnictvotn.eu.sk\/wp-content\/uploads\/2014\/06\/P1110434.jpg\"><img loading=\"lazy\" decoding=\"async\" class=\"alignnone size-thumbnail wp-image-756\" alt=\"P1110434\" src=\"http:\/\/www.polovnictvotn.eu.sk\/wp-content\/uploads\/2014\/06\/P1110434-150x150.jpg\" width=\"150\" height=\"150\" \/><\/a> <a class=\"boxersandswipers\" title=\"P1110435\" href=\"http:\/\/www.polovnictvotn.eu.sk\/wp-content\/uploads\/2014\/06\/P1110435.jpg\"><img loading=\"lazy\" decoding=\"async\" class=\"alignnone size-thumbnail wp-image-757\" alt=\"P1110435\" src=\"http:\/\/www.polovnictvotn.eu.sk\/wp-content\/uploads\/2014\/06\/P1110435-150x150.jpg\" width=\"150\" height=\"150\" \/><\/a> <a class=\"boxersandswipers\" title=\"P1110437\" href=\"http:\/\/www.polovnictvotn.eu.sk\/wp-content\/uploads\/2014\/06\/P1110437.jpg\"><img loading=\"lazy\" decoding=\"async\" class=\"alignnone size-thumbnail wp-image-758\" alt=\"P1110437\" src=\"http:\/\/www.polovnictvotn.eu.sk\/wp-content\/uploads\/2014\/06\/P1110437-150x150.jpg\" width=\"150\" height=\"150\" \/><\/a> <a class=\"boxersandswipers\" title=\"P1110439\" href=\"http:\/\/www.polovnictvotn.eu.sk\/wp-content\/uploads\/2014\/06\/P1110439.jpg\"><img loading=\"lazy\" decoding=\"async\" class=\"alignnone size-thumbnail wp-image-759\" alt=\"P1110439\" src=\"http:\/\/www.polovnictvotn.eu.sk\/wp-content\/uploads\/2014\/06\/P1110439-150x150.jpg\" width=\"150\" height=\"150\" \/><\/a> <a class=\"boxersandswipers\" title=\"P1110445\" href=\"http:\/\/www.polovnictvotn.eu.sk\/wp-content\/uploads\/2014\/06\/P1110445.jpg\"><img loading=\"lazy\" decoding=\"async\" class=\"alignnone size-thumbnail wp-image-760\" alt=\"P1110445\" src=\"http:\/\/www.polovnictvotn.eu.sk\/wp-content\/uploads\/2014\/06\/P1110445-150x150.jpg\" width=\"150\" height=\"150\" \/><\/a> <a class=\"boxersandswipers\" title=\"P1110446\" href=\"http:\/\/www.polovnictvotn.eu.sk\/wp-content\/uploads\/2014\/06\/P1110446.jpg\"><img loading=\"lazy\" decoding=\"async\" class=\"alignnone size-thumbnail wp-image-761\" alt=\"P1110446\" src=\"http:\/\/www.polovnictvotn.eu.sk\/wp-content\/uploads\/2014\/06\/P1110446-150x150.jpg\" width=\"150\" height=\"150\" \/><\/a> <a class=\"boxersandswipers\" title=\"P1110447\" href=\"http:\/\/www.polovnictvotn.eu.sk\/wp-content\/uploads\/2014\/06\/P1110447.jpg\"><img loading=\"lazy\" decoding=\"async\" class=\"alignnone size-thumbnail wp-image-762\" alt=\"P1110447\" src=\"http:\/\/www.polovnictvotn.eu.sk\/wp-content\/uploads\/2014\/06\/P1110447-150x150.jpg\" width=\"150\" height=\"150\" \/><\/a> <a class=\"boxersandswipers\" title=\"P1110454\" href=\"http:\/\/www.polovnictvotn.eu.sk\/wp-content\/uploads\/2014\/06\/P1110454.jpg\"><img loading=\"lazy\" decoding=\"async\" class=\"alignnone size-thumbnail wp-image-763\" alt=\"P1110454\" src=\"http:\/\/www.polovnictvotn.eu.sk\/wp-content\/uploads\/2014\/06\/P1110454-150x150.jpg\" width=\"150\" height=\"150\" \/><\/a> <a class=\"boxersandswipers\" title=\"P1110465\" href=\"http:\/\/www.polovnictvotn.eu.sk\/wp-content\/uploads\/2014\/06\/P1110465.jpg\"><img loading=\"lazy\" decoding=\"async\" class=\"alignnone size-thumbnail wp-image-764\" alt=\"P1110465\" src=\"http:\/\/www.polovnictvotn.eu.sk\/wp-content\/uploads\/2014\/06\/P1110465-150x150.jpg\" width=\"150\" height=\"150\" \/><\/a> <a class=\"boxersandswipers\" title=\"P1110474\" href=\"http:\/\/www.polovnictvotn.eu.sk\/wp-content\/uploads\/2014\/06\/P1110474.jpg\"><img loading=\"lazy\" decoding=\"async\" class=\"alignnone size-thumbnail wp-image-765\" alt=\"P1110474\" src=\"http:\/\/www.polovnictvotn.eu.sk\/wp-content\/uploads\/2014\/06\/P1110474-150x150.jpg\" width=\"150\" height=\"150\" \/><\/a> <a class=\"boxersandswipers\" title=\"P1110476\" href=\"http:\/\/www.polovnictvotn.eu.sk\/wp-content\/uploads\/2014\/06\/P1110476.jpg\"><img loading=\"lazy\" decoding=\"async\" class=\"alignnone size-thumbnail wp-image-766\" alt=\"P1110476\" src=\"http:\/\/www.polovnictvotn.eu.sk\/wp-content\/uploads\/2014\/06\/P1110476-150x150.jpg\" width=\"150\" height=\"150\" \/><\/a> <a class=\"boxersandswipers\" title=\"P1110480\" href=\"http:\/\/www.polovnictvotn.eu.sk\/wp-content\/uploads\/2014\/06\/P1110480.jpg\"><img loading=\"lazy\" decoding=\"async\" class=\"alignnone size-thumbnail wp-image-767\" alt=\"P1110480\" src=\"http:\/\/www.polovnictvotn.eu.sk\/wp-content\/uploads\/2014\/06\/P1110480-150x150.jpg\" width=\"150\" height=\"150\" \/><\/a> <a class=\"boxersandswipers\" title=\"P1110482\" href=\"http:\/\/www.polovnictvotn.eu.sk\/wp-content\/uploads\/2014\/06\/P1110482.jpg\"><img loading=\"lazy\" decoding=\"async\" class=\"alignnone size-thumbnail wp-image-768\" alt=\"P1110482\" src=\"http:\/\/www.polovnictvotn.eu.sk\/wp-content\/uploads\/2014\/06\/P1110482-150x150.jpg\" width=\"150\" height=\"150\" \/><\/a> <a class=\"boxersandswipers\" title=\"P1110483\" href=\"http:\/\/www.polovnictvotn.eu.sk\/wp-content\/uploads\/2014\/06\/P1110483.jpg\"><img loading=\"lazy\" decoding=\"async\" class=\"alignnone size-thumbnail wp-image-769\" alt=\"P1110483\" src=\"http:\/\/www.polovnictvotn.eu.sk\/wp-content\/uploads\/2014\/06\/P1110483-150x150.jpg\" width=\"150\" height=\"150\" \/><\/a> <a class=\"boxersandswipers\" title=\"P1110489\" href=\"http:\/\/www.polovnictvotn.eu.sk\/wp-content\/uploads\/2014\/06\/P1110489.jpg\"><img loading=\"lazy\" decoding=\"async\" class=\"alignnone size-thumbnail wp-image-770\" alt=\"P1110489\" src=\"http:\/\/www.polovnictvotn.eu.sk\/wp-content\/uploads\/2014\/06\/P1110489-150x150.jpg\" width=\"150\" height=\"150\" \/><\/a> <a class=\"boxersandswipers\" title=\"P1110496\" href=\"http:\/\/www.polovnictvotn.eu.sk\/wp-content\/uploads\/2014\/06\/P1110496.jpg\"><img loading=\"lazy\" decoding=\"async\" class=\"alignnone size-thumbnail wp-image-771\" alt=\"P1110496\" src=\"http:\/\/www.polovnictvotn.eu.sk\/wp-content\/uploads\/2014\/06\/P1110496-150x150.jpg\" width=\"150\" height=\"150\" \/><\/a> <a class=\"boxersandswipers\" title=\"P1110501\" href=\"http:\/\/www.polovnictvotn.eu.sk\/wp-content\/uploads\/2014\/06\/P1110501.jpg\"><img loading=\"lazy\" decoding=\"async\" class=\"alignnone size-thumbnail wp-image-772\" alt=\"P1110501\" src=\"http:\/\/www.polovnictvotn.eu.sk\/wp-content\/uploads\/2014\/06\/P1110501-150x150.jpg\" width=\"150\" height=\"150\" \/><\/a> <a class=\"boxersandswipers\" title=\"P1110505\" href=\"http:\/\/www.polovnictvotn.eu.sk\/wp-content\/uploads\/2014\/06\/P1110505.jpg\"><img loading=\"lazy\" decoding=\"async\" class=\"alignnone size-thumbnail wp-image-773\" alt=\"P1110505\" src=\"http:\/\/www.polovnictvotn.eu.sk\/wp-content\/uploads\/2014\/06\/P1110505-150x150.jpg\" width=\"150\" height=\"150\" \/><\/a> <a class=\"boxersandswipers\" title=\"P1110507\" href=\"http:\/\/www.polovnictvotn.eu.sk\/wp-content\/uploads\/2014\/06\/P1110507.jpg\"><img loading=\"lazy\" decoding=\"async\" class=\"alignnone size-thumbnail wp-image-774\" alt=\"P1110507\" src=\"http:\/\/www.polovnictvotn.eu.sk\/wp-content\/uploads\/2014\/06\/P1110507-150x150.jpg\" width=\"150\" height=\"150\" \/><\/a> <a class=\"boxersandswipers\" title=\"P1110510\" href=\"http:\/\/www.polovnictvotn.eu.sk\/wp-content\/uploads\/2014\/06\/P1110510.jpg\"><img loading=\"lazy\" decoding=\"async\" class=\"alignnone size-thumbnail wp-image-775\" alt=\"P1110510\" src=\"http:\/\/www.polovnictvotn.eu.sk\/wp-content\/uploads\/2014\/06\/P1110510-150x150.jpg\" width=\"150\" height=\"150\" \/><\/a><\/p>\n","protected":false},"excerpt":{"rendered":"","protected":false},"author":1,"featured_media":0,"parent":0,"menu_order":0,"comment_status":"open","ping_status":"closed","template":"","meta":{"footnotes":""},"class_list":["post-748","page","type-page","status-publish","hentry"],"jetpack_sharing_enabled":true,"_links":{"self":[{"href":"http:\/\/www.polovnictvotn.eu.sk\/index.php?rest_route=\/wp\/v2\/pages\/748","targetHints":{"allow":["GET"]}}],"collection":[{"href":"http:\/\/www.polovnictvotn.eu.sk\/index.php?rest_route=\/wp\/v2\/pages"}],"about":[{"href":"http:\/\/www.polovnictvotn.eu.sk\/index.php?rest_route=\/wp\/v2\/types\/page"}],"author":[{"embeddable":true,"href":"http:\/\/www.polovnictvotn.eu.sk\/index.php?rest_route=\/wp\/v2\/users\/1"}],"replies":[{"embeddable":true,"href":"http:\/\/www.polovnictvotn.eu.sk\/index.php?rest_route=%2Fwp%2Fv2%2Fcomments&post=748"}],"version-history":[{"count":3,"href":"http:\/\/www.polovnictvotn.eu.sk\/index.php?rest_route=\/wp\/v2\/pages\/748\/revisions"}],"predecessor-version":[{"id":778,"href":"http:\/\/www.polovnictvotn.eu.sk\/index.php?rest_route=\/wp\/v2\/pages\/748\/revisions\/778"}],"wp:attachment":[{"href":"http:\/\/www.polovnictvotn.eu.sk\/index.php?rest_route=%2Fwp%2Fv2%2Fmedia&parent=748"}],"curies":[{"name":"wp","href":"https:\/\/api.w.org\/{rel}","templated":true}]}}