{"id":855,"date":"2014-06-28T10:43:55","date_gmt":"2014-06-28T08:43:55","guid":{"rendered":"http:\/\/www.polovnictvotn.eu.sk\/?page_id=855"},"modified":"2018-07-11T17:49:47","modified_gmt":"2018-07-11T15:49:47","slug":"podujatia-5","status":"publish","type":"page","link":"http:\/\/www.polovnictvotn.eu.sk\/?page_id=855","title":{"rendered":"Podujatia"},"content":{"rendered":"<p><a title=\"Zasadnutie rady RgO SPZ a OPK Tren\u010d\u00edn 30.06.2016 Tren\u010dianske Stankovce\" href=\"http:\/\/www.polovnictvotn.eu.sk\/?page_id=1585\"><img loading=\"lazy\" decoding=\"async\" class=\" size-thumbnail wp-image-1591 alignleft\" src=\"http:\/\/www.polovnictvotn.eu.sk\/wp-content\/uploads\/2016\/07\/DSC_8414-150x150.jpg\" alt=\"DSC_8414\" width=\"150\" height=\"150\" \/><\/a><span style=\"color: #339966;\"><a style=\"color: #339966;\" title=\"Zasadnutie rady RgO SPZ a OPK Tren\u010d\u00edn 30.06.2016 Tren\u010dianske Stankovce\" href=\"http:\/\/www.polovnictvotn.eu.sk\/?page_id=1585\"><em><strong>Zasadnutie rady RgO SPZ a OPK Tren\u010d\u00edn 30.06.2016 Tren\u010dianske Stankovce<\/strong><\/em><\/a><\/span><\/p>\n<p>&nbsp;<\/p>\n<p>&nbsp;<\/p>\n<p>&nbsp;<\/p>\n<p>&nbsp;<\/p>\n<hr \/>\n<p><span style=\"color: #000000;\"><a style=\"color: #000000;\" title=\"Dni sv\u00e4t\u00e9ho Huberta 6.-7. 9. 2014 Sv\u00e4t\u00fd Anton\" href=\"http:\/\/www.polovnictvotn.eu.sk\/?page_id=983\">\u00a0Dni sv\u00e4t\u00e9ho Huberta 6.-7. 9. 2014 Sv\u00e4t\u00fd Anton<\/a><\/span><a title=\"Dni sv\u00e4t\u00e9ho Huberta 6.-7. 9. 2014 Sv\u00e4t\u00fd Anton\" href=\"http:\/\/www.polovnictvotn.eu.sk\/?page_id=983\"><img loading=\"lazy\" decoding=\"async\" class=\"alignleft size-thumbnail wp-image-993\" src=\"http:\/\/www.polovnictvotn.eu.sk\/wp-content\/uploads\/2014\/09\/DSC_2278-150x150.jpg\" alt=\"DSC_2278\" width=\"150\" height=\"150\" \/><\/a><\/p>\n","protected":false},"excerpt":{"rendered":"<p>Zasadnutie rady RgO SPZ a OPK Tren\u010d\u00edn 30.06.2016 Tren\u010dianske Stankovce &nbsp; &nbsp; &nbsp; &nbsp; \u00a0Dni sv\u00e4t\u00e9ho Huberta 6.-7. 9. 2014 Sv\u00e4t\u00fd Anton<\/p>\n","protected":false},"author":1,"featured_media":0,"parent":0,"menu_order":0,"comment_status":"open","ping_status":"closed","template":"","meta":{"footnotes":""},"class_list":["post-855","page","type-page","status-publish","hentry"],"jetpack_sharing_enabled":true,"_links":{"self":[{"href":"http:\/\/www.polovnictvotn.eu.sk\/index.php?rest_route=\/wp\/v2\/pages\/855","targetHints":{"allow":["GET"]}}],"collection":[{"href":"http:\/\/www.polovnictvotn.eu.sk\/index.php?rest_route=\/wp\/v2\/pages"}],"about":[{"href":"http:\/\/www.polovnictvotn.eu.sk\/index.php?rest_route=\/wp\/v2\/types\/page"}],"author":[{"embeddable":true,"href":"http:\/\/www.polovnictvotn.eu.sk\/index.php?rest_route=\/wp\/v2\/users\/1"}],"replies":[{"embeddable":true,"href":"http:\/\/www.polovnictvotn.eu.sk\/index.php?rest_route=%2Fwp%2Fv2%2Fcomments&post=855"}],"version-history":[{"count":5,"href":"http:\/\/www.polovnictvotn.eu.sk\/index.php?rest_route=\/wp\/v2\/pages\/855\/revisions"}],"predecessor-version":[{"id":2539,"href":"http:\/\/www.polovnictvotn.eu.sk\/index.php?rest_route=\/wp\/v2\/pages\/855\/revisions\/2539"}],"wp:attachment":[{"href":"http:\/\/www.polovnictvotn.eu.sk\/index.php?rest_route=%2Fwp%2Fv2%2Fmedia&parent=855"}],"curies":[{"name":"wp","href":"https:\/\/api.w.org\/{rel}","templated":true}]}}