{"id":857,"date":"2014-06-28T11:01:39","date_gmt":"2014-06-28T09:01:39","guid":{"rendered":"http:\/\/www.polovnictvotn.eu.sk\/?page_id=857"},"modified":"2024-11-14T12:26:57","modified_gmt":"2024-11-14T10:26:57","slug":"kurzy","status":"publish","type":"page","link":"http:\/\/www.polovnictvotn.eu.sk\/?page_id=857","title":{"rendered":"Kurzy"},"content":{"rendered":"<h3 style=\"text-align: left;\"><\/h3>\n<p>V\u00e1\u017een\u00ed uch\u00e1dza\u010di o\u00a0prv\u00fd po\u013eovn\u00fd l\u00edstok,<\/p>\n<p>Obvodn\u00e1 po\u013eovn\u00edcka komora Tren\u010d\u00edn pl\u00e1nuje aj \u00a0v roku 2025 otvori\u0165 kurz na pr\u00edpravu na sk\u00fa\u0161ky z po\u013eovn\u00edctva. Prihl\u00e1\u0161ku si stiahnete <span style=\"color: #ff0000;\"><a style=\"color: #ff0000;\" href=\"http:\/\/www.polovnictvotn.eu.sk\/wp-content\/uploads\/2023\/03\/prihlaska-do-kurzu.pdf\">tu<\/a>.<\/span>\u00a0Vyplnen\u00fa a\u00a0podp\u00edsan\u00fa prihl\u00e1\u0161ku pros\u00edm doru\u010dte \u010d\u00edm sk\u00f4r, po\u0161tou alebo osobne do <a href=\"http:\/\/www.polovnictvotn.eu.sk\/?page_id=107\">kancel\u00e1rie OPK Tren\u010d\u00edn<\/a>.<\/p>\n<p style=\"text-align: center;\"><span style=\"color: #000000;\"><a style=\"color: #000000;\" href=\"http:\/\/www.polovnictvotn.eu.sk\/?page_id=703\">Sk\u00fa\u0161ky kandid\u00e1tov z po\u013eovn\u00edctva ro\u010dn\u00edk 2013-2014<\/a><\/span><\/p>\n","protected":false},"excerpt":{"rendered":"<p>V\u00e1\u017een\u00ed uch\u00e1dza\u010di o\u00a0prv\u00fd po\u013eovn\u00fd l\u00edstok, Obvodn\u00e1 po\u013eovn\u00edcka komora Tren\u010d\u00edn pl\u00e1nuje aj \u00a0v roku 2025 otvori\u0165 kurz na pr\u00edpravu na sk\u00fa\u0161ky z po\u013eovn\u00edctva. Prihl\u00e1\u0161ku si stiahnete tu.\u00a0Vyplnen\u00fa a\u00a0podp\u00edsan\u00fa prihl\u00e1\u0161ku pros\u00edm doru\u010dte \u010d\u00edm sk\u00f4r, po\u0161tou alebo osobne do kancel\u00e1rie OPK Tren\u010d\u00edn. Sk\u00fa\u0161ky kandid\u00e1tov z po\u013eovn\u00edctva ro\u010dn\u00edk 2013-2014<\/p>\n","protected":false},"author":1,"featured_media":0,"parent":0,"menu_order":0,"comment_status":"closed","ping_status":"closed","template":"","meta":{"footnotes":""},"class_list":["post-857","page","type-page","status-publish","hentry"],"jetpack_sharing_enabled":true,"_links":{"self":[{"href":"http:\/\/www.polovnictvotn.eu.sk\/index.php?rest_route=\/wp\/v2\/pages\/857","targetHints":{"allow":["GET"]}}],"collection":[{"href":"http:\/\/www.polovnictvotn.eu.sk\/index.php?rest_route=\/wp\/v2\/pages"}],"about":[{"href":"http:\/\/www.polovnictvotn.eu.sk\/index.php?rest_route=\/wp\/v2\/types\/page"}],"author":[{"embeddable":true,"href":"http:\/\/www.polovnictvotn.eu.sk\/index.php?rest_route=\/wp\/v2\/users\/1"}],"replies":[{"embeddable":true,"href":"http:\/\/www.polovnictvotn.eu.sk\/index.php?rest_route=%2Fwp%2Fv2%2Fcomments&post=857"}],"version-history":[{"count":24,"href":"http:\/\/www.polovnictvotn.eu.sk\/index.php?rest_route=\/wp\/v2\/pages\/857\/revisions"}],"predecessor-version":[{"id":5781,"href":"http:\/\/www.polovnictvotn.eu.sk\/index.php?rest_route=\/wp\/v2\/pages\/857\/revisions\/5781"}],"wp:attachment":[{"href":"http:\/\/www.polovnictvotn.eu.sk\/index.php?rest_route=%2Fwp%2Fv2%2Fmedia&parent=857"}],"curies":[{"name":"wp","href":"https:\/\/api.w.org\/{rel}","templated":true}]}}