{"id":864,"date":"2014-06-28T11:15:08","date_gmt":"2014-06-28T09:15:08","guid":{"rendered":"http:\/\/www.polovnictvotn.eu.sk\/?page_id=864"},"modified":"2018-02-20T13:57:09","modified_gmt":"2018-02-20T11:57:09","slug":"tradicie","status":"publish","type":"page","link":"http:\/\/www.polovnictvotn.eu.sk\/?page_id=864","title":{"rendered":"Trad\u00edcie"},"content":{"rendered":"<p style=\"text-align: center;\"><span style=\"color: #000000;\"><a style=\"color: #000000;\" title=\"Slovensk\u00e9 po\u013eovn\u00edcke sign\u00e1ly\" href=\"http:\/\/www.polovnictvotn.eu.sk\/?page_id=588\">\u00a0<em><strong>Slovensk\u00e9 po\u013eovn\u00edcke sign\u00e1ly<\/strong><\/em><\/a><\/span><\/p>\n<p><a title=\"Slovensk\u00e9 po\u013eovn\u00edcke sign\u00e1ly\" href=\"http:\/\/www.polovnictvotn.eu.sk\/?page_id=588\"><img decoding=\"async\" class=\"aligncenter\" src=\"http:\/\/files.malzenice.webnode.sk\/200000124-ebf2fececc\/trubac_.jpg\" alt=\"\" \/><\/a><\/p>\n","protected":false},"excerpt":{"rendered":"<p>\u00a0Slovensk\u00e9 po\u013eovn\u00edcke sign\u00e1ly<\/p>\n","protected":false},"author":1,"featured_media":0,"parent":0,"menu_order":0,"comment_status":"open","ping_status":"closed","template":"","meta":{"footnotes":""},"class_list":["post-864","page","type-page","status-publish","hentry"],"jetpack_sharing_enabled":true,"_links":{"self":[{"href":"http:\/\/www.polovnictvotn.eu.sk\/index.php?rest_route=\/wp\/v2\/pages\/864","targetHints":{"allow":["GET"]}}],"collection":[{"href":"http:\/\/www.polovnictvotn.eu.sk\/index.php?rest_route=\/wp\/v2\/pages"}],"about":[{"href":"http:\/\/www.polovnictvotn.eu.sk\/index.php?rest_route=\/wp\/v2\/types\/page"}],"author":[{"embeddable":true,"href":"http:\/\/www.polovnictvotn.eu.sk\/index.php?rest_route=\/wp\/v2\/users\/1"}],"replies":[{"embeddable":true,"href":"http:\/\/www.polovnictvotn.eu.sk\/index.php?rest_route=%2Fwp%2Fv2%2Fcomments&post=864"}],"version-history":[{"count":3,"href":"http:\/\/www.polovnictvotn.eu.sk\/index.php?rest_route=\/wp\/v2\/pages\/864\/revisions"}],"predecessor-version":[{"id":2175,"href":"http:\/\/www.polovnictvotn.eu.sk\/index.php?rest_route=\/wp\/v2\/pages\/864\/revisions\/2175"}],"wp:attachment":[{"href":"http:\/\/www.polovnictvotn.eu.sk\/index.php?rest_route=%2Fwp%2Fv2%2Fmedia&parent=864"}],"curies":[{"name":"wp","href":"https:\/\/api.w.org\/{rel}","templated":true}]}}