{"id":877,"date":"2014-06-28T18:04:22","date_gmt":"2014-06-28T16:04:22","guid":{"rendered":"http:\/\/www.polovnictvotn.eu.sk\/?page_id=877"},"modified":"2014-06-28T18:30:48","modified_gmt":"2014-06-28T16:30:48","slug":"druzobne-stretnutie-polovnickych-organizacii-trencin-a-uherske-hradiste-27-06-2014-beckov","status":"publish","type":"page","link":"http:\/\/www.polovnictvotn.eu.sk\/?page_id=877","title":{"rendered":"Dru\u017eobn\u00e9 stretnutie po\u013eovn\u00edckych organiz\u00e1ci\u00ed Tren\u010d\u00edn a Uhersk\u00e9 Hradi\u0161te 27.06.2014 Beckov"},"content":{"rendered":"<p><a class=\"boxersandswipers\" title=\"P1120048\" href=\"http:\/\/www.polovnictvotn.eu.sk\/wp-content\/uploads\/2014\/06\/P1120048.jpg\"><img loading=\"lazy\" decoding=\"async\" class=\"alignleft size-thumbnail wp-image-878\" alt=\"P1120048\" src=\"http:\/\/www.polovnictvotn.eu.sk\/wp-content\/uploads\/2014\/06\/P1120048-150x150.jpg\" width=\"150\" height=\"150\" \/><\/a><a class=\"boxersandswipers\" title=\"P1120062\" href=\"http:\/\/www.polovnictvotn.eu.sk\/wp-content\/uploads\/2014\/06\/P1120062.jpg\"><img loading=\"lazy\" decoding=\"async\" class=\"alignleft size-thumbnail wp-image-880\" alt=\"P1120062\" src=\"http:\/\/www.polovnictvotn.eu.sk\/wp-content\/uploads\/2014\/06\/P1120062-150x150.jpg\" width=\"150\" height=\"150\" \/><\/a> <a class=\"boxersandswipers\" title=\"P1120065\" href=\"http:\/\/www.polovnictvotn.eu.sk\/wp-content\/uploads\/2014\/06\/P1120065.jpg\"><img loading=\"lazy\" decoding=\"async\" class=\"alignleft size-thumbnail wp-image-881\" alt=\"P1120065\" src=\"http:\/\/www.polovnictvotn.eu.sk\/wp-content\/uploads\/2014\/06\/P1120065-150x150.jpg\" width=\"150\" height=\"150\" \/><\/a> <a class=\"boxersandswipers\" title=\"P1120067\" href=\"http:\/\/www.polovnictvotn.eu.sk\/wp-content\/uploads\/2014\/06\/P1120067.jpg\"><img loading=\"lazy\" decoding=\"async\" class=\"alignleft size-thumbnail wp-image-882\" alt=\"P1120067\" src=\"http:\/\/www.polovnictvotn.eu.sk\/wp-content\/uploads\/2014\/06\/P1120067-150x150.jpg\" width=\"150\" height=\"150\" \/><\/a> <a class=\"boxersandswipers\" title=\"P1120092\" href=\"http:\/\/www.polovnictvotn.eu.sk\/wp-content\/uploads\/2014\/06\/P1120092.jpg\"><img loading=\"lazy\" decoding=\"async\" class=\"alignleft size-thumbnail wp-image-883\" alt=\"P1120092\" src=\"http:\/\/www.polovnictvotn.eu.sk\/wp-content\/uploads\/2014\/06\/P1120092-150x150.jpg\" width=\"150\" height=\"150\" \/><\/a> <a class=\"boxersandswipers\" title=\"P1120098\" href=\"http:\/\/www.polovnictvotn.eu.sk\/wp-content\/uploads\/2014\/06\/P1120098.jpg\"><img loading=\"lazy\" decoding=\"async\" class=\"alignleft size-thumbnail wp-image-884\" alt=\"P1120098\" src=\"http:\/\/www.polovnictvotn.eu.sk\/wp-content\/uploads\/2014\/06\/P1120098-150x150.jpg\" width=\"150\" height=\"150\" \/><\/a> <a class=\"boxersandswipers\" title=\"P1120113\" href=\"http:\/\/www.polovnictvotn.eu.sk\/wp-content\/uploads\/2014\/06\/P1120113.jpg\"><img loading=\"lazy\" decoding=\"async\" class=\"alignleft size-thumbnail wp-image-885\" alt=\"P1120113\" src=\"http:\/\/www.polovnictvotn.eu.sk\/wp-content\/uploads\/2014\/06\/P1120113-150x150.jpg\" width=\"150\" height=\"150\" \/><\/a> <a class=\"boxersandswipers\" title=\"P1120134\" href=\"http:\/\/www.polovnictvotn.eu.sk\/wp-content\/uploads\/2014\/06\/P1120134.jpg\"><img loading=\"lazy\" decoding=\"async\" class=\"alignleft size-thumbnail wp-image-886\" alt=\"P1120134\" src=\"http:\/\/www.polovnictvotn.eu.sk\/wp-content\/uploads\/2014\/06\/P1120134-150x150.jpg\" width=\"150\" height=\"150\" \/><\/a> <a class=\"boxersandswipers\" title=\"P1120147\" href=\"http:\/\/www.polovnictvotn.eu.sk\/wp-content\/uploads\/2014\/06\/P1120147.jpg\"><img loading=\"lazy\" decoding=\"async\" class=\"alignleft size-thumbnail wp-image-887\" alt=\"P1120147\" src=\"http:\/\/www.polovnictvotn.eu.sk\/wp-content\/uploads\/2014\/06\/P1120147-150x150.jpg\" width=\"150\" height=\"150\" \/><\/a> <a class=\"boxersandswipers\" title=\"P1120151\" href=\"http:\/\/www.polovnictvotn.eu.sk\/wp-content\/uploads\/2014\/06\/P1120151.jpg\"><img loading=\"lazy\" decoding=\"async\" class=\"alignleft size-thumbnail wp-image-888\" alt=\"P1120151\" src=\"http:\/\/www.polovnictvotn.eu.sk\/wp-content\/uploads\/2014\/06\/P1120151-150x150.jpg\" width=\"150\" height=\"150\" \/><\/a> <a class=\"boxersandswipers\" title=\"P1120168\" href=\"http:\/\/www.polovnictvotn.eu.sk\/wp-content\/uploads\/2014\/06\/P1120168.jpg\"><img loading=\"lazy\" decoding=\"async\" class=\"alignleft size-thumbnail wp-image-889\" alt=\"P1120168\" src=\"http:\/\/www.polovnictvotn.eu.sk\/wp-content\/uploads\/2014\/06\/P1120168-150x150.jpg\" width=\"150\" height=\"150\" \/><\/a> <a class=\"boxersandswipers\" title=\"P1120177\" href=\"http:\/\/www.polovnictvotn.eu.sk\/wp-content\/uploads\/2014\/06\/P1120177.jpg\"><img loading=\"lazy\" decoding=\"async\" class=\"alignleft size-thumbnail wp-image-890\" alt=\"P1120177\" src=\"http:\/\/www.polovnictvotn.eu.sk\/wp-content\/uploads\/2014\/06\/P1120177-150x150.jpg\" width=\"150\" height=\"150\" \/><\/a> <a class=\"boxersandswipers\" title=\"P1120188\" href=\"http:\/\/www.polovnictvotn.eu.sk\/wp-content\/uploads\/2014\/06\/P1120188.jpg\"><img loading=\"lazy\" decoding=\"async\" class=\"alignleft size-thumbnail wp-image-891\" alt=\"P1120188\" src=\"http:\/\/www.polovnictvotn.eu.sk\/wp-content\/uploads\/2014\/06\/P1120188-150x150.jpg\" width=\"150\" height=\"150\" \/><\/a> <a class=\"boxersandswipers\" title=\"P1120249\" href=\"http:\/\/www.polovnictvotn.eu.sk\/wp-content\/uploads\/2014\/06\/P1120249.jpg\"><img loading=\"lazy\" decoding=\"async\" class=\"alignleft size-thumbnail wp-image-892\" alt=\"P1120249\" src=\"http:\/\/www.polovnictvotn.eu.sk\/wp-content\/uploads\/2014\/06\/P1120249-150x150.jpg\" width=\"150\" height=\"150\" \/><\/a> <a class=\"boxersandswipers\" title=\"P1120263\" href=\"http:\/\/www.polovnictvotn.eu.sk\/wp-content\/uploads\/2014\/06\/P1120263.jpg\"><img loading=\"lazy\" decoding=\"async\" class=\"alignleft size-thumbnail wp-image-893\" alt=\"P1120263\" src=\"http:\/\/www.polovnictvotn.eu.sk\/wp-content\/uploads\/2014\/06\/P1120263-150x150.jpg\" width=\"150\" height=\"150\" \/><\/a> <a class=\"boxersandswipers\" title=\"P1120275\" href=\"http:\/\/www.polovnictvotn.eu.sk\/wp-content\/uploads\/2014\/06\/P1120275.jpg\"><img loading=\"lazy\" decoding=\"async\" class=\"alignleft size-thumbnail wp-image-894\" alt=\"P1120275\" src=\"http:\/\/www.polovnictvotn.eu.sk\/wp-content\/uploads\/2014\/06\/P1120275-150x150.jpg\" width=\"150\" height=\"150\" \/><\/a> <a class=\"boxersandswipers\" title=\"P1120291\" href=\"http:\/\/www.polovnictvotn.eu.sk\/wp-content\/uploads\/2014\/06\/P1120291.jpg\"><img loading=\"lazy\" decoding=\"async\" class=\"alignleft size-thumbnail wp-image-895\" alt=\"P1120291\" src=\"http:\/\/www.polovnictvotn.eu.sk\/wp-content\/uploads\/2014\/06\/P1120291-150x150.jpg\" width=\"150\" height=\"150\" \/><\/a> <a class=\"boxersandswipers\" title=\"P1120292\" href=\"http:\/\/www.polovnictvotn.eu.sk\/wp-content\/uploads\/2014\/06\/P1120292.jpg\"><img loading=\"lazy\" decoding=\"async\" class=\"alignleft size-thumbnail wp-image-896\" alt=\"P1120292\" src=\"http:\/\/www.polovnictvotn.eu.sk\/wp-content\/uploads\/2014\/06\/P1120292-150x150.jpg\" width=\"150\" height=\"150\" \/><\/a> <a class=\"boxersandswipers\" title=\"P1120293\" href=\"http:\/\/www.polovnictvotn.eu.sk\/wp-content\/uploads\/2014\/06\/P1120293.jpg\"><img loading=\"lazy\" decoding=\"async\" class=\"alignleft size-thumbnail wp-image-897\" alt=\"P1120293\" src=\"http:\/\/www.polovnictvotn.eu.sk\/wp-content\/uploads\/2014\/06\/P1120293-150x150.jpg\" width=\"150\" height=\"150\" \/><\/a> <a class=\"boxersandswipers\" title=\"P1120297\" href=\"http:\/\/www.polovnictvotn.eu.sk\/wp-content\/uploads\/2014\/06\/P1120297.jpg\"><img loading=\"lazy\" decoding=\"async\" class=\"alignleft size-thumbnail wp-image-898\" alt=\"P1120297\" src=\"http:\/\/www.polovnictvotn.eu.sk\/wp-content\/uploads\/2014\/06\/P1120297-150x150.jpg\" width=\"150\" height=\"150\" \/><\/a> <a class=\"boxersandswipers\" title=\"P1120304\" href=\"http:\/\/www.polovnictvotn.eu.sk\/wp-content\/uploads\/2014\/06\/P1120304.jpg\"><img loading=\"lazy\" decoding=\"async\" class=\"alignleft size-thumbnail wp-image-900\" alt=\"P1120304\" src=\"http:\/\/www.polovnictvotn.eu.sk\/wp-content\/uploads\/2014\/06\/P1120304-150x150.jpg\" width=\"150\" height=\"150\" \/><\/a> <a class=\"boxersandswipers\" title=\"P1120309\" href=\"http:\/\/www.polovnictvotn.eu.sk\/wp-content\/uploads\/2014\/06\/P1120309.jpg\"><img loading=\"lazy\" decoding=\"async\" class=\"alignleft size-thumbnail wp-image-901\" alt=\"P1120309\" src=\"http:\/\/www.polovnictvotn.eu.sk\/wp-content\/uploads\/2014\/06\/P1120309-150x150.jpg\" width=\"150\" height=\"150\" \/><\/a> <a class=\"boxersandswipers\" title=\"P1120311\" href=\"http:\/\/www.polovnictvotn.eu.sk\/wp-content\/uploads\/2014\/06\/P1120311.jpg\"><img loading=\"lazy\" decoding=\"async\" class=\"alignleft size-thumbnail wp-image-902\" alt=\"P1120311\" src=\"http:\/\/www.polovnictvotn.eu.sk\/wp-content\/uploads\/2014\/06\/P1120311-150x150.jpg\" width=\"150\" height=\"150\" \/><\/a><\/p>\n","protected":false},"excerpt":{"rendered":"","protected":false},"author":1,"featured_media":0,"parent":0,"menu_order":0,"comment_status":"open","ping_status":"closed","template":"","meta":{"footnotes":""},"class_list":["post-877","page","type-page","status-publish","hentry"],"jetpack_sharing_enabled":true,"_links":{"self":[{"href":"http:\/\/www.polovnictvotn.eu.sk\/index.php?rest_route=\/wp\/v2\/pages\/877","targetHints":{"allow":["GET"]}}],"collection":[{"href":"http:\/\/www.polovnictvotn.eu.sk\/index.php?rest_route=\/wp\/v2\/pages"}],"about":[{"href":"http:\/\/www.polovnictvotn.eu.sk\/index.php?rest_route=\/wp\/v2\/types\/page"}],"author":[{"embeddable":true,"href":"http:\/\/www.polovnictvotn.eu.sk\/index.php?rest_route=\/wp\/v2\/users\/1"}],"replies":[{"embeddable":true,"href":"http:\/\/www.polovnictvotn.eu.sk\/index.php?rest_route=%2Fwp%2Fv2%2Fcomments&post=877"}],"version-history":[{"count":2,"href":"http:\/\/www.polovnictvotn.eu.sk\/index.php?rest_route=\/wp\/v2\/pages\/877\/revisions"}],"predecessor-version":[{"id":906,"href":"http:\/\/www.polovnictvotn.eu.sk\/index.php?rest_route=\/wp\/v2\/pages\/877\/revisions\/906"}],"wp:attachment":[{"href":"http:\/\/www.polovnictvotn.eu.sk\/index.php?rest_route=%2Fwp%2Fv2%2Fmedia&parent=877"}],"curies":[{"name":"wp","href":"https:\/\/api.w.org\/{rel}","templated":true}]}}