{"id":936,"date":"2014-09-01T10:14:15","date_gmt":"2014-09-01T08:14:15","guid":{"rendered":"http:\/\/www.polovnictvotn.eu.sk\/?page_id=936"},"modified":"2014-09-01T10:14:15","modified_gmt":"2014-09-01T08:14:15","slug":"strelby-pz-haj-29-08-2014-skalka-nad-vahom","status":"publish","type":"page","link":"http:\/\/www.polovnictvotn.eu.sk\/?page_id=936","title":{"rendered":"Stre\u013eby PZ H\u00e1j 29. 08. 2014 Skalka nad V\u00e1hom"},"content":{"rendered":"<p><a class=\"boxersandswipers\" title=\"DSC_1659\" href=\"http:\/\/www.polovnictvotn.eu.sk\/wp-content\/uploads\/2014\/09\/DSC_1659.jpg\"><img loading=\"lazy\" decoding=\"async\" class=\"alignleft size-thumbnail wp-image-937\" alt=\"DSC_1659\" src=\"http:\/\/www.polovnictvotn.eu.sk\/wp-content\/uploads\/2014\/09\/DSC_1659-150x150.jpg\" width=\"150\" height=\"150\" \/><\/a> <a class=\"boxersandswipers\" title=\"DSC_1673\" href=\"http:\/\/www.polovnictvotn.eu.sk\/wp-content\/uploads\/2014\/09\/DSC_1673.jpg\"><img loading=\"lazy\" decoding=\"async\" class=\"alignleft size-thumbnail wp-image-938\" alt=\"DSC_1673\" src=\"http:\/\/www.polovnictvotn.eu.sk\/wp-content\/uploads\/2014\/09\/DSC_1673-150x150.jpg\" width=\"150\" height=\"150\" \/><\/a> <a class=\"boxersandswipers\" title=\"DSC_1676\" href=\"http:\/\/www.polovnictvotn.eu.sk\/wp-content\/uploads\/2014\/09\/DSC_1676.jpg\"><img loading=\"lazy\" decoding=\"async\" class=\"alignleft size-thumbnail wp-image-939\" alt=\"DSC_1676\" src=\"http:\/\/www.polovnictvotn.eu.sk\/wp-content\/uploads\/2014\/09\/DSC_1676-150x150.jpg\" width=\"150\" height=\"150\" \/><\/a> <a class=\"boxersandswipers\" title=\"DSC_1687\" href=\"http:\/\/www.polovnictvotn.eu.sk\/wp-content\/uploads\/2014\/09\/DSC_1687.jpg\"><img loading=\"lazy\" decoding=\"async\" class=\"alignleft size-thumbnail wp-image-940\" alt=\"DSC_1687\" src=\"http:\/\/www.polovnictvotn.eu.sk\/wp-content\/uploads\/2014\/09\/DSC_1687-150x150.jpg\" width=\"150\" height=\"150\" \/><\/a> <a class=\"boxersandswipers\" title=\"DSC_1756\" href=\"http:\/\/www.polovnictvotn.eu.sk\/wp-content\/uploads\/2014\/09\/DSC_1756.jpg\"><img loading=\"lazy\" decoding=\"async\" class=\"alignleft size-thumbnail wp-image-941\" alt=\"DSC_1756\" src=\"http:\/\/www.polovnictvotn.eu.sk\/wp-content\/uploads\/2014\/09\/DSC_1756-150x150.jpg\" width=\"150\" height=\"150\" \/><\/a> <a class=\"boxersandswipers\" title=\"DSC_1947\" href=\"http:\/\/www.polovnictvotn.eu.sk\/wp-content\/uploads\/2014\/09\/DSC_1947.jpg\"><img loading=\"lazy\" decoding=\"async\" class=\"alignleft size-thumbnail wp-image-942\" alt=\"DSC_1947\" src=\"http:\/\/www.polovnictvotn.eu.sk\/wp-content\/uploads\/2014\/09\/DSC_1947-150x150.jpg\" width=\"150\" height=\"150\" \/><\/a> <a class=\"boxersandswipers\" title=\"DSC_1961\" href=\"http:\/\/www.polovnictvotn.eu.sk\/wp-content\/uploads\/2014\/09\/DSC_1961.jpg\"><img loading=\"lazy\" decoding=\"async\" class=\"alignleft size-thumbnail wp-image-943\" alt=\"DSC_1961\" src=\"http:\/\/www.polovnictvotn.eu.sk\/wp-content\/uploads\/2014\/09\/DSC_1961-150x150.jpg\" width=\"150\" height=\"150\" \/><\/a> <a class=\"boxersandswipers\" title=\"DSC_2005\" href=\"http:\/\/www.polovnictvotn.eu.sk\/wp-content\/uploads\/2014\/09\/DSC_2005.jpg\"><img loading=\"lazy\" decoding=\"async\" class=\"alignleft size-thumbnail wp-image-944\" alt=\"DSC_2005\" src=\"http:\/\/www.polovnictvotn.eu.sk\/wp-content\/uploads\/2014\/09\/DSC_2005-150x150.jpg\" width=\"150\" height=\"150\" \/><\/a> <a class=\"boxersandswipers\" title=\"DSC_2006\" href=\"http:\/\/www.polovnictvotn.eu.sk\/wp-content\/uploads\/2014\/09\/DSC_2006.jpg\"><img loading=\"lazy\" decoding=\"async\" class=\"alignleft size-thumbnail wp-image-945\" alt=\"DSC_2006\" src=\"http:\/\/www.polovnictvotn.eu.sk\/wp-content\/uploads\/2014\/09\/DSC_2006-150x150.jpg\" width=\"150\" height=\"150\" \/><\/a> <a class=\"boxersandswipers\" title=\"DSC_2008\" href=\"http:\/\/www.polovnictvotn.eu.sk\/wp-content\/uploads\/2014\/09\/DSC_2008.jpg\"><img loading=\"lazy\" decoding=\"async\" class=\"alignleft size-thumbnail wp-image-946\" alt=\"DSC_2008\" src=\"http:\/\/www.polovnictvotn.eu.sk\/wp-content\/uploads\/2014\/09\/DSC_2008-150x150.jpg\" width=\"150\" height=\"150\" \/><\/a> <a class=\"boxersandswipers\" title=\"DSC_2031\" href=\"http:\/\/www.polovnictvotn.eu.sk\/wp-content\/uploads\/2014\/09\/DSC_2031.jpg\"><img loading=\"lazy\" decoding=\"async\" class=\"alignleft size-thumbnail wp-image-947\" alt=\"DSC_2031\" src=\"http:\/\/www.polovnictvotn.eu.sk\/wp-content\/uploads\/2014\/09\/DSC_2031-150x150.jpg\" width=\"150\" height=\"150\" \/><\/a> <a class=\"boxersandswipers\" title=\"DSC_2034\" href=\"http:\/\/www.polovnictvotn.eu.sk\/wp-content\/uploads\/2014\/09\/DSC_2034.jpg\"><img loading=\"lazy\" decoding=\"async\" class=\"alignleft size-thumbnail wp-image-948\" alt=\"DSC_2034\" src=\"http:\/\/www.polovnictvotn.eu.sk\/wp-content\/uploads\/2014\/09\/DSC_2034-150x150.jpg\" width=\"150\" height=\"150\" \/><\/a> <a class=\"boxersandswipers\" title=\"DSC_2036\" href=\"http:\/\/www.polovnictvotn.eu.sk\/wp-content\/uploads\/2014\/09\/DSC_2036.jpg\"><img loading=\"lazy\" decoding=\"async\" class=\"alignleft size-thumbnail wp-image-949\" alt=\"DSC_2036\" src=\"http:\/\/www.polovnictvotn.eu.sk\/wp-content\/uploads\/2014\/09\/DSC_2036-150x150.jpg\" width=\"150\" height=\"150\" \/><\/a> <a class=\"boxersandswipers\" title=\"DSC_2044\" href=\"http:\/\/www.polovnictvotn.eu.sk\/wp-content\/uploads\/2014\/09\/DSC_2044.jpg\"><img loading=\"lazy\" decoding=\"async\" class=\"alignleft size-thumbnail wp-image-950\" alt=\"DSC_2044\" src=\"http:\/\/www.polovnictvotn.eu.sk\/wp-content\/uploads\/2014\/09\/DSC_2044-150x150.jpg\" width=\"150\" height=\"150\" \/><\/a> <a class=\"boxersandswipers\" title=\"DSC_2054\" href=\"http:\/\/www.polovnictvotn.eu.sk\/wp-content\/uploads\/2014\/09\/DSC_2054.jpg\"><img loading=\"lazy\" decoding=\"async\" class=\"alignleft size-thumbnail wp-image-951\" alt=\"DSC_2054\" src=\"http:\/\/www.polovnictvotn.eu.sk\/wp-content\/uploads\/2014\/09\/DSC_2054-150x150.jpg\" width=\"150\" height=\"150\" \/><\/a> <a class=\"boxersandswipers\" title=\"DSC_2069\" href=\"http:\/\/www.polovnictvotn.eu.sk\/wp-content\/uploads\/2014\/09\/DSC_2069.jpg\"><img loading=\"lazy\" decoding=\"async\" class=\"alignleft size-thumbnail wp-image-952\" alt=\"DSC_2069\" src=\"http:\/\/www.polovnictvotn.eu.sk\/wp-content\/uploads\/2014\/09\/DSC_2069-150x150.jpg\" width=\"150\" height=\"150\" \/><\/a> <a class=\"boxersandswipers\" title=\"DSC_2082\" href=\"http:\/\/www.polovnictvotn.eu.sk\/wp-content\/uploads\/2014\/09\/DSC_2082.jpg\"><img loading=\"lazy\" decoding=\"async\" class=\"alignleft size-thumbnail wp-image-953\" alt=\"DSC_2082\" src=\"http:\/\/www.polovnictvotn.eu.sk\/wp-content\/uploads\/2014\/09\/DSC_2082-150x150.jpg\" width=\"150\" height=\"150\" \/><\/a> <a class=\"boxersandswipers\" title=\"DSC_2088\" href=\"http:\/\/www.polovnictvotn.eu.sk\/wp-content\/uploads\/2014\/09\/DSC_2088.jpg\"><img loading=\"lazy\" decoding=\"async\" class=\"alignleft size-thumbnail wp-image-954\" alt=\"DSC_2088\" src=\"http:\/\/www.polovnictvotn.eu.sk\/wp-content\/uploads\/2014\/09\/DSC_2088-150x150.jpg\" width=\"150\" height=\"150\" \/><\/a> <a class=\"boxersandswipers\" title=\"DSC_2096\" href=\"http:\/\/www.polovnictvotn.eu.sk\/wp-content\/uploads\/2014\/09\/DSC_2096.jpg\"><img loading=\"lazy\" decoding=\"async\" class=\"alignleft size-thumbnail wp-image-955\" alt=\"DSC_2096\" src=\"http:\/\/www.polovnictvotn.eu.sk\/wp-content\/uploads\/2014\/09\/DSC_2096-150x150.jpg\" width=\"150\" height=\"150\" \/><\/a> <a class=\"boxersandswipers\" title=\"DSC_2108\" href=\"http:\/\/www.polovnictvotn.eu.sk\/wp-content\/uploads\/2014\/09\/DSC_2108.jpg\"><img loading=\"lazy\" decoding=\"async\" class=\"alignleft size-thumbnail wp-image-956\" alt=\"DSC_2108\" src=\"http:\/\/www.polovnictvotn.eu.sk\/wp-content\/uploads\/2014\/09\/DSC_2108-150x150.jpg\" width=\"150\" height=\"150\" \/><\/a> <a class=\"boxersandswipers\" title=\"DSC_2122\" href=\"http:\/\/www.polovnictvotn.eu.sk\/wp-content\/uploads\/2014\/09\/DSC_2122.jpg\"><img loading=\"lazy\" decoding=\"async\" class=\"alignleft size-thumbnail wp-image-957\" alt=\"DSC_2122\" src=\"http:\/\/www.polovnictvotn.eu.sk\/wp-content\/uploads\/2014\/09\/DSC_2122-150x150.jpg\" width=\"150\" height=\"150\" \/><\/a> <a class=\"boxersandswipers\" title=\"DSC_2126\" href=\"http:\/\/www.polovnictvotn.eu.sk\/wp-content\/uploads\/2014\/09\/DSC_2126.jpg\"><img loading=\"lazy\" decoding=\"async\" class=\"alignleft size-thumbnail wp-image-958\" alt=\"DSC_2126\" src=\"http:\/\/www.polovnictvotn.eu.sk\/wp-content\/uploads\/2014\/09\/DSC_2126-150x150.jpg\" width=\"150\" height=\"150\" \/><\/a><\/p>\n","protected":false},"excerpt":{"rendered":"","protected":false},"author":1,"featured_media":0,"parent":0,"menu_order":0,"comment_status":"open","ping_status":"closed","template":"","meta":{"footnotes":""},"class_list":["post-936","page","type-page","status-publish","hentry"],"jetpack_sharing_enabled":true,"_links":{"self":[{"href":"http:\/\/www.polovnictvotn.eu.sk\/index.php?rest_route=\/wp\/v2\/pages\/936","targetHints":{"allow":["GET"]}}],"collection":[{"href":"http:\/\/www.polovnictvotn.eu.sk\/index.php?rest_route=\/wp\/v2\/pages"}],"about":[{"href":"http:\/\/www.polovnictvotn.eu.sk\/index.php?rest_route=\/wp\/v2\/types\/page"}],"author":[{"embeddable":true,"href":"http:\/\/www.polovnictvotn.eu.sk\/index.php?rest_route=\/wp\/v2\/users\/1"}],"replies":[{"embeddable":true,"href":"http:\/\/www.polovnictvotn.eu.sk\/index.php?rest_route=%2Fwp%2Fv2%2Fcomments&post=936"}],"version-history":[{"count":1,"href":"http:\/\/www.polovnictvotn.eu.sk\/index.php?rest_route=\/wp\/v2\/pages\/936\/revisions"}],"predecessor-version":[{"id":959,"href":"http:\/\/www.polovnictvotn.eu.sk\/index.php?rest_route=\/wp\/v2\/pages\/936\/revisions\/959"}],"wp:attachment":[{"href":"http:\/\/www.polovnictvotn.eu.sk\/index.php?rest_route=%2Fwp%2Fv2%2Fmedia&parent=936"}],"curies":[{"name":"wp","href":"https:\/\/api.w.org\/{rel}","templated":true}]}}